{"id":16,"date":"2021-02-23T14:33:31","date_gmt":"2021-02-23T13:33:31","guid":{"rendered":"https:\/\/blogs.uni-siegen.de\/architekturlehre1zu1\/?page_id=16"},"modified":"2024-07-01T19:15:35","modified_gmt":"2024-07-01T17:15:35","slug":"lehrtutorials","status":"publish","type":"page","link":"https:\/\/blogs.uni-siegen.de\/architekturlehre1zu1\/lehrtutorials\/","title":{"rendered":"Lehrtutorials"},"content":{"rendered":"\n<h5 class=\"wp-block-heading\">Vorlesung Treppen Teil 2<\/h5>\n\n\n\n<figure class=\"wp-block-image size-large\"><a href=\"https:\/\/video.zimt.uni-siegen.de\/paella7\/ui\/watch.html?id=0129932c-bb7d-49d3-80a8-0846b580c6bc\"><img loading=\"lazy\" decoding=\"async\" width=\"1024\" height=\"526\" src=\"http:\/\/blogs.uni-siegen.de\/architekturlehre1zu1\/files\/2022\/06\/Screenshot-Vorlesung-Treppe-2_sw-1024x526.png\" alt=\"\" class=\"wp-image-2306\" \/><\/a><\/figure>\n\n\n\n<p>Eine Vorlesung zu Treppen.<\/p>\n\n\n\n<h5 class=\"wp-block-heading\">Vorlesung Fensteranschluss<\/h5>\n\n\n\n<figure class=\"wp-block-image size-large\"><a href=\"https:\/\/video.zimt.uni-siegen.de\/paella7\/ui\/watch.html?id=e50dfc99-599f-4df2-868d-73817669755c\"><img loading=\"lazy\" decoding=\"async\" width=\"1024\" height=\"599\" src=\"http:\/\/blogs.uni-siegen.de\/architekturlehre1zu1\/files\/2022\/05\/Screenshot-Vorlesung-Fensteranschluss_sw-1024x599.png\" alt=\"\" class=\"wp-image-2300\" \/><\/a><\/figure>\n\n\n\n<p>Eine Vorlesung zu Fensteranschl\u00fcssen.<\/p>\n\n\n\n<p><\/p>\n\n\n\n<h5 class=\"wp-block-heading\">Fassade 02<\/h5>\n\n\n\n<figure class=\"wp-block-image size-large\"><a href=\"https:\/\/video.zimt.uni-siegen.de\/paella7\/ui\/watch.html?id=42fd157b-decd-40c2-9273-47e03483cc1a\"><img loading=\"lazy\" decoding=\"async\" width=\"1024\" height=\"557\" src=\"http:\/\/blogs.uni-siegen.de\/architekturlehre1zu1\/files\/2022\/01\/Beitragsbild-Tutorial-Fassade-02-1024x557.png\" alt=\"\" class=\"wp-image-1926\" \/><\/a><\/figure>\n\n\n\n<p>Auch dieses Lehrtutorial setzt sich mit dem Thema der Fassade auseinander. Diesmal aber im Hinblick auf den einschichtigen, mehrschichtigen und mehrschaligen Aufbau einer Fassade und deren jeweiligen Konstruktionsprinzipien. An Hand der 3 Versuchsh\u00e4user in Bad Aibling, die unter dem Thema &#8220;einfach bauen&#8221; unter der Leitung von Prof. Florian Nagler an der TU M\u00fcnchen entstanden sind wird gezeigt, dass weniger doch manchmal mehr ist.<\/p>\n\n\n\n<h5 class=\"wp-block-heading\">Sekund\u00e4rkonstruktionen<\/h5>\n\n\n\n<figure class=\"wp-block-image size-large\"><a href=\"https:\/\/video.zimt.uni-siegen.de\/paella7\/ui\/watch.html?id=aa6daad9-4412-42a7-8a9c-7ac7c9c60393\"><img loading=\"lazy\" decoding=\"async\" width=\"1300\" height=\"652\" src=\"https:\/\/blogs.uni-siegen.de\/architekturlehre1zu1\/files\/2024\/07\/Sekundaerkonstruktionen_Titelbild-1300x652.png\" alt=\"\" class=\"wp-image-2922\" srcset=\"https:\/\/blogs.uni-siegen.de\/architekturlehre1zu1\/files\/2024\/07\/Sekundaerkonstruktionen_Titelbild-1300x652.png 1300w, https:\/\/blogs.uni-siegen.de\/architekturlehre1zu1\/files\/2024\/07\/Sekundaerkonstruktionen_Titelbild-1200x602.png 1200w, https:\/\/blogs.uni-siegen.de\/architekturlehre1zu1\/files\/2024\/07\/Sekundaerkonstruktionen_Titelbild-768x385.png 768w, https:\/\/blogs.uni-siegen.de\/architekturlehre1zu1\/files\/2024\/07\/Sekundaerkonstruktionen_Titelbild-1536x771.png 1536w, https:\/\/blogs.uni-siegen.de\/architekturlehre1zu1\/files\/2024\/07\/Sekundaerkonstruktionen_Titelbild.png 1620w\" sizes=\"auto, (max-width: 1300px) 100vw, 1300px\" \/><\/a><\/figure>\n\n\n\n<p>Das Lehrtutorial besch\u00e4ftigt sich mit dem Thema der Sekund\u00e4rkonstruktionen in der Architektur. Es zeigt den Zusammenhang zwischen Prim\u00e4r- und Sekund\u00e4rkonstruktionen und soll&nbsp;das baukonstruktive Grundlagenwissen erweitern.&nbsp;Sekund\u00e4rkonstruktionen m\u00fcssen von Anfang an&nbsp;prim\u00e4r mitgedacht werden und stehen somit immer in&nbsp;Abh\u00e4ngigkeit zu der Prim\u00e4rkonstruktion. Viel Spa\u00df beim Anschauen.<\/p>\n\n\n\n<h5 class=\"wp-block-heading\">Wasser<\/h5>\n\n\n\n<figure class=\"wp-block-image size-large\"><a href=\"https:\/\/video.zimt.uni-siegen.de\/paella7\/ui\/watch.html?id=595cfbac-4d73-452a-b788-42049b81700e\"><img loading=\"lazy\" decoding=\"async\" width=\"1024\" height=\"576\" src=\"https:\/\/blogs.uni-siegen.de\/architekturlehre1zu1\/files\/2021\/12\/Beitragsbild_Wasser-1024x576.png\" alt=\"\" class=\"wp-image-1894\" \/><\/a><\/figure>\n\n\n\n<p>In der Baukonstruktion und der dazugeh\u00f6rigen Planung ist der Umgang mit eintreffendem Wasser ein wichtiger Faktor f\u00fcr ein funktionierendes Geb\u00e4ude. Falsche Anschl\u00fcsse und Details k\u00f6nnen dabei oft zu schwerwiegenden Sch\u00e4den f\u00fchren. Das neue Lehrtutorial \u201eWasser\u201c zeigt die verschiedenen Arten und Wirkungsweisen von Wasser im Bezug zu einem Geb\u00e4ude auf und bietet Hinweise \u00fcber die daraus entstehenden Gefahrenpunkte und konstruktiven L\u00f6sungen.<\/p>\n\n\n\n<h5 class=\"wp-block-heading\">Prim\u00e4rkonstruktion &amp; Grundriss<\/h5>\n\n\n\n<figure class=\"wp-block-image size-large\"><a href=\"https:\/\/video.zimt.uni-siegen.de\/paella7\/ui\/watch.html?id=4fc27b7d-8a12-4ea1-b0ab-ee5b2da7794e\"><img loading=\"lazy\" decoding=\"async\" width=\"1024\" height=\"575\" src=\"http:\/\/blogs.uni-siegen.de\/architekturlehre1zu1\/files\/2021\/06\/Primaerkonstruktion-und-Grundriss_Beitragsbild-1024x575.png\" alt=\"\" class=\"wp-image-1547\" \/><\/a><\/figure>\n\n\n\n<p>Das Lehrtutorial &#8220;Prim\u00e4rkonstruktion und Grundriss&#8221; zeigt die Abh\u00e4ngigkeiten von Konstruktion und Raum zueinander. Bei der Planung sollte m\u00f6glichst fr\u00fch darauf geachtet werden, dass die dem Entwurf zu Grunde liegende Konstruktion auch in Korrelation zu den R\u00e4umen\/Nutzungen steht. Beispielsweise hat eine massive Bauweise als Prim\u00e4rkonstruktion durchaus andere Auswirkungen auf den Raum, als eine offenere Skelettbauweise. Im Tutorial wird an Hand von unterschiedlichen Beispielen auf eben diese Auswirkungen eingegangen.<\/p>\n\n\n\n<h5 class=\"wp-block-heading\">Gr\u00fcndung &amp; Sockel<\/h5>\n\n\n\n<figure class=\"wp-block-image size-large\"><a href=\"https:\/\/video.zimt.uni-siegen.de\/paella7\/ui\/watch.html?id=be417da7-4429-4895-8463-0683430b637d\"><img loading=\"lazy\" decoding=\"async\" width=\"1024\" height=\"560\" src=\"https:\/\/blogs.uni-siegen.de\/architekturlehre1zu1\/files\/2021\/04\/Bildschirmfoto-2021-04-29-Gruendung-Sockel-1-1024x560.png\" alt=\"\" class=\"wp-image-1254\" \/><\/a><\/figure>\n\n\n\n<p>Im Lehrtutorial geht es um das Thema \u201eGr\u00fcndung &amp; Sockel\u201c. Die Gr\u00fcndung als die konstruktive und statische Ausbildung des \u00dcbergangs zwischen Bauwerk und Boden, kann unterschiedlich ausgef\u00fchrt und beansprucht werden. Auch der Sockel, kann sowohl in konstruktiver als auch gestalterischer Hinsicht differenziert betrachtet werden. Beide Themen werden in gut 35 Minuten detailliert betrachtet und bewertet.<\/p>\n\n\n\n<h5 class=\"wp-block-heading has-primary-color has-text-color\" id=\"stahlbau\">Stahlbau<\/h5>\n\n\n\n<figure class=\"wp-block-image size-large\"><a href=\"https:\/\/video.zimt.uni-siegen.de\/paella7\/ui\/watch.html?id=723e1ebe-5585-4811-a056-ff52237421e7\"><img loading=\"lazy\" decoding=\"async\" width=\"900\" height=\"504\" src=\"http:\/\/blogs.uni-siegen.de\/architekturlehre1zu1\/files\/2021\/03\/Bildschirmfoto-2021-01-19-um-10.50.28-1024x574-1.jpg\" alt=\"\" class=\"wp-image-397\" srcset=\"https:\/\/blogs.uni-siegen.de\/architekturlehre1zu1\/files\/2021\/03\/Bildschirmfoto-2021-01-19-um-10.50.28-1024x574-1.jpg 900w, https:\/\/blogs.uni-siegen.de\/architekturlehre1zu1\/files\/2021\/03\/Bildschirmfoto-2021-01-19-um-10.50.28-1024x574-1-300x168.jpg 300w, https:\/\/blogs.uni-siegen.de\/architekturlehre1zu1\/files\/2021\/03\/Bildschirmfoto-2021-01-19-um-10.50.28-1024x574-1-768x430.jpg 768w\" sizes=\"auto, (max-width: 900px) 100vw, 900px\" \/><\/a><\/figure>\n\n\n\n<p>Im Lehrtutorial Stahlbau werden die allgemeinen Grundlagen der Stahlherstellung, Knotenpunkte und Detailanschl\u00fcsse sowie hybride Bauweise aus Stahl in Theorie und Praxis untersucht. Ein Besuch beim Schlossermeister gibt einen Einblick in die Herstellung der unterschiedlichen Verbindungsarten. An Hand von gebauten Referenzen werden die genannten Verbindungsanschl\u00fcsse kritisch hinterfragt.&nbsp;<\/p>\n\n\n\n<h5 class=\"wp-block-heading has-primary-color has-text-color\">Holzbau<\/h5>\n\n\n\n<figure class=\"wp-block-image size-large\"><a href=\"https:\/\/video.zimt.uni-siegen.de\/paella7\/ui\/watch.html?id=69d254cd-ec27-490a-874e-2221f7408557\"><img loading=\"lazy\" decoding=\"async\" width=\"900\" height=\"508\" src=\"http:\/\/blogs.uni-siegen.de\/architekturlehre1zu1\/files\/2021\/03\/Bildschirmfoto-2020-12-16-um-12.14.00-1024x578-1.jpg\" alt=\"\" class=\"wp-image-392\" srcset=\"https:\/\/blogs.uni-siegen.de\/architekturlehre1zu1\/files\/2021\/03\/Bildschirmfoto-2020-12-16-um-12.14.00-1024x578-1.jpg 900w, https:\/\/blogs.uni-siegen.de\/architekturlehre1zu1\/files\/2021\/03\/Bildschirmfoto-2020-12-16-um-12.14.00-1024x578-1-300x169.jpg 300w, https:\/\/blogs.uni-siegen.de\/architekturlehre1zu1\/files\/2021\/03\/Bildschirmfoto-2020-12-16-um-12.14.00-1024x578-1-768x433.jpg 768w\" sizes=\"auto, (max-width: 900px) 100vw, 900px\" \/><\/a><\/figure>\n\n\n\n<p>Das Lehrtutorial Holzbau ist eine allgemeine Einf\u00fchrung in das bauen mit Holz. An Hand von gebauten Beispielen, werden die unterschiedlichen Konstruktionsarten und Holzbausysteme untersucht und erl\u00e4utert. Gegen\u00fcber den tradionellen, handwerklichen Methoden hat sich die Herstellung von Bauteilen aus Holz dank optimierter Fertigungstechniken und mit den Mitteln der Digitalisierung geradezu revolutioniert.&nbsp;<\/p>\n\n\n\n<h5 class=\"wp-block-heading has-primary-color has-text-color\"><strong>Mauerwerk<\/strong><\/h5>\n\n\n\n<figure class=\"wp-block-image size-large\"><a href=\"https:\/\/video.zimt.uni-siegen.de\/paella7\/ui\/watch.html?id=86451bf6-e38c-456f-8fd0-6ab135d324b7\"><img loading=\"lazy\" decoding=\"async\" width=\"900\" height=\"582\" src=\"http:\/\/blogs.uni-siegen.de\/architekturlehre1zu1\/files\/2021\/03\/mauerwerk-1024x574-1.jpg\" alt=\"\" class=\"wp-image-395\" srcset=\"https:\/\/blogs.uni-siegen.de\/architekturlehre1zu1\/files\/2021\/03\/mauerwerk-1024x574-1.jpg 900w, https:\/\/blogs.uni-siegen.de\/architekturlehre1zu1\/files\/2021\/03\/mauerwerk-1024x574-1-300x194.jpg 300w, https:\/\/blogs.uni-siegen.de\/architekturlehre1zu1\/files\/2021\/03\/mauerwerk-1024x574-1-768x497.jpg 768w\" sizes=\"auto, (max-width: 900px) 100vw, 900px\" \/><\/a><\/figure>\n\n\n\n<p>In diesem Lehrtutorial geht es um massive Konstruktionen, bei denen es keine Trennung zwischen tragenden und raumabschlie\u00dfenden Funktionen gibt. Hierbei untersuchen wir massive, tragende W\u00e4nde und Decken, welche den gesamten Bau tragen und statisch absichern. An Hand von Beispielen wird gezeigt wie eine die tragende Funktion bei unterschiedlichen Materialien (Mauerwerk, Beton, Stahlbeton) erf\u00fcllt werden k\u00f6nnen.&nbsp;<\/p>\n\n\n\n<h5 class=\"wp-block-heading has-primary-color has-text-color\">Prim\u00e4rkonstruktion<\/h5>\n\n\n\n<figure class=\"wp-block-image size-large\"><a href=\"https:\/\/video.zimt.uni-siegen.de\/paella7\/ui\/watch.html?id=58311b65-add9-4430-b448-54fcc0744ebc\"><img loading=\"lazy\" decoding=\"async\" width=\"900\" height=\"542\" src=\"http:\/\/blogs.uni-siegen.de\/architekturlehre1zu1\/files\/2021\/03\/Bildschirmfoto-2020-11-12-um-10.27.24-1024x590-1.jpg\" alt=\"\" class=\"wp-image-399\" srcset=\"https:\/\/blogs.uni-siegen.de\/architekturlehre1zu1\/files\/2021\/03\/Bildschirmfoto-2020-11-12-um-10.27.24-1024x590-1.jpg 900w, https:\/\/blogs.uni-siegen.de\/architekturlehre1zu1\/files\/2021\/03\/Bildschirmfoto-2020-11-12-um-10.27.24-1024x590-1-300x181.jpg 300w, https:\/\/blogs.uni-siegen.de\/architekturlehre1zu1\/files\/2021\/03\/Bildschirmfoto-2020-11-12-um-10.27.24-1024x590-1-768x463.jpg 768w\" sizes=\"auto, (max-width: 900px) 100vw, 900px\" \/><\/a><\/figure>\n\n\n\n<p>Das Lehrtutorial &#8220;Prim\u00e4rkonstruktionen&#8221;&nbsp;beinhaltet die&nbsp;Grundlagen der&nbsp;Prim\u00e4rkonstruktionen in Abh\u00e4ngigkeit zum jeweiligen Material.&nbsp;&nbsp;Es wird ein Einblick in die Zusammenh\u00e4nge und Abh\u00e4ngigkeiten der Baukonstruktion gegeben und soll die&nbsp;Studierenden dazu&nbsp;bef\u00e4higen, den&nbsp;Zusammenhang zwischen Konstruktion,&nbsp;Gestalt und Material zu erkennen und zu beurteilen.<\/p>\n","protected":false},"excerpt":{"rendered":"<p>Vorlesung Treppen Teil 2 Eine Vorlesung zu Treppen. Vorlesung Fensteranschluss Eine Vorlesung zu Fensteranschl\u00fcssen. Fassade 02 Auch dieses Lehrtutorial setzt sich mit dem Thema der Fassade auseinander. Diesmal aber im Hinblick auf den einschichtigen, mehrschichtigen und mehrschaligen Aufbau einer Fassade und deren jeweiligen Konstruktionsprinzipien. An Hand der 3 Versuchsh\u00e4user in Bad Aibling, die unter dem [&hellip;]<\/p>\n","protected":false},"author":474,"featured_media":0,"parent":0,"menu_order":0,"comment_status":"closed","ping_status":"closed","template":"","meta":{"footnotes":""},"class_list":["post-16","page","type-page","status-publish","hentry"],"yoast_head":"<!-- This site is optimized with the Yoast SEO plugin v27.3 - https:\/\/yoast.com\/product\/yoast-seo-wordpress\/ -->\n<title>Lehrtutorials - Architekturlehre 1zu1<\/title>\n<meta name=\"robots\" content=\"index, follow, max-snippet:-1, max-image-preview:large, max-video-preview:-1\" \/>\n<link rel=\"canonical\" href=\"https:\/\/blogs.uni-siegen.de\/architekturlehre1zu1\/lehrtutorials\/\" \/>\n<meta property=\"og:locale\" content=\"de_DE\" \/>\n<meta property=\"og:type\" content=\"article\" \/>\n<meta property=\"og:title\" content=\"Lehrtutorials - Architekturlehre 1zu1\" \/>\n<meta property=\"og:description\" content=\"Vorlesung Treppen Teil 2 Eine Vorlesung zu Treppen. Vorlesung Fensteranschluss Eine Vorlesung zu Fensteranschl\u00fcssen. Fassade 02 Auch dieses Lehrtutorial setzt sich mit dem Thema der Fassade auseinander. Diesmal aber im Hinblick auf den einschichtigen, mehrschichtigen und mehrschaligen Aufbau einer Fassade und deren jeweiligen Konstruktionsprinzipien. An Hand der 3 Versuchsh\u00e4user in Bad Aibling, die unter dem [&hellip;]\" \/>\n<meta property=\"og:url\" content=\"https:\/\/blogs.uni-siegen.de\/architekturlehre1zu1\/lehrtutorials\/\" \/>\n<meta property=\"og:site_name\" content=\"Architekturlehre 1zu1\" \/>\n<meta property=\"article:modified_time\" content=\"2024-07-01T17:15:35+00:00\" \/>\n<meta property=\"og:image\" content=\"http:\/\/blogs.uni-siegen.de\/architekturlehre1zu1\/files\/2022\/06\/Screenshot-Vorlesung-Treppe-2_sw-1024x526.png\" \/>\n<meta name=\"twitter:card\" content=\"summary_large_image\" \/>\n<meta name=\"twitter:label1\" content=\"Gesch\u00e4tzte Lesezeit\" \/>\n\t<meta name=\"twitter:data1\" content=\"6\u00a0Minuten\" \/>\n<script type=\"application\/ld+json\" class=\"yoast-schema-graph\">{\"@context\":\"https:\\\/\\\/schema.org\",\"@graph\":[{\"@type\":\"WebPage\",\"@id\":\"https:\\\/\\\/blogs.uni-siegen.de\\\/architekturlehre1zu1\\\/lehrtutorials\\\/\",\"url\":\"https:\\\/\\\/blogs.uni-siegen.de\\\/architekturlehre1zu1\\\/lehrtutorials\\\/\",\"name\":\"Lehrtutorials - Architekturlehre 1zu1\",\"isPartOf\":{\"@id\":\"https:\\\/\\\/blogs.uni-siegen.de\\\/architekturlehre1zu1\\\/#website\"},\"primaryImageOfPage\":{\"@id\":\"https:\\\/\\\/blogs.uni-siegen.de\\\/architekturlehre1zu1\\\/lehrtutorials\\\/#primaryimage\"},\"image\":{\"@id\":\"https:\\\/\\\/blogs.uni-siegen.de\\\/architekturlehre1zu1\\\/lehrtutorials\\\/#primaryimage\"},\"thumbnailUrl\":\"http:\\\/\\\/blogs.uni-siegen.de\\\/architekturlehre1zu1\\\/files\\\/2022\\\/06\\\/Screenshot-Vorlesung-Treppe-2_sw-1024x526.png\",\"datePublished\":\"2021-02-23T13:33:31+00:00\",\"dateModified\":\"2024-07-01T17:15:35+00:00\",\"breadcrumb\":{\"@id\":\"https:\\\/\\\/blogs.uni-siegen.de\\\/architekturlehre1zu1\\\/lehrtutorials\\\/#breadcrumb\"},\"inLanguage\":\"de\",\"potentialAction\":[{\"@type\":\"ReadAction\",\"target\":[\"https:\\\/\\\/blogs.uni-siegen.de\\\/architekturlehre1zu1\\\/lehrtutorials\\\/\"]}]},{\"@type\":\"ImageObject\",\"inLanguage\":\"de\",\"@id\":\"https:\\\/\\\/blogs.uni-siegen.de\\\/architekturlehre1zu1\\\/lehrtutorials\\\/#primaryimage\",\"url\":\"http:\\\/\\\/blogs.uni-siegen.de\\\/architekturlehre1zu1\\\/files\\\/2022\\\/06\\\/Screenshot-Vorlesung-Treppe-2_sw-1024x526.png\",\"contentUrl\":\"http:\\\/\\\/blogs.uni-siegen.de\\\/architekturlehre1zu1\\\/files\\\/2022\\\/06\\\/Screenshot-Vorlesung-Treppe-2_sw-1024x526.png\"},{\"@type\":\"BreadcrumbList\",\"@id\":\"https:\\\/\\\/blogs.uni-siegen.de\\\/architekturlehre1zu1\\\/lehrtutorials\\\/#breadcrumb\",\"itemListElement\":[{\"@type\":\"ListItem\",\"position\":1,\"name\":\"Startseite\",\"item\":\"https:\\\/\\\/blogs.uni-siegen.de\\\/architekturlehre1zu1\\\/\"},{\"@type\":\"ListItem\",\"position\":2,\"name\":\"Lehrtutorials\"}]},{\"@type\":\"WebSite\",\"@id\":\"https:\\\/\\\/blogs.uni-siegen.de\\\/architekturlehre1zu1\\\/#website\",\"url\":\"https:\\\/\\\/blogs.uni-siegen.de\\\/architekturlehre1zu1\\\/\",\"name\":\"Architekturlehre 1zu1\",\"description\":\"\",\"publisher\":{\"@id\":\"https:\\\/\\\/blogs.uni-siegen.de\\\/architekturlehre1zu1\\\/#organization\"},\"potentialAction\":[{\"@type\":\"SearchAction\",\"target\":{\"@type\":\"EntryPoint\",\"urlTemplate\":\"https:\\\/\\\/blogs.uni-siegen.de\\\/architekturlehre1zu1\\\/?s={search_term_string}\"},\"query-input\":{\"@type\":\"PropertyValueSpecification\",\"valueRequired\":true,\"valueName\":\"search_term_string\"}}],\"inLanguage\":\"de\"},{\"@type\":\"Organization\",\"@id\":\"https:\\\/\\\/blogs.uni-siegen.de\\\/architekturlehre1zu1\\\/#organization\",\"name\":\"Architekturlehre 1zu1\",\"url\":\"https:\\\/\\\/blogs.uni-siegen.de\\\/architekturlehre1zu1\\\/\",\"logo\":{\"@type\":\"ImageObject\",\"inLanguage\":\"de\",\"@id\":\"https:\\\/\\\/blogs.uni-siegen.de\\\/architekturlehre1zu1\\\/#\\\/schema\\\/logo\\\/image\\\/\",\"url\":\"https:\\\/\\\/blogs.uni-siegen.de\\\/architekturlehre1zu1\\\/files\\\/2021\\\/03\\\/cropped-Logo_\u00dcberarbeitet-3.png\",\"contentUrl\":\"https:\\\/\\\/blogs.uni-siegen.de\\\/architekturlehre1zu1\\\/files\\\/2021\\\/03\\\/cropped-Logo_\u00dcberarbeitet-3.png\",\"width\":3475,\"height\":1232,\"caption\":\"Architekturlehre 1zu1\"},\"image\":{\"@id\":\"https:\\\/\\\/blogs.uni-siegen.de\\\/architekturlehre1zu1\\\/#\\\/schema\\\/logo\\\/image\\\/\"}}]}<\/script>\n<!-- \/ Yoast SEO plugin. -->","yoast_head_json":{"title":"Lehrtutorials - Architekturlehre 1zu1","robots":{"index":"index","follow":"follow","max-snippet":"max-snippet:-1","max-image-preview":"max-image-preview:large","max-video-preview":"max-video-preview:-1"},"canonical":"https:\/\/blogs.uni-siegen.de\/architekturlehre1zu1\/lehrtutorials\/","og_locale":"de_DE","og_type":"article","og_title":"Lehrtutorials - Architekturlehre 1zu1","og_description":"Vorlesung Treppen Teil 2 Eine Vorlesung zu Treppen. Vorlesung Fensteranschluss Eine Vorlesung zu Fensteranschl\u00fcssen. Fassade 02 Auch dieses Lehrtutorial setzt sich mit dem Thema der Fassade auseinander. Diesmal aber im Hinblick auf den einschichtigen, mehrschichtigen und mehrschaligen Aufbau einer Fassade und deren jeweiligen Konstruktionsprinzipien. An Hand der 3 Versuchsh\u00e4user in Bad Aibling, die unter dem [&hellip;]","og_url":"https:\/\/blogs.uni-siegen.de\/architekturlehre1zu1\/lehrtutorials\/","og_site_name":"Architekturlehre 1zu1","article_modified_time":"2024-07-01T17:15:35+00:00","og_image":[{"url":"http:\/\/blogs.uni-siegen.de\/architekturlehre1zu1\/files\/2022\/06\/Screenshot-Vorlesung-Treppe-2_sw-1024x526.png","type":"","width":"","height":""}],"twitter_card":"summary_large_image","twitter_misc":{"Gesch\u00e4tzte Lesezeit":"6\u00a0Minuten"},"schema":{"@context":"https:\/\/schema.org","@graph":[{"@type":"WebPage","@id":"https:\/\/blogs.uni-siegen.de\/architekturlehre1zu1\/lehrtutorials\/","url":"https:\/\/blogs.uni-siegen.de\/architekturlehre1zu1\/lehrtutorials\/","name":"Lehrtutorials - Architekturlehre 1zu1","isPartOf":{"@id":"https:\/\/blogs.uni-siegen.de\/architekturlehre1zu1\/#website"},"primaryImageOfPage":{"@id":"https:\/\/blogs.uni-siegen.de\/architekturlehre1zu1\/lehrtutorials\/#primaryimage"},"image":{"@id":"https:\/\/blogs.uni-siegen.de\/architekturlehre1zu1\/lehrtutorials\/#primaryimage"},"thumbnailUrl":"http:\/\/blogs.uni-siegen.de\/architekturlehre1zu1\/files\/2022\/06\/Screenshot-Vorlesung-Treppe-2_sw-1024x526.png","datePublished":"2021-02-23T13:33:31+00:00","dateModified":"2024-07-01T17:15:35+00:00","breadcrumb":{"@id":"https:\/\/blogs.uni-siegen.de\/architekturlehre1zu1\/lehrtutorials\/#breadcrumb"},"inLanguage":"de","potentialAction":[{"@type":"ReadAction","target":["https:\/\/blogs.uni-siegen.de\/architekturlehre1zu1\/lehrtutorials\/"]}]},{"@type":"ImageObject","inLanguage":"de","@id":"https:\/\/blogs.uni-siegen.de\/architekturlehre1zu1\/lehrtutorials\/#primaryimage","url":"http:\/\/blogs.uni-siegen.de\/architekturlehre1zu1\/files\/2022\/06\/Screenshot-Vorlesung-Treppe-2_sw-1024x526.png","contentUrl":"http:\/\/blogs.uni-siegen.de\/architekturlehre1zu1\/files\/2022\/06\/Screenshot-Vorlesung-Treppe-2_sw-1024x526.png"},{"@type":"BreadcrumbList","@id":"https:\/\/blogs.uni-siegen.de\/architekturlehre1zu1\/lehrtutorials\/#breadcrumb","itemListElement":[{"@type":"ListItem","position":1,"name":"Startseite","item":"https:\/\/blogs.uni-siegen.de\/architekturlehre1zu1\/"},{"@type":"ListItem","position":2,"name":"Lehrtutorials"}]},{"@type":"WebSite","@id":"https:\/\/blogs.uni-siegen.de\/architekturlehre1zu1\/#website","url":"https:\/\/blogs.uni-siegen.de\/architekturlehre1zu1\/","name":"Architekturlehre 1zu1","description":"","publisher":{"@id":"https:\/\/blogs.uni-siegen.de\/architekturlehre1zu1\/#organization"},"potentialAction":[{"@type":"SearchAction","target":{"@type":"EntryPoint","urlTemplate":"https:\/\/blogs.uni-siegen.de\/architekturlehre1zu1\/?s={search_term_string}"},"query-input":{"@type":"PropertyValueSpecification","valueRequired":true,"valueName":"search_term_string"}}],"inLanguage":"de"},{"@type":"Organization","@id":"https:\/\/blogs.uni-siegen.de\/architekturlehre1zu1\/#organization","name":"Architekturlehre 1zu1","url":"https:\/\/blogs.uni-siegen.de\/architekturlehre1zu1\/","logo":{"@type":"ImageObject","inLanguage":"de","@id":"https:\/\/blogs.uni-siegen.de\/architekturlehre1zu1\/#\/schema\/logo\/image\/","url":"https:\/\/blogs.uni-siegen.de\/architekturlehre1zu1\/files\/2021\/03\/cropped-Logo_\u00dcberarbeitet-3.png","contentUrl":"https:\/\/blogs.uni-siegen.de\/architekturlehre1zu1\/files\/2021\/03\/cropped-Logo_\u00dcberarbeitet-3.png","width":3475,"height":1232,"caption":"Architekturlehre 1zu1"},"image":{"@id":"https:\/\/blogs.uni-siegen.de\/architekturlehre1zu1\/#\/schema\/logo\/image\/"}}]}},"_links":{"self":[{"href":"https:\/\/blogs.uni-siegen.de\/architekturlehre1zu1\/wp-json\/wp\/v2\/pages\/16","targetHints":{"allow":["GET"]}}],"collection":[{"href":"https:\/\/blogs.uni-siegen.de\/architekturlehre1zu1\/wp-json\/wp\/v2\/pages"}],"about":[{"href":"https:\/\/blogs.uni-siegen.de\/architekturlehre1zu1\/wp-json\/wp\/v2\/types\/page"}],"author":[{"embeddable":true,"href":"https:\/\/blogs.uni-siegen.de\/architekturlehre1zu1\/wp-json\/wp\/v2\/users\/474"}],"replies":[{"embeddable":true,"href":"https:\/\/blogs.uni-siegen.de\/architekturlehre1zu1\/wp-json\/wp\/v2\/comments?post=16"}],"version-history":[{"count":59,"href":"https:\/\/blogs.uni-siegen.de\/architekturlehre1zu1\/wp-json\/wp\/v2\/pages\/16\/revisions"}],"predecessor-version":[{"id":2923,"href":"https:\/\/blogs.uni-siegen.de\/architekturlehre1zu1\/wp-json\/wp\/v2\/pages\/16\/revisions\/2923"}],"wp:attachment":[{"href":"https:\/\/blogs.uni-siegen.de\/architekturlehre1zu1\/wp-json\/wp\/v2\/media?parent=16"}],"curies":[{"name":"wp","href":"https:\/\/api.w.org\/{rel}","templated":true}]}}