{"id":189,"date":"2021-03-07T08:30:00","date_gmt":"2021-03-07T07:30:00","guid":{"rendered":"https:\/\/blogs.uni-siegen.de\/architekturlehre1zu1\/?page_id=189"},"modified":"2024-08-04T19:28:12","modified_gmt":"2024-08-04T17:28:12","slug":"11-2","status":"publish","type":"page","link":"https:\/\/blogs.uni-siegen.de\/architekturlehre1zu1\/","title":{"rendered":"Aktuelles"},"content":{"rendered":"<ul class=\"wp-block-latest-posts__list aligncenter wp-block-latest-posts\"><li><div class=\"wp-block-latest-posts__featured-image aligncenter\"><img loading=\"lazy\" decoding=\"async\" width=\"580\" height=\"175\" src=\"https:\/\/blogs.uni-siegen.de\/architekturlehre1zu1\/files\/2024\/04\/3_01-1300x392.png\" class=\"attachment-large size-large wp-post-image\" alt=\"\" style=\"\" srcset=\"https:\/\/blogs.uni-siegen.de\/architekturlehre1zu1\/files\/2024\/04\/3_01-1300x392.png 1300w, https:\/\/blogs.uni-siegen.de\/architekturlehre1zu1\/files\/2024\/04\/3_01-1200x362.png 1200w, https:\/\/blogs.uni-siegen.de\/architekturlehre1zu1\/files\/2024\/04\/3_01-768x231.png 768w, https:\/\/blogs.uni-siegen.de\/architekturlehre1zu1\/files\/2024\/04\/3_01-1536x463.png 1536w, https:\/\/blogs.uni-siegen.de\/architekturlehre1zu1\/files\/2024\/04\/3_01-2048x617.png 2048w, https:\/\/blogs.uni-siegen.de\/architekturlehre1zu1\/files\/2024\/04\/3_01-1980x597.png 1980w, https:\/\/blogs.uni-siegen.de\/architekturlehre1zu1\/files\/2024\/04\/3_01-e1722790762634.png 900w\" sizes=\"auto, (max-width: 580px) 100vw, 580px\" \/><\/div><a class=\"wp-block-latest-posts__post-title\" href=\"https:\/\/blogs.uni-siegen.de\/architekturlehre1zu1\/2024\/04\/01\/workshop-machen\/\">Workshop<\/a><div class=\"wp-block-latest-posts__post-excerpt\">\/erschlie\u00dfen. \/wahrnehmen. \/kommunizieren. \/versorgen. Wir wollen den Verlust an Leben am Campus stoppen. Der Campus soll mit Interventionen, Umbauten und\u2026\u00a0<a class=\"wp-block-latest-posts__read-more\" href=\"https:\/\/blogs.uni-siegen.de\/architekturlehre1zu1\/2024\/04\/01\/workshop-machen\/\" rel=\"noopener noreferrer\"><span class=\"screen-reader-text\">Workshop <\/span>weiterlesen<\/a><\/div><\/li>\n<li><div class=\"wp-block-latest-posts__featured-image aligncenter\"><img loading=\"lazy\" decoding=\"async\" width=\"580\" height=\"374\" src=\"https:\/\/blogs.uni-siegen.de\/architekturlehre1zu1\/files\/2024\/03\/Luftbild-Paul-Bonatz-Campus-2-1300x838.png\" class=\"attachment-large size-large wp-post-image\" alt=\"\" style=\"\" srcset=\"https:\/\/blogs.uni-siegen.de\/architekturlehre1zu1\/files\/2024\/03\/Luftbild-Paul-Bonatz-Campus-2-1300x838.png 1300w, https:\/\/blogs.uni-siegen.de\/architekturlehre1zu1\/files\/2024\/03\/Luftbild-Paul-Bonatz-Campus-2-1200x773.png 1200w, https:\/\/blogs.uni-siegen.de\/architekturlehre1zu1\/files\/2024\/03\/Luftbild-Paul-Bonatz-Campus-2-768x495.png 768w, https:\/\/blogs.uni-siegen.de\/architekturlehre1zu1\/files\/2024\/03\/Luftbild-Paul-Bonatz-Campus-2.png 1400w\" sizes=\"auto, (max-width: 580px) 100vw, 580px\" \/><\/div><a class=\"wp-block-latest-posts__post-title\" href=\"https:\/\/blogs.uni-siegen.de\/architekturlehre1zu1\/2024\/03\/05\/master-entwurf\/\">Master Entwurf<\/a><div class=\"wp-block-latest-posts__post-excerpt\">Paul Bonatz &#8211; Fremdk\u00f6rper?! Aufgabenstellung \u201eSanierungsbed\u00fcrftige Hochschulgeb\u00e4ude aus den 70ern wirken im Wohngebiet Haardter Berg wie Fremdk\u00f6rper. Irgendwann zieht die\u2026\u00a0<a class=\"wp-block-latest-posts__read-more\" href=\"https:\/\/blogs.uni-siegen.de\/architekturlehre1zu1\/2024\/03\/05\/master-entwurf\/\" rel=\"noopener noreferrer\"><span class=\"screen-reader-text\">Master Entwurf <\/span>weiterlesen<\/a><\/div><\/li>\n<li><div class=\"wp-block-latest-posts__featured-image aligncenter\"><img loading=\"lazy\" decoding=\"async\" width=\"580\" height=\"391\" src=\"https:\/\/blogs.uni-siegen.de\/architekturlehre1zu1\/files\/2024\/02\/s.t.HUB-Ausarbeitung-1583812_Seite_23_Bild_0001-900x606.jpg\" class=\"attachment-large size-large wp-post-image\" alt=\"\" style=\"\" srcset=\"https:\/\/blogs.uni-siegen.de\/architekturlehre1zu1\/files\/2024\/02\/s.t.HUB-Ausarbeitung-1583812_Seite_23_Bild_0001-900x606.jpg 900w, https:\/\/blogs.uni-siegen.de\/architekturlehre1zu1\/files\/2024\/02\/s.t.HUB-Ausarbeitung-1583812_Seite_23_Bild_0001-300x202.jpg 300w, https:\/\/blogs.uni-siegen.de\/architekturlehre1zu1\/files\/2024\/02\/s.t.HUB-Ausarbeitung-1583812_Seite_23_Bild_0001-768x517.jpg 768w, https:\/\/blogs.uni-siegen.de\/architekturlehre1zu1\/files\/2024\/02\/s.t.HUB-Ausarbeitung-1583812_Seite_23_Bild_0001-1200x808.jpg 1200w, https:\/\/blogs.uni-siegen.de\/architekturlehre1zu1\/files\/2024\/02\/s.t.HUB-Ausarbeitung-1583812_Seite_23_Bild_0001.jpg 1321w\" sizes=\"auto, (max-width: 580px) 100vw, 580px\" \/><\/div><a class=\"wp-block-latest-posts__post-title\" href=\"https:\/\/blogs.uni-siegen.de\/architekturlehre1zu1\/2024\/02\/08\/bachelor-entwurf-2\/\">Bachelor Entwurf<\/a><div class=\"wp-block-latest-posts__post-excerpt\">Bachelorarbeit WS 23\/24 Aufgabenstellung Umgestaltung eines bislang ungenutzten Stadtraumes zu einem Ort der Zusammenkunft und des Geschehens. Gestaltung eines Raumes,\u2026\u00a0<a class=\"wp-block-latest-posts__read-more\" href=\"https:\/\/blogs.uni-siegen.de\/architekturlehre1zu1\/2024\/02\/08\/bachelor-entwurf-2\/\" rel=\"noopener noreferrer\"><span class=\"screen-reader-text\">Bachelor Entwurf <\/span>weiterlesen<\/a><\/div><\/li>\n<li><div class=\"wp-block-latest-posts__featured-image aligncenter\"><img loading=\"lazy\" decoding=\"async\" width=\"580\" height=\"326\" src=\"https:\/\/blogs.uni-siegen.de\/architekturlehre1zu1\/files\/2023\/12\/Screenshot-2023-12-17-171116.png\" class=\"attachment-large size-large wp-post-image\" alt=\"\" style=\"\" \/><\/div><a class=\"wp-block-latest-posts__post-title\" href=\"https:\/\/blogs.uni-siegen.de\/architekturlehre1zu1\/2023\/12\/17\/exkursion-baustelle-reiterstaffel-offices\/\">Exkursion Baustelle Reiterstaffel Offices<\/a><div class=\"wp-block-latest-posts__post-excerpt\">Am 30. November 2023 besuchen Studierende der Universit\u00e4t Siegen die Baustelle der Reiterstaffel Offices in K\u00f6ln und erleben, wie die\u2026\u00a0<a class=\"wp-block-latest-posts__read-more\" href=\"https:\/\/blogs.uni-siegen.de\/architekturlehre1zu1\/2023\/12\/17\/exkursion-baustelle-reiterstaffel-offices\/\" rel=\"noopener noreferrer\"><span class=\"screen-reader-text\">Exkursion Baustelle Reiterstaffel Offices <\/span>weiterlesen<\/a><\/div><\/li>\n<li><div class=\"wp-block-latest-posts__featured-image aligncenter\"><img loading=\"lazy\" decoding=\"async\" width=\"580\" height=\"265\" src=\"https:\/\/blogs.uni-siegen.de\/architekturlehre1zu1\/files\/2023\/12\/Screenshot-2023-12-17-165800-1-1024x468.png\" class=\"attachment-large size-large wp-post-image\" alt=\"\" style=\"\" srcset=\"https:\/\/blogs.uni-siegen.de\/architekturlehre1zu1\/files\/2023\/12\/Screenshot-2023-12-17-165800-1-1024x468.png 1024w, https:\/\/blogs.uni-siegen.de\/architekturlehre1zu1\/files\/2023\/12\/Screenshot-2023-12-17-165800-1-300x137.png 300w, https:\/\/blogs.uni-siegen.de\/architekturlehre1zu1\/files\/2023\/12\/Screenshot-2023-12-17-165800-1-768x351.png 768w, https:\/\/blogs.uni-siegen.de\/architekturlehre1zu1\/files\/2023\/12\/Screenshot-2023-12-17-165800-1-1536x701.png 1536w, https:\/\/blogs.uni-siegen.de\/architekturlehre1zu1\/files\/2023\/12\/Screenshot-2023-12-17-165800-1-1200x548.png 1200w, https:\/\/blogs.uni-siegen.de\/architekturlehre1zu1\/files\/2023\/12\/Screenshot-2023-12-17-165800-1.png 1912w\" sizes=\"auto, (max-width: 580px) 100vw, 580px\" \/><\/div><a class=\"wp-block-latest-posts__post-title\" href=\"https:\/\/blogs.uni-siegen.de\/architekturlehre1zu1\/2023\/12\/17\/exkursion-betonwerk-hering-bau-gmbh\/\">Exkursion Betonwerk Hering Bau GmbH<\/a><div class=\"wp-block-latest-posts__post-excerpt\">Am 30. November 2023 besuchen Studierende der Universit\u00e4t Siegen das Betonwerk Hering Bau GmbH in Burbach und erfahren, wie moderne\u2026\u00a0<a class=\"wp-block-latest-posts__read-more\" href=\"https:\/\/blogs.uni-siegen.de\/architekturlehre1zu1\/2023\/12\/17\/exkursion-betonwerk-hering-bau-gmbh\/\" rel=\"noopener noreferrer\"><span class=\"screen-reader-text\">Exkursion Betonwerk Hering Bau GmbH <\/span>weiterlesen<\/a><\/div><\/li>\n<li><div class=\"wp-block-latest-posts__featured-image aligncenter\"><img loading=\"lazy\" decoding=\"async\" width=\"580\" height=\"580\" src=\"https:\/\/blogs.uni-siegen.de\/architekturlehre1zu1\/files\/2023\/10\/Flyer-2-1024x1024.png\" class=\"attachment-large size-large wp-post-image\" alt=\"\" style=\"\" srcset=\"https:\/\/blogs.uni-siegen.de\/architekturlehre1zu1\/files\/2023\/10\/Flyer-2-1024x1024.png 1024w, https:\/\/blogs.uni-siegen.de\/architekturlehre1zu1\/files\/2023\/10\/Flyer-2-300x300.png 300w, https:\/\/blogs.uni-siegen.de\/architekturlehre1zu1\/files\/2023\/10\/Flyer-2-150x150.png 150w, https:\/\/blogs.uni-siegen.de\/architekturlehre1zu1\/files\/2023\/10\/Flyer-2-768x768.png 768w, https:\/\/blogs.uni-siegen.de\/architekturlehre1zu1\/files\/2023\/10\/Flyer-2-1536x1536.png 1536w, https:\/\/blogs.uni-siegen.de\/architekturlehre1zu1\/files\/2023\/10\/Flyer-2-2048x2048.png 2048w, https:\/\/blogs.uni-siegen.de\/architekturlehre1zu1\/files\/2023\/10\/Flyer-2-1200x1200.png 1200w, https:\/\/blogs.uni-siegen.de\/architekturlehre1zu1\/files\/2023\/10\/Flyer-2-e1702827612910.png 900w\" sizes=\"auto, (max-width: 580px) 100vw, 580px\" \/><\/div><a class=\"wp-block-latest-posts__post-title\" href=\"https:\/\/blogs.uni-siegen.de\/architekturlehre1zu1\/2023\/10\/11\/gastvortrag\/\">Gastvortrag<\/a><div class=\"wp-block-latest-posts__post-excerpt\">Jan Glasmeier &#8211; Simple Architecture Seit 2012 kollaboriert Jan Glasmeier mit zwei befreundeten Architekten an verschiedenen Projekten in Thailand. 2016\u2026\u00a0<a class=\"wp-block-latest-posts__read-more\" href=\"https:\/\/blogs.uni-siegen.de\/architekturlehre1zu1\/2023\/10\/11\/gastvortrag\/\" rel=\"noopener noreferrer\"><span class=\"screen-reader-text\">Gastvortrag <\/span>weiterlesen<\/a><\/div><\/li>\n<li><div class=\"wp-block-latest-posts__featured-image aligncenter\"><img loading=\"lazy\" decoding=\"async\" width=\"580\" height=\"422\" src=\"https:\/\/blogs.uni-siegen.de\/architekturlehre1zu1\/files\/2023\/09\/Beitragsbild-1024x745.jpg\" class=\"attachment-large size-large wp-post-image\" alt=\"\" style=\"\" srcset=\"https:\/\/blogs.uni-siegen.de\/architekturlehre1zu1\/files\/2023\/09\/Beitragsbild-1024x745.jpg 1024w, https:\/\/blogs.uni-siegen.de\/architekturlehre1zu1\/files\/2023\/09\/Beitragsbild-300x218.jpg 300w, https:\/\/blogs.uni-siegen.de\/architekturlehre1zu1\/files\/2023\/09\/Beitragsbild-768x559.jpg 768w, https:\/\/blogs.uni-siegen.de\/architekturlehre1zu1\/files\/2023\/09\/Beitragsbild-1536x1117.jpg 1536w, https:\/\/blogs.uni-siegen.de\/architekturlehre1zu1\/files\/2023\/09\/Beitragsbild-1200x873.jpg 1200w, https:\/\/blogs.uni-siegen.de\/architekturlehre1zu1\/files\/2023\/09\/Beitragsbild-e1694683390321.jpg 900w\" sizes=\"auto, (max-width: 580px) 100vw, 580px\" \/><\/div><a class=\"wp-block-latest-posts__post-title\" href=\"https:\/\/blogs.uni-siegen.de\/architekturlehre1zu1\/2023\/09\/14\/master-entwuerfe-5\/\">Master Entwurf<\/a><div class=\"wp-block-latest-posts__post-excerpt\">Schicht im Schacht? &#8211; Umnutzung des ehemaligen Kohlebunkers &#8211; Schalker Verein Der ehemalige Erz-&nbsp;und Kohlebunker des H\u00fcttenwerks Schalker Verein mit\u2026\u00a0<a class=\"wp-block-latest-posts__read-more\" href=\"https:\/\/blogs.uni-siegen.de\/architekturlehre1zu1\/2023\/09\/14\/master-entwuerfe-5\/\" rel=\"noopener noreferrer\"><span class=\"screen-reader-text\">Master Entwurf <\/span>weiterlesen<\/a><\/div><\/li>\n<li><div class=\"wp-block-latest-posts__featured-image aligncenter\"><img loading=\"lazy\" decoding=\"async\" width=\"580\" height=\"435\" src=\"https:\/\/blogs.uni-siegen.de\/architekturlehre1zu1\/files\/2023\/06\/0347f59e-522a-431e-9bd2-e29cfe4015d4-e1687886722777.jpg\" class=\"attachment-large size-large wp-post-image\" alt=\"\" style=\"\" \/><\/div><a class=\"wp-block-latest-posts__post-title\" href=\"https:\/\/blogs.uni-siegen.de\/architekturlehre1zu1\/2023\/06\/27\/antwerpen\/\">Antwerpen<\/a><div class=\"wp-block-latest-posts__post-excerpt\">Hier geht es zum Stadtrundgang<\/div><\/li>\n<li><a class=\"wp-block-latest-posts__post-title\" href=\"https:\/\/blogs.uni-siegen.de\/architekturlehre1zu1\/2023\/06\/27\/exkursion-belgien\/\">Exkursion Belgien<\/a><div class=\"wp-block-latest-posts__post-excerpt\"><\/div><\/li>\n<li><div class=\"wp-block-latest-posts__featured-image aligncenter\"><img loading=\"lazy\" decoding=\"async\" width=\"580\" height=\"433\" src=\"https:\/\/blogs.uni-siegen.de\/architekturlehre1zu1\/files\/2023\/04\/Titelbild_Oberes-Schloss-1024x764.jpg\" class=\"attachment-large size-large wp-post-image\" alt=\"\" style=\"\" srcset=\"https:\/\/blogs.uni-siegen.de\/architekturlehre1zu1\/files\/2023\/04\/Titelbild_Oberes-Schloss-1024x764.jpg 1024w, https:\/\/blogs.uni-siegen.de\/architekturlehre1zu1\/files\/2023\/04\/Titelbild_Oberes-Schloss-300x224.jpg 300w, https:\/\/blogs.uni-siegen.de\/architekturlehre1zu1\/files\/2023\/04\/Titelbild_Oberes-Schloss-768x573.jpg 768w, https:\/\/blogs.uni-siegen.de\/architekturlehre1zu1\/files\/2023\/04\/Titelbild_Oberes-Schloss-1536x1146.jpg 1536w, https:\/\/blogs.uni-siegen.de\/architekturlehre1zu1\/files\/2023\/04\/Titelbild_Oberes-Schloss-2048x1528.jpg 2048w, https:\/\/blogs.uni-siegen.de\/architekturlehre1zu1\/files\/2023\/04\/Titelbild_Oberes-Schloss-1200x895.jpg 1200w, https:\/\/blogs.uni-siegen.de\/architekturlehre1zu1\/files\/2023\/04\/Titelbild_Oberes-Schloss-1980x1477.jpg 1980w, https:\/\/blogs.uni-siegen.de\/architekturlehre1zu1\/files\/2023\/04\/Titelbild_Oberes-Schloss-scaled-e1682007152298.jpg 900w\" sizes=\"auto, (max-width: 580px) 100vw, 580px\" \/><\/div><a class=\"wp-block-latest-posts__post-title\" href=\"https:\/\/blogs.uni-siegen.de\/architekturlehre1zu1\/2023\/04\/20\/master-entwuerfe-6\/\">Master Entw\u00fcrfe<\/a><div class=\"wp-block-latest-posts__post-excerpt\">Oberes Schloss Im Wintersemester haben sich die Master Studierenden im Entwurfskurs mit einem Grundst\u00fcck am Oberen Schloss in Siegen besch\u00e4ftigt.\u2026\u00a0<a class=\"wp-block-latest-posts__read-more\" href=\"https:\/\/blogs.uni-siegen.de\/architekturlehre1zu1\/2023\/04\/20\/master-entwuerfe-6\/\" rel=\"noopener noreferrer\"><span class=\"screen-reader-text\">Master Entw\u00fcrfe <\/span>weiterlesen<\/a><\/div><\/li>\n<li><div class=\"wp-block-latest-posts__featured-image aligncenter\"><img loading=\"lazy\" decoding=\"async\" width=\"580\" height=\"580\" src=\"https:\/\/blogs.uni-siegen.de\/architekturlehre1zu1\/files\/2022\/09\/3.png\" class=\"attachment-large size-large wp-post-image\" alt=\"\" style=\"\" srcset=\"https:\/\/blogs.uni-siegen.de\/architekturlehre1zu1\/files\/2022\/09\/3.png 900w, https:\/\/blogs.uni-siegen.de\/architekturlehre1zu1\/files\/2022\/09\/3-300x300.png 300w, https:\/\/blogs.uni-siegen.de\/architekturlehre1zu1\/files\/2022\/09\/3-150x150.png 150w, https:\/\/blogs.uni-siegen.de\/architekturlehre1zu1\/files\/2022\/09\/3-768x768.png 768w\" sizes=\"auto, (max-width: 580px) 100vw, 580px\" \/><\/div><a class=\"wp-block-latest-posts__post-title\" href=\"https:\/\/blogs.uni-siegen.de\/architekturlehre1zu1\/2023\/04\/05\/skopje\/\">Skopje<\/a><div class=\"wp-block-latest-posts__post-excerpt\">Im Herbst 2022&nbsp;waren wir&nbsp;in der nordmazedonisches Hauptstadt Skopje&nbsp;unterwegs und sind der Frage nachgegangen, ob die Verschleierung der&nbsp;brutalistischen&nbsp;Bauten als harmloser Kitsch,\u2026\u00a0<a class=\"wp-block-latest-posts__read-more\" href=\"https:\/\/blogs.uni-siegen.de\/architekturlehre1zu1\/2023\/04\/05\/skopje\/\" rel=\"noopener noreferrer\"><span class=\"screen-reader-text\">Skopje <\/span>weiterlesen<\/a><\/div><\/li>\n<li><div class=\"wp-block-latest-posts__featured-image aligncenter\"><img loading=\"lazy\" decoding=\"async\" width=\"580\" height=\"387\" src=\"https:\/\/blogs.uni-siegen.de\/architekturlehre1zu1\/files\/2022\/10\/Bild-Lehrtutorial-1024x683.png\" class=\"attachment-large size-large wp-post-image\" alt=\"\" style=\"\" srcset=\"https:\/\/blogs.uni-siegen.de\/architekturlehre1zu1\/files\/2022\/10\/Bild-Lehrtutorial-1024x683.png 1024w, https:\/\/blogs.uni-siegen.de\/architekturlehre1zu1\/files\/2022\/10\/Bild-Lehrtutorial-300x200.png 300w, https:\/\/blogs.uni-siegen.de\/architekturlehre1zu1\/files\/2022\/10\/Bild-Lehrtutorial-768x512.png 768w, https:\/\/blogs.uni-siegen.de\/architekturlehre1zu1\/files\/2022\/10\/Bild-Lehrtutorial-e1666027827262.png 900w\" sizes=\"auto, (max-width: 580px) 100vw, 580px\" \/><\/div><a class=\"wp-block-latest-posts__post-title\" href=\"https:\/\/blogs.uni-siegen.de\/architekturlehre1zu1\/2022\/10\/17\/bauko-kompakt\/\">Bauko Kompakt<\/a><div class=\"wp-block-latest-posts__post-excerpt\">Beispiel Dijana Taseva<\/div><\/li>\n<li><div class=\"wp-block-latest-posts__featured-image aligncenter\"><img loading=\"lazy\" decoding=\"async\" width=\"580\" height=\"340\" src=\"https:\/\/blogs.uni-siegen.de\/architekturlehre1zu1\/files\/2022\/10\/IMG_0586-Kopie-2-1-1024x601.jpeg\" class=\"attachment-large size-large wp-post-image\" alt=\"\" style=\"\" srcset=\"https:\/\/blogs.uni-siegen.de\/architekturlehre1zu1\/files\/2022\/10\/IMG_0586-Kopie-2-1-1024x601.jpeg 1024w, https:\/\/blogs.uni-siegen.de\/architekturlehre1zu1\/files\/2022\/10\/IMG_0586-Kopie-2-1-300x176.jpeg 300w, https:\/\/blogs.uni-siegen.de\/architekturlehre1zu1\/files\/2022\/10\/IMG_0586-Kopie-2-1-768x451.jpeg 768w, https:\/\/blogs.uni-siegen.de\/architekturlehre1zu1\/files\/2022\/10\/IMG_0586-Kopie-2-1-1536x902.jpeg 1536w, https:\/\/blogs.uni-siegen.de\/architekturlehre1zu1\/files\/2022\/10\/IMG_0586-Kopie-2-1-1200x705.jpeg 1200w, https:\/\/blogs.uni-siegen.de\/architekturlehre1zu1\/files\/2022\/10\/IMG_0586-Kopie-2-1-e1666033182722.jpeg 900w\" sizes=\"auto, (max-width: 580px) 100vw, 580px\" \/><\/div><a class=\"wp-block-latest-posts__post-title\" href=\"https:\/\/blogs.uni-siegen.de\/architekturlehre1zu1\/2022\/10\/16\/master-entwuerfe-4\/\">Master Entw\u00fcrfe<\/a><div class=\"wp-block-latest-posts__post-excerpt\">Viva Kulturia &#8211; Musical am Rhing Ein neues Musical f\u00fcr K\u00f6ln. Der tempor\u00e4re Musical Dome an der Rheinufer Promenade im\u2026\u00a0<a class=\"wp-block-latest-posts__read-more\" href=\"https:\/\/blogs.uni-siegen.de\/architekturlehre1zu1\/2022\/10\/16\/master-entwuerfe-4\/\" rel=\"noopener noreferrer\"><span class=\"screen-reader-text\">Master Entw\u00fcrfe <\/span>weiterlesen<\/a><\/div><\/li>\n<li><div class=\"wp-block-latest-posts__featured-image aligncenter\"><img loading=\"lazy\" decoding=\"async\" width=\"580\" height=\"326\" src=\"https:\/\/blogs.uni-siegen.de\/architekturlehre1zu1\/files\/2022\/09\/Beitragsbild-1024x576.png\" class=\"attachment-large size-large wp-post-image\" alt=\"\" style=\"\" srcset=\"https:\/\/blogs.uni-siegen.de\/architekturlehre1zu1\/files\/2022\/09\/Beitragsbild-1024x576.png 1024w, https:\/\/blogs.uni-siegen.de\/architekturlehre1zu1\/files\/2022\/09\/Beitragsbild-300x169.png 300w, https:\/\/blogs.uni-siegen.de\/architekturlehre1zu1\/files\/2022\/09\/Beitragsbild-768x432.png 768w, https:\/\/blogs.uni-siegen.de\/architekturlehre1zu1\/files\/2022\/09\/Beitragsbild-1536x865.png 1536w, https:\/\/blogs.uni-siegen.de\/architekturlehre1zu1\/files\/2022\/09\/Beitragsbild-1200x676.png 1200w, https:\/\/blogs.uni-siegen.de\/architekturlehre1zu1\/files\/2022\/09\/Beitragsbild-e1665240732897.png 900w\" sizes=\"auto, (max-width: 580px) 100vw, 580px\" \/><\/div><a class=\"wp-block-latest-posts__post-title\" href=\"https:\/\/blogs.uni-siegen.de\/architekturlehre1zu1\/2022\/10\/04\/siegen\/\">Siegen<\/a><div class=\"wp-block-latest-posts__post-excerpt\">Hier geht es zum Stadtrundgang<\/div><\/li>\n<li><a class=\"wp-block-latest-posts__post-title\" href=\"https:\/\/blogs.uni-siegen.de\/architekturlehre1zu1\/2022\/09\/01\/skopje-2\/\">Skopje<\/a><div class=\"wp-block-latest-posts__post-excerpt\"><\/div><\/li>\n<\/ul>","protected":false},"excerpt":{"rendered":"","protected":false},"author":474,"featured_media":0,"parent":0,"menu_order":0,"comment_status":"closed","ping_status":"closed","template":"","meta":{"footnotes":""},"class_list":["post-189","page","type-page","status-publish","hentry"],"yoast_head":"<!-- This site is optimized with the Yoast SEO plugin v27.4 - https:\/\/yoast.com\/product\/yoast-seo-wordpress\/ -->\n<title>Aktuelles - Architekturlehre 1zu1<\/title>\n<meta name=\"robots\" content=\"index, follow, max-snippet:-1, max-image-preview:large, max-video-preview:-1\" \/>\n<link rel=\"canonical\" href=\"https:\/\/blogs.uni-siegen.de\/architekturlehre1zu1\/\" \/>\n<meta property=\"og:locale\" content=\"de_DE\" \/>\n<meta property=\"og:type\" content=\"article\" \/>\n<meta property=\"og:title\" content=\"Aktuelles - Architekturlehre 1zu1\" \/>\n<meta property=\"og:url\" content=\"https:\/\/blogs.uni-siegen.de\/architekturlehre1zu1\/\" \/>\n<meta property=\"og:site_name\" content=\"Architekturlehre 1zu1\" \/>\n<meta property=\"article:modified_time\" content=\"2024-08-04T17:28:12+00:00\" \/>\n<meta name=\"twitter:card\" content=\"summary_large_image\" \/>\n<script type=\"application\/ld+json\" class=\"yoast-schema-graph\">{\"@context\":\"https:\\\/\\\/schema.org\",\"@graph\":[{\"@type\":\"WebPage\",\"@id\":\"https:\\\/\\\/blogs.uni-siegen.de\\\/architekturlehre1zu1\\\/\",\"url\":\"https:\\\/\\\/blogs.uni-siegen.de\\\/architekturlehre1zu1\\\/\",\"name\":\"Aktuelles - Architekturlehre 1zu1\",\"isPartOf\":{\"@id\":\"https:\\\/\\\/blogs.uni-siegen.de\\\/architekturlehre1zu1\\\/#website\"},\"datePublished\":\"2021-03-07T07:30:00+00:00\",\"dateModified\":\"2024-08-04T17:28:12+00:00\",\"breadcrumb\":{\"@id\":\"https:\\\/\\\/blogs.uni-siegen.de\\\/architekturlehre1zu1\\\/#breadcrumb\"},\"inLanguage\":\"de\",\"potentialAction\":[{\"@type\":\"ReadAction\",\"target\":[\"https:\\\/\\\/blogs.uni-siegen.de\\\/architekturlehre1zu1\\\/\"]}]},{\"@type\":\"BreadcrumbList\",\"@id\":\"https:\\\/\\\/blogs.uni-siegen.de\\\/architekturlehre1zu1\\\/#breadcrumb\",\"itemListElement\":[{\"@type\":\"ListItem\",\"position\":1,\"name\":\"Startseite\",\"item\":\"https:\\\/\\\/blogs.uni-siegen.de\\\/architekturlehre1zu1\\\/\"},{\"@type\":\"ListItem\",\"position\":2,\"name\":\"Aktuelles\"}]},{\"@type\":\"WebSite\",\"@id\":\"https:\\\/\\\/blogs.uni-siegen.de\\\/architekturlehre1zu1\\\/#website\",\"url\":\"https:\\\/\\\/blogs.uni-siegen.de\\\/architekturlehre1zu1\\\/\",\"name\":\"Architekturlehre 1zu1\",\"description\":\"\",\"publisher\":{\"@id\":\"https:\\\/\\\/blogs.uni-siegen.de\\\/architekturlehre1zu1\\\/#organization\"},\"potentialAction\":[{\"@type\":\"SearchAction\",\"target\":{\"@type\":\"EntryPoint\",\"urlTemplate\":\"https:\\\/\\\/blogs.uni-siegen.de\\\/architekturlehre1zu1\\\/?s={search_term_string}\"},\"query-input\":{\"@type\":\"PropertyValueSpecification\",\"valueRequired\":true,\"valueName\":\"search_term_string\"}}],\"inLanguage\":\"de\"},{\"@type\":\"Organization\",\"@id\":\"https:\\\/\\\/blogs.uni-siegen.de\\\/architekturlehre1zu1\\\/#organization\",\"name\":\"Architekturlehre 1zu1\",\"url\":\"https:\\\/\\\/blogs.uni-siegen.de\\\/architekturlehre1zu1\\\/\",\"logo\":{\"@type\":\"ImageObject\",\"inLanguage\":\"de\",\"@id\":\"https:\\\/\\\/blogs.uni-siegen.de\\\/architekturlehre1zu1\\\/#\\\/schema\\\/logo\\\/image\\\/\",\"url\":\"https:\\\/\\\/blogs.uni-siegen.de\\\/architekturlehre1zu1\\\/files\\\/2021\\\/03\\\/cropped-Logo_\u00dcberarbeitet-3.png\",\"contentUrl\":\"https:\\\/\\\/blogs.uni-siegen.de\\\/architekturlehre1zu1\\\/files\\\/2021\\\/03\\\/cropped-Logo_\u00dcberarbeitet-3.png\",\"width\":3475,\"height\":1232,\"caption\":\"Architekturlehre 1zu1\"},\"image\":{\"@id\":\"https:\\\/\\\/blogs.uni-siegen.de\\\/architekturlehre1zu1\\\/#\\\/schema\\\/logo\\\/image\\\/\"}}]}<\/script>\n<!-- \/ Yoast SEO plugin. -->","yoast_head_json":{"title":"Aktuelles - Architekturlehre 1zu1","robots":{"index":"index","follow":"follow","max-snippet":"max-snippet:-1","max-image-preview":"max-image-preview:large","max-video-preview":"max-video-preview:-1"},"canonical":"https:\/\/blogs.uni-siegen.de\/architekturlehre1zu1\/","og_locale":"de_DE","og_type":"article","og_title":"Aktuelles - Architekturlehre 1zu1","og_url":"https:\/\/blogs.uni-siegen.de\/architekturlehre1zu1\/","og_site_name":"Architekturlehre 1zu1","article_modified_time":"2024-08-04T17:28:12+00:00","twitter_card":"summary_large_image","schema":{"@context":"https:\/\/schema.org","@graph":[{"@type":"WebPage","@id":"https:\/\/blogs.uni-siegen.de\/architekturlehre1zu1\/","url":"https:\/\/blogs.uni-siegen.de\/architekturlehre1zu1\/","name":"Aktuelles - Architekturlehre 1zu1","isPartOf":{"@id":"https:\/\/blogs.uni-siegen.de\/architekturlehre1zu1\/#website"},"datePublished":"2021-03-07T07:30:00+00:00","dateModified":"2024-08-04T17:28:12+00:00","breadcrumb":{"@id":"https:\/\/blogs.uni-siegen.de\/architekturlehre1zu1\/#breadcrumb"},"inLanguage":"de","potentialAction":[{"@type":"ReadAction","target":["https:\/\/blogs.uni-siegen.de\/architekturlehre1zu1\/"]}]},{"@type":"BreadcrumbList","@id":"https:\/\/blogs.uni-siegen.de\/architekturlehre1zu1\/#breadcrumb","itemListElement":[{"@type":"ListItem","position":1,"name":"Startseite","item":"https:\/\/blogs.uni-siegen.de\/architekturlehre1zu1\/"},{"@type":"ListItem","position":2,"name":"Aktuelles"}]},{"@type":"WebSite","@id":"https:\/\/blogs.uni-siegen.de\/architekturlehre1zu1\/#website","url":"https:\/\/blogs.uni-siegen.de\/architekturlehre1zu1\/","name":"Architekturlehre 1zu1","description":"","publisher":{"@id":"https:\/\/blogs.uni-siegen.de\/architekturlehre1zu1\/#organization"},"potentialAction":[{"@type":"SearchAction","target":{"@type":"EntryPoint","urlTemplate":"https:\/\/blogs.uni-siegen.de\/architekturlehre1zu1\/?s={search_term_string}"},"query-input":{"@type":"PropertyValueSpecification","valueRequired":true,"valueName":"search_term_string"}}],"inLanguage":"de"},{"@type":"Organization","@id":"https:\/\/blogs.uni-siegen.de\/architekturlehre1zu1\/#organization","name":"Architekturlehre 1zu1","url":"https:\/\/blogs.uni-siegen.de\/architekturlehre1zu1\/","logo":{"@type":"ImageObject","inLanguage":"de","@id":"https:\/\/blogs.uni-siegen.de\/architekturlehre1zu1\/#\/schema\/logo\/image\/","url":"https:\/\/blogs.uni-siegen.de\/architekturlehre1zu1\/files\/2021\/03\/cropped-Logo_\u00dcberarbeitet-3.png","contentUrl":"https:\/\/blogs.uni-siegen.de\/architekturlehre1zu1\/files\/2021\/03\/cropped-Logo_\u00dcberarbeitet-3.png","width":3475,"height":1232,"caption":"Architekturlehre 1zu1"},"image":{"@id":"https:\/\/blogs.uni-siegen.de\/architekturlehre1zu1\/#\/schema\/logo\/image\/"}}]}},"_links":{"self":[{"href":"https:\/\/blogs.uni-siegen.de\/architekturlehre1zu1\/wp-json\/wp\/v2\/pages\/189","targetHints":{"allow":["GET"]}}],"collection":[{"href":"https:\/\/blogs.uni-siegen.de\/architekturlehre1zu1\/wp-json\/wp\/v2\/pages"}],"about":[{"href":"https:\/\/blogs.uni-siegen.de\/architekturlehre1zu1\/wp-json\/wp\/v2\/types\/page"}],"author":[{"embeddable":true,"href":"https:\/\/blogs.uni-siegen.de\/architekturlehre1zu1\/wp-json\/wp\/v2\/users\/474"}],"replies":[{"embeddable":true,"href":"https:\/\/blogs.uni-siegen.de\/architekturlehre1zu1\/wp-json\/wp\/v2\/comments?post=189"}],"version-history":[{"count":31,"href":"https:\/\/blogs.uni-siegen.de\/architekturlehre1zu1\/wp-json\/wp\/v2\/pages\/189\/revisions"}],"predecessor-version":[{"id":3019,"href":"https:\/\/blogs.uni-siegen.de\/architekturlehre1zu1\/wp-json\/wp\/v2\/pages\/189\/revisions\/3019"}],"wp:attachment":[{"href":"https:\/\/blogs.uni-siegen.de\/architekturlehre1zu1\/wp-json\/wp\/v2\/media?parent=189"}],"curies":[{"name":"wp","href":"https:\/\/api.w.org\/{rel}","templated":true}]}}