{"id":36,"date":"2021-02-23T15:21:57","date_gmt":"2021-02-23T14:21:57","guid":{"rendered":"https:\/\/blogs.uni-siegen.de\/architekturlehre1zu1\/?page_id=36"},"modified":"2024-07-01T19:36:44","modified_gmt":"2024-07-01T17:36:44","slug":"stadtrundgang","status":"publish","type":"page","link":"https:\/\/blogs.uni-siegen.de\/architekturlehre1zu1\/stadtrundgang\/","title":{"rendered":"Stadtrundgang"},"content":{"rendered":"\n<h5 class=\"wp-block-heading\">Antwerpen<\/h5>\n\n\n\n<figure class=\"wp-block-image size-full\"><a href=\"https:\/\/video.zimt.uni-siegen.de\/play\/bb2d5431-8215-4caf-a847-f3065b2a231e\"><img loading=\"lazy\" decoding=\"async\" width=\"900\" height=\"675\" src=\"http:\/\/blogs.uni-siegen.de\/architekturlehre1zu1\/files\/2023\/06\/0347f59e-522a-431e-9bd2-e29cfe4015d4-e1687886722777.jpg\" alt=\"\" class=\"wp-image-2495\" \/><\/a><\/figure>\n\n\n\n<h5 class=\"wp-block-heading\">Siegen<\/h5>\n\n\n\n<figure class=\"wp-block-image size-large\"><a href=\"https:\/\/video.zimt.uni-siegen.de\/paella7\/ui\/watch.html?id=962a289a-61be-4d58-9995-f929fcd37b06\"><img loading=\"lazy\" decoding=\"async\" width=\"1024\" height=\"576\" src=\"http:\/\/blogs.uni-siegen.de\/architekturlehre1zu1\/files\/2022\/09\/Beitragsbild-1024x576.png\" alt=\"\" class=\"wp-image-2331\" \/><\/a><\/figure>\n\n\n\n<h5 class=\"wp-block-heading\">Skopje<\/h5>\n\n\n\n<figure class=\"wp-block-image size-full\"><a href=\"https:\/\/blogs.uni-siegen.de\/architekturlehre1zu1\/2022\/09\/17\/skopje\/\"><img loading=\"lazy\" decoding=\"async\" width=\"900\" height=\"900\" src=\"http:\/\/blogs.uni-siegen.de\/architekturlehre1zu1\/files\/2022\/09\/3.png\" alt=\"\" class=\"wp-image-2311\" srcset=\"https:\/\/blogs.uni-siegen.de\/architekturlehre1zu1\/files\/2022\/09\/3.png 900w, https:\/\/blogs.uni-siegen.de\/architekturlehre1zu1\/files\/2022\/09\/3-300x300.png 300w, https:\/\/blogs.uni-siegen.de\/architekturlehre1zu1\/files\/2022\/09\/3-150x150.png 150w, https:\/\/blogs.uni-siegen.de\/architekturlehre1zu1\/files\/2022\/09\/3-768x768.png 768w\" sizes=\"auto, (max-width: 900px) 100vw, 900px\" \/><\/a><\/figure>\n\n\n\n<h5 class=\"wp-block-heading\">M\u00fcnster<\/h5>\n\n\n\n<figure class=\"wp-block-image size-large\"><a href=\"https:\/\/video.zimt.uni-siegen.de\/play\/d902117f-2037-4a75-8871-d915efc65ada\"><img loading=\"lazy\" decoding=\"async\" width=\"1024\" height=\"703\" src=\"https:\/\/blogs.uni-siegen.de\/architekturlehre1zu1\/files\/2022\/04\/IMG_0042-1-1024x703.jpeg\" alt=\"\" class=\"wp-image-2232\" \/><\/a><\/figure>\n\n\n\n<h5 class=\"wp-block-heading\">Aachen<\/h5>\n\n\n\n<figure class=\"wp-block-image size-full\"><a href=\"https:\/\/video.zimt.uni-siegen.de\/paella7\/ui\/watch.html?id=3bf71bb9-08be-4672-8c82-f31bf4ed29fe\"><img decoding=\"async\" src=\"https:\/\/blogs.uni-siegen.de\/architekturlehre1zu1\/files\/2022\/02\/01_.jpg\" alt=\"\" class=\"wp-image-2104\" \/><\/a><\/figure>\n\n\n\n<h5 class=\"wp-block-heading\">Venedig Teil 4<\/h5>\n\n\n\n<figure class=\"wp-block-image size-large\"><a href=\"https:\/\/video.zimt.uni-siegen.de\/paella7\/ui\/watch.html?id=ce467ae1-a758-40c7-8ce0-d02314e6fb9f\"><img loading=\"lazy\" decoding=\"async\" width=\"1024\" height=\"626\" src=\"http:\/\/blogs.uni-siegen.de\/architekturlehre1zu1\/files\/2021\/11\/Beitragsbild-Venedig-Tag-04-e1638207950404-1024x626.png\" alt=\"\" class=\"wp-image-1888\" \/><\/a><\/figure>\n\n\n\n<p>Im vergangenen Sommer haben wir uns zu einem weiteren Stadtrundgang Richtung S\u00fcden, genauer gesagt, Venedig aufgemacht. Ziel der Reise war zum einen der Besuch der Biennale, welche in diesem Jahr unter dem Thema &#8220;How will we live together&#8221; stand und zum anderen, Venedig als historische, aber auch architektonisch durchaus moderne Stadt an sich. Viel Spa\u00df beim anschauen des IV. Teils.<\/p>\n\n\n\n<h5 class=\"wp-block-heading\">Venedig Teil 3<\/h5>\n\n\n\n<figure class=\"wp-block-image size-large\"><a href=\"https:\/\/video.zimt.uni-siegen.de\/paella7\/ui\/watch.html?id=5dfaa529-c6b9-4026-ad32-ff3876759e08\"><img loading=\"lazy\" decoding=\"async\" width=\"1024\" height=\"608\" src=\"http:\/\/blogs.uni-siegen.de\/architekturlehre1zu1\/files\/2021\/11\/Beitragsbild_Venedig_03-1024x608.png\" alt=\"\" class=\"wp-image-1880\" srcset=\"https:\/\/blogs.uni-siegen.de\/architekturlehre1zu1\/files\/2021\/11\/Beitragsbild_Venedig_03-1024x608.png 1024w, https:\/\/blogs.uni-siegen.de\/architekturlehre1zu1\/files\/2021\/11\/Beitragsbild_Venedig_03-300x178.png 300w, https:\/\/blogs.uni-siegen.de\/architekturlehre1zu1\/files\/2021\/11\/Beitragsbild_Venedig_03-768x456.png 768w, https:\/\/blogs.uni-siegen.de\/architekturlehre1zu1\/files\/2021\/11\/Beitragsbild_Venedig_03-1536x912.png 1536w, https:\/\/blogs.uni-siegen.de\/architekturlehre1zu1\/files\/2021\/11\/Beitragsbild_Venedig_03-2048x1216.png 2048w, https:\/\/blogs.uni-siegen.de\/architekturlehre1zu1\/files\/2021\/11\/Beitragsbild_Venedig_03-1200x712.png 1200w, https:\/\/blogs.uni-siegen.de\/architekturlehre1zu1\/files\/2021\/11\/Beitragsbild_Venedig_03-1980x1175.png 1980w\" sizes=\"auto, (max-width: 1024px) 100vw, 1024px\" \/><\/a><\/figure>\n\n\n\n<p>Im vergangenen Sommer haben wir uns zu einem weiteren Stadtrundgang Richtung S\u00fcden, genauer gesagt, Venedig aufgemacht. Ziel der Reise war zum einen der Besuch der Biennale, welche in diesem Jahr unter dem Thema &#8220;How will we live together&#8221; stand und zum anderen, Venedig als historische, aber auch architektonisch durchaus moderne Stadt an sich. Viel Spa\u00df beim anschauen des III.Teils.<\/p>\n\n\n\n<h5 class=\"wp-block-heading\">Venedig Teil 2<\/h5>\n\n\n\n<figure class=\"wp-block-image size-large\"><a href=\"https:\/\/video.zimt.uni-siegen.de\/paella7\/ui\/watch.html?id=0af8c5f3-f3bb-4bac-847a-01a3a00d931d\"><img loading=\"lazy\" decoding=\"async\" width=\"1024\" height=\"626\" src=\"https:\/\/blogs.uni-siegen.de\/architekturlehre1zu1\/files\/2021\/11\/Beitragsbild_Venedig_02-1-1024x626.png\" alt=\"\" class=\"wp-image-1866\" \/><\/a><\/figure>\n\n\n\n<p>Im vergangenen Sommer haben wir uns zu einem weiteren Stadtrundgang Richtung S\u00fcden, genauer gesagt, Venedig aufgemacht. Ziel der Reise war zum einen der Besuch der Biennale, welche in diesem Jahr unter dem Thema &#8220;How will we live together&#8221; stand und zum anderen, Venedig als historische, aber auch architektonisch durchaus moderne Stadt an sich. Viel Spa\u00df beim anschauen des II.Teils.<\/p>\n\n\n\n<h5 class=\"wp-block-heading\">Venedig Teil 1<\/h5>\n\n\n\n<figure class=\"wp-block-image size-large\"><a href=\"https:\/\/video.zimt.uni-siegen.de\/paella7\/ui\/watch.html?id=27ada5c2-5266-43bd-bded-b07b5c08fa21\"><img loading=\"lazy\" decoding=\"async\" width=\"1024\" height=\"558\" src=\"http:\/\/blogs.uni-siegen.de\/architekturlehre1zu1\/files\/2021\/11\/Beitragsbild_Venedig_01-e1636395925205-1024x558.png\" alt=\"\" class=\"wp-image-1854\" \/><\/a><\/figure>\n\n\n\n<p>Im vergangenen Sommer haben wir uns zu einem weiteren Stadtrundgang Richtung S\u00fcden, genauer gesagt, Venedig aufgemacht. Ziel der Reise war zum einen der Besuch der Biennale, welche in diesem Jahr unter dem Thema &#8220;How will we live together&#8221; stand und zum anderen, Venedig als historische, aber auch architektonisch durchaus moderne Stadt an sich. Viel Spa\u00df beim anschauen des 1.Teils.<\/p>\n\n\n\n<h5 class=\"wp-block-heading\">Sockel<\/h5>\n\n\n\n<figure class=\"wp-block-image size-large\"><a href=\"https:\/\/video.zimt.uni-siegen.de\/paella7\/ui\/watch.html?id=4428db67-2f59-43a8-ac1b-2f93217d8b81\"><img decoding=\"async\" src=\"https:\/\/blogs.uni-siegen.de\/architekturlehre1zu1\/files\/2021\/11\/Beitragsbild_Stadtrundgang_Sockel-1024x539.png\" alt=\"\" class=\"wp-image-1861\" \/><\/a><\/figure>\n\n\n\n<p>Die Inhalte aus dem Lehrtutorial &#8220;Gr\u00fcndung &amp; Sockel&#8221; werden in diesem kleinen Stadtrundgang \u00fcberpr\u00fcft und an konkreten Beispielen kritisch beurteilt. Wir stellen uns die Frage, welche Bedeutung die Sockelebene in der Praxis \u00fcberhaupt&nbsp;erf\u00e4hrt? Wie wird Sie ausgef\u00fchrt und welche Unterschiede lassen sich im Laufe der Zeit erkennen.<\/p>\n\n\n\n<h5 class=\"wp-block-heading has-primary-color has-text-color\">Amsterdam<\/h5>\n\n\n\n<figure class=\"wp-block-image size-large\"><a href=\"https:\/\/video.zimt.uni-siegen.de\/paella7\/ui\/watch.html?id=313bfd2e-b39e-4e2b-8c7b-dbc96e574dff\"><img loading=\"lazy\" decoding=\"async\" width=\"900\" height=\"609\" src=\"http:\/\/blogs.uni-siegen.de\/architekturlehre1zu1\/files\/2021\/03\/Bildschirmfoto-2021-02-26-um-15.50.32-Kopie.jpg\" alt=\"\" class=\"wp-image-381\" srcset=\"https:\/\/blogs.uni-siegen.de\/architekturlehre1zu1\/files\/2021\/03\/Bildschirmfoto-2021-02-26-um-15.50.32-Kopie.jpg 900w, https:\/\/blogs.uni-siegen.de\/architekturlehre1zu1\/files\/2021\/03\/Bildschirmfoto-2021-02-26-um-15.50.32-Kopie-300x203.jpg 300w, https:\/\/blogs.uni-siegen.de\/architekturlehre1zu1\/files\/2021\/03\/Bildschirmfoto-2021-02-26-um-15.50.32-Kopie-768x520.jpg 768w\" sizes=\"auto, (max-width: 900px) 100vw, 900px\" \/><\/a><\/figure>\n\n\n\n<p>Das Bild der &#8220;Planung am Rei\u00dfbrett&#8221; pr\u00e4gt nach wie vor die Vorstellung Vieler, wie Ma\u00dfnahmen innerhalb der Stadtentwicklung entschieden werden. Doch hat sich die Realit\u00e4t \u00fcber die letzten Jahrzehnte gewandelt und zuletzt durch das Aufkommen von B\u00fcrgerbeteiligungen zu einer mehr und mehr sozialen Zusammenarbeit entwickelt.&nbsp;<br>Nicht zuletzt durch&nbsp;das einleitende Zeitalter der Digitalisierung steht die Stadt heute vor einer neuen und einschneidenden Transfomationswende.<br>Wir gehen in Amsterdam der Frage nach &#8220;Wie entsteht Stadt&#8221; und wie kann Stadt neu gedacht werden. Hierzu wurden drei unterschiedliche Stadtentwicklungsgebiete besucht, welche teilweise schon fertig und teilweise noch in der Entwicklung sind.&nbsp;<\/p>\n","protected":false},"excerpt":{"rendered":"<p>Antwerpen Siegen Skopje M\u00fcnster Aachen Venedig Teil 4 Im vergangenen Sommer haben wir uns zu einem weiteren Stadtrundgang Richtung S\u00fcden, genauer gesagt, Venedig aufgemacht. Ziel der Reise war zum einen der Besuch der Biennale, welche in diesem Jahr unter dem Thema &#8220;How will we live together&#8221; stand und zum anderen, Venedig als historische, aber auch [&hellip;]<\/p>\n","protected":false},"author":474,"featured_media":0,"parent":0,"menu_order":0,"comment_status":"closed","ping_status":"closed","template":"","meta":{"footnotes":""},"class_list":["post-36","page","type-page","status-publish","hentry"],"yoast_head":"<!-- This site is optimized with the Yoast SEO plugin v27.4 - https:\/\/yoast.com\/product\/yoast-seo-wordpress\/ -->\n<title>Stadtrundgang - Architekturlehre 1zu1<\/title>\n<meta name=\"robots\" content=\"index, follow, max-snippet:-1, max-image-preview:large, max-video-preview:-1\" \/>\n<link rel=\"canonical\" href=\"https:\/\/blogs.uni-siegen.de\/architekturlehre1zu1\/stadtrundgang\/\" \/>\n<meta property=\"og:locale\" content=\"de_DE\" \/>\n<meta property=\"og:type\" content=\"article\" \/>\n<meta property=\"og:title\" content=\"Stadtrundgang - Architekturlehre 1zu1\" \/>\n<meta property=\"og:description\" content=\"Antwerpen Siegen Skopje M\u00fcnster Aachen Venedig Teil 4 Im vergangenen Sommer haben wir uns zu einem weiteren Stadtrundgang Richtung S\u00fcden, genauer gesagt, Venedig aufgemacht. Ziel der Reise war zum einen der Besuch der Biennale, welche in diesem Jahr unter dem Thema &#8220;How will we live together&#8221; stand und zum anderen, Venedig als historische, aber auch [&hellip;]\" \/>\n<meta property=\"og:url\" content=\"https:\/\/blogs.uni-siegen.de\/architekturlehre1zu1\/stadtrundgang\/\" \/>\n<meta property=\"og:site_name\" content=\"Architekturlehre 1zu1\" \/>\n<meta property=\"article:modified_time\" content=\"2024-07-01T17:36:44+00:00\" \/>\n<meta property=\"og:image\" content=\"http:\/\/blogs.uni-siegen.de\/architekturlehre1zu1\/files\/2023\/06\/0347f59e-522a-431e-9bd2-e29cfe4015d4-e1687886722777.jpg\" \/>\n<meta name=\"twitter:card\" content=\"summary_large_image\" \/>\n<meta name=\"twitter:label1\" content=\"Gesch\u00e4tzte Lesezeit\" \/>\n\t<meta name=\"twitter:data1\" content=\"5\u00a0Minuten\" \/>\n<script type=\"application\/ld+json\" class=\"yoast-schema-graph\">{\"@context\":\"https:\\\/\\\/schema.org\",\"@graph\":[{\"@type\":\"WebPage\",\"@id\":\"https:\\\/\\\/blogs.uni-siegen.de\\\/architekturlehre1zu1\\\/stadtrundgang\\\/\",\"url\":\"https:\\\/\\\/blogs.uni-siegen.de\\\/architekturlehre1zu1\\\/stadtrundgang\\\/\",\"name\":\"Stadtrundgang - Architekturlehre 1zu1\",\"isPartOf\":{\"@id\":\"https:\\\/\\\/blogs.uni-siegen.de\\\/architekturlehre1zu1\\\/#website\"},\"primaryImageOfPage\":{\"@id\":\"https:\\\/\\\/blogs.uni-siegen.de\\\/architekturlehre1zu1\\\/stadtrundgang\\\/#primaryimage\"},\"image\":{\"@id\":\"https:\\\/\\\/blogs.uni-siegen.de\\\/architekturlehre1zu1\\\/stadtrundgang\\\/#primaryimage\"},\"thumbnailUrl\":\"http:\\\/\\\/blogs.uni-siegen.de\\\/architekturlehre1zu1\\\/files\\\/2023\\\/06\\\/0347f59e-522a-431e-9bd2-e29cfe4015d4-e1687886722777.jpg\",\"datePublished\":\"2021-02-23T14:21:57+00:00\",\"dateModified\":\"2024-07-01T17:36:44+00:00\",\"breadcrumb\":{\"@id\":\"https:\\\/\\\/blogs.uni-siegen.de\\\/architekturlehre1zu1\\\/stadtrundgang\\\/#breadcrumb\"},\"inLanguage\":\"de\",\"potentialAction\":[{\"@type\":\"ReadAction\",\"target\":[\"https:\\\/\\\/blogs.uni-siegen.de\\\/architekturlehre1zu1\\\/stadtrundgang\\\/\"]}]},{\"@type\":\"ImageObject\",\"inLanguage\":\"de\",\"@id\":\"https:\\\/\\\/blogs.uni-siegen.de\\\/architekturlehre1zu1\\\/stadtrundgang\\\/#primaryimage\",\"url\":\"https:\\\/\\\/blogs.uni-siegen.de\\\/architekturlehre1zu1\\\/files\\\/2023\\\/06\\\/0347f59e-522a-431e-9bd2-e29cfe4015d4-e1687886722777.jpg\",\"contentUrl\":\"https:\\\/\\\/blogs.uni-siegen.de\\\/architekturlehre1zu1\\\/files\\\/2023\\\/06\\\/0347f59e-522a-431e-9bd2-e29cfe4015d4-e1687886722777.jpg\",\"width\":900,\"height\":675},{\"@type\":\"BreadcrumbList\",\"@id\":\"https:\\\/\\\/blogs.uni-siegen.de\\\/architekturlehre1zu1\\\/stadtrundgang\\\/#breadcrumb\",\"itemListElement\":[{\"@type\":\"ListItem\",\"position\":1,\"name\":\"Startseite\",\"item\":\"https:\\\/\\\/blogs.uni-siegen.de\\\/architekturlehre1zu1\\\/\"},{\"@type\":\"ListItem\",\"position\":2,\"name\":\"Stadtrundgang\"}]},{\"@type\":\"WebSite\",\"@id\":\"https:\\\/\\\/blogs.uni-siegen.de\\\/architekturlehre1zu1\\\/#website\",\"url\":\"https:\\\/\\\/blogs.uni-siegen.de\\\/architekturlehre1zu1\\\/\",\"name\":\"Architekturlehre 1zu1\",\"description\":\"\",\"publisher\":{\"@id\":\"https:\\\/\\\/blogs.uni-siegen.de\\\/architekturlehre1zu1\\\/#organization\"},\"potentialAction\":[{\"@type\":\"SearchAction\",\"target\":{\"@type\":\"EntryPoint\",\"urlTemplate\":\"https:\\\/\\\/blogs.uni-siegen.de\\\/architekturlehre1zu1\\\/?s={search_term_string}\"},\"query-input\":{\"@type\":\"PropertyValueSpecification\",\"valueRequired\":true,\"valueName\":\"search_term_string\"}}],\"inLanguage\":\"de\"},{\"@type\":\"Organization\",\"@id\":\"https:\\\/\\\/blogs.uni-siegen.de\\\/architekturlehre1zu1\\\/#organization\",\"name\":\"Architekturlehre 1zu1\",\"url\":\"https:\\\/\\\/blogs.uni-siegen.de\\\/architekturlehre1zu1\\\/\",\"logo\":{\"@type\":\"ImageObject\",\"inLanguage\":\"de\",\"@id\":\"https:\\\/\\\/blogs.uni-siegen.de\\\/architekturlehre1zu1\\\/#\\\/schema\\\/logo\\\/image\\\/\",\"url\":\"https:\\\/\\\/blogs.uni-siegen.de\\\/architekturlehre1zu1\\\/files\\\/2021\\\/03\\\/cropped-Logo_\u00dcberarbeitet-3.png\",\"contentUrl\":\"https:\\\/\\\/blogs.uni-siegen.de\\\/architekturlehre1zu1\\\/files\\\/2021\\\/03\\\/cropped-Logo_\u00dcberarbeitet-3.png\",\"width\":3475,\"height\":1232,\"caption\":\"Architekturlehre 1zu1\"},\"image\":{\"@id\":\"https:\\\/\\\/blogs.uni-siegen.de\\\/architekturlehre1zu1\\\/#\\\/schema\\\/logo\\\/image\\\/\"}}]}<\/script>\n<!-- \/ Yoast SEO plugin. -->","yoast_head_json":{"title":"Stadtrundgang - Architekturlehre 1zu1","robots":{"index":"index","follow":"follow","max-snippet":"max-snippet:-1","max-image-preview":"max-image-preview:large","max-video-preview":"max-video-preview:-1"},"canonical":"https:\/\/blogs.uni-siegen.de\/architekturlehre1zu1\/stadtrundgang\/","og_locale":"de_DE","og_type":"article","og_title":"Stadtrundgang - Architekturlehre 1zu1","og_description":"Antwerpen Siegen Skopje M\u00fcnster Aachen Venedig Teil 4 Im vergangenen Sommer haben wir uns zu einem weiteren Stadtrundgang Richtung S\u00fcden, genauer gesagt, Venedig aufgemacht. Ziel der Reise war zum einen der Besuch der Biennale, welche in diesem Jahr unter dem Thema &#8220;How will we live together&#8221; stand und zum anderen, Venedig als historische, aber auch [&hellip;]","og_url":"https:\/\/blogs.uni-siegen.de\/architekturlehre1zu1\/stadtrundgang\/","og_site_name":"Architekturlehre 1zu1","article_modified_time":"2024-07-01T17:36:44+00:00","og_image":[{"url":"http:\/\/blogs.uni-siegen.de\/architekturlehre1zu1\/files\/2023\/06\/0347f59e-522a-431e-9bd2-e29cfe4015d4-e1687886722777.jpg","type":"","width":"","height":""}],"twitter_card":"summary_large_image","twitter_misc":{"Gesch\u00e4tzte Lesezeit":"5\u00a0Minuten"},"schema":{"@context":"https:\/\/schema.org","@graph":[{"@type":"WebPage","@id":"https:\/\/blogs.uni-siegen.de\/architekturlehre1zu1\/stadtrundgang\/","url":"https:\/\/blogs.uni-siegen.de\/architekturlehre1zu1\/stadtrundgang\/","name":"Stadtrundgang - Architekturlehre 1zu1","isPartOf":{"@id":"https:\/\/blogs.uni-siegen.de\/architekturlehre1zu1\/#website"},"primaryImageOfPage":{"@id":"https:\/\/blogs.uni-siegen.de\/architekturlehre1zu1\/stadtrundgang\/#primaryimage"},"image":{"@id":"https:\/\/blogs.uni-siegen.de\/architekturlehre1zu1\/stadtrundgang\/#primaryimage"},"thumbnailUrl":"http:\/\/blogs.uni-siegen.de\/architekturlehre1zu1\/files\/2023\/06\/0347f59e-522a-431e-9bd2-e29cfe4015d4-e1687886722777.jpg","datePublished":"2021-02-23T14:21:57+00:00","dateModified":"2024-07-01T17:36:44+00:00","breadcrumb":{"@id":"https:\/\/blogs.uni-siegen.de\/architekturlehre1zu1\/stadtrundgang\/#breadcrumb"},"inLanguage":"de","potentialAction":[{"@type":"ReadAction","target":["https:\/\/blogs.uni-siegen.de\/architekturlehre1zu1\/stadtrundgang\/"]}]},{"@type":"ImageObject","inLanguage":"de","@id":"https:\/\/blogs.uni-siegen.de\/architekturlehre1zu1\/stadtrundgang\/#primaryimage","url":"https:\/\/blogs.uni-siegen.de\/architekturlehre1zu1\/files\/2023\/06\/0347f59e-522a-431e-9bd2-e29cfe4015d4-e1687886722777.jpg","contentUrl":"https:\/\/blogs.uni-siegen.de\/architekturlehre1zu1\/files\/2023\/06\/0347f59e-522a-431e-9bd2-e29cfe4015d4-e1687886722777.jpg","width":900,"height":675},{"@type":"BreadcrumbList","@id":"https:\/\/blogs.uni-siegen.de\/architekturlehre1zu1\/stadtrundgang\/#breadcrumb","itemListElement":[{"@type":"ListItem","position":1,"name":"Startseite","item":"https:\/\/blogs.uni-siegen.de\/architekturlehre1zu1\/"},{"@type":"ListItem","position":2,"name":"Stadtrundgang"}]},{"@type":"WebSite","@id":"https:\/\/blogs.uni-siegen.de\/architekturlehre1zu1\/#website","url":"https:\/\/blogs.uni-siegen.de\/architekturlehre1zu1\/","name":"Architekturlehre 1zu1","description":"","publisher":{"@id":"https:\/\/blogs.uni-siegen.de\/architekturlehre1zu1\/#organization"},"potentialAction":[{"@type":"SearchAction","target":{"@type":"EntryPoint","urlTemplate":"https:\/\/blogs.uni-siegen.de\/architekturlehre1zu1\/?s={search_term_string}"},"query-input":{"@type":"PropertyValueSpecification","valueRequired":true,"valueName":"search_term_string"}}],"inLanguage":"de"},{"@type":"Organization","@id":"https:\/\/blogs.uni-siegen.de\/architekturlehre1zu1\/#organization","name":"Architekturlehre 1zu1","url":"https:\/\/blogs.uni-siegen.de\/architekturlehre1zu1\/","logo":{"@type":"ImageObject","inLanguage":"de","@id":"https:\/\/blogs.uni-siegen.de\/architekturlehre1zu1\/#\/schema\/logo\/image\/","url":"https:\/\/blogs.uni-siegen.de\/architekturlehre1zu1\/files\/2021\/03\/cropped-Logo_\u00dcberarbeitet-3.png","contentUrl":"https:\/\/blogs.uni-siegen.de\/architekturlehre1zu1\/files\/2021\/03\/cropped-Logo_\u00dcberarbeitet-3.png","width":3475,"height":1232,"caption":"Architekturlehre 1zu1"},"image":{"@id":"https:\/\/blogs.uni-siegen.de\/architekturlehre1zu1\/#\/schema\/logo\/image\/"}}]}},"_links":{"self":[{"href":"https:\/\/blogs.uni-siegen.de\/architekturlehre1zu1\/wp-json\/wp\/v2\/pages\/36","targetHints":{"allow":["GET"]}}],"collection":[{"href":"https:\/\/blogs.uni-siegen.de\/architekturlehre1zu1\/wp-json\/wp\/v2\/pages"}],"about":[{"href":"https:\/\/blogs.uni-siegen.de\/architekturlehre1zu1\/wp-json\/wp\/v2\/types\/page"}],"author":[{"embeddable":true,"href":"https:\/\/blogs.uni-siegen.de\/architekturlehre1zu1\/wp-json\/wp\/v2\/users\/474"}],"replies":[{"embeddable":true,"href":"https:\/\/blogs.uni-siegen.de\/architekturlehre1zu1\/wp-json\/wp\/v2\/comments?post=36"}],"version-history":[{"count":30,"href":"https:\/\/blogs.uni-siegen.de\/architekturlehre1zu1\/wp-json\/wp\/v2\/pages\/36\/revisions"}],"predecessor-version":[{"id":2928,"href":"https:\/\/blogs.uni-siegen.de\/architekturlehre1zu1\/wp-json\/wp\/v2\/pages\/36\/revisions\/2928"}],"wp:attachment":[{"href":"https:\/\/blogs.uni-siegen.de\/architekturlehre1zu1\/wp-json\/wp\/v2\/media?parent=36"}],"curies":[{"name":"wp","href":"https:\/\/api.w.org\/{rel}","templated":true}]}}