{"id":72,"date":"2021-02-23T16:55:02","date_gmt":"2021-02-23T15:55:02","guid":{"rendered":"https:\/\/blogs.uni-siegen.de\/architekturlehre1zu1\/?page_id=72"},"modified":"2024-07-28T09:39:53","modified_gmt":"2024-07-28T07:39:53","slug":"besonderheiten","status":"publish","type":"page","link":"https:\/\/blogs.uni-siegen.de\/architekturlehre1zu1\/besonderheiten\/","title":{"rendered":"Besonderheiten"},"content":{"rendered":"\n<h5 class=\"wp-block-heading\">Workshop machen!<\/h5>\n\n\n\n<figure class=\"wp-block-image size-full\"><a href=\" blogs.uni-siegen.de\/architekturlehre1zu1\/2024\/04\/01\/workshop-machen\/\"><img loading=\"lazy\" decoding=\"async\" width=\"1080\" height=\"1080\" src=\"https:\/\/blogs.uni-siegen.de\/architekturlehre1zu1\/files\/2024\/05\/1_03.png\" alt=\"\" class=\"wp-image-2889\" style=\"aspect-ratio:1;object-fit:cover\" srcset=\"https:\/\/blogs.uni-siegen.de\/architekturlehre1zu1\/files\/2024\/05\/1_03.png 1080w, https:\/\/blogs.uni-siegen.de\/architekturlehre1zu1\/files\/2024\/05\/1_03-900x900.png 900w, https:\/\/blogs.uni-siegen.de\/architekturlehre1zu1\/files\/2024\/05\/1_03-768x768.png 768w\" sizes=\"auto, (max-width: 1080px) 100vw, 1080px\" \/><\/a><\/figure>\n\n\n\n<h5 class=\"wp-block-heading\">Das Triadische Ballett<\/h5>\n\n\n\n<figure class=\"wp-block-image size-large\"><img loading=\"lazy\" decoding=\"async\" width=\"768\" height=\"462\" src=\"https:\/\/blogs.uni-siegen.de\/architekturlehre1zu1\/files\/2021\/04\/thumbnail_WhatsApp-Image-2019-12-11-at-13.37.05-768x462-1.jpg\" alt=\"\" class=\"wp-image-632\" srcset=\"https:\/\/blogs.uni-siegen.de\/architekturlehre1zu1\/files\/2021\/04\/thumbnail_WhatsApp-Image-2019-12-11-at-13.37.05-768x462-1.jpg 768w, https:\/\/blogs.uni-siegen.de\/architekturlehre1zu1\/files\/2021\/04\/thumbnail_WhatsApp-Image-2019-12-11-at-13.37.05-768x462-1-300x180.jpg 300w\" sizes=\"auto, (max-width: 768px) 100vw, 768px\" \/><figcaption class=\"wp-element-caption\">Idee Prof. Sibille Wirtz<br>Choreo. Julia Riera \/ MIRA<br>Orga. Johanna Dettinger-Klemm<br>Film: Vanessa Devenich<\/figcaption><\/figure>\n\n\n\n<p>Die Teilnehmer des Wahlmoduls \u201eDas Triadische Ballett\u201c haben Ihre Choreographie in einer Auftaktveranstaltung zum 100- j\u00e4hrigen Bauhaus Jubil\u00e4um am 09.10.2019 aufgef\u00fchrt.\u00a0<br>Alle die an dem Abend nicht mit dabei sein konnten oder die Auff\u00fchrung nochmal erleben m\u00f6chten, k\u00f6nnen sich hier den Film in voller L\u00e4nge angucken.<br><br><a href=\"https:\/\/video.zimt.uni-siegen.de\/paella7\/ui\/watch.html?id=aaaab168-4201-4a02-988f-485dcff599ae\">Hier geht es zum Trailer.<\/a><br><a href=\"https:\/\/video.zimt.uni-siegen.de\/paella7\/ui\/watch.html?id=765f7458-1f9a-4275-99f5-c9dcd500430a\">Hier geht es zum Film.<\/a><\/p>\n\n\n\n<p><\/p>\n\n\n\n<h5 class=\"wp-block-heading\">Campusm\u00f6bel<\/h5>\n\n\n\n<figure class=\"wp-block-image size-large\"><a href=\"https:\/\/blogs.uni-siegen.de\/architekturlehre1zu1\/2015\/04\/09\/campusmoebel\/\"><img loading=\"lazy\" decoding=\"async\" width=\"948\" height=\"533\" src=\"https:\/\/blogs.uni-siegen.de\/architekturlehre1zu1\/files\/2021\/04\/5.jpg\" alt=\"\" class=\"wp-image-642\" srcset=\"https:\/\/blogs.uni-siegen.de\/architekturlehre1zu1\/files\/2021\/04\/5.jpg 948w, https:\/\/blogs.uni-siegen.de\/architekturlehre1zu1\/files\/2021\/04\/5-300x169.jpg 300w, https:\/\/blogs.uni-siegen.de\/architekturlehre1zu1\/files\/2021\/04\/5-768x432.jpg 768w\" sizes=\"auto, (max-width: 948px) 100vw, 948px\" \/><\/a><\/figure>\n\n\n\n<p>Im Wahlmodul \u201eNeue Wege im Betonbau\u201c f\u00fcr die Bachelorstudenten sind viele Entw\u00fcrfe f\u00fcr das Campus-M\u00f6bel entstanden. Ausgew\u00e4hlt f\u00fcr die Ausf\u00fchrung wurde der Entwurf von Lucas Stiel, auch das Konzept von Maximilian Betzinger&nbsp;wird bis zur Ausf\u00fchrungsplanung weiter verfolgt.<\/p>\n\n\n\n<h5 class=\"wp-block-heading\">Holzatelier<\/h5>\n\n\n\n<figure class=\"wp-block-image size-large\"><a href=\"https:\/\/blogs.uni-siegen.de\/architekturlehre1zu1\/?p=1311\"><img loading=\"lazy\" decoding=\"async\" width=\"640\" height=\"480\" src=\"https:\/\/blogs.uni-siegen.de\/architekturlehre1zu1\/files\/2021\/05\/e6c516bc647515fb9ab3cb2832cb0240.jpg\" alt=\"\" class=\"wp-image-1300\" srcset=\"https:\/\/blogs.uni-siegen.de\/architekturlehre1zu1\/files\/2021\/05\/e6c516bc647515fb9ab3cb2832cb0240.jpg 640w, https:\/\/blogs.uni-siegen.de\/architekturlehre1zu1\/files\/2021\/05\/e6c516bc647515fb9ab3cb2832cb0240-300x225.jpg 300w\" sizes=\"auto, (max-width: 640px) 100vw, 640px\" \/><\/a><\/figure>\n\n\n\n<p>Im Stegreif Entwurf des Wintersemesters 2014\/2015 ging Cigdem Aydin mit Ihrem Projekt als Siegerin hervor. Dieses konnte in Zusammenarbeit mit dem AWZ in Kreuztal im April 2015 auf einem Privatgrundst\u00fcck realisiert werden. <\/p>\n\n\n\n<h5 class=\"wp-block-heading\">Minibib<\/h5>\n\n\n\n<figure class=\"wp-block-image size-large\"><a href=\"https:\/\/blogs.uni-siegen.de\/architekturlehre1zu1\/?p=1349\"><img loading=\"lazy\" decoding=\"async\" width=\"792\" height=\"1024\" src=\"https:\/\/blogs.uni-siegen.de\/architekturlehre1zu1\/files\/2021\/05\/3-792x1024.jpg\" alt=\"\" class=\"wp-image-1301\" style=\"aspect-ratio:1;object-fit:cover\" srcset=\"https:\/\/blogs.uni-siegen.de\/architekturlehre1zu1\/files\/2021\/05\/3-792x1024.jpg 792w, https:\/\/blogs.uni-siegen.de\/architekturlehre1zu1\/files\/2021\/05\/3-232x300.jpg 232w, https:\/\/blogs.uni-siegen.de\/architekturlehre1zu1\/files\/2021\/05\/3-768x993.jpg 768w, https:\/\/blogs.uni-siegen.de\/architekturlehre1zu1\/files\/2021\/05\/3-1188x1536.jpg 1188w, https:\/\/blogs.uni-siegen.de\/architekturlehre1zu1\/files\/2021\/05\/3-1200x1551.jpg 1200w, https:\/\/blogs.uni-siegen.de\/architekturlehre1zu1\/files\/2021\/05\/3.jpg 1238w\" sizes=\"auto, (max-width: 792px) 100vw, 792px\" \/><\/a><\/figure>\n\n\n\n<p>Am 13.06.2018 tagte das Preisgericht im K\u00f6lner Stadtgarten. Luisa Hamers geht dabei als Gewinnerin des Wettbewerbs hervor. Auf Platz 2 wurde der Entwurf von Anna Tabea Thomas nominiert und der Entwurf von Tim Jannis B\u00fcdenbender auf Platz 3. <\/p>\n\n\n\n<p>Wir gratulieren ganz herzlich zu diesem Erfolg. Im Rahmen des Konstruktionslabors 1:1 wird der Siegerentwurf ausf\u00fchrungsreif bearbeitet und am 6.12.2018 in Chorweiler aufgestellt.<\/p>\n\n\n\n<h5 class=\"wp-block-heading\">Sch\u00e4ferhaus<\/h5>\n\n\n\n<figure class=\"wp-block-image size-large\"><a href=\"https:\/\/blogs.uni-siegen.de\/architekturlehre1zu1\/?p=1383\"><img loading=\"lazy\" decoding=\"async\" width=\"850\" height=\"638\" src=\"https:\/\/blogs.uni-siegen.de\/architekturlehre1zu1\/files\/2021\/05\/schaeferhaus_2016.jpg\" alt=\"\" class=\"wp-image-1304\" style=\"aspect-ratio:1;object-fit:cover\" srcset=\"https:\/\/blogs.uni-siegen.de\/architekturlehre1zu1\/files\/2021\/05\/schaeferhaus_2016.jpg 850w, https:\/\/blogs.uni-siegen.de\/architekturlehre1zu1\/files\/2021\/05\/schaeferhaus_2016-300x225.jpg 300w, https:\/\/blogs.uni-siegen.de\/architekturlehre1zu1\/files\/2021\/05\/schaeferhaus_2016-768x576.jpg 768w\" sizes=\"auto, (max-width: 850px) 100vw, 850px\" \/><\/a><\/figure>\n\n\n\n<p>Ein neues Produkt aus dem Konstruktionslabor ist entstanden! Wieder einmal waren die Studierenden tatkr\u00e4ftig an der Umsetzung einer trickreichen Holzkonstruktion beteiligt.<br>Fokus lag dabei auf dem begrenzten Platz auf einem Autoanh\u00e4nger und der somit transportablen Konstruktion.<br>Geplant wurde&nbsp;ein Einraum-Sch\u00e4ferhaus, das auf den angegebenen Anh\u00e4ngerunterbau&nbsp;passt. Zum Transport auf diesem Unterbau sollte das Sch\u00e4ferhaus&nbsp;zusammengeklappt und auf dem Unterbau fixiert werden k\u00f6nnen.&nbsp;Im Fokus stand also die klappbare, wetterfeste Konstruktion im Holzbau.&nbsp;Es entstand nur ein Raum&nbsp;mit&nbsp;(integrierter) M\u00f6blierung.<\/p>\n\n\n\n<h5 class=\"wp-block-heading\">Newspaper<\/h5>\n\n\n\n<figure class=\"wp-block-image size-large\"><a href=\"https:\/\/blogs.uni-siegen.de\/architekturlehre1zu1\/?p=1598\"><img loading=\"lazy\" decoding=\"async\" width=\"746\" height=\"960\" src=\"https:\/\/blogs.uni-siegen.de\/architekturlehre1zu1\/files\/2021\/06\/Titelbild-13-770x990-Kopie-2.jpg\" alt=\"\" class=\"wp-image-1631\" srcset=\"https:\/\/blogs.uni-siegen.de\/architekturlehre1zu1\/files\/2021\/06\/Titelbild-13-770x990-Kopie-2.jpg 746w, https:\/\/blogs.uni-siegen.de\/architekturlehre1zu1\/files\/2021\/06\/Titelbild-13-770x990-Kopie-2-233x300.jpg 233w\" sizes=\"auto, (max-width: 746px) 100vw, 746px\" \/><\/a><\/figure>\n\n\n\n<div class=\"wp-block-buttons is-layout-flex wp-block-buttons-is-layout-flex\">\n<div class=\"wp-block-button\"><a class=\"wp-block-button__link wp-element-button\" href=\"https:\/\/blogs.uni-siegen.de\/architekturlehre1zu1\/?p=1598\">mehr<\/a><\/div>\n<\/div>\n\n\n\n<h5 class=\"wp-block-heading\">Solid\/Void<\/h5>\n\n\n\n<figure class=\"wp-block-image size-large\"><a href=\"https:\/\/blogs.uni-siegen.de\/architekturlehre1zu1\/2017\/02\/11\/solid-void\/\"><img loading=\"lazy\" decoding=\"async\" width=\"1005\" height=\"1024\" src=\"http:\/\/blogs.uni-siegen.de\/architekturlehre1zu1\/files\/2021\/10\/Beitragsbild-1-1005x1024.png\" alt=\"\" class=\"wp-image-1822\" srcset=\"https:\/\/blogs.uni-siegen.de\/architekturlehre1zu1\/files\/2021\/10\/Beitragsbild-1-1005x1024.png 1005w, https:\/\/blogs.uni-siegen.de\/architekturlehre1zu1\/files\/2021\/10\/Beitragsbild-1-295x300.png 295w, https:\/\/blogs.uni-siegen.de\/architekturlehre1zu1\/files\/2021\/10\/Beitragsbild-1-768x782.png 768w, https:\/\/blogs.uni-siegen.de\/architekturlehre1zu1\/files\/2021\/10\/Beitragsbild-1.png 1184w\" sizes=\"auto, (max-width: 1005px) 100vw, 1005px\" \/><\/a><\/figure>\n\n\n\n<p>Gegeben ist ein W\u00fcrfel mit der Kantenl\u00e4nge von jeweils 30 cm. Dieser W\u00fcrfel ist Ihr Spielfeld. Gestalten Sie den W\u00fcrfel ganz im Sinne der Idee von SOLID and VOID. Schaffen Sie ein dreidimensionales Raumerlebnis.<\/p>\n\n\n\n<h5 class=\"wp-block-heading\">Plastikuss 2009<\/h5>\n\n\n\n<figure class=\"wp-block-image size-large\"><img loading=\"lazy\" decoding=\"async\" width=\"640\" height=\"340\" src=\"https:\/\/blogs.uni-siegen.de\/architekturlehre1zu1\/files\/2021\/05\/IMG_0503.jpg\" alt=\"\" class=\"wp-image-1307\" srcset=\"https:\/\/blogs.uni-siegen.de\/architekturlehre1zu1\/files\/2021\/05\/IMG_0503.jpg 640w, https:\/\/blogs.uni-siegen.de\/architekturlehre1zu1\/files\/2021\/05\/IMG_0503-300x159.jpg 300w\" sizes=\"auto, (max-width: 640px) 100vw, 640px\" \/><\/figure>\n\n\n\n<p>Das Geb\u00e4ude, in dem sich heute das Lehrgebiet befindet, wurde von Studierenden im Rahmen eines \u201eIntegrierten Entwurfs\u201c konzipiert und 1:1 umgesetzt.&nbsp;Die Bauantragsplanung, die Ausf\u00fchrungs- und Detailplanung und die Kostensch\u00e4tzung geh\u00f6rten neben der Realisierung vor Ort zu den Leistungen der Studierenden.<\/p>\n\n\n\n<h5 class=\"wp-block-heading\">Narthex 2005<\/h5>\n\n\n\n<figure class=\"wp-block-image size-large\"><img loading=\"lazy\" decoding=\"async\" width=\"886\" height=\"591\" src=\"https:\/\/blogs.uni-siegen.de\/architekturlehre1zu1\/files\/2021\/05\/IMG_1513.jpg\" alt=\"\" class=\"wp-image-1309\" srcset=\"https:\/\/blogs.uni-siegen.de\/architekturlehre1zu1\/files\/2021\/05\/IMG_1513.jpg 886w, https:\/\/blogs.uni-siegen.de\/architekturlehre1zu1\/files\/2021\/05\/IMG_1513-300x200.jpg 300w, https:\/\/blogs.uni-siegen.de\/architekturlehre1zu1\/files\/2021\/05\/IMG_1513-768x512.jpg 768w\" sizes=\"auto, (max-width: 886px) 100vw, 886px\" \/><\/figure>\n\n\n\n<p>Narthex, die Schleuse zum Dom. Eine Installation zum XX. Weltjugendtag in K\u00f6ln. Hier der Link zum <a href=\"https:\/\/vimeo.com\/40360933\">Video<\/a><\/p>\n","protected":false},"excerpt":{"rendered":"<p>Workshop machen! Das Triadische Ballett Die Teilnehmer des Wahlmoduls \u201eDas Triadische Ballett\u201c haben Ihre Choreographie in einer Auftaktveranstaltung zum 100- j\u00e4hrigen Bauhaus Jubil\u00e4um am 09.10.2019 aufgef\u00fchrt.\u00a0Alle die an dem Abend nicht mit dabei sein konnten oder die Auff\u00fchrung nochmal erleben m\u00f6chten, k\u00f6nnen sich hier den Film in voller L\u00e4nge angucken. Hier geht es zum Trailer.Hier [&hellip;]<\/p>\n","protected":false},"author":474,"featured_media":0,"parent":0,"menu_order":0,"comment_status":"closed","ping_status":"closed","template":"","meta":{"footnotes":""},"class_list":["post-72","page","type-page","status-publish","hentry"],"yoast_head":"<!-- This site is optimized with the Yoast SEO plugin v27.4 - https:\/\/yoast.com\/product\/yoast-seo-wordpress\/ -->\n<title>Besonderheiten - Architekturlehre 1zu1<\/title>\n<meta name=\"robots\" content=\"index, follow, max-snippet:-1, max-image-preview:large, max-video-preview:-1\" \/>\n<link rel=\"canonical\" href=\"https:\/\/blogs.uni-siegen.de\/architekturlehre1zu1\/besonderheiten\/\" \/>\n<meta property=\"og:locale\" content=\"de_DE\" \/>\n<meta property=\"og:type\" content=\"article\" \/>\n<meta property=\"og:title\" content=\"Besonderheiten - Architekturlehre 1zu1\" \/>\n<meta property=\"og:description\" content=\"Workshop machen! Das Triadische Ballett Die Teilnehmer des Wahlmoduls \u201eDas Triadische Ballett\u201c haben Ihre Choreographie in einer Auftaktveranstaltung zum 100- j\u00e4hrigen Bauhaus Jubil\u00e4um am 09.10.2019 aufgef\u00fchrt.\u00a0Alle die an dem Abend nicht mit dabei sein konnten oder die Auff\u00fchrung nochmal erleben m\u00f6chten, k\u00f6nnen sich hier den Film in voller L\u00e4nge angucken. Hier geht es zum Trailer.Hier [&hellip;]\" \/>\n<meta property=\"og:url\" content=\"https:\/\/blogs.uni-siegen.de\/architekturlehre1zu1\/besonderheiten\/\" \/>\n<meta property=\"og:site_name\" content=\"Architekturlehre 1zu1\" \/>\n<meta property=\"article:modified_time\" content=\"2024-07-28T07:39:53+00:00\" \/>\n<meta property=\"og:image\" content=\"https:\/\/blogs.uni-siegen.de\/architekturlehre1zu1\/files\/2024\/05\/1_03.png\" \/>\n<meta name=\"twitter:card\" content=\"summary_large_image\" \/>\n<meta name=\"twitter:label1\" content=\"Gesch\u00e4tzte Lesezeit\" \/>\n\t<meta name=\"twitter:data1\" content=\"5\u00a0Minuten\" \/>\n<script type=\"application\/ld+json\" class=\"yoast-schema-graph\">{\"@context\":\"https:\\\/\\\/schema.org\",\"@graph\":[{\"@type\":\"WebPage\",\"@id\":\"https:\\\/\\\/blogs.uni-siegen.de\\\/architekturlehre1zu1\\\/besonderheiten\\\/\",\"url\":\"https:\\\/\\\/blogs.uni-siegen.de\\\/architekturlehre1zu1\\\/besonderheiten\\\/\",\"name\":\"Besonderheiten - Architekturlehre 1zu1\",\"isPartOf\":{\"@id\":\"https:\\\/\\\/blogs.uni-siegen.de\\\/architekturlehre1zu1\\\/#website\"},\"primaryImageOfPage\":{\"@id\":\"https:\\\/\\\/blogs.uni-siegen.de\\\/architekturlehre1zu1\\\/besonderheiten\\\/#primaryimage\"},\"image\":{\"@id\":\"https:\\\/\\\/blogs.uni-siegen.de\\\/architekturlehre1zu1\\\/besonderheiten\\\/#primaryimage\"},\"thumbnailUrl\":\"https:\\\/\\\/blogs.uni-siegen.de\\\/architekturlehre1zu1\\\/files\\\/2024\\\/05\\\/1_03.png\",\"datePublished\":\"2021-02-23T15:55:02+00:00\",\"dateModified\":\"2024-07-28T07:39:53+00:00\",\"breadcrumb\":{\"@id\":\"https:\\\/\\\/blogs.uni-siegen.de\\\/architekturlehre1zu1\\\/besonderheiten\\\/#breadcrumb\"},\"inLanguage\":\"de\",\"potentialAction\":[{\"@type\":\"ReadAction\",\"target\":[\"https:\\\/\\\/blogs.uni-siegen.de\\\/architekturlehre1zu1\\\/besonderheiten\\\/\"]}]},{\"@type\":\"ImageObject\",\"inLanguage\":\"de\",\"@id\":\"https:\\\/\\\/blogs.uni-siegen.de\\\/architekturlehre1zu1\\\/besonderheiten\\\/#primaryimage\",\"url\":\"https:\\\/\\\/blogs.uni-siegen.de\\\/architekturlehre1zu1\\\/files\\\/2024\\\/05\\\/1_03.png\",\"contentUrl\":\"https:\\\/\\\/blogs.uni-siegen.de\\\/architekturlehre1zu1\\\/files\\\/2024\\\/05\\\/1_03.png\",\"width\":1080,\"height\":1080},{\"@type\":\"BreadcrumbList\",\"@id\":\"https:\\\/\\\/blogs.uni-siegen.de\\\/architekturlehre1zu1\\\/besonderheiten\\\/#breadcrumb\",\"itemListElement\":[{\"@type\":\"ListItem\",\"position\":1,\"name\":\"Startseite\",\"item\":\"https:\\\/\\\/blogs.uni-siegen.de\\\/architekturlehre1zu1\\\/\"},{\"@type\":\"ListItem\",\"position\":2,\"name\":\"Besonderheiten\"}]},{\"@type\":\"WebSite\",\"@id\":\"https:\\\/\\\/blogs.uni-siegen.de\\\/architekturlehre1zu1\\\/#website\",\"url\":\"https:\\\/\\\/blogs.uni-siegen.de\\\/architekturlehre1zu1\\\/\",\"name\":\"Architekturlehre 1zu1\",\"description\":\"\",\"publisher\":{\"@id\":\"https:\\\/\\\/blogs.uni-siegen.de\\\/architekturlehre1zu1\\\/#organization\"},\"potentialAction\":[{\"@type\":\"SearchAction\",\"target\":{\"@type\":\"EntryPoint\",\"urlTemplate\":\"https:\\\/\\\/blogs.uni-siegen.de\\\/architekturlehre1zu1\\\/?s={search_term_string}\"},\"query-input\":{\"@type\":\"PropertyValueSpecification\",\"valueRequired\":true,\"valueName\":\"search_term_string\"}}],\"inLanguage\":\"de\"},{\"@type\":\"Organization\",\"@id\":\"https:\\\/\\\/blogs.uni-siegen.de\\\/architekturlehre1zu1\\\/#organization\",\"name\":\"Architekturlehre 1zu1\",\"url\":\"https:\\\/\\\/blogs.uni-siegen.de\\\/architekturlehre1zu1\\\/\",\"logo\":{\"@type\":\"ImageObject\",\"inLanguage\":\"de\",\"@id\":\"https:\\\/\\\/blogs.uni-siegen.de\\\/architekturlehre1zu1\\\/#\\\/schema\\\/logo\\\/image\\\/\",\"url\":\"https:\\\/\\\/blogs.uni-siegen.de\\\/architekturlehre1zu1\\\/files\\\/2021\\\/03\\\/cropped-Logo_\u00dcberarbeitet-3.png\",\"contentUrl\":\"https:\\\/\\\/blogs.uni-siegen.de\\\/architekturlehre1zu1\\\/files\\\/2021\\\/03\\\/cropped-Logo_\u00dcberarbeitet-3.png\",\"width\":3475,\"height\":1232,\"caption\":\"Architekturlehre 1zu1\"},\"image\":{\"@id\":\"https:\\\/\\\/blogs.uni-siegen.de\\\/architekturlehre1zu1\\\/#\\\/schema\\\/logo\\\/image\\\/\"}}]}<\/script>\n<!-- \/ Yoast SEO plugin. -->","yoast_head_json":{"title":"Besonderheiten - Architekturlehre 1zu1","robots":{"index":"index","follow":"follow","max-snippet":"max-snippet:-1","max-image-preview":"max-image-preview:large","max-video-preview":"max-video-preview:-1"},"canonical":"https:\/\/blogs.uni-siegen.de\/architekturlehre1zu1\/besonderheiten\/","og_locale":"de_DE","og_type":"article","og_title":"Besonderheiten - Architekturlehre 1zu1","og_description":"Workshop machen! Das Triadische Ballett Die Teilnehmer des Wahlmoduls \u201eDas Triadische Ballett\u201c haben Ihre Choreographie in einer Auftaktveranstaltung zum 100- j\u00e4hrigen Bauhaus Jubil\u00e4um am 09.10.2019 aufgef\u00fchrt.\u00a0Alle die an dem Abend nicht mit dabei sein konnten oder die Auff\u00fchrung nochmal erleben m\u00f6chten, k\u00f6nnen sich hier den Film in voller L\u00e4nge angucken. Hier geht es zum Trailer.Hier [&hellip;]","og_url":"https:\/\/blogs.uni-siegen.de\/architekturlehre1zu1\/besonderheiten\/","og_site_name":"Architekturlehre 1zu1","article_modified_time":"2024-07-28T07:39:53+00:00","og_image":[{"url":"https:\/\/blogs.uni-siegen.de\/architekturlehre1zu1\/files\/2024\/05\/1_03.png","type":"","width":"","height":""}],"twitter_card":"summary_large_image","twitter_misc":{"Gesch\u00e4tzte Lesezeit":"5\u00a0Minuten"},"schema":{"@context":"https:\/\/schema.org","@graph":[{"@type":"WebPage","@id":"https:\/\/blogs.uni-siegen.de\/architekturlehre1zu1\/besonderheiten\/","url":"https:\/\/blogs.uni-siegen.de\/architekturlehre1zu1\/besonderheiten\/","name":"Besonderheiten - Architekturlehre 1zu1","isPartOf":{"@id":"https:\/\/blogs.uni-siegen.de\/architekturlehre1zu1\/#website"},"primaryImageOfPage":{"@id":"https:\/\/blogs.uni-siegen.de\/architekturlehre1zu1\/besonderheiten\/#primaryimage"},"image":{"@id":"https:\/\/blogs.uni-siegen.de\/architekturlehre1zu1\/besonderheiten\/#primaryimage"},"thumbnailUrl":"https:\/\/blogs.uni-siegen.de\/architekturlehre1zu1\/files\/2024\/05\/1_03.png","datePublished":"2021-02-23T15:55:02+00:00","dateModified":"2024-07-28T07:39:53+00:00","breadcrumb":{"@id":"https:\/\/blogs.uni-siegen.de\/architekturlehre1zu1\/besonderheiten\/#breadcrumb"},"inLanguage":"de","potentialAction":[{"@type":"ReadAction","target":["https:\/\/blogs.uni-siegen.de\/architekturlehre1zu1\/besonderheiten\/"]}]},{"@type":"ImageObject","inLanguage":"de","@id":"https:\/\/blogs.uni-siegen.de\/architekturlehre1zu1\/besonderheiten\/#primaryimage","url":"https:\/\/blogs.uni-siegen.de\/architekturlehre1zu1\/files\/2024\/05\/1_03.png","contentUrl":"https:\/\/blogs.uni-siegen.de\/architekturlehre1zu1\/files\/2024\/05\/1_03.png","width":1080,"height":1080},{"@type":"BreadcrumbList","@id":"https:\/\/blogs.uni-siegen.de\/architekturlehre1zu1\/besonderheiten\/#breadcrumb","itemListElement":[{"@type":"ListItem","position":1,"name":"Startseite","item":"https:\/\/blogs.uni-siegen.de\/architekturlehre1zu1\/"},{"@type":"ListItem","position":2,"name":"Besonderheiten"}]},{"@type":"WebSite","@id":"https:\/\/blogs.uni-siegen.de\/architekturlehre1zu1\/#website","url":"https:\/\/blogs.uni-siegen.de\/architekturlehre1zu1\/","name":"Architekturlehre 1zu1","description":"","publisher":{"@id":"https:\/\/blogs.uni-siegen.de\/architekturlehre1zu1\/#organization"},"potentialAction":[{"@type":"SearchAction","target":{"@type":"EntryPoint","urlTemplate":"https:\/\/blogs.uni-siegen.de\/architekturlehre1zu1\/?s={search_term_string}"},"query-input":{"@type":"PropertyValueSpecification","valueRequired":true,"valueName":"search_term_string"}}],"inLanguage":"de"},{"@type":"Organization","@id":"https:\/\/blogs.uni-siegen.de\/architekturlehre1zu1\/#organization","name":"Architekturlehre 1zu1","url":"https:\/\/blogs.uni-siegen.de\/architekturlehre1zu1\/","logo":{"@type":"ImageObject","inLanguage":"de","@id":"https:\/\/blogs.uni-siegen.de\/architekturlehre1zu1\/#\/schema\/logo\/image\/","url":"https:\/\/blogs.uni-siegen.de\/architekturlehre1zu1\/files\/2021\/03\/cropped-Logo_\u00dcberarbeitet-3.png","contentUrl":"https:\/\/blogs.uni-siegen.de\/architekturlehre1zu1\/files\/2021\/03\/cropped-Logo_\u00dcberarbeitet-3.png","width":3475,"height":1232,"caption":"Architekturlehre 1zu1"},"image":{"@id":"https:\/\/blogs.uni-siegen.de\/architekturlehre1zu1\/#\/schema\/logo\/image\/"}}]}},"_links":{"self":[{"href":"https:\/\/blogs.uni-siegen.de\/architekturlehre1zu1\/wp-json\/wp\/v2\/pages\/72","targetHints":{"allow":["GET"]}}],"collection":[{"href":"https:\/\/blogs.uni-siegen.de\/architekturlehre1zu1\/wp-json\/wp\/v2\/pages"}],"about":[{"href":"https:\/\/blogs.uni-siegen.de\/architekturlehre1zu1\/wp-json\/wp\/v2\/types\/page"}],"author":[{"embeddable":true,"href":"https:\/\/blogs.uni-siegen.de\/architekturlehre1zu1\/wp-json\/wp\/v2\/users\/474"}],"replies":[{"embeddable":true,"href":"https:\/\/blogs.uni-siegen.de\/architekturlehre1zu1\/wp-json\/wp\/v2\/comments?post=72"}],"version-history":[{"count":78,"href":"https:\/\/blogs.uni-siegen.de\/architekturlehre1zu1\/wp-json\/wp\/v2\/pages\/72\/revisions"}],"predecessor-version":[{"id":2931,"href":"https:\/\/blogs.uni-siegen.de\/architekturlehre1zu1\/wp-json\/wp\/v2\/pages\/72\/revisions\/2931"}],"wp:attachment":[{"href":"https:\/\/blogs.uni-siegen.de\/architekturlehre1zu1\/wp-json\/wp\/v2\/media?parent=72"}],"curies":[{"name":"wp","href":"https:\/\/api.w.org\/{rel}","templated":true}]}}