{"id":76,"date":"2021-02-23T17:19:05","date_gmt":"2021-02-23T16:19:05","guid":{"rendered":"https:\/\/blogs.uni-siegen.de\/architekturlehre1zu1\/?page_id=76"},"modified":"2022-10-17T20:44:45","modified_gmt":"2022-10-17T18:44:45","slug":"team","status":"publish","type":"page","link":"https:\/\/blogs.uni-siegen.de\/architekturlehre1zu1\/team\/","title":{"rendered":"Team"},"content":{"rendered":"\n<h5 class=\"wp-block-heading\">Lehrgebietsleitung:<\/h5>\n\n\n\n<p>Architektin Univ.-Prof. Dipl.-Ing. Sibille Wirtz<br>Tel.: 0271 \/ 740 2952<br>Email: <a href=\"mailto:wirtz@architektur.uni-siegen.de\">wirtz@architektur.uni-siegen.de<\/a><br>Raum: PB N 001 | Plastikuss<\/p>\n\n\n\n<p><\/p>\n\n\n\n<h5 class=\"wp-block-heading\">Wissenschaftliche MitarbeiterInnen:<\/h5>\n\n\n\n<p>Till Ewert M.A<br>Tel.: 0271 \/ 740 2952<br>E-mail: <a href=\"mailto:till.ewert@architektur.uni-siegen.de\">ewert@architektur.uni-siegen.de<\/a><br>Raum: PB N 001 | Plastikuss<\/p>\n\n\n\n<p><\/p>\n\n\n\n<h5 class=\"wp-block-heading\">Lehrbeauftragte<\/h5>\n\n\n\n<p>Michael Sch\u00fcrmann M.A<\/p>\n\n\n\n<h5 class=\"wp-block-heading\">Studentische Mitarbeiterinnen:<\/h5>\n\n\n\n<p>Julia Nikesch<br>E-mail: <a href=\"mailto:julia.nikesch@student.uni-siegen.de\">julia.nikesch@student.uni-siegen.de<\/a><\/p>\n\n\n\n<p>Dijana Taseva<br>E-mail: <a href=\"mailto:dijana.taseva@student.uni-siegen.de\">dijana.taseva@student.uni-siegen.de<\/a><\/p>\n\n\n\n<h5 class=\"wp-block-heading\">Intentionen der Lehre in Baukonstruktion und Entwerfen:<\/h5>\n\n\n\n<p>Die Studierenden sollen zun\u00e4chst in die Lage versetzt werden, bewusst die gebaute Umwelt wahrzunehmen. Sie sollen reflektieren was sie sehen und analytisch die einzelnen Konstruktionselemente, die letztendlich das Geb\u00e4ude bilden, erkennen. Konstruktionsgrundlagen, Normen und Richtlinien sowie die zugeh\u00f6rige Fachsprache m\u00fcssen erlernt und das F\u00fcgen der einzelnen Konstruktionselemente unter Ber\u00fccksichtigung hoher gestalterischer Anspr\u00fcche erprobt werden. Das Entwerfen und Konstruieren wird als iterativer Prozess gesehen. Die schrittweise erarbeiteten L\u00f6sungen m\u00fcssen immer wieder nach gestalterischen, \u00f6kologischen und \u00f6konomischen Kriterien \u00fcberpr\u00fcft werden. &nbsp;Ziel ist es, im interdisziplin\u00e4ren Austausch mit weiteren Fachdisziplinen Geb\u00e4ude zu konzipieren, die hinsichtlich der genannten Kriterien optimiert sind und somit einen Beitrag zur nachhaltigen Gestaltung der Umwelt darstellen.&nbsp;Die Lehre besteht zu gleichen Teilen aus Vorlesungen, in denen Fakten und Methodenwissen vermittelt wird, und \u00dcbungen, in denen sowohl das in den Vorlesungen erworbene Wissen angewandt als auch eigenst\u00e4ndig Wissen erarbeitet wird.<\/p>\n\n\n\n<p>Der Schwerpunkt der Lehre liegt auf der Vermittlung von Methodenwissen. Die Fakten werden exemplarisch vermittelt und unterliegen einer dem Fortschritt in der Bauindustrie geschuldeten relativ kleinen \u201eHalbwertszeit\u201c.<\/p>\n\n\n\n<p>Methodisches experimentelles Arbeiten an virtuellen und realen Modellen bis hin zum Ma\u00dfstab 1:1 bietet die Chance auf hohem Niveau baukonstruktive und entwurfsrelevante Probleme zu l\u00f6sen und dabei neues Wissen zu erarbeiten.&nbsp;Dar\u00fcber hinaus wird eine Verbindung von architektonischer Idee und Ausf\u00fchrung hergestellt.&nbsp;Die methodisch experimentelle Wissenserarbeitung bietet neue Wege f\u00fcr die Lehre in der Architektur.<\/p>\n\n\n\n<p>Das Geb\u00e4ude, in dem sich heute das Lehrgebiet befindet, wurde von Studierenden im Rahmen eines \u201eIntegrierten Entwurfs\u201c konzipiert und 1:1 umgesetzt.&nbsp;Die Bauantragsplanung, die Ausf\u00fchrungs- und Detailplanung und die Kostensch\u00e4tzung geh\u00f6rten neben der Realisierung vor Ort zu den Leistungen der Studierenden.<\/p>\n\n\n\n<figure class=\"wp-block-image size-large\"><img loading=\"lazy\" decoding=\"async\" width=\"640\" height=\"340\" src=\"https:\/\/blogs.uni-siegen.de\/architekturlehre1zu1\/files\/2021\/03\/Experimentalbau.jpg\" alt=\"\" class=\"wp-image-353\" srcset=\"https:\/\/blogs.uni-siegen.de\/architekturlehre1zu1\/files\/2021\/03\/Experimentalbau.jpg 640w, https:\/\/blogs.uni-siegen.de\/architekturlehre1zu1\/files\/2021\/03\/Experimentalbau-300x159.jpg 300w\" sizes=\"auto, (max-width: 640px) 100vw, 640px\" \/><figcaption>PB N 001 | Plastikuss<\/figcaption><\/figure>\n","protected":false},"excerpt":{"rendered":"<p>Lehrgebietsleitung: Architektin Univ.-Prof. Dipl.-Ing. Sibille WirtzTel.: 0271 \/ 740 2952Email: wirtz@architektur.uni-siegen.deRaum: PB N 001 | Plastikuss Wissenschaftliche MitarbeiterInnen: Till Ewert M.ATel.: 0271 \/ 740 2952E-mail: ewert@architektur.uni-siegen.deRaum: PB N 001 | Plastikuss Lehrbeauftragte Michael Sch\u00fcrmann M.A Studentische Mitarbeiterinnen: Julia NikeschE-mail: julia.nikesch@student.uni-siegen.de Dijana TasevaE-mail: dijana.taseva@student.uni-siegen.de Intentionen der Lehre in Baukonstruktion und Entwerfen: Die Studierenden sollen zun\u00e4chst in [&hellip;]<\/p>\n","protected":false},"author":474,"featured_media":2311,"parent":0,"menu_order":0,"comment_status":"closed","ping_status":"closed","template":"","meta":{"footnotes":""},"class_list":["post-76","page","type-page","status-publish","has-post-thumbnail","hentry"],"yoast_head":"<!-- This site is optimized with the Yoast SEO plugin v27.3 - https:\/\/yoast.com\/product\/yoast-seo-wordpress\/ -->\n<title>Team - Architekturlehre 1zu1<\/title>\n<meta name=\"robots\" content=\"index, follow, max-snippet:-1, max-image-preview:large, max-video-preview:-1\" \/>\n<link rel=\"canonical\" href=\"https:\/\/blogs.uni-siegen.de\/architekturlehre1zu1\/team\/\" \/>\n<meta property=\"og:locale\" content=\"de_DE\" \/>\n<meta property=\"og:type\" content=\"article\" \/>\n<meta property=\"og:title\" content=\"Team - Architekturlehre 1zu1\" \/>\n<meta property=\"og:description\" content=\"Lehrgebietsleitung: Architektin Univ.-Prof. Dipl.-Ing. Sibille WirtzTel.: 0271 \/ 740 2952Email: wirtz@architektur.uni-siegen.deRaum: PB N 001 | Plastikuss Wissenschaftliche MitarbeiterInnen: Till Ewert M.ATel.: 0271 \/ 740 2952E-mail: ewert@architektur.uni-siegen.deRaum: PB N 001 | Plastikuss Lehrbeauftragte Michael Sch\u00fcrmann M.A Studentische Mitarbeiterinnen: Julia NikeschE-mail: julia.nikesch@student.uni-siegen.de Dijana TasevaE-mail: dijana.taseva@student.uni-siegen.de Intentionen der Lehre in Baukonstruktion und Entwerfen: Die Studierenden sollen zun\u00e4chst in [&hellip;]\" \/>\n<meta property=\"og:url\" content=\"https:\/\/blogs.uni-siegen.de\/architekturlehre1zu1\/team\/\" \/>\n<meta property=\"og:site_name\" content=\"Architekturlehre 1zu1\" \/>\n<meta property=\"article:modified_time\" content=\"2022-10-17T18:44:45+00:00\" \/>\n<meta property=\"og:image\" content=\"http:\/\/blogs.uni-siegen.de\/architekturlehre1zu1\/files\/2022\/09\/3.png\" \/>\n\t<meta property=\"og:image:width\" content=\"900\" \/>\n\t<meta property=\"og:image:height\" content=\"900\" \/>\n\t<meta property=\"og:image:type\" content=\"image\/png\" \/>\n<meta name=\"twitter:card\" content=\"summary_large_image\" \/>\n<meta name=\"twitter:label1\" content=\"Gesch\u00e4tzte Lesezeit\" \/>\n\t<meta name=\"twitter:data1\" content=\"3\u00a0Minuten\" \/>\n<script type=\"application\/ld+json\" class=\"yoast-schema-graph\">{\"@context\":\"https:\\\/\\\/schema.org\",\"@graph\":[{\"@type\":\"WebPage\",\"@id\":\"https:\\\/\\\/blogs.uni-siegen.de\\\/architekturlehre1zu1\\\/team\\\/\",\"url\":\"https:\\\/\\\/blogs.uni-siegen.de\\\/architekturlehre1zu1\\\/team\\\/\",\"name\":\"Team - Architekturlehre 1zu1\",\"isPartOf\":{\"@id\":\"https:\\\/\\\/blogs.uni-siegen.de\\\/architekturlehre1zu1\\\/#website\"},\"primaryImageOfPage\":{\"@id\":\"https:\\\/\\\/blogs.uni-siegen.de\\\/architekturlehre1zu1\\\/team\\\/#primaryimage\"},\"image\":{\"@id\":\"https:\\\/\\\/blogs.uni-siegen.de\\\/architekturlehre1zu1\\\/team\\\/#primaryimage\"},\"thumbnailUrl\":\"https:\\\/\\\/blogs.uni-siegen.de\\\/architekturlehre1zu1\\\/files\\\/2022\\\/09\\\/3.png\",\"datePublished\":\"2021-02-23T16:19:05+00:00\",\"dateModified\":\"2022-10-17T18:44:45+00:00\",\"breadcrumb\":{\"@id\":\"https:\\\/\\\/blogs.uni-siegen.de\\\/architekturlehre1zu1\\\/team\\\/#breadcrumb\"},\"inLanguage\":\"de\",\"potentialAction\":[{\"@type\":\"ReadAction\",\"target\":[\"https:\\\/\\\/blogs.uni-siegen.de\\\/architekturlehre1zu1\\\/team\\\/\"]}]},{\"@type\":\"ImageObject\",\"inLanguage\":\"de\",\"@id\":\"https:\\\/\\\/blogs.uni-siegen.de\\\/architekturlehre1zu1\\\/team\\\/#primaryimage\",\"url\":\"https:\\\/\\\/blogs.uni-siegen.de\\\/architekturlehre1zu1\\\/files\\\/2022\\\/09\\\/3.png\",\"contentUrl\":\"https:\\\/\\\/blogs.uni-siegen.de\\\/architekturlehre1zu1\\\/files\\\/2022\\\/09\\\/3.png\",\"width\":900,\"height\":900},{\"@type\":\"BreadcrumbList\",\"@id\":\"https:\\\/\\\/blogs.uni-siegen.de\\\/architekturlehre1zu1\\\/team\\\/#breadcrumb\",\"itemListElement\":[{\"@type\":\"ListItem\",\"position\":1,\"name\":\"Startseite\",\"item\":\"https:\\\/\\\/blogs.uni-siegen.de\\\/architekturlehre1zu1\\\/\"},{\"@type\":\"ListItem\",\"position\":2,\"name\":\"Team\"}]},{\"@type\":\"WebSite\",\"@id\":\"https:\\\/\\\/blogs.uni-siegen.de\\\/architekturlehre1zu1\\\/#website\",\"url\":\"https:\\\/\\\/blogs.uni-siegen.de\\\/architekturlehre1zu1\\\/\",\"name\":\"Architekturlehre 1zu1\",\"description\":\"\",\"publisher\":{\"@id\":\"https:\\\/\\\/blogs.uni-siegen.de\\\/architekturlehre1zu1\\\/#organization\"},\"potentialAction\":[{\"@type\":\"SearchAction\",\"target\":{\"@type\":\"EntryPoint\",\"urlTemplate\":\"https:\\\/\\\/blogs.uni-siegen.de\\\/architekturlehre1zu1\\\/?s={search_term_string}\"},\"query-input\":{\"@type\":\"PropertyValueSpecification\",\"valueRequired\":true,\"valueName\":\"search_term_string\"}}],\"inLanguage\":\"de\"},{\"@type\":\"Organization\",\"@id\":\"https:\\\/\\\/blogs.uni-siegen.de\\\/architekturlehre1zu1\\\/#organization\",\"name\":\"Architekturlehre 1zu1\",\"url\":\"https:\\\/\\\/blogs.uni-siegen.de\\\/architekturlehre1zu1\\\/\",\"logo\":{\"@type\":\"ImageObject\",\"inLanguage\":\"de\",\"@id\":\"https:\\\/\\\/blogs.uni-siegen.de\\\/architekturlehre1zu1\\\/#\\\/schema\\\/logo\\\/image\\\/\",\"url\":\"https:\\\/\\\/blogs.uni-siegen.de\\\/architekturlehre1zu1\\\/files\\\/2021\\\/03\\\/cropped-Logo_\u00dcberarbeitet-3.png\",\"contentUrl\":\"https:\\\/\\\/blogs.uni-siegen.de\\\/architekturlehre1zu1\\\/files\\\/2021\\\/03\\\/cropped-Logo_\u00dcberarbeitet-3.png\",\"width\":3475,\"height\":1232,\"caption\":\"Architekturlehre 1zu1\"},\"image\":{\"@id\":\"https:\\\/\\\/blogs.uni-siegen.de\\\/architekturlehre1zu1\\\/#\\\/schema\\\/logo\\\/image\\\/\"}}]}<\/script>\n<!-- \/ Yoast SEO plugin. -->","yoast_head_json":{"title":"Team - Architekturlehre 1zu1","robots":{"index":"index","follow":"follow","max-snippet":"max-snippet:-1","max-image-preview":"max-image-preview:large","max-video-preview":"max-video-preview:-1"},"canonical":"https:\/\/blogs.uni-siegen.de\/architekturlehre1zu1\/team\/","og_locale":"de_DE","og_type":"article","og_title":"Team - Architekturlehre 1zu1","og_description":"Lehrgebietsleitung: Architektin Univ.-Prof. Dipl.-Ing. Sibille WirtzTel.: 0271 \/ 740 2952Email: wirtz@architektur.uni-siegen.deRaum: PB N 001 | Plastikuss Wissenschaftliche MitarbeiterInnen: Till Ewert M.ATel.: 0271 \/ 740 2952E-mail: ewert@architektur.uni-siegen.deRaum: PB N 001 | Plastikuss Lehrbeauftragte Michael Sch\u00fcrmann M.A Studentische Mitarbeiterinnen: Julia NikeschE-mail: julia.nikesch@student.uni-siegen.de Dijana TasevaE-mail: dijana.taseva@student.uni-siegen.de Intentionen der Lehre in Baukonstruktion und Entwerfen: Die Studierenden sollen zun\u00e4chst in [&hellip;]","og_url":"https:\/\/blogs.uni-siegen.de\/architekturlehre1zu1\/team\/","og_site_name":"Architekturlehre 1zu1","article_modified_time":"2022-10-17T18:44:45+00:00","og_image":[{"width":900,"height":900,"url":"http:\/\/blogs.uni-siegen.de\/architekturlehre1zu1\/files\/2022\/09\/3.png","type":"image\/png"}],"twitter_card":"summary_large_image","twitter_misc":{"Gesch\u00e4tzte Lesezeit":"3\u00a0Minuten"},"schema":{"@context":"https:\/\/schema.org","@graph":[{"@type":"WebPage","@id":"https:\/\/blogs.uni-siegen.de\/architekturlehre1zu1\/team\/","url":"https:\/\/blogs.uni-siegen.de\/architekturlehre1zu1\/team\/","name":"Team - Architekturlehre 1zu1","isPartOf":{"@id":"https:\/\/blogs.uni-siegen.de\/architekturlehre1zu1\/#website"},"primaryImageOfPage":{"@id":"https:\/\/blogs.uni-siegen.de\/architekturlehre1zu1\/team\/#primaryimage"},"image":{"@id":"https:\/\/blogs.uni-siegen.de\/architekturlehre1zu1\/team\/#primaryimage"},"thumbnailUrl":"https:\/\/blogs.uni-siegen.de\/architekturlehre1zu1\/files\/2022\/09\/3.png","datePublished":"2021-02-23T16:19:05+00:00","dateModified":"2022-10-17T18:44:45+00:00","breadcrumb":{"@id":"https:\/\/blogs.uni-siegen.de\/architekturlehre1zu1\/team\/#breadcrumb"},"inLanguage":"de","potentialAction":[{"@type":"ReadAction","target":["https:\/\/blogs.uni-siegen.de\/architekturlehre1zu1\/team\/"]}]},{"@type":"ImageObject","inLanguage":"de","@id":"https:\/\/blogs.uni-siegen.de\/architekturlehre1zu1\/team\/#primaryimage","url":"https:\/\/blogs.uni-siegen.de\/architekturlehre1zu1\/files\/2022\/09\/3.png","contentUrl":"https:\/\/blogs.uni-siegen.de\/architekturlehre1zu1\/files\/2022\/09\/3.png","width":900,"height":900},{"@type":"BreadcrumbList","@id":"https:\/\/blogs.uni-siegen.de\/architekturlehre1zu1\/team\/#breadcrumb","itemListElement":[{"@type":"ListItem","position":1,"name":"Startseite","item":"https:\/\/blogs.uni-siegen.de\/architekturlehre1zu1\/"},{"@type":"ListItem","position":2,"name":"Team"}]},{"@type":"WebSite","@id":"https:\/\/blogs.uni-siegen.de\/architekturlehre1zu1\/#website","url":"https:\/\/blogs.uni-siegen.de\/architekturlehre1zu1\/","name":"Architekturlehre 1zu1","description":"","publisher":{"@id":"https:\/\/blogs.uni-siegen.de\/architekturlehre1zu1\/#organization"},"potentialAction":[{"@type":"SearchAction","target":{"@type":"EntryPoint","urlTemplate":"https:\/\/blogs.uni-siegen.de\/architekturlehre1zu1\/?s={search_term_string}"},"query-input":{"@type":"PropertyValueSpecification","valueRequired":true,"valueName":"search_term_string"}}],"inLanguage":"de"},{"@type":"Organization","@id":"https:\/\/blogs.uni-siegen.de\/architekturlehre1zu1\/#organization","name":"Architekturlehre 1zu1","url":"https:\/\/blogs.uni-siegen.de\/architekturlehre1zu1\/","logo":{"@type":"ImageObject","inLanguage":"de","@id":"https:\/\/blogs.uni-siegen.de\/architekturlehre1zu1\/#\/schema\/logo\/image\/","url":"https:\/\/blogs.uni-siegen.de\/architekturlehre1zu1\/files\/2021\/03\/cropped-Logo_\u00dcberarbeitet-3.png","contentUrl":"https:\/\/blogs.uni-siegen.de\/architekturlehre1zu1\/files\/2021\/03\/cropped-Logo_\u00dcberarbeitet-3.png","width":3475,"height":1232,"caption":"Architekturlehre 1zu1"},"image":{"@id":"https:\/\/blogs.uni-siegen.de\/architekturlehre1zu1\/#\/schema\/logo\/image\/"}}]}},"_links":{"self":[{"href":"https:\/\/blogs.uni-siegen.de\/architekturlehre1zu1\/wp-json\/wp\/v2\/pages\/76","targetHints":{"allow":["GET"]}}],"collection":[{"href":"https:\/\/blogs.uni-siegen.de\/architekturlehre1zu1\/wp-json\/wp\/v2\/pages"}],"about":[{"href":"https:\/\/blogs.uni-siegen.de\/architekturlehre1zu1\/wp-json\/wp\/v2\/types\/page"}],"author":[{"embeddable":true,"href":"https:\/\/blogs.uni-siegen.de\/architekturlehre1zu1\/wp-json\/wp\/v2\/users\/474"}],"replies":[{"embeddable":true,"href":"https:\/\/blogs.uni-siegen.de\/architekturlehre1zu1\/wp-json\/wp\/v2\/comments?post=76"}],"version-history":[{"count":17,"href":"https:\/\/blogs.uni-siegen.de\/architekturlehre1zu1\/wp-json\/wp\/v2\/pages\/76\/revisions"}],"predecessor-version":[{"id":2108,"href":"https:\/\/blogs.uni-siegen.de\/architekturlehre1zu1\/wp-json\/wp\/v2\/pages\/76\/revisions\/2108"}],"wp:featuredmedia":[{"embeddable":true,"href":"https:\/\/blogs.uni-siegen.de\/architekturlehre1zu1\/wp-json\/wp\/v2\/media\/2311"}],"wp:attachment":[{"href":"https:\/\/blogs.uni-siegen.de\/architekturlehre1zu1\/wp-json\/wp\/v2\/media?parent=76"}],"curies":[{"name":"wp","href":"https:\/\/api.w.org\/{rel}","templated":true}]}}