{"id":91,"date":"2021-02-23T17:57:08","date_gmt":"2021-02-23T16:57:08","guid":{"rendered":"https:\/\/blogs.uni-siegen.de\/architekturlehre1zu1\/?page_id=91"},"modified":"2021-06-11T11:19:13","modified_gmt":"2021-06-11T09:19:13","slug":"impressum","status":"publish","type":"page","link":"https:\/\/blogs.uni-siegen.de\/architekturlehre1zu1\/impressum\/","title":{"rendered":"Impressum"},"content":{"rendered":"<p>Lehrgebiet Baukonstruktion + Entwerfen<br>Univ.-Prof\u2019in Sibille Wirtz<\/p>\n<p>Paul-Bonatz-Stra\u00dfe 9-11<br>57068 Siegen<br>Tel.: 0271 \/ 740 2952<\/p>\n<p>Raum: PB N 001 | Plastikuss<\/p>\n<p>Email: |&nbsp;<a href=\"mailto:wirtz@architektur.uni-siegen.de\">wirtz@architektur.uni-siegen.de<\/a>&nbsp;|<\/p>\n<p>Bei Verweisen (Links) auf andere Internetangebote wird keine Haftung f\u00fcr die Ordnungsm\u00e4\u00dfigkeit, Rechtm\u00e4\u00dfigkeit, Richtigkeit und Funktionst\u00fcchtigkeit der verwiesenen Angebote \u00fcbernommen. Dies gilt ebensfalls f\u00fcr den Fall, dass die Internetseite des Fachgebiets Baukonstruktion &amp; Entwerfen |<a href=\"https:\/\/blogs.uni-siegen.de\/architekturlehre1zu1\/\">https:\/\/blogs.uni-siegen.de\/architekturlehre1zu1\/<\/a>| ohne unser Wissen durch einen anderen Anbieter angelinkt wird.<\/p>\n<p>F\u00fcr Bilder gilt Folgendes: Die Verwendung der Bilder ist nur mit der Genehmigung des Webmasters gestattet. Auf Fotos erkl\u00e4rt sich grunds\u00e4tzlich jeder Fotografierte damit einverstanden, dass die Fotos im Internet ver\u00f6ffentlicht werden. Sollte jedoch jemand nicht mit der Ver\u00f6ffentlichung einverstanden sein, so bitten wir um schriftliche Benachrichtung.<\/p>\n<p>Eine Vervielf\u00e4ltigung oder Weitergabe an Dritte erfolgt nur mit ausdr\u00fccklicher Genehmigung. Bei Mi\u00dfbrauch bleiben rechtliche Schritte vorbehalten. Wer den Link \u201email\u201c verwendet, erkl\u00e4rt sich damit einverstanden, dass die Daten per Email versendet werden. Selbstverst\u00e4ndlich werden diese Daten nicht zu Werbezwecken sondern nur zur eigenen Verwendung gespeichert.<\/p>\n<p>Fragen und Anregungen zu unserer Internetanwendung nehmen wir gerne unter der E-Mail-Adresse: |&nbsp;<a href=\"mailto:wirtz@architektur.uni-siegen.de\">wirtz@architektur.uni-siegen.de<\/a>&nbsp;| entgegen.<\/p>\n\n\n<p><\/p>\n\n\n\n<p>Weiter Informationen:<\/p>\n\n\n\n<p><a href=\"https:\/\/www.uni-siegen.de\/start\/kontakt\/datenschutzerklaerung.html\">Datenschutzerkl\u00e4rung der Universit\u00e4t Siegen<\/a><\/p>\n\n\n\n<p><\/p>\n","protected":false},"excerpt":{"rendered":"<p>Lehrgebiet Baukonstruktion + EntwerfenUniv.-Prof\u2019in Sibille Wirtz Paul-Bonatz-Stra\u00dfe 9-1157068 SiegenTel.: 0271 \/ 740 2952 Raum: PB N 001 | Plastikuss Email: |&nbsp;wirtz@architektur.uni-siegen.de&nbsp;| Bei Verweisen (Links) auf andere Internetangebote wird keine Haftung f\u00fcr die Ordnungsm\u00e4\u00dfigkeit, Rechtm\u00e4\u00dfigkeit, Richtigkeit und Funktionst\u00fcchtigkeit der verwiesenen Angebote \u00fcbernommen. Dies gilt ebensfalls f\u00fcr den Fall, dass die Internetseite des Fachgebiets Baukonstruktion &amp; Entwerfen [&hellip;]<\/p>\n","protected":false},"author":474,"featured_media":0,"parent":0,"menu_order":0,"comment_status":"closed","ping_status":"closed","template":"","meta":{"footnotes":""},"class_list":["post-91","page","type-page","status-publish","hentry"],"yoast_head":"<!-- This site is optimized with the Yoast SEO plugin v27.4 - https:\/\/yoast.com\/product\/yoast-seo-wordpress\/ -->\n<title>Impressum - Architekturlehre 1zu1<\/title>\n<meta name=\"robots\" content=\"index, follow, max-snippet:-1, max-image-preview:large, max-video-preview:-1\" \/>\n<link rel=\"canonical\" href=\"https:\/\/blogs.uni-siegen.de\/architekturlehre1zu1\/impressum\/\" \/>\n<meta property=\"og:locale\" content=\"de_DE\" \/>\n<meta property=\"og:type\" content=\"article\" \/>\n<meta property=\"og:title\" content=\"Impressum - Architekturlehre 1zu1\" \/>\n<meta property=\"og:description\" content=\"Lehrgebiet Baukonstruktion + EntwerfenUniv.-Prof\u2019in Sibille Wirtz Paul-Bonatz-Stra\u00dfe 9-1157068 SiegenTel.: 0271 \/ 740 2952 Raum: PB N 001 | Plastikuss Email: |&nbsp;wirtz@architektur.uni-siegen.de&nbsp;| Bei Verweisen (Links) auf andere Internetangebote wird keine Haftung f\u00fcr die Ordnungsm\u00e4\u00dfigkeit, Rechtm\u00e4\u00dfigkeit, Richtigkeit und Funktionst\u00fcchtigkeit der verwiesenen Angebote \u00fcbernommen. Dies gilt ebensfalls f\u00fcr den Fall, dass die Internetseite des Fachgebiets Baukonstruktion &amp; Entwerfen [&hellip;]\" \/>\n<meta property=\"og:url\" content=\"https:\/\/blogs.uni-siegen.de\/architekturlehre1zu1\/impressum\/\" \/>\n<meta property=\"og:site_name\" content=\"Architekturlehre 1zu1\" \/>\n<meta property=\"article:modified_time\" content=\"2021-06-11T09:19:13+00:00\" \/>\n<meta name=\"twitter:card\" content=\"summary_large_image\" \/>\n<meta name=\"twitter:label1\" content=\"Gesch\u00e4tzte Lesezeit\" \/>\n\t<meta name=\"twitter:data1\" content=\"1\u00a0Minute\" \/>\n<script type=\"application\/ld+json\" class=\"yoast-schema-graph\">{\"@context\":\"https:\\\/\\\/schema.org\",\"@graph\":[{\"@type\":\"WebPage\",\"@id\":\"https:\\\/\\\/blogs.uni-siegen.de\\\/architekturlehre1zu1\\\/impressum\\\/\",\"url\":\"https:\\\/\\\/blogs.uni-siegen.de\\\/architekturlehre1zu1\\\/impressum\\\/\",\"name\":\"Impressum - Architekturlehre 1zu1\",\"isPartOf\":{\"@id\":\"https:\\\/\\\/blogs.uni-siegen.de\\\/architekturlehre1zu1\\\/#website\"},\"datePublished\":\"2021-02-23T16:57:08+00:00\",\"dateModified\":\"2021-06-11T09:19:13+00:00\",\"breadcrumb\":{\"@id\":\"https:\\\/\\\/blogs.uni-siegen.de\\\/architekturlehre1zu1\\\/impressum\\\/#breadcrumb\"},\"inLanguage\":\"de\",\"potentialAction\":[{\"@type\":\"ReadAction\",\"target\":[\"https:\\\/\\\/blogs.uni-siegen.de\\\/architekturlehre1zu1\\\/impressum\\\/\"]}]},{\"@type\":\"BreadcrumbList\",\"@id\":\"https:\\\/\\\/blogs.uni-siegen.de\\\/architekturlehre1zu1\\\/impressum\\\/#breadcrumb\",\"itemListElement\":[{\"@type\":\"ListItem\",\"position\":1,\"name\":\"Startseite\",\"item\":\"https:\\\/\\\/blogs.uni-siegen.de\\\/architekturlehre1zu1\\\/\"},{\"@type\":\"ListItem\",\"position\":2,\"name\":\"Impressum\"}]},{\"@type\":\"WebSite\",\"@id\":\"https:\\\/\\\/blogs.uni-siegen.de\\\/architekturlehre1zu1\\\/#website\",\"url\":\"https:\\\/\\\/blogs.uni-siegen.de\\\/architekturlehre1zu1\\\/\",\"name\":\"Architekturlehre 1zu1\",\"description\":\"\",\"publisher\":{\"@id\":\"https:\\\/\\\/blogs.uni-siegen.de\\\/architekturlehre1zu1\\\/#organization\"},\"potentialAction\":[{\"@type\":\"SearchAction\",\"target\":{\"@type\":\"EntryPoint\",\"urlTemplate\":\"https:\\\/\\\/blogs.uni-siegen.de\\\/architekturlehre1zu1\\\/?s={search_term_string}\"},\"query-input\":{\"@type\":\"PropertyValueSpecification\",\"valueRequired\":true,\"valueName\":\"search_term_string\"}}],\"inLanguage\":\"de\"},{\"@type\":\"Organization\",\"@id\":\"https:\\\/\\\/blogs.uni-siegen.de\\\/architekturlehre1zu1\\\/#organization\",\"name\":\"Architekturlehre 1zu1\",\"url\":\"https:\\\/\\\/blogs.uni-siegen.de\\\/architekturlehre1zu1\\\/\",\"logo\":{\"@type\":\"ImageObject\",\"inLanguage\":\"de\",\"@id\":\"https:\\\/\\\/blogs.uni-siegen.de\\\/architekturlehre1zu1\\\/#\\\/schema\\\/logo\\\/image\\\/\",\"url\":\"https:\\\/\\\/blogs.uni-siegen.de\\\/architekturlehre1zu1\\\/files\\\/2021\\\/03\\\/cropped-Logo_\u00dcberarbeitet-3.png\",\"contentUrl\":\"https:\\\/\\\/blogs.uni-siegen.de\\\/architekturlehre1zu1\\\/files\\\/2021\\\/03\\\/cropped-Logo_\u00dcberarbeitet-3.png\",\"width\":3475,\"height\":1232,\"caption\":\"Architekturlehre 1zu1\"},\"image\":{\"@id\":\"https:\\\/\\\/blogs.uni-siegen.de\\\/architekturlehre1zu1\\\/#\\\/schema\\\/logo\\\/image\\\/\"}}]}<\/script>\n<!-- \/ Yoast SEO plugin. -->","yoast_head_json":{"title":"Impressum - Architekturlehre 1zu1","robots":{"index":"index","follow":"follow","max-snippet":"max-snippet:-1","max-image-preview":"max-image-preview:large","max-video-preview":"max-video-preview:-1"},"canonical":"https:\/\/blogs.uni-siegen.de\/architekturlehre1zu1\/impressum\/","og_locale":"de_DE","og_type":"article","og_title":"Impressum - Architekturlehre 1zu1","og_description":"Lehrgebiet Baukonstruktion + EntwerfenUniv.-Prof\u2019in Sibille Wirtz Paul-Bonatz-Stra\u00dfe 9-1157068 SiegenTel.: 0271 \/ 740 2952 Raum: PB N 001 | Plastikuss Email: |&nbsp;wirtz@architektur.uni-siegen.de&nbsp;| Bei Verweisen (Links) auf andere Internetangebote wird keine Haftung f\u00fcr die Ordnungsm\u00e4\u00dfigkeit, Rechtm\u00e4\u00dfigkeit, Richtigkeit und Funktionst\u00fcchtigkeit der verwiesenen Angebote \u00fcbernommen. Dies gilt ebensfalls f\u00fcr den Fall, dass die Internetseite des Fachgebiets Baukonstruktion &amp; Entwerfen [&hellip;]","og_url":"https:\/\/blogs.uni-siegen.de\/architekturlehre1zu1\/impressum\/","og_site_name":"Architekturlehre 1zu1","article_modified_time":"2021-06-11T09:19:13+00:00","twitter_card":"summary_large_image","twitter_misc":{"Gesch\u00e4tzte Lesezeit":"1\u00a0Minute"},"schema":{"@context":"https:\/\/schema.org","@graph":[{"@type":"WebPage","@id":"https:\/\/blogs.uni-siegen.de\/architekturlehre1zu1\/impressum\/","url":"https:\/\/blogs.uni-siegen.de\/architekturlehre1zu1\/impressum\/","name":"Impressum - Architekturlehre 1zu1","isPartOf":{"@id":"https:\/\/blogs.uni-siegen.de\/architekturlehre1zu1\/#website"},"datePublished":"2021-02-23T16:57:08+00:00","dateModified":"2021-06-11T09:19:13+00:00","breadcrumb":{"@id":"https:\/\/blogs.uni-siegen.de\/architekturlehre1zu1\/impressum\/#breadcrumb"},"inLanguage":"de","potentialAction":[{"@type":"ReadAction","target":["https:\/\/blogs.uni-siegen.de\/architekturlehre1zu1\/impressum\/"]}]},{"@type":"BreadcrumbList","@id":"https:\/\/blogs.uni-siegen.de\/architekturlehre1zu1\/impressum\/#breadcrumb","itemListElement":[{"@type":"ListItem","position":1,"name":"Startseite","item":"https:\/\/blogs.uni-siegen.de\/architekturlehre1zu1\/"},{"@type":"ListItem","position":2,"name":"Impressum"}]},{"@type":"WebSite","@id":"https:\/\/blogs.uni-siegen.de\/architekturlehre1zu1\/#website","url":"https:\/\/blogs.uni-siegen.de\/architekturlehre1zu1\/","name":"Architekturlehre 1zu1","description":"","publisher":{"@id":"https:\/\/blogs.uni-siegen.de\/architekturlehre1zu1\/#organization"},"potentialAction":[{"@type":"SearchAction","target":{"@type":"EntryPoint","urlTemplate":"https:\/\/blogs.uni-siegen.de\/architekturlehre1zu1\/?s={search_term_string}"},"query-input":{"@type":"PropertyValueSpecification","valueRequired":true,"valueName":"search_term_string"}}],"inLanguage":"de"},{"@type":"Organization","@id":"https:\/\/blogs.uni-siegen.de\/architekturlehre1zu1\/#organization","name":"Architekturlehre 1zu1","url":"https:\/\/blogs.uni-siegen.de\/architekturlehre1zu1\/","logo":{"@type":"ImageObject","inLanguage":"de","@id":"https:\/\/blogs.uni-siegen.de\/architekturlehre1zu1\/#\/schema\/logo\/image\/","url":"https:\/\/blogs.uni-siegen.de\/architekturlehre1zu1\/files\/2021\/03\/cropped-Logo_\u00dcberarbeitet-3.png","contentUrl":"https:\/\/blogs.uni-siegen.de\/architekturlehre1zu1\/files\/2021\/03\/cropped-Logo_\u00dcberarbeitet-3.png","width":3475,"height":1232,"caption":"Architekturlehre 1zu1"},"image":{"@id":"https:\/\/blogs.uni-siegen.de\/architekturlehre1zu1\/#\/schema\/logo\/image\/"}}]}},"_links":{"self":[{"href":"https:\/\/blogs.uni-siegen.de\/architekturlehre1zu1\/wp-json\/wp\/v2\/pages\/91","targetHints":{"allow":["GET"]}}],"collection":[{"href":"https:\/\/blogs.uni-siegen.de\/architekturlehre1zu1\/wp-json\/wp\/v2\/pages"}],"about":[{"href":"https:\/\/blogs.uni-siegen.de\/architekturlehre1zu1\/wp-json\/wp\/v2\/types\/page"}],"author":[{"embeddable":true,"href":"https:\/\/blogs.uni-siegen.de\/architekturlehre1zu1\/wp-json\/wp\/v2\/users\/474"}],"replies":[{"embeddable":true,"href":"https:\/\/blogs.uni-siegen.de\/architekturlehre1zu1\/wp-json\/wp\/v2\/comments?post=91"}],"version-history":[{"count":9,"href":"https:\/\/blogs.uni-siegen.de\/architekturlehre1zu1\/wp-json\/wp\/v2\/pages\/91\/revisions"}],"predecessor-version":[{"id":1658,"href":"https:\/\/blogs.uni-siegen.de\/architekturlehre1zu1\/wp-json\/wp\/v2\/pages\/91\/revisions\/1658"}],"wp:attachment":[{"href":"https:\/\/blogs.uni-siegen.de\/architekturlehre1zu1\/wp-json\/wp\/v2\/media?parent=91"}],"curies":[{"name":"wp","href":"https:\/\/api.w.org\/{rel}","templated":true}]}}