{"id":1125,"date":"2020-05-11T11:17:13","date_gmt":"2020-05-11T09:17:13","guid":{"rendered":"https:\/\/blogs.uni-siegen.de\/epitexte\/?page_id=1125"},"modified":"2022-10-05T08:37:14","modified_gmt":"2022-10-05T06:37:14","slug":"datenbank","status":"publish","type":"page","link":"https:\/\/blogs.uni-siegen.de\/epitexte\/datenbank\/","title":{"rendered":"Datenbank"},"content":{"rendered":"\n<p>Im Zuge des Arbeitspakets zu <a href=\"https:\/\/blogs.uni-siegen.de\/epitexte\/projekt\/performative-epitexte\/\" data-type=\"page\" data-id=\"21\">performativen Epitexten<\/a> haben wir zahlreiche Mitschnitte von Lyriklesungen im deutschsprachigen Raum angefertig und zusammengetragen. In dieser Datenbank stellen wir Ihnen Informationen zu den entsprechenden Lesungen sowie den einzelnen Gedichten und den dazugeh\u00f6rigen performativen Epitexten zur Verf\u00fcgung.<\/p>\n\n\n\n<p>Geben Sie im Suchfeld einfach die Namen der Lyriker*innen ein, f\u00fcr die Sie sich interessieren, oder suchen Sie nach Gedichttiteln bzw. -B\u00e4nden, Veranstaltungsorten oder -Reihen:<\/p>\n\n\n<form role=\"search\" method=\"get\" action=\"https:\/\/blogs.uni-siegen.de\/epitexte\/\" class=\"wp-block-search__button-outside wp-block-search__text-button wp-block-search\"    ><label class=\"wp-block-search__label\" for=\"wp-block-search__input-1\" >Datenbank durchsuchen<\/label><div class=\"wp-block-search__inside-wrapper \"  style=\"width: 634px\"><input class=\"wp-block-search__input\" id=\"wp-block-search__input-1\" placeholder=\"Lyriker*in, Gedichttitel, Band, Veranstaltungsort, ...\" value=\"\" type=\"search\" name=\"s\" required \/><button aria-label=\"Suchen\" class=\"wp-block-search__button wp-element-button\" type=\"submit\" >Suchen<\/button><\/div><\/form>\n\n\n<div style=\"height:33px\" aria-hidden=\"true\" class=\"wp-block-spacer\"><\/div>\n\n\n\n<p>Wenn Sie einen unserer Mitschnitte zu Forschungszwecken nutzen m\u00f6chten, wenden Sie sich bitte mit einer kurzen Beschreibung Ihres Vorhabens an <a href=\"mailto:doering@germanistik.uni-siegen.de\">Prof. Dr. J\u00f6rg D\u00f6ring<\/a>.<\/p>\n\n\n\n<p>Weitere Hinweise zur Nutzung unserer Datenbank finden Sie <a href=\"https:\/\/blogs.uni-siegen.de\/epitexte\/hinweise-zur-benutzung\/\">hier<\/a>.<\/p>\n\n\n\n<pre class=\"wp-block-verse\">Die Datenbank befindet sich derzeit noch im Aufbau. Mit der Zeit werden Eintr\u00e4ge zu weiteren Lesungsmitschnitten erg\u00e4nzt und die Suchfunktion optimiert.<\/pre>\n\n\n\n<p class=\"has-text-align-right\"><a href=\"http:\/\/blogs.uni-siegen.de\/epitexte\/Datenbank\/#top\">\u2191<\/a><\/p>\n","protected":false},"excerpt":{"rendered":"<p>Im Zuge des Arbeitspakets zu performativen Epitexten haben wir zahlreiche Mitschnitte von Lyriklesungen im deutschsprachigen Raum angefertig und zusammengetragen. In dieser Datenbank stellen wir Ihnen Informationen zu den entsprechenden Lesungen sowie den einzelnen Gedichten und den dazugeh\u00f6rigen performativen Epitexten zur Verf\u00fcgung. Geben Sie im Suchfeld einfach die Namen der Lyriker*innen ein, f\u00fcr die Sie sich &hellip; <a href=\"https:\/\/blogs.uni-siegen.de\/epitexte\/datenbank\/\" class=\"more-link\"><span class=\"screen-reader-text\">Datenbank<\/span> weiterlesen <span class=\"meta-nav\">&rarr;<\/span><\/a><\/p>\n","protected":false},"author":420,"featured_media":0,"parent":0,"menu_order":0,"comment_status":"closed","ping_status":"closed","template":"","meta":{"footnotes":""},"class_list":["post-1125","page","type-page","status-publish","hentry"],"_links":{"self":[{"href":"https:\/\/blogs.uni-siegen.de\/epitexte\/wp-json\/wp\/v2\/pages\/1125","targetHints":{"allow":["GET"]}}],"collection":[{"href":"https:\/\/blogs.uni-siegen.de\/epitexte\/wp-json\/wp\/v2\/pages"}],"about":[{"href":"https:\/\/blogs.uni-siegen.de\/epitexte\/wp-json\/wp\/v2\/types\/page"}],"author":[{"embeddable":true,"href":"https:\/\/blogs.uni-siegen.de\/epitexte\/wp-json\/wp\/v2\/users\/420"}],"replies":[{"embeddable":true,"href":"https:\/\/blogs.uni-siegen.de\/epitexte\/wp-json\/wp\/v2\/comments?post=1125"}],"version-history":[{"count":17,"href":"https:\/\/blogs.uni-siegen.de\/epitexte\/wp-json\/wp\/v2\/pages\/1125\/revisions"}],"predecessor-version":[{"id":2323,"href":"https:\/\/blogs.uni-siegen.de\/epitexte\/wp-json\/wp\/v2\/pages\/1125\/revisions\/2323"}],"wp:attachment":[{"href":"https:\/\/blogs.uni-siegen.de\/epitexte\/wp-json\/wp\/v2\/media?parent=1125"}],"curies":[{"name":"wp","href":"https:\/\/api.w.org\/{rel}","templated":true}]}}