{"id":114,"date":"2020-05-11T13:42:21","date_gmt":"2020-05-11T11:42:21","guid":{"rendered":"http:\/\/blogs.uni-siegen.de\/epitexte\/?page_id=114"},"modified":"2023-01-04T14:54:27","modified_gmt":"2023-01-04T13:54:27","slug":"impressum","status":"publish","type":"page","link":"https:\/\/blogs.uni-siegen.de\/epitexte\/impressum\/","title":{"rendered":"Impressum"},"content":{"rendered":"<h3 id=\"imp-top\">Kontakt<\/h3>\n\n\n<p>Prof. Dr. J\u00f6rg D\u00f6ring<br>Universit\u00e4t Siegen<br>H\u00f6lderlinstr. 3<br>D-57076 Siegen<\/p>\n\n\n\n<p>Telefon: +49 (0) 271-740-4712 (Sekretariat)<br>E-Mail: doering [at] germanistik.uni-siegen.de<\/p>\n\n\n\n<div style=\"height:20px\" aria-hidden=\"true\" class=\"wp-block-spacer\"><\/div>\n\n\n\n<h3 class=\"wp-block-heading\">Webmaster<\/h3>\n\n\n\n<p>Nora Manz, M.A.<br>E-Mail: manz.epitexte [at] posteo.de<\/p>\n\n\n\n<div style=\"height:20px\" aria-hidden=\"true\" class=\"wp-block-spacer\"><\/div>\n\n\n\n<h3 class=\"wp-block-heading\">Haftung f\u00fcr Links<\/h3>\n\n\n\n<p>Unser Angebot enth\u00e4lt Links zu externen Webseiten Dritter, auf deren Inhalte wir keinen Einfluss haben. Deshalb k\u00f6nnen wir f\u00fcr diese fremden Inhalte auch keine Gew\u00e4hr \u00fcbernehmen. F\u00fcr die Inhalte der verlinkten Seiten sind stets die jeweiligen Anbieter*innen oder Betreiber*innen der Seiten verantwortlich. Die verlinkten Seiten wurden zum Zeitpunkt der Verlinkung auf m\u00f6gliche Rechtsverst\u00f6\u00dfe \u00fcberpr\u00fcft. Rechtswidrige Inhalte waren zum Zeitpunkt der Verlinkung nicht erkennbar.<br>Eine permanente inhaltliche Kontrolle der verlinkten Seiten ist jedoch ohne konkrete Anhaltspunkte einer Rechtsverletzung nicht zumutbar. Bei Bekanntwerden von Rechtsverletzungen werden wir derartige Links umgehend entfernen.<\/p>\n\n\n\n<div style=\"height:20px\" aria-hidden=\"true\" class=\"wp-block-spacer\"><\/div>\n\n\n\n<h3 class=\"wp-block-heading\">Bildnachweise<\/h3>\n\n\n\n<p><strong>Header:<\/strong> Sharon McCutcheon (<a rel=\"noreferrer noopener\" href=\"https:\/\/unsplash.com\/photos\/eMP4sYPJ9x0\" target=\"_blank\">unsplash.com<\/a>)<br><strong>Startseite:<\/strong> Patrick Tomasso (<a rel=\"noreferrer noopener\" href=\"https:\/\/unsplash.com\/photos\/Oaqk7qqNh_c\" target=\"_blank\">unsplash.com<\/a>)<br><strong>Performative Epitexte:<\/strong> Kritzolina (<a rel=\"noreferrer noopener\" href=\"https:\/\/commons.wikimedia.org\/w\/index.php?curid=77535363\" target=\"_blank\">wikimedia commons<\/a>)<br><strong>Team\/Ver\u00f6ffentlichungen:<\/strong> Laura Chouette (<a rel=\"noreferrer noopener\" href=\"https:\/\/unsplash.com\/photos\/6tdfx_gvHf0\" target=\"_blank\">unsplash.com<\/a>)<br><strong>J\u00f6rg D\u00f6ring:<\/strong> privat<br><strong>Thomas Wegmann:<\/strong> privat<br><strong>Nora Manz:<\/strong> privat; Boberger (<a rel=\"noreferrer noopener\" href=\"https:\/\/commons.wikimedia.org\/w\/index.php?curid=16826247\" target=\"_blank\">wikimedia commons<\/a>)<br><strong>Max Mayr:<\/strong> privat<br><strong>Anna Obererlacher:<\/strong> privat<br><strong>Manuel Kleffner:<\/strong> privat<br><strong>Verweise:<\/strong> Markus Spiske (<a rel=\"noreferrer noopener\" href=\"https:\/\/unsplash.com\/photos\/iar-afB0QQw\" target=\"_blank\">unsplash.com<\/a>)<br><strong>Lyrik h\u00f6ren:&nbsp;<\/strong>Amrei-Marie (<a rel=\"noreferrer noopener\" href=\"https:\/\/commons.wikimedia.org\/w\/index.php?curid=35031235\" target=\"_blank\">wikimedia commons<\/a>)<\/p>\n\n\n\n<div style=\"height:20px\" aria-hidden=\"true\" class=\"wp-block-spacer\"><\/div>\n\n\n\n<h3 class=\"wp-block-heading\">Impressum\/Datenschutz<\/h3>\n\n\n\n<p>Diese Webseite wird betrieben durch die <a rel=\"noreferrer noopener\" href=\"http:\/\/www.uni-siegen.de\" target=\"_blank\">Universit\u00e4t Siegen<\/a>. Es gelten das <a rel=\"noreferrer noopener\" href=\"http:\/\/www.uni-siegen.de\/start\/kontakt\/impressum.html\" target=\"_blank\">Impressum<\/a> und die <a rel=\"noreferrer noopener\" href=\"http:\/\/www.uni-siegen.de\/start\/kontakt\/datenschutzerklaerung.html\" target=\"_blank\">Datenschutzerkl\u00e4rung<\/a> der Universit\u00e4t Siegen.<\/p>\n\n\n\n<p class=\"has-text-align-right\"><a href=\"http:\/\/blogs.uni-siegen.de\/epitexte\/impressum\/#top\">\u2191<\/a><\/p>\n","protected":false},"excerpt":{"rendered":"<p>Kontakt Prof. Dr. J\u00f6rg D\u00f6ringUniversit\u00e4t SiegenH\u00f6lderlinstr. 3D-57076 Siegen Telefon: +49 (0) 271-740-4712 (Sekretariat)E-Mail: doering [at] germanistik.uni-siegen.de Webmaster Nora Manz, M.A.E-Mail: manz.epitexte [at] posteo.de Haftung f\u00fcr Links Unser Angebot enth\u00e4lt Links zu externen Webseiten Dritter, auf deren Inhalte wir keinen Einfluss haben. Deshalb k\u00f6nnen wir f\u00fcr diese fremden Inhalte auch keine Gew\u00e4hr \u00fcbernehmen. F\u00fcr die Inhalte &hellip; <a href=\"https:\/\/blogs.uni-siegen.de\/epitexte\/impressum\/\" class=\"more-link\"><span class=\"screen-reader-text\">Impressum<\/span> weiterlesen <span class=\"meta-nav\">&rarr;<\/span><\/a><\/p>\n","protected":false},"author":420,"featured_media":0,"parent":0,"menu_order":0,"comment_status":"closed","ping_status":"closed","template":"","meta":{"footnotes":""},"class_list":["post-114","page","type-page","status-publish","hentry"],"_links":{"self":[{"href":"https:\/\/blogs.uni-siegen.de\/epitexte\/wp-json\/wp\/v2\/pages\/114","targetHints":{"allow":["GET"]}}],"collection":[{"href":"https:\/\/blogs.uni-siegen.de\/epitexte\/wp-json\/wp\/v2\/pages"}],"about":[{"href":"https:\/\/blogs.uni-siegen.de\/epitexte\/wp-json\/wp\/v2\/types\/page"}],"author":[{"embeddable":true,"href":"https:\/\/blogs.uni-siegen.de\/epitexte\/wp-json\/wp\/v2\/users\/420"}],"replies":[{"embeddable":true,"href":"https:\/\/blogs.uni-siegen.de\/epitexte\/wp-json\/wp\/v2\/comments?post=114"}],"version-history":[{"count":16,"href":"https:\/\/blogs.uni-siegen.de\/epitexte\/wp-json\/wp\/v2\/pages\/114\/revisions"}],"predecessor-version":[{"id":2819,"href":"https:\/\/blogs.uni-siegen.de\/epitexte\/wp-json\/wp\/v2\/pages\/114\/revisions\/2819"}],"wp:attachment":[{"href":"https:\/\/blogs.uni-siegen.de\/epitexte\/wp-json\/wp\/v2\/media?parent=114"}],"curies":[{"name":"wp","href":"https:\/\/api.w.org\/{rel}","templated":true}]}}