{"id":17,"date":"2020-05-11T12:40:54","date_gmt":"2020-05-11T10:40:54","guid":{"rendered":"http:\/\/blogs.uni-siegen.de\/epitexte\/?page_id=17"},"modified":"2022-07-04T12:50:20","modified_gmt":"2022-07-04T10:50:20","slug":"verweise","status":"publish","type":"page","link":"https:\/\/blogs.uni-siegen.de\/epitexte\/verweise\/","title":{"rendered":"Verweise"},"content":{"rendered":"\n<p>Hier m\u00f6chten wir Verweise auf andere Seiten b\u00fcndeln, die f\u00fcr unsere einzelnen Forschungsthemen interessant sind.<\/p>\n\n\n\n<p>Aktuell finden sich hier eine Liste mit Links zu denjenigen <a href=\"https:\/\/blogs.uni-siegen.de\/epitexte\/verweise\/literaturpreise\/\">Literaturpreisen<\/a>, deren Reden im Arbeitspaket <a href=\"https:\/\/blogs.uni-siegen.de\/epitexte\/projekt\/ritualisierte-epitexte\/\">Ritualisierte Epitexte<\/a> untersucht werden, sowie eine Sammlung von Websites, die <a href=\"https:\/\/blogs.uni-siegen.de\/epitexte\/verweise\/lyrik-hoeren\/\">Lyrik im Internet <\/a>klanglich erfahrbar machen.<\/p>\n","protected":false},"excerpt":{"rendered":"<p>Hier m\u00f6chten wir Verweise auf andere Seiten b\u00fcndeln, die f\u00fcr unsere einzelnen Forschungsthemen interessant sind. Aktuell finden sich hier eine Liste mit Links zu denjenigen Literaturpreisen, deren Reden im Arbeitspaket Ritualisierte Epitexte untersucht werden, sowie eine Sammlung von Websites, die Lyrik im Internet klanglich erfahrbar machen.<\/p>\n","protected":false},"author":420,"featured_media":0,"parent":0,"menu_order":0,"comment_status":"closed","ping_status":"closed","template":"","meta":{"footnotes":""},"class_list":["post-17","page","type-page","status-publish","hentry"],"_links":{"self":[{"href":"https:\/\/blogs.uni-siegen.de\/epitexte\/wp-json\/wp\/v2\/pages\/17","targetHints":{"allow":["GET"]}}],"collection":[{"href":"https:\/\/blogs.uni-siegen.de\/epitexte\/wp-json\/wp\/v2\/pages"}],"about":[{"href":"https:\/\/blogs.uni-siegen.de\/epitexte\/wp-json\/wp\/v2\/types\/page"}],"author":[{"embeddable":true,"href":"https:\/\/blogs.uni-siegen.de\/epitexte\/wp-json\/wp\/v2\/users\/420"}],"replies":[{"embeddable":true,"href":"https:\/\/blogs.uni-siegen.de\/epitexte\/wp-json\/wp\/v2\/comments?post=17"}],"version-history":[{"count":14,"href":"https:\/\/blogs.uni-siegen.de\/epitexte\/wp-json\/wp\/v2\/pages\/17\/revisions"}],"predecessor-version":[{"id":2346,"href":"https:\/\/blogs.uni-siegen.de\/epitexte\/wp-json\/wp\/v2\/pages\/17\/revisions\/2346"}],"wp:attachment":[{"href":"https:\/\/blogs.uni-siegen.de\/epitexte\/wp-json\/wp\/v2\/media?parent=17"}],"curies":[{"name":"wp","href":"https:\/\/api.w.org\/{rel}","templated":true}]}}