{"id":2,"date":"2020-05-11T11:44:15","date_gmt":"2020-05-11T09:44:15","guid":{"rendered":"http:\/\/blogs.uni-siegen.de\/epitexte\/?page_id=2"},"modified":"2024-06-09T09:27:10","modified_gmt":"2024-06-09T07:27:10","slug":"beispiel-seite","status":"publish","type":"page","link":"https:\/\/blogs.uni-siegen.de\/epitexte\/","title":{"rendered":"Auktoriale Epitexte"},"content":{"rendered":"<h3>Formen und Funktionen auktorialer Epitexte<br \/>im literarischen Feld der Gegenwart<\/h3>\n\n\n<p><strong>Ein gemeinsames Forschungsprojekt der <a rel=\"noreferrer noopener\" href=\"https:\/\/www.uibk.ac.at\/projects\/epitexte\/\" target=\"_blank\">Universit\u00e4ten Innsbruck<\/a> und <a rel=\"noreferrer noopener\" href=\"https:\/\/www.uni-siegen.de\/phil\/germanistik\/forschung\/forschungsprojekte\/?lang=de\" target=\"_blank\">Siegen<\/a>.<br>Gef\u00f6rdert vom \u00f6sterreichischen <a rel=\"noreferrer noopener\" href=\"https:\/\/pf.fwf.ac.at\/de\/wissenschaft-konkret\/project-finder?search%5Bwhat%5D=formen+und+funktionen+auktorialer+epitexte&amp;search%5Bpromotion_category_id%5D%5B%5D=&amp;search%5Bcall%5D=&amp;search%5Bproject_number%5D=&amp;search%5Bdecision_board_ids%5D=&amp;search%5Bproject_title%5D=&amp;search%5Blead_firstname%5D=&amp;search%5Blead_lastname%5D=&amp;search%5Bresearch_place_kind%5D%5B%5D=&amp;search%5Binstitute_name%5D=&amp;search%5Bstart_date%5D=&amp;search%5Bend_date%5D=&amp;search%5Bgrant_years%5D%5B%5D=&amp;search%5Bstatus_id%5D=&amp;search%5Bscience_discipline_id%5D=&amp;search%5Bper_page%5D=10#search-results\" target=\"_blank\">FWF<\/a> und der <a rel=\"noreferrer noopener\" href=\"https:\/\/gepris.dfg.de\/gepris\/projekt\/425796101?context=projekt&amp;task=showDetail&amp;id=425796101&amp;\" target=\"_blank\">DFG<\/a>.<\/strong><\/p>\n\n\n<div class=\"wp-block-image\">\n<figure class=\"aligncenter size-large\"><img loading=\"lazy\" decoding=\"async\" width=\"1024\" height=\"361\" src=\"http:\/\/blogs.uni-siegen.de\/epitexte\/files\/2020\/05\/patrick-tomasso-Oaqk7qqNh_c-unsplash_klein-1024x361.jpg\" alt=\"\" class=\"wp-image-425\" title=\"(unsplash)\" srcset=\"https:\/\/blogs.uni-siegen.de\/epitexte\/files\/2020\/05\/patrick-tomasso-Oaqk7qqNh_c-unsplash_klein-1024x361.jpg 1024w, https:\/\/blogs.uni-siegen.de\/epitexte\/files\/2020\/05\/patrick-tomasso-Oaqk7qqNh_c-unsplash_klein-300x106.jpg 300w, https:\/\/blogs.uni-siegen.de\/epitexte\/files\/2020\/05\/patrick-tomasso-Oaqk7qqNh_c-unsplash_klein-768x271.jpg 768w\" sizes=\"auto, (max-width: 1024px) 100vw, 1024px\" \/><\/figure><\/div>\n\n\n<p>Wie erweitern und ver\u00e4ndern sich seit 2000 die Formen und Funktionen auktorialer Epitexte in einem professionalisierten literarischen Feld mit ver\u00e4nderten medialen Bedingungen und M\u00f6glichkeiten hinsichtlich der Inszenierung und Rolle von Autor*innenschaft sowie der Korrelation von Autor*in und Werk? Das ist, zugespitzt formuliert, die zentrale forschungsleitende Frage. Dabei ist davon auszugehen, dass sich sowohl die Quantit\u00e4t als auch das Spektrum dieser Variante von Paratextualit\u00e4t mit Blick auf die deutschsprachige Gegenwartsliteratur signifikant erweitert hat, worauf verschiedene Indikatoren hinweisen.<\/p>\n\n\n\n<p>Auf dieser Website finden Sie neben Informationen zum <a href=\"https:\/\/blogs.uni-siegen.de\/epitexte\/projekt\/\">Projekt<\/a> und zu unserem <a href=\"https:\/\/blogs.uni-siegen.de\/epitexte\/team\/\">Team<\/a> einen \u00dcberblick \u00fcber unsere <a href=\"https:\/\/blogs.uni-siegen.de\/epitexte\/aktivitaeten\/\">Aktivit\u00e4ten<\/a> sowie verschiedene <a href=\"https:\/\/blogs.uni-siegen.de\/epitexte\/verweise\/\">Verweise<\/a>.<\/p>\n\n\n\n<p class=\"has-light-brown-background-color has-background\"><strong>Jetzt erschienen:<\/strong><br>Thomas Wegmann, J\u00f6rg D\u00f6ring, Nora Manz, Max Mayr, Anna Obererlacher (Hgg.): <em>Formen und Funktionen auktorialer Epitexte im literarischen Feld der Gegenwart<\/em>, Berlin\/Boston 2024. DOI: <a href=\"https:\/\/doi.org\/10.1515\/9783111322537\" target=\"_blank\" rel=\"noreferrer noopener\">https:\/\/doi.org\/10.1515\/9783111322537<\/a>.<\/p>\n","protected":false},"excerpt":{"rendered":"<p>Formen und Funktionen auktorialer Epitexteim literarischen Feld der Gegenwart Ein gemeinsames Forschungsprojekt der Universit\u00e4ten Innsbruck und Siegen.Gef\u00f6rdert vom \u00f6sterreichischen FWF und der DFG. Wie erweitern und ver\u00e4ndern sich seit 2000 die Formen und Funktionen auktorialer Epitexte in einem professionalisierten literarischen Feld mit ver\u00e4nderten medialen Bedingungen und M\u00f6glichkeiten hinsichtlich der Inszenierung und Rolle von Autor*innenschaft sowie &hellip; <a href=\"https:\/\/blogs.uni-siegen.de\/epitexte\/\" class=\"more-link\"><span class=\"screen-reader-text\">Auktoriale Epitexte<\/span> weiterlesen <span class=\"meta-nav\">&rarr;<\/span><\/a><\/p>\n","protected":false},"author":145,"featured_media":0,"parent":0,"menu_order":0,"comment_status":"closed","ping_status":"open","template":"","meta":{"footnotes":""},"class_list":["post-2","page","type-page","status-publish","hentry"],"_links":{"self":[{"href":"https:\/\/blogs.uni-siegen.de\/epitexte\/wp-json\/wp\/v2\/pages\/2","targetHints":{"allow":["GET"]}}],"collection":[{"href":"https:\/\/blogs.uni-siegen.de\/epitexte\/wp-json\/wp\/v2\/pages"}],"about":[{"href":"https:\/\/blogs.uni-siegen.de\/epitexte\/wp-json\/wp\/v2\/types\/page"}],"author":[{"embeddable":true,"href":"https:\/\/blogs.uni-siegen.de\/epitexte\/wp-json\/wp\/v2\/users\/145"}],"replies":[{"embeddable":true,"href":"https:\/\/blogs.uni-siegen.de\/epitexte\/wp-json\/wp\/v2\/comments?post=2"}],"version-history":[{"count":16,"href":"https:\/\/blogs.uni-siegen.de\/epitexte\/wp-json\/wp\/v2\/pages\/2\/revisions"}],"predecessor-version":[{"id":5074,"href":"https:\/\/blogs.uni-siegen.de\/epitexte\/wp-json\/wp\/v2\/pages\/2\/revisions\/5074"}],"wp:attachment":[{"href":"https:\/\/blogs.uni-siegen.de\/epitexte\/wp-json\/wp\/v2\/media?parent=2"}],"curies":[{"name":"wp","href":"https:\/\/api.w.org\/{rel}","templated":true}]}}