{"id":2279,"date":"2020-05-11T10:25:41","date_gmt":"2020-05-11T08:25:41","guid":{"rendered":"https:\/\/blogs.uni-siegen.de\/epitexte\/?page_id=2279"},"modified":"2022-10-05T08:37:59","modified_gmt":"2022-10-05T06:37:59","slug":"programm","status":"publish","type":"page","link":"https:\/\/blogs.uni-siegen.de\/epitexte\/tagung\/programm\/","title":{"rendered":"Programm"},"content":{"rendered":"\n<h3 class=\"wp-block-heading\">\u201eIrgendwo au\u00dferhalb des Buches\u201c? \u2013 \u00dcber Formen und Funktionen auktorialer Epitexte im literarischen Feld der Gegenwart<\/h3>\n\n\n\n<p><a href=\"https:\/\/blogs.uni-siegen.de\/epitexte\/files\/2022\/07\/Tagungsprogramm_Irgendwo-ausserhalb-des-Buches_Innsbruck_9-22.pdf\"><u>Hier<\/u><\/a> k\u00f6nnen Sie den Programmflyer ansehen und <a href=\"https:\/\/blogs.uni-siegen.de\/epitexte\/files\/2022\/07\/Info_Irgendwo-ausserhalb-des-Buches_20-bis-22-September-22_aktuell.pdf\"><u>hier<\/u><\/a> finden Sie eine ausf\u00fchrliche Beschreibung der Tagung.\u00a0Der Tagungsbericht erscheint in der Zeitschrift f\u00fcr Germanistik.<\/p>\n\n\n\n<figure class=\"wp-block-table\"><table><tbody><tr><td><strong>20.9.2022<\/strong><\/td><td><strong>Er\u00f6ffnung<\/strong><\/td><td class=\"has-text-align-left\" data-align=\"left\"><\/td><\/tr><tr><td>9:30 Uhr<br><br><\/td><td>Ulrike Tanzer <br>(VR f. Forschung),<br>Gerhard Pisek <br>(Studiendekan),<br>Organisator*innen<\/td><td class=\"has-text-align-left\" data-align=\"left\"><em>Gru\u00dfworte und Einf\u00fchrung<\/em><\/td><\/tr><tr><td><\/td><td><br><\/td><td class=\"has-text-align-left\" data-align=\"left\"><\/td><\/tr><tr><td><\/td><td><strong>Epitexte beobachten<\/strong><br>Mod.: Max Mayr<\/td><td class=\"has-text-align-left\" data-align=\"left\"><\/td><\/tr><tr><td>10:15 Uhr<br><br><\/td><td>Steffen Martus,<br>Berlin<\/td><td class=\"has-text-align-left\" data-align=\"left\"><a rel=\"noreferrer noopener\" href=\"https:\/\/blogs.uni-siegen.de\/epitexte\/files\/2022\/07\/Martus_Steffen_Abstract.pdf\" target=\"_blank\"><em><strong>\u201eBl\u00f6der Broiler, Promi-Tussi, Wetterfee, Pop-Literatin, \u201aKulturweltspiegel\u2018- Moderatorin\u201c: <\/strong><\/em><br><em>Else Buschheuer und die Epitextkultur \u201aum 2000\u2018<\/em><\/a><\/td><\/tr><tr><td>11:00 Uhr<br><br><\/td><td>Emmanuel Heman,<br>Basel<\/td><td class=\"has-text-align-left\" data-align=\"left\"><a href=\"https:\/\/blogs.uni-siegen.de\/epitexte\/files\/2022\/07\/Heman_Emmanuel_Abstract-.pdf\" target=\"_blank\" rel=\"noreferrer noopener\"><em><strong>Selbstdeutungen als Rezeptionslenkung der Literaturwissenschaft<\/strong><\/em><br><em>\u00dcberlegungen zu auktorialen Epitexten aus dem Feld des historischen Romans<\/em><\/a><\/td><\/tr><tr><td>11:45 Uhr<\/td><td>Tee- und Kaffeepause<\/td><td class=\"has-text-align-left\" data-align=\"left\"><\/td><\/tr><tr><td>12:15 Uhr<br><br><\/td><td>Tanja Angela Kunz,<br>Bielefeld<\/td><td class=\"has-text-align-left\" data-align=\"left\"><a rel=\"noreferrer noopener\" href=\"https:\/\/blogs.uni-siegen.de\/epitexte\/files\/2022\/07\/Kunz_Tanja_Abstrac.pdf\" target=\"_blank\"><em><strong>Engagement oder aufmerksamkeits\u00f6konomische Strategie?<\/strong><\/em><br><em>Zum epitextuellen Stellenwert gesellschaftskritischer \u00c4u\u00dferungen bei Lukas B\u00e4rfu\u00df, Sibylle Berg und Monika Maron<\/em><\/a><\/td><\/tr><tr><td>13:00 Uhr<\/td><td>Mittagspause<\/td><td class=\"has-text-align-left\" data-align=\"left\"><\/td><\/tr><tr><td><\/td><td><br><\/td><td class=\"has-text-align-left\" data-align=\"left\"><\/td><\/tr><tr><td><\/td><td><strong>Fingierte Epitexte<\/strong><br>Mod.: Anna Obererlacher<\/td><td class=\"has-text-align-left\" data-align=\"left\"><\/td><\/tr><tr><td>14:30 Uhr<\/td><td>Anna Obererlacher<\/td><td class=\"has-text-align-left\" data-align=\"left\"><em>Einf\u00fchrung<\/em><\/td><\/tr><tr><td>14:45 Uhr<br><br><\/td><td>Torsten Hoffmann,<br>Stuttgart<\/td><td class=\"has-text-align-left\" data-align=\"left\"><a rel=\"noreferrer noopener\" href=\"https:\/\/blogs.uni-siegen.de\/epitexte\/files\/2022\/07\/Hoffmann_Torsten_Abstract.pdf\" target=\"_blank\"><em><strong>Die Kunst des O-Tons<\/strong><\/em><br><em>Zur Entparatextualisierung des Interviews<\/em><\/a><\/td><\/tr><tr><td>15:30 Uhr<br><br><\/td><td>Dorothea Walzer,<br>Bochum<\/td><td class=\"has-text-align-left\" data-align=\"left\"><a href=\"https:\/\/blogs.uni-siegen.de\/epitexte\/files\/2022\/07\/Walzer_Dorothea_Abstract.pdf\" target=\"_blank\" rel=\"noreferrer noopener\"><em><strong>Bot-Interviews<\/strong><\/em><br><em>Auktoriale Epitexte und der ,posthumane Pakt\u2018<\/em><\/a><\/td><\/tr><tr><td>16:15 Uhr<\/td><td>Tee- und Kaffeepause<\/td><td class=\"has-text-align-left\" data-align=\"left\"><\/td><\/tr><tr><td>16:45 Uhr<br><br><\/td><td>Amelie Zimmermann,<br>Passau<\/td><td class=\"has-text-align-left\" data-align=\"left\"><em><a rel=\"noreferrer noopener\" href=\"https:\/\/blogs.uni-siegen.de\/epitexte\/files\/2022\/07\/Zimmermann_Amelie_Abstract.pdf\" target=\"_blank\"><strong>Der transmediale Paratext als paradoxes Fiktionssignal<\/strong><\/a><\/em><\/td><\/tr><tr><td>17:30 Uhr<\/td><td>Ende<\/td><td class=\"has-text-align-left\" data-align=\"left\"><\/td><\/tr><tr><td><\/td><td><br><\/td><td class=\"has-text-align-left\" data-align=\"left\"><\/td><\/tr><tr><td><strong>21.9.2022<\/strong><br><br><\/td><td><strong>Performative Epitexte<\/strong><br>Mod.: J\u00f6rg D\u00f6ring<\/td><td class=\"has-text-align-left\" data-align=\"left\"><\/td><\/tr><tr><td>10:00 Uhr<\/td><td>J\u00f6rg D\u00f6ring<\/td><td class=\"has-text-align-left\" data-align=\"left\"><em>Einf\u00fchrung<\/em><\/td><\/tr><tr><td>10:15 Uhr<br><br><\/td><td>Christian Metz,<br>Aachen<\/td><td class=\"has-text-align-left\" data-align=\"left\"><a href=\"https:\/\/blogs.uni-siegen.de\/epitexte\/files\/2022\/07\/Metz_Christian_Abstract.pdf\" target=\"_blank\" rel=\"noreferrer noopener\"><em><em><strong>\u201eperform the storm\u201c<\/strong><\/em><\/em><br><em><em>Zur besonderen&nbsp;Energetik&nbsp;von Lyriklesungen<\/em><\/em><\/a><\/td><\/tr><tr><td>11:00 Uhr<br><br><\/td><td>Lena Hintze,<br>Berlin<\/td><td class=\"has-text-align-left\" data-align=\"left\"><a href=\"https:\/\/blogs.uni-siegen.de\/epitexte\/files\/2022\/07\/Hintze_Lena_Abstract-.pdf\" target=\"_blank\" rel=\"noreferrer noopener\"><em><strong>Referenzfl\u00e4chen<\/strong><\/em><br><em>Potenzierte (?) performative Epitexte bei Mara Genschel<\/em><\/a><\/td><\/tr><tr><td>11:45 Uhr<\/td><td>Tee- und Kaffeepause<\/td><td class=\"has-text-align-left\" data-align=\"left\"><\/td><\/tr><tr><td>12:15 Uhr<br><\/td><td>Sonja Lewandowski,<br>K\u00f6ln<\/td><td class=\"has-text-align-left\" data-align=\"left\"><a href=\"https:\/\/blogs.uni-siegen.de\/epitexte\/files\/2022\/07\/Lewandowski_Sonja_Abstract_.pdf\" target=\"_blank\" rel=\"noreferrer noopener\"><em><strong>\u201eich hoffe, ihr liegt bequem&#8220;<\/strong> <\/em><br><em>Digitale Begegnungspraktiken und performative Epitexte beim ersten digitalen Prosanova-Festival 2020<\/em><\/a><\/td><\/tr><tr><td>13:00 Uhr<\/td><td>Mittagspause<\/td><td class=\"has-text-align-left\" data-align=\"left\"><\/td><\/tr><tr><td><\/td><td><br><\/td><td class=\"has-text-align-left\" data-align=\"left\"><\/td><\/tr><tr><td><\/td><td><strong>Digitale Epitexte<\/strong><br>Mod.: Nora Manz<\/td><td class=\"has-text-align-left\" data-align=\"left\"><\/td><\/tr><tr><td>14:30 Uhr<\/td><td>Nora Manz<\/td><td class=\"has-text-align-left\" data-align=\"left\"><em>Einf\u00fchrung<\/em><\/td><\/tr><tr><td>14:45 Uhr<br><br><\/td><td>Johannes Franzen,<br>Siegen<\/td><td class=\"has-text-align-left\" data-align=\"left\"><a rel=\"noreferrer noopener\" href=\"https:\/\/blogs.uni-siegen.de\/epitexte\/files\/2022\/07\/Franzen_Johannes_Abstract.pdf\" target=\"_blank\"><em><strong>Der Autor als Influencer<\/strong><\/em><br><em>Auktoriale Epitexte in der digitalen Aufmerksamkeits\u00f6konomie<\/em><\/a><\/td><\/tr><tr><td>15:30 Uhr<br><br><\/td><td>Magdalena Korecka &amp; Henrik Wehmeier, Hamburg<\/td><td class=\"has-text-align-left\" data-align=\"left\"><a rel=\"noreferrer noopener\" href=\"https:\/\/blogs.uni-siegen.de\/epitexte\/files\/2022\/07\/Korecka-Wehmeier_Abstract.pdf\" target=\"_blank\"><em><strong>Die inszenierte Erf\u00fcllung des lyrischen Ich(s)?<\/strong><\/em><br><em>Epitextuelle Authentifizierungen von Instapoet:innen<\/em><\/a><\/td><\/tr><tr><td>16:15 Uhr<\/td><td>Tee- und Kaffeepause<\/td><td class=\"has-text-align-left\" data-align=\"left\"><\/td><\/tr><tr><td>16:45 Uhr<br><br><\/td><td>Caterina Richter,<br>Graz<\/td><td class=\"has-text-align-left\" data-align=\"left\"><a rel=\"noreferrer noopener\" href=\"https:\/\/blogs.uni-siegen.de\/epitexte\/files\/2022\/07\/Richter_Caterina_Abstract.pdf\" target=\"_blank\"><em><em><em><strong>Form Follows Function <\/strong><\/em><\/em><\/em><br><em><em><em>Funktionen digitaler Epitexte auf der Plattform _Instagram_<\/em><\/em><\/em><\/a><\/td><\/tr><tr><td>17:30 Uhr<\/td><td>Ende<\/td><td class=\"has-text-align-left\" data-align=\"left\"><\/td><\/tr><tr><td><\/td><td><br><\/td><td class=\"has-text-align-left\" data-align=\"left\"><\/td><\/tr><tr><td><strong>22.9.2022<\/strong><br><br><\/td><td><strong>Ritualisierte Epitexte<\/strong><br>Mod.: Thomas Wegmann<\/td><td class=\"has-text-align-left\" data-align=\"left\"><\/td><\/tr><tr><td>10:00 Uhr<\/td><td>Thomas Wegmann<\/td><td class=\"has-text-align-left\" data-align=\"left\"><em>Einf\u00fchrung<\/em><\/td><\/tr><tr><td>10:15 Uhr<br><br><\/td><td>Kevin Kempke,<br>Stuttgart<\/td><td class=\"has-text-align-left\" data-align=\"left\"><a rel=\"noreferrer noopener\" href=\"https:\/\/blogs.uni-siegen.de\/epitexte\/files\/2022\/07\/Kempke_Kevin_Abstract.pdf\" target=\"_blank\"><em><em><strong>Gef\u00f6rderte Originalit\u00e4ten<\/strong><\/em><\/em><br><em><em>Autorschaftsreflexionen in ritualisierten Epitexten<\/em><\/em><\/a><\/td><\/tr><tr><td>11:00 Uhr<br><br><\/td><td>Max Mayr,<br>Innsbruck<\/td><td class=\"has-text-align-left\" data-align=\"left\"><a rel=\"noreferrer noopener\" href=\"https:\/\/blogs.uni-siegen.de\/epitexte\/files\/2022\/07\/Mayr_Max_Abstract.pdf\" target=\"_blank\"><em><em><em><strong>Vom Gabentausch zur Werkwerdung<\/strong><\/em><\/em><\/em><br><em><em><em>B\u00fcchner-Preis-Reden und ihre epitextuelle Funktion<\/em><\/em><\/em><\/a><\/td><\/tr><tr><td>11:45 Uhr<\/td><td>Tagungsabschluss<\/td><td class=\"has-text-align-left\" data-align=\"left\"><\/td><\/tr><\/tbody><\/table><\/figure>\n\n\n\n<pre class=\"wp-block-verse\">Wir danken: Fonds zur F\u00f6rderung der wissenschaftlichen Forschung (FWF) | Deutsche Forschungsgemeinschaft (DFG) | Universit\u00e4t Innsbruck: Vizerektorat f\u00fcr Forschung | International Relations Office | Philologisch-Kulturwissenschaftliche Fakult\u00e4t<\/pre>\n\n\n\n<p class=\"has-text-align-right\"><a href=\"https:\/\/blogs.uni-siegen.de\/epitexte\/tagung\/programm\/#top\">\u2191<\/a><\/p>\n","protected":false},"excerpt":{"rendered":"<p>\u201eIrgendwo au\u00dferhalb des Buches\u201c? \u2013 \u00dcber Formen und Funktionen auktorialer Epitexte im literarischen Feld der Gegenwart Hier k\u00f6nnen Sie den Programmflyer ansehen und hier finden Sie eine ausf\u00fchrliche Beschreibung der Tagung.\u00a0Der Tagungsbericht erscheint in der Zeitschrift f\u00fcr Germanistik. 20.9.2022 Er\u00f6ffnung 9:30 Uhr Ulrike Tanzer (VR f. Forschung),Gerhard Pisek (Studiendekan),Organisator*innen Gru\u00dfworte und Einf\u00fchrung Epitexte beobachtenMod.: Max &hellip; <a href=\"https:\/\/blogs.uni-siegen.de\/epitexte\/tagung\/programm\/\" class=\"more-link\"><span class=\"screen-reader-text\">Programm<\/span> weiterlesen <span class=\"meta-nav\">&rarr;<\/span><\/a><\/p>\n","protected":false},"author":420,"featured_media":0,"parent":989,"menu_order":0,"comment_status":"closed","ping_status":"closed","template":"","meta":{"footnotes":""},"class_list":["post-2279","page","type-page","status-publish","hentry"],"_links":{"self":[{"href":"https:\/\/blogs.uni-siegen.de\/epitexte\/wp-json\/wp\/v2\/pages\/2279","targetHints":{"allow":["GET"]}}],"collection":[{"href":"https:\/\/blogs.uni-siegen.de\/epitexte\/wp-json\/wp\/v2\/pages"}],"about":[{"href":"https:\/\/blogs.uni-siegen.de\/epitexte\/wp-json\/wp\/v2\/types\/page"}],"author":[{"embeddable":true,"href":"https:\/\/blogs.uni-siegen.de\/epitexte\/wp-json\/wp\/v2\/users\/420"}],"replies":[{"embeddable":true,"href":"https:\/\/blogs.uni-siegen.de\/epitexte\/wp-json\/wp\/v2\/comments?post=2279"}],"version-history":[{"count":43,"href":"https:\/\/blogs.uni-siegen.de\/epitexte\/wp-json\/wp\/v2\/pages\/2279\/revisions"}],"predecessor-version":[{"id":2718,"href":"https:\/\/blogs.uni-siegen.de\/epitexte\/wp-json\/wp\/v2\/pages\/2279\/revisions\/2718"}],"up":[{"embeddable":true,"href":"https:\/\/blogs.uni-siegen.de\/epitexte\/wp-json\/wp\/v2\/pages\/989"}],"wp:attachment":[{"href":"https:\/\/blogs.uni-siegen.de\/epitexte\/wp-json\/wp\/v2\/media?parent=2279"}],"curies":[{"name":"wp","href":"https:\/\/api.w.org\/{rel}","templated":true}]}}