{"id":24,"date":"2020-05-11T12:40:54","date_gmt":"2020-05-11T10:40:54","guid":{"rendered":"http:\/\/blogs.uni-siegen.de\/epitexte\/?page_id=24"},"modified":"2023-10-20T10:40:12","modified_gmt":"2023-10-20T08:40:12","slug":"vortraege","status":"publish","type":"page","link":"https:\/\/blogs.uni-siegen.de\/epitexte\/aktivitaeten\/vortraege\/","title":{"rendered":"Vortr\u00e4ge"},"content":{"rendered":"\n<p>Folgende Vortr\u00e4ge zu unseren unterschiedlichen Forschungsschwerpunkten haben wir gehalten bzw. stehen in K\u00fcrze an:<\/p>\n\n\n\n<div style=\"height:20px\" aria-hidden=\"true\" class=\"wp-block-spacer\"><\/div>\n\n\n\n<p><strong>Zu <a href=\"https:\/\/blogs.uni-siegen.de\/epitexte\/projekt\/fingierte-epitexte\/\">fingierten Epitexten<\/a>:<\/strong><\/p>\n\n\n\n<ul class=\"wp-block-list\"><li>13.12.2022  \u2013 Universit\u00e4t Innsbruck<br><a href=\"https:\/\/blogs.uni-siegen.de\/epitexte\/team\/anna-obererlacher-m-a\/\" data-type=\"page\" data-id=\"32\">Anna Obererlacher<\/a>: \u201e\u201aEin Interview ist so eine herrliche Fiktion\u2018 \u2013 Fingierte Epitexte und die Konstitution von Autor*innenschaft\u201c<br>Vortrag im Rahmen der der Interdisziplin\u00e4ren Ringvorlesung <em><a rel=\"noreferrer noopener\" href=\"https:\/\/lfuonline.uibk.ac.at\/public\/lfuonline_lv.details?sem_id_in=22W&amp;lvnr_id_in=607202\" target=\"_blank\">Positionen der Literaturwissenschaft<\/a><\/em> (Prof. Dr. Sebastian Donat)<\/li><li>26.2.2022 \u2013 Universit\u00e4t Bielefeld<br><a href=\"https:\/\/blogs.uni-siegen.de\/epitexte\/team\/anna-obererlacher-m-a\/\" data-type=\"page\" data-id=\"32\">Anna Obererlacher<\/a>: \u201e\u201aEs ist schon viel Unsinn \u00fcber mich verbreitet worden.\u2018 \u00dcber Evidenzpraktiken in Fiktionalisierungsprozessen.\u201c<br>Vortrag auf dem Workshop <em>Plausibilisierungsdynamiken und Evidenzpraktiken von der Antike bis zur&nbsp;Gegenwart<\/em><\/li><li>10.3.2021 \u2013 Linn\u00e9universitetet V\u00e4xj\u00f6, Schweden<br><a href=\"https:\/\/blogs.uni-siegen.de\/epitexte\/team\/anna-obererlacher-m-a\/\">Anna Obererlacher<\/a>\/<a rel=\"noreferrer noopener\" href=\"https:\/\/www.su.se\/english\/profiles\/navu5216-1.342056\" target=\"_blank\">Nata\u0161a Vukeli\u0107<\/a>: \u201eClemens J. Setz on Bursting the Reader\u2019s Reality Bubble.\u201c<br>Vortrag im Rahmen der Konferenz <a rel=\"noreferrer noopener\" href=\"https:\/\/lnu.se\/mot-linneuniversitetet\/konferenser\/trust-me\/?\" target=\"_blank\"><em>\u201eTrust Me!\u201c \u2013 Truthfulness and Truth Claims across Media<\/em><\/a><\/li><li>08.11.2019 \u2013 FAU Erlangen-N\u00fcrnberg<br><a href=\"https:\/\/blogs.uni-siegen.de\/epitexte\/team\/prof-dr-thomas-wegmann\/\">Thomas Wegmann<\/a>: \u201eIn weiter Ferne wohl dagewesen. Interviews als Fiktionen des Wirklichen\u201c<br>Vortrag auf der Tagung <em><a rel=\"noreferrer noopener\" href=\"https:\/\/www.germanistik.phil.fau.de\/2019\/10\/23\/07-09-november-2019-tagung-an-den-schnittstellen-von-fakt-und-fiktion-formen-und-funktionen-dokufiktionalen-erzaehlens-in-der-gegenwart\/\" target=\"_blank\">An den Schnittstellen von Fakt und Fiktion: Formen und Funktionen dokufiktionalen Erz\u00e4hlens in der Gegenwart<\/a><\/em><\/li><\/ul>\n\n\n\n<div style=\"height:20px\" aria-hidden=\"true\" class=\"wp-block-spacer\"><\/div>\n\n\n\n<p><strong>Zu <a href=\"https:\/\/blogs.uni-siegen.de\/epitexte\/projekt\/performative-epitexte\/\">performativen Epitexten<\/a>:<\/strong><\/p>\n\n\n\n<ul class=\"wp-block-list\"><li>2.11.2022 \u2013 Masaryk Universit\u00e4t Brno, Tschechien<br><a href=\"https:\/\/blogs.uni-siegen.de\/epitexte\/team\/prof-dr-joerg-doering\/\" data-type=\"page\" data-id=\"29\">J\u00f6rg D\u00f6ring<\/a>: \u201eWoraus besteht eine zeitgen\u00f6ssische Lyriklesung?\u201c<br>Vortrag im Rahmen der Ringvorlesung <em>Literarischer Betrieb in Tschechien, \u00d6sterreich und Deutschland<\/em><\/li><\/ul>\n\n\n\n<figure class=\"wp-block-embed alignright is-type-video is-provider-youtube wp-block-embed-youtube wp-embed-aspect-16-9 wp-has-aspect-ratio\"><div class=\"wp-block-embed__wrapper\">\n<iframe loading=\"lazy\" title=\"Einander lesen (1) Sprachliche Konventionen und Innovationen in Lyrik und Wissenschaft\" width=\"604\" height=\"340\" src=\"https:\/\/www.youtube.com\/embed\/h_FObYIsadY?feature=oembed\" frameborder=\"0\" allow=\"accelerometer; autoplay; clipboard-write; encrypted-media; gyroscope; picture-in-picture; web-share\" referrerpolicy=\"strict-origin-when-cross-origin\" allowfullscreen><\/iframe>\n<\/div><\/figure>\n\n\n\n<ul class=\"wp-block-list\"><li>17.9.2021 \u2013 Bayerische Akademie der Wissenschaften, M\u00fcnchen<br><a href=\"https:\/\/blogs.uni-siegen.de\/epitexte\/team\/prof-dr-joerg-doering\/\" data-type=\"page\" data-id=\"29\">J\u00f6rg D\u00f6ring<\/a> im Gespr\u00e4ch mit Steffen Popp und Christian Uetz: Einander lesen. Sprachliche Konventionen und Innovationen in Lyrik und Wissenschaft.<br>Podiumsgespr\u00e4ch im Rahmen der Internationalen Konferenz <a rel=\"noreferrer noopener\" href=\"https:\/\/www.lyrikundwissenschaft.de\/veranstaltungen\" target=\"_blank\"><em>eins: zum andern. Ein Gespr\u00e4chsexperiment zwischen Lyrik und Wissenschaft<\/em><\/a><\/li><li>24.1.2020 \u2013 Universit\u00e4t Siegen<br><a href=\"https:\/\/blogs.uni-siegen.de\/epitexte\/team\/nora-manz-m-a\/\">Nora Manz<\/a>: \u201eNora Gomringers \u201aMonster und M\u00e4dchen\u2018\u201c<br>Vortrag im Rahmen des Seminars <a rel=\"noreferrer noopener\" href=\"https:\/\/unisono.uni-siegen.de\/qisserver\/pages\/startFlow.xhtml?_flowId=detailView-flow&amp;unitId=49702&amp;periodId=188&amp;navigationPosition=studiesOffered,searchCourses\" target=\"_blank\"><em>Living Poetry<\/em><\/a><\/li><li>14.6.2017 \u2013 Universit\u00e4t Innsbruck<br><a href=\"https:\/\/blogs.uni-siegen.de\/epitexte\/team\/prof-dr-joerg-doering\/\">J\u00f6rg D\u00f6ring<\/a>: \u201eLyrik auf YouTube. Clemens J. Setz liest \u201aDie Nordsee\u2018\u201c<br>Vortrag im Rahmen der Ringvorlesung <a rel=\"noreferrer noopener\" href=\"https:\/\/www.uibk.ac.at\/literaturvermittlung\/\" target=\"_blank\"><em>Dimensionen des Literaturtransfers<\/em><\/a><\/li><li>8.5.2017 \u2013 Goethe-Universit\u00e4t Frankfurt a. M.<br><a href=\"https:\/\/blogs.uni-siegen.de\/epitexte\/team\/prof-dr-joerg-doering\/\">J\u00f6rg D\u00f6ring<\/a>: \u201eLyrik auf YouTube. Clemens J. Setz liest \u201aDie Nordsee\u2018\u201c<br>Vortrag im Rahmen des Forschungskolloquiums des Forschungskollegs <a rel=\"noreferrer noopener\" href=\"https:\/\/www.schreibszene.uni-frankfurt.de\/\" target=\"_blank\"><em>Schreibszene Frankfurt<\/em><\/a><\/li><\/ul>\n\n\n\n<div style=\"height:20px\" aria-hidden=\"true\" class=\"wp-block-spacer\"><\/div>\n\n\n\n<p><strong>Zu <a href=\"https:\/\/blogs.uni-siegen.de\/epitexte\/projekt\/ritualisierte-epitexte\/\">ritualisierten Epitexten<\/a>:<\/strong><\/p>\n\n\n\n<p><\/p>\n\n\n\n<ul class=\"wp-block-list\"><li>17.11.2023 \u2013 Universit\u00e4t Kiel<br><a href=\"https:\/\/blogs.uni-siegen.de\/epitexte\/team\/max-mayr-m-a\/\" data-type=\"page\" data-id=\"33\">Max Mayr<\/a>: \u201eEin Nachwuchspreis f\u00fcr Arrivierte? \u00dcberlegungen zur Stellung und Funktion des Kleist-Preises im literarischen Feld der Gegenwart\u201c<br>Vortrag im Rahmen der Tagung <em><a href=\"https:\/\/www.wilhelm-lehmann-gesellschaft.de\/aktuelles\/veranstaltungen\/cfp-literarische-wertungen-und-preise\" target=\"_blank\" rel=\"noreferrer noopener\">Literarische Wertungen und Preise \u2013 Eine Reflexion zum Anlass von 100 Jahren Kleist-Preis an Wilhelm Lehmann 1923<\/a><\/em><\/li><li>22.9.2022 \u2013 Universit\u00e4t Innsbruck<br><a href=\"https:\/\/blogs.uni-siegen.de\/epitexte\/team\/max-mayr-m-a\/\" data-type=\"page\" data-id=\"33\">Max Mayr<\/a>: \u201eVom Gabentausch zur Werkwerdung \u2013 B\u00fcchner-Preis-Reden und ihre epitextuelle Funktion\u201c<br>Vortrag im Rahmen unserer Tagung <a href=\"https:\/\/blogs.uni-siegen.de\/epitexte\/tagung\/\" data-type=\"page\" data-id=\"989\"><em>\u201eIrgendwo au\u00dferhalb des Buches\u201c?<\/em> <em>\u00dcber Formen und Funktionen auktorialer<\/em> <em>Epitexte im literarischen Feld der Gegenwart<\/em><\/a><\/li><li>16.9.2022 \u2013 Universit\u00e4t Innsbruck<br><a href=\"https:\/\/blogs.uni-siegen.de\/epitexte\/team\/max-mayr-m-a\/\" data-type=\"page\" data-id=\"33\">Max Mayr<\/a>: \u201eZwischen Schreiben und Nachtwache \u2013 Zu den Arbeitswelten von Wolfgang Welt\u201c<br>Vortrag im Rahmen der Tagung <em>Autor:innenschaft und\/als Arbeit: Zum Verh\u00e4ltnis von Praktiken, Inszenierung und Infrastrukturen um 1800, 1900 und 2000<\/em><\/li><li>26.11.2021 \u2013 Universit\u00e4t Mannheim<br><a href=\"https:\/\/blogs.uni-siegen.de\/epitexte\/team\/max-mayr-m-a\/\">Max Mayr<\/a>: \u201eVom Danken und Echauffieren. Zur epitextuellen Autorschaftsinszenierung in Sa\u0161a Stani\u0161i\u0107s Dankesrede zum Deutschen Buchpreis 2019\u201c<br>Vortrag auf dem Workshop <em>Sa\u0161a Stani\u0161i\u0107 \u2013 Neue Perspektiven auf Werk und Autor<\/em><\/li><li>16.11.2021 \u2013 Universit\u00e4t Innsbruck<br><a href=\"https:\/\/blogs.uni-siegen.de\/epitexte\/team\/max-mayr-m-a\/\">Max Mayr<\/a>: \u201eFunktionen des Dankens \u2013 Zur epitextuellen Inszenierung von Autorschaft in Literaturpreisreden\u201c<br>Vortrag im Rahmen der Interdisziplin\u00e4ren Ringvorlesung <a rel=\"noreferrer noopener\" href=\"https:\/\/lfuonline.uibk.ac.at\/public\/lfuonline_lv.details?sem_id_in=21W&amp;lvnr_id_in=607202\" target=\"_blank\"><em>Positionen der Literaturwissenschaft<\/em> <\/a>(Prof. Dr. Sebastian Donat)<\/li><li>4.12.2020 \u2013 Goethe-Universit\u00e4t Frankfurt a. M.<br><a href=\"https:\/\/blogs.uni-siegen.de\/epitexte\/team\/prof-dr-thomas-wegmann\/\">Max Mayr<\/a>: \u201eDankesreden von Monika Rinck\u201c<br>Beitrag zum Online-Workshop im Rahmen der Frankfurter Poetikdozentur von Monika Rinck<\/li><li>25.4.2019 \u2013 Universit\u00e4t Duisburg-Essen<br><a href=\"https:\/\/blogs.uni-siegen.de\/epitexte\/team\/prof-dr-thomas-wegmann\/\">Thomas Wegmann<\/a>: \u201eEpitexte als ritualisiertes Ereignis? \u00dcberlegungen zu Dankesreden im Rahmen von Literaturpreisverleihungen\u201c<br>Vortrag auf dem Workshop <em>Literaturpreise \u2013 Theorie, \u00d6konomie, Politik<\/em><\/li><\/ul>\n\n\n\n<p class=\"has-text-align-right\"><a href=\"http:\/\/blogs.uni-siegen.de\/epitexte\/aktivitaeten\/vortraege\/#top\">\u2191<\/a><\/p>\n","protected":false},"excerpt":{"rendered":"<p>Folgende Vortr\u00e4ge zu unseren unterschiedlichen Forschungsschwerpunkten haben wir gehalten bzw. stehen in K\u00fcrze an: Zu fingierten Epitexten: 13.12.2022 \u2013 Universit\u00e4t InnsbruckAnna Obererlacher: \u201e\u201aEin Interview ist so eine herrliche Fiktion\u2018 \u2013 Fingierte Epitexte und die Konstitution von Autor*innenschaft\u201cVortrag im Rahmen der der Interdisziplin\u00e4ren Ringvorlesung Positionen der Literaturwissenschaft (Prof. Dr. Sebastian Donat) 26.2.2022 \u2013 Universit\u00e4t BielefeldAnna Obererlacher: &hellip; <a href=\"https:\/\/blogs.uni-siegen.de\/epitexte\/aktivitaeten\/vortraege\/\" class=\"more-link\"><span class=\"screen-reader-text\">Vortr\u00e4ge<\/span> weiterlesen <span class=\"meta-nav\">&rarr;<\/span><\/a><\/p>\n","protected":false},"author":420,"featured_media":0,"parent":15,"menu_order":0,"comment_status":"closed","ping_status":"closed","template":"","meta":{"footnotes":""},"class_list":["post-24","page","type-page","status-publish","hentry"],"_links":{"self":[{"href":"https:\/\/blogs.uni-siegen.de\/epitexte\/wp-json\/wp\/v2\/pages\/24","targetHints":{"allow":["GET"]}}],"collection":[{"href":"https:\/\/blogs.uni-siegen.de\/epitexte\/wp-json\/wp\/v2\/pages"}],"about":[{"href":"https:\/\/blogs.uni-siegen.de\/epitexte\/wp-json\/wp\/v2\/types\/page"}],"author":[{"embeddable":true,"href":"https:\/\/blogs.uni-siegen.de\/epitexte\/wp-json\/wp\/v2\/users\/420"}],"replies":[{"embeddable":true,"href":"https:\/\/blogs.uni-siegen.de\/epitexte\/wp-json\/wp\/v2\/comments?post=24"}],"version-history":[{"count":46,"href":"https:\/\/blogs.uni-siegen.de\/epitexte\/wp-json\/wp\/v2\/pages\/24\/revisions"}],"predecessor-version":[{"id":4900,"href":"https:\/\/blogs.uni-siegen.de\/epitexte\/wp-json\/wp\/v2\/pages\/24\/revisions\/4900"}],"up":[{"embeddable":true,"href":"https:\/\/blogs.uni-siegen.de\/epitexte\/wp-json\/wp\/v2\/pages\/15"}],"wp:attachment":[{"href":"https:\/\/blogs.uni-siegen.de\/epitexte\/wp-json\/wp\/v2\/media?parent=24"}],"curies":[{"name":"wp","href":"https:\/\/api.w.org\/{rel}","templated":true}]}}