{"id":25,"date":"2020-05-11T12:40:54","date_gmt":"2020-05-11T10:40:54","guid":{"rendered":"http:\/\/blogs.uni-siegen.de\/epitexte\/?page_id=25"},"modified":"2024-07-10T20:57:38","modified_gmt":"2024-07-10T18:57:38","slug":"veroeffentlichungen","status":"publish","type":"page","link":"https:\/\/blogs.uni-siegen.de\/epitexte\/aktivitaeten\/veroeffentlichungen\/","title":{"rendered":"Ver\u00f6ffentlichungen"},"content":{"rendered":"\n<div class=\"wp-block-columns is-layout-flex wp-container-core-columns-is-layout-9d6595d7 wp-block-columns-is-layout-flex\">\n<div class=\"wp-block-column is-layout-flow wp-block-column-is-layout-flow\" style=\"flex-basis:66.66%\">\n<figure class=\"wp-block-image size-large\"><img loading=\"lazy\" decoding=\"async\" width=\"1024\" height=\"539\" src=\"http:\/\/blogs.uni-siegen.de\/epitexte\/files\/2020\/05\/laura-chouette-6tdfx_gvHf0-unsplash-1024x539.jpg\" alt=\"\" class=\"wp-image-154\" title=\"(unsplash)\" srcset=\"https:\/\/blogs.uni-siegen.de\/epitexte\/files\/2020\/05\/laura-chouette-6tdfx_gvHf0-unsplash-1024x539.jpg 1024w, https:\/\/blogs.uni-siegen.de\/epitexte\/files\/2020\/05\/laura-chouette-6tdfx_gvHf0-unsplash-300x158.jpg 300w, https:\/\/blogs.uni-siegen.de\/epitexte\/files\/2020\/05\/laura-chouette-6tdfx_gvHf0-unsplash-768x404.jpg 768w\" sizes=\"auto, (max-width: 1024px) 100vw, 1024px\" \/><\/figure>\n<\/div>\n\n\n\n<div class=\"wp-block-column is-layout-flow wp-block-column-is-layout-flow\" style=\"flex-basis:33.33%\">\n<p>Folgende Ver\u00f6ffentlichungen unserer (Zwischen-)Ergebnisse aus den drei Arbeitspaketen liegen bereits vor bzw. sind in Planung:<\/p>\n<\/div>\n<\/div>\n\n\n\n<div style=\"height:20px\" aria-hidden=\"true\" class=\"wp-block-spacer\"><\/div>\n\n\n\n<p class=\"has-light-brown-background-color has-background\"><strong>Jetzt erschienen:<\/strong><br>Thomas Wegmann, J\u00f6rg D\u00f6ring, Nora Manz, Max Mayr, Anna Obererlacher (Hgg.): <em>Formen und Funktionen auktorialer Epitexte im literarischen Feld der Gegenwart<\/em>, Berlin\/Boston 2024. DOI: <a href=\"https:\/\/doi.org\/10.1515\/9783111322537\" target=\"_blank\" rel=\"noreferrer noopener\">https:\/\/doi.org\/10.1515\/9783111322537<\/a>.<\/p>\n\n\n\n<div style=\"height:20px\" aria-hidden=\"true\" class=\"wp-block-spacer\"><\/div>\n\n\n\n<p><strong>Zu <a href=\"https:\/\/blogs.uni-siegen.de\/epitexte\/projekt\/fingierte-epitexte\/\">Fingierten Epitexten<\/a>:<\/strong><\/p>\n\n\n\n<ul class=\"wp-block-list\">\n<li><a rel=\"noreferrer noopener\" href=\"https:\/\/www.su.se\/english\/profiles\/navu5216-1.342056\" target=\"_blank\">Muratova, Nata\u0161a<\/a>\/<a href=\"https:\/\/blogs.uni-siegen.de\/epitexte\/team\/anna-obererlacher-m-a\/\">Obererlacher, Anna<\/a>: \u201eClemens J. Setz on Bursting the Reader\u02bcs Reality Bubble\u201d, in: Beate Schirrmacher\/Nafiseh Mousavi [Hgg.]: <em>Truth Claims Across Media<\/em>, [erscheint voraussichtlich 2024].<\/li>\n\n\n\n<li><a href=\"https:\/\/blogs.uni-siegen.de\/epitexte\/team\/nora-manz-m-a\/\" data-type=\"page\" data-id=\"31\">Manz, Nora<\/a>\/<a href=\"https:\/\/blogs.uni-siegen.de\/epitexte\/team\/anna-obererlacher-m-a\/\" data-type=\"page\" data-id=\"32\">Obererlacher, Anna<\/a>: \u201e\u201aInfluencer, Artist, Entrepreneur\u2018\u2013 Kunstfigur Stefanie Sargnagel\u201c, in: Thomas Wegmann et al. [Hgg.]: <em>Formen und Funktionen auktorialer Epitexte im literarischen Feld der Gegenwart<\/em>, Berlin\/Boston 2024, S. 241\u2013272. DOI: <a href=\"https:\/\/doi.org\/10.1515\/9783111322537-011\" target=\"_blank\" rel=\"noreferrer noopener\">https:\/\/doi.org\/10.1515\/9783111322537-011<\/a>.<\/li>\n\n\n\n<li><a href=\"https:\/\/blogs.uni-siegen.de\/epitexte\/team\/anna-obererlacher-m-a\/\" data-type=\"page\" data-id=\"32\">Obererlacher, Anna<\/a>: \u201e\u201aEs ist schon viel Unsinn \u00fcber mich verbreitet worden\u2018. Evidenzpraktiken und Plausibilisierungsdynamiken in Fiktionalisierungsprozessen\u201c, in: Antje Fl\u00fcchter et al [Hgg.]: <em>Plausibilisierung und Evidenz. Dynamiken und Praktiken von der Antike bis zur Gegenwart<\/em>, Bielefeld 2023, S. 193\u2013213.<\/li>\n\n\n\n<li><a href=\"https:\/\/blogs.uni-siegen.de\/epitexte\/team\/anna-obererlacher-m-a\/\" data-type=\"page\" data-id=\"32\">Obererlacher, Anna<\/a>: \u201eLiteratur an der Schwelle <em>\u2013<\/em> von fiktionalisierten Epitexten in der deutschsprachigen Gegenwartsliteratur\u201c, in: <em>Junge Forschung Nr. 36 (2021)<\/em> (online abrufbar unter: <a rel=\"noreferrer noopener\" href=\"https:\/\/www.uibk.ac.at\/fsp-kultur\/nachwuchs\/texte\/obererlacher-germanistik-epitexte.html\" target=\"_blank\">https:\/\/www.uibk.ac.at\/fsp-kultur\/nachwuchs\/texte\/obererlacher-germanistik-epitexte.html<\/a>).<\/li>\n\n\n\n<li><a href=\"https:\/\/blogs.uni-siegen.de\/epitexte\/team\/anna-obererlacher-m-a\/\">Obererlacher, Anna<\/a>: <em>Der Brief als innovativer Paratext im Kontext von Dichter-Philologen-Beziehungen um 1900<\/em>. Masterarbeit&nbsp;Innsbruck 2017.<\/li>\n<\/ul>\n\n\n\n<div style=\"height:20px\" aria-hidden=\"true\" class=\"wp-block-spacer\"><\/div>\n\n\n\n<p><strong>Zu <a href=\"https:\/\/blogs.uni-siegen.de\/epitexte\/projekt\/performative-epitexte\/\">Performativen Epitexten<\/a>:<\/strong><\/p>\n\n\n\n<ul class=\"wp-block-list\">\n<li><a href=\"https:\/\/blogs.uni-siegen.de\/epitexte\/team\/nora-manz-m-a\/\" data-type=\"page\" data-id=\"31\">Manz, Nora<\/a>\/<a href=\"https:\/\/blogs.uni-siegen.de\/epitexte\/team\/anna-obererlacher-m-a\/\" data-type=\"page\" data-id=\"32\">Obererlacher, Anna<\/a>: \u201e\u201aInfluencer, Artist, Entrepreneur\u2018\u2013 Kunstfigur Stefanie Sargnagel\u201c, in: Thomas Wegmann et al. [Hgg.]: <em>Formen und Funktionen auktorialer Epitexte im literarischen Feld der Gegenwart<\/em>, Berlin\/Boston 2024, S. 241\u2013272. DOI: <a href=\"https:\/\/doi.org\/10.1515\/9783111322537-011\" target=\"_blank\" rel=\"noreferrer noopener\">https:\/\/doi.org\/10.1515\/9783111322537-011<\/a>.<\/li>\n\n\n\n<li><a href=\"https:\/\/blogs.uni-siegen.de\/epitexte\/team\/prof-dr-joerg-doering\/\">D\u00f6ring, J\u00f6rg<\/a>: \u201eNot for sale: writer&#8217;s shoes, still worn. Dichterinnenobjekte als auktorialer Epitext\u201c, in: <em>Edition Paratexte<\/em>, H. 1 (2024), S.66\u201369.<\/li>\n\n\n\n<li><a href=\"https:\/\/blogs.uni-siegen.de\/epitexte\/team\/prof-dr-joerg-doering\/\" data-type=\"page\" data-id=\"29\">D\u00f6ring, J\u00f6rg<\/a>: <a href=\"https:\/\/blogs.uni-siegen.de\/epitexte\/files\/2021\/05\/Doering_Wie-analysiert-man-die-Lesung_LiLi.pdf\" target=\"_blank\" rel=\"noreferrer noopener\">\u201eWie analysiert man die Lesung eines geschriebenen Gedichts? Monika Rinck liest \u201aAlles Sinnen und Trachten\u2018 (Apollo-Theater Siegen, 3. Dezember 2019)\u201c<\/a>, in: <em>Zeitschrift f\u00fcr Literaturwissenschaft und Linguistik (2021)<\/em>. DOI: <a href=\"https:\/\/doi.org\/10.1007\/s41244-021-00205-3\" target=\"_blank\" rel=\"noreferrer noopener\">https:\/\/doi.org\/10.1007\/s41244-021-00205-3<\/a>.<\/li>\n\n\n\n<li><a href=\"https:\/\/blogs.uni-siegen.de\/epitexte\/team\/nora-manz-m-a\/\">Manz, Nora<\/a>: \u201eLyrik und performativer Epitext: Nora Gomringers Lesungsroutinen\u201c, in: <em>Zeitschrift f\u00fcr Literaturwissenschaft und Linguistik 49 (2019) 3<\/em>, S. 477\u2013492.<\/li>\n\n\n\n<li><a href=\"https:\/\/blogs.uni-siegen.de\/epitexte\/team\/prof-dr-joerg-doering\/\">D\u00f6ring, J\u00f6rg<\/a>: \u201eMarcel Beyer liest. Gedicht und performativer Epitext\u201c, in: Christian Klein (Hg.): <em>Marcel Beyer. Perspektiven auf Autor und Werk<\/em>, Stuttgart: Metzler 2018, S. 73\u201393.<\/li>\n\n\n\n<li><a href=\"https:\/\/blogs.uni-siegen.de\/epitexte\/team\/prof-dr-joerg-doering\/\">D\u00f6ring, J\u00f6rg<\/a>\/<a rel=\"noreferrer noopener\" href=\"https:\/\/ifm.blogs.ruhr-uni-bochum.de\/index.php\/institut\/personen\/jun-prof-dr-johannes-passmann\/\" target=\"_blank\">Pa\u00dfmann, Johannes<\/a>: \u201eLyrik auf YouTube. Clemens J. Setz liest <em>Die Nordsee<\/em> (2014)\u201c, in: <em>Zeitschrift f\u00fcr Germanistik<\/em> <em>N.F. XXVII 2 (2017)<\/em>, S. 329\u2013347.<\/li>\n<\/ul>\n\n\n\n<div style=\"height:20px\" aria-hidden=\"true\" class=\"wp-block-spacer\"><\/div>\n\n\n\n<p><strong>Zu <a href=\"https:\/\/blogs.uni-siegen.de\/epitexte\/projekt\/ritualisierte-epitexte\/\">Ritualisierten Epitexten:<\/a><\/strong><\/p>\n\n\n\n<ul class=\"wp-block-list\">\n<li><a href=\"https:\/\/blogs.uni-siegen.de\/epitexte\/team\/max-mayr-m-a\/\" data-type=\"page\" data-id=\"33\">Mayr, Max<\/a>: \u201eZwischen Schreiben und Nachtwache. Zu den Arbeitswelten von Wolfgang Welt\u201c, in: Alena Heinritz\/Julia Nantke (Hgg.): [S<em>ammelband zur Tagung Autor:innenschaft und\/als Arbeit. Zum Verh\u00e4ltnis von Praktiken, Inszenierung und Infrastrukturen um 1800, 1900 und 2000<\/em>], Paderborn\/M\u00fcnchen [erscheint voraussichtlich Ende 2023].<\/li>\n\n\n\n<li><a href=\"https:\/\/blogs.uni-siegen.de\/epitexte\/team\/max-mayr-m-a\/\" data-type=\"page\" data-id=\"33\">Mayr, Max<\/a>: \u201eVom Gabentausch zur Werkwerdung. \u00dcber B\u00fcchner-Preis-Reden als ritualisierte Epitexte\u201c, in: Thomas Wegmann et al. [Hgg.]: <em>Formen und Funktionen auktorialer Epitexte im literarischen Feld der Gegenwart<\/em>, Berlin\/Boston 2024, S. 179\u2013202. DOI: <a href=\"https:\/\/doi.org\/10.1515\/9783111322537-008\" target=\"_blank\" rel=\"noreferrer noopener\">https:\/\/doi.org\/10.1515\/9783111322537-008<\/a>.<\/li>\n\n\n\n<li><a href=\"https:\/\/blogs.uni-siegen.de\/epitexte\/team\/max-mayr-m-a\/\" data-type=\"page\" data-id=\"33\">Mayr, Max<\/a>: \u201eVom Danken und Echauffieren. Zur epitextuellen Inszenierung von Autorschaft und Werk in Sa\u0161a Stani\u0161i\u0107s Dankesrede zum Deutschen Buchpreis 2019\u201c, in: Katja Holweck\/Amelie Meister (Hgg.): <em>Sa\u0161a Stani\u0161i\u0107: Poetologie und Werkpolitik, <\/em>Berlin\/Boston 2023, S. 219\u2013236 (DOI: <a href=\"https:\/\/doi.org\/10.1515\/9783110787436-011\">https:\/\/doi.org\/10.1515\/9783110787436-011<\/a>).<\/li>\n\n\n\n<li><a href=\"https:\/\/blogs.uni-siegen.de\/epitexte\/team\/max-mayr-m-a\/\" data-type=\"page\" data-id=\"33\">Mayr, Max<\/a>\/<a href=\"https:\/\/blogs.uni-siegen.de\/epitexte\/team\/prof-dr-thomas-wegmann\/\" data-type=\"page\" data-id=\"30\">Wegmann, Thomas<\/a>: \u201e\u201aWeiter bin ich nicht gekommen\u2018. Zu Monika Rincks Danksagungen f\u00fcr Literaturpreise\u201c, in: Nathan Taylor\/Nicolas von Passavant (Hgg.): <em>Monika Rinck. Poesie und Gegenwart<\/em>, Berlin\/Heidelberg 2023, S. 75\u201386 (DOI: <a href=\"https:\/\/doi.org\/10.1007\/978-3-662-64898-8_6\">https:\/\/doi.org\/10.1007\/978-3-662-64898-8_6<\/a>).<\/li>\n\n\n\n<li><a href=\"https:\/\/blogs.uni-siegen.de\/epitexte\/team\/prof-dr-thomas-wegmann\/\" data-type=\"page\" data-id=\"30\">Wegmann, Thomas<\/a>: \u201eEpitexte als ritualisiertes Ereignis: \u00dcberlegungen zu Dankesreden im Rahmen von Literaturpreisverleihungen\u201c, in: Christoph J\u00fcrgensen\/Antonius Weixler (Hgg.): <em>Literaturpreise. Geschichte und Kontexte<\/em>. Stuttgart 2021, S.&nbsp;105\u2013116.<\/li>\n\n\n\n<li><a href=\"https:\/\/blogs.uni-siegen.de\/epitexte\/team\/max-mayr-m-a\/\" data-type=\"page\" data-id=\"33\">Mayr, Max<\/a>: \u201e\u00dcber das Danken. Zur Bedeutung der Literaturpreisrede f\u00fcr die Inszenierung von Autorschaft\u201c, in: <em>Junge Forschung Nr. 32 (2021)<\/em> (online abrufbar unter: <a href=\"https:\/\/www.uibk.ac.at\/fsp-kultur\/nachwuchs\/texte\/mayr-germanistik-literaturpreisreden.html\">https:\/\/www.uibk.ac.at\/fsp-kultur\/nachwuchs\/texte\/mayr-germanistik-literaturpreisreden.html<\/a>).<\/li>\n<\/ul>\n\n\n\n<p class=\"has-text-align-right\"><a href=\"http:\/\/blogs.uni-siegen.de\/epitexte\/aktivitaeten\/veroeffentlichungen\/#top\">\u2191<\/a><\/p>\n","protected":false},"excerpt":{"rendered":"<p>Folgende Ver\u00f6ffentlichungen unserer (Zwischen-)Ergebnisse aus den drei Arbeitspaketen liegen bereits vor bzw. sind in Planung: Jetzt erschienen:Thomas Wegmann, J\u00f6rg D\u00f6ring, Nora Manz, Max Mayr, Anna Obererlacher (Hgg.): Formen und Funktionen auktorialer Epitexte im literarischen Feld der Gegenwart, Berlin\/Boston 2024. DOI: https:\/\/doi.org\/10.1515\/9783111322537. Zu Fingierten Epitexten: Zu Performativen Epitexten: Zu Ritualisierten Epitexten: \u2191<\/p>\n","protected":false},"author":420,"featured_media":0,"parent":15,"menu_order":0,"comment_status":"closed","ping_status":"closed","template":"","meta":{"footnotes":""},"class_list":["post-25","page","type-page","status-publish","hentry"],"_links":{"self":[{"href":"https:\/\/blogs.uni-siegen.de\/epitexte\/wp-json\/wp\/v2\/pages\/25","targetHints":{"allow":["GET"]}}],"collection":[{"href":"https:\/\/blogs.uni-siegen.de\/epitexte\/wp-json\/wp\/v2\/pages"}],"about":[{"href":"https:\/\/blogs.uni-siegen.de\/epitexte\/wp-json\/wp\/v2\/types\/page"}],"author":[{"embeddable":true,"href":"https:\/\/blogs.uni-siegen.de\/epitexte\/wp-json\/wp\/v2\/users\/420"}],"replies":[{"embeddable":true,"href":"https:\/\/blogs.uni-siegen.de\/epitexte\/wp-json\/wp\/v2\/comments?post=25"}],"version-history":[{"count":35,"href":"https:\/\/blogs.uni-siegen.de\/epitexte\/wp-json\/wp\/v2\/pages\/25\/revisions"}],"predecessor-version":[{"id":5078,"href":"https:\/\/blogs.uni-siegen.de\/epitexte\/wp-json\/wp\/v2\/pages\/25\/revisions\/5078"}],"up":[{"embeddable":true,"href":"https:\/\/blogs.uni-siegen.de\/epitexte\/wp-json\/wp\/v2\/pages\/15"}],"wp:attachment":[{"href":"https:\/\/blogs.uni-siegen.de\/epitexte\/wp-json\/wp\/v2\/media?parent=25"}],"curies":[{"name":"wp","href":"https:\/\/api.w.org\/{rel}","templated":true}]}}