{"id":26,"date":"2020-05-11T12:40:54","date_gmt":"2020-05-11T10:40:54","guid":{"rendered":"http:\/\/blogs.uni-siegen.de\/epitexte\/?page_id=26"},"modified":"2022-07-04T11:42:36","modified_gmt":"2022-07-04T09:42:36","slug":"lehrveranstaltungen","status":"publish","type":"page","link":"https:\/\/blogs.uni-siegen.de\/epitexte\/aktivitaeten\/lehrveranstaltungen\/","title":{"rendered":"Lehrveranstaltungen"},"content":{"rendered":"\n<p>Zum Thema <em>Auktoriale Epitexte<\/em> bieten wir sowohl an der Universit\u00e4t Siegen als auch an der Universit\u00e4t Innsbruck verschiedene Lehrveranstaltungen an. Hier findet sich ein \u00dcberblick.<\/p>\n\n\n\n<div style=\"height:20px\" aria-hidden=\"true\" class=\"wp-block-spacer\"><\/div>\n\n\n\n<p><strong>Angebote im Sommersemester 2021:<\/strong><\/p>\n\n\n\n<ul class=\"wp-block-list\"><li>\u201eLyriktheorien\/Theorising the Lyric\u201c an der Universit\u00e4t Siegen<br><a href=\"https:\/\/blogs.uni-siegen.de\/epitexte\/team\/prof-dr-joerg-doering\/\">Prof. Dr. J\u00f6rg D\u00f6ring<\/a> zusammen mit <a rel=\"noreferrer noopener\" href=\"https:\/\/www.uni-siegen.de\/phil\/anglistik\/mitarbeiter\/sprang_felix\/\" target=\"_blank\">Prof. Dr. Felix Sprang<\/a> und <a rel=\"noreferrer noopener\" href=\"http:\/\/www.uni-siegen.de\/phil\/anglistik\/mitarbeiter\/becker_katrin\/?lang=de\" target=\"_blank\">Kathrin Becker, M.A.<\/a><\/li><\/ul>\n\n\n\n<div style=\"height:20px\" aria-hidden=\"true\" class=\"wp-block-spacer\"><\/div>\n\n\n\n<p><strong>Angebote im Sommersemester 2020:<\/strong><\/p>\n\n\n\n<ul class=\"wp-block-list\"><li>\u201e\u00dcber Literatur sprechen\u201c an der Universit\u00e4t Siegen<br><a href=\"https:\/\/blogs.uni-siegen.de\/epitexte\/team\/prof-dr-joerg-doering\/\">Prof. Dr. J\u00f6rg D\u00f6ring<\/a> zusammen mit Eva M. Brandsch, M.A.<\/li><\/ul>\n\n\n\n<div style=\"height:20px\" aria-hidden=\"true\" class=\"wp-block-spacer\"><\/div>\n\n\n\n<p><strong>Angebote im Wintersemester 2019\/2020:<\/strong><\/p>\n\n\n\n<ul class=\"wp-block-list\"><li>\u201eLiving Poetry\u201c an der Universit\u00e4t Siegen<br><a href=\"https:\/\/blogs.uni-siegen.de\/epitexte\/team\/prof-dr-joerg-doering\/\">Prof. Dr. J\u00f6rg D\u00f6ring<\/a> zusammen mit <a href=\"https:\/\/www.uni-siegen.de\/phil\/anglistik\/mitarbeiter\/sprang_felix\/\" target=\"_blank\" rel=\"noreferrer noopener\">Prof. Dr. Felix Sprang<\/a> und <a href=\"http:\/\/www.uni-siegen.de\/phil\/anglistik\/mitarbeiter\/becker_katrin\/?lang=de\" target=\"_blank\" rel=\"noreferrer noopener\">Kathrin Becker, M.A.<\/a><\/li><\/ul>\n\n\n\n<div style=\"height:20px\" aria-hidden=\"true\" class=\"wp-block-spacer\"><\/div>\n\n\n\n<p><strong>Fr\u00fchere Lehrveranstaltungen:<\/strong><\/p>\n\n\n\n<ul class=\"wp-block-list\"><li>\u201eDer Klang der Gegenwartslyrik\u201c an der Universit\u00e4t Siegen (WS 16\/17)<br><a href=\"https:\/\/blogs.uni-siegen.de\/epitexte\/team\/nora-manz-m-a\/\">Nora Manz, M.A.<\/a><\/li><li>\u201eNora Gomringer\u201c an der Universit\u00e4t Siegen (WS 16\/17)<br><a href=\"https:\/\/blogs.uni-siegen.de\/epitexte\/team\/nora-manz-m-a\/\">Nora Manz, M.A.<\/a><\/li><\/ul>\n\n\n\n<p class=\"has-text-align-right\"><a href=\"http:\/\/blogs.uni-siegen.de\/epitexte\/aktivitaeten\/lehrveranstaltungen\/#top\">\u2191<\/a><\/p>\n","protected":false},"excerpt":{"rendered":"<p>Zum Thema Auktoriale Epitexte bieten wir sowohl an der Universit\u00e4t Siegen als auch an der Universit\u00e4t Innsbruck verschiedene Lehrveranstaltungen an. Hier findet sich ein \u00dcberblick. Angebote im Sommersemester 2021: \u201eLyriktheorien\/Theorising the Lyric\u201c an der Universit\u00e4t SiegenProf. Dr. J\u00f6rg D\u00f6ring zusammen mit Prof. Dr. Felix Sprang und Kathrin Becker, M.A. Angebote im Sommersemester 2020: \u201e\u00dcber Literatur &hellip; <a href=\"https:\/\/blogs.uni-siegen.de\/epitexte\/aktivitaeten\/lehrveranstaltungen\/\" class=\"more-link\"><span class=\"screen-reader-text\">Lehrveranstaltungen<\/span> weiterlesen <span class=\"meta-nav\">&rarr;<\/span><\/a><\/p>\n","protected":false},"author":420,"featured_media":0,"parent":15,"menu_order":0,"comment_status":"closed","ping_status":"closed","template":"","meta":{"footnotes":""},"class_list":["post-26","page","type-page","status-publish","hentry"],"_links":{"self":[{"href":"https:\/\/blogs.uni-siegen.de\/epitexte\/wp-json\/wp\/v2\/pages\/26","targetHints":{"allow":["GET"]}}],"collection":[{"href":"https:\/\/blogs.uni-siegen.de\/epitexte\/wp-json\/wp\/v2\/pages"}],"about":[{"href":"https:\/\/blogs.uni-siegen.de\/epitexte\/wp-json\/wp\/v2\/types\/page"}],"author":[{"embeddable":true,"href":"https:\/\/blogs.uni-siegen.de\/epitexte\/wp-json\/wp\/v2\/users\/420"}],"replies":[{"embeddable":true,"href":"https:\/\/blogs.uni-siegen.de\/epitexte\/wp-json\/wp\/v2\/comments?post=26"}],"version-history":[{"count":15,"href":"https:\/\/blogs.uni-siegen.de\/epitexte\/wp-json\/wp\/v2\/pages\/26\/revisions"}],"predecessor-version":[{"id":2320,"href":"https:\/\/blogs.uni-siegen.de\/epitexte\/wp-json\/wp\/v2\/pages\/26\/revisions\/2320"}],"up":[{"embeddable":true,"href":"https:\/\/blogs.uni-siegen.de\/epitexte\/wp-json\/wp\/v2\/pages\/15"}],"wp:attachment":[{"href":"https:\/\/blogs.uni-siegen.de\/epitexte\/wp-json\/wp\/v2\/media?parent=26"}],"curies":[{"name":"wp","href":"https:\/\/api.w.org\/{rel}","templated":true}]}}