{"id":27,"date":"2020-05-11T12:40:54","date_gmt":"2020-05-11T10:40:54","guid":{"rendered":"http:\/\/blogs.uni-siegen.de\/epitexte\/?page_id=27"},"modified":"2023-01-04T14:55:07","modified_gmt":"2023-01-04T13:55:07","slug":"manuel-kleffner-b-a","status":"publish","type":"page","link":"https:\/\/blogs.uni-siegen.de\/epitexte\/team\/manuel-kleffner-b-a\/","title":{"rendered":"Manuel Kleffner, B.A."},"content":{"rendered":"\n<p>Wissenschaftliche Hilfskraft (Siegen): <a href=\"http:\/\/blogs.uni-siegen.de\/epitexte\/projekt\/performative-epitexte\/\">Performative Epitexte<\/a><\/p>\n\n\n\n<div class=\"wp-block-columns is-layout-flex wp-container-core-columns-is-layout-9d6595d7 wp-block-columns-is-layout-flex\">\n<div class=\"wp-block-column is-layout-flow wp-block-column-is-layout-flow\">\n<figure class=\"wp-block-image size-large\"><img loading=\"lazy\" decoding=\"async\" width=\"1024\" height=\"768\" src=\"http:\/\/blogs.uni-siegen.de\/epitexte\/files\/2020\/06\/Manuel-Kleffner-1024x768.jpg\" alt=\"\" class=\"wp-image-434\" title=\"Manuel Kleffner (privat)\" srcset=\"https:\/\/blogs.uni-siegen.de\/epitexte\/files\/2020\/06\/Manuel-Kleffner-1024x768.jpg 1024w, https:\/\/blogs.uni-siegen.de\/epitexte\/files\/2020\/06\/Manuel-Kleffner-300x225.jpg 300w, https:\/\/blogs.uni-siegen.de\/epitexte\/files\/2020\/06\/Manuel-Kleffner-768x576.jpg 768w, https:\/\/blogs.uni-siegen.de\/epitexte\/files\/2020\/06\/Manuel-Kleffner-1536x1152.jpg 1536w, https:\/\/blogs.uni-siegen.de\/epitexte\/files\/2020\/06\/Manuel-Kleffner-2048x1536.jpg 2048w\" sizes=\"auto, (max-width: 1024px) 100vw, 1024px\" \/><\/figure>\n<\/div>\n\n\n\n<div class=\"wp-block-column is-layout-flow wp-block-column-is-layout-flow\">\n<p><strong>Universit\u00e4t Siegen<br><\/strong>Germanistisches Seminar<br>H\u00f6lderlinstr. 3, D-57076 Siegen<\/p>\n\n\n\n<p>+49 (0) 271-740-4712 (Sekretariat)<br>manuel.kleffner [at] student.uni-siegen.de<\/p>\n<\/div>\n<\/div>\n\n\n\n<hr>\n\n\n\n<div style=\"height:20px\" aria-hidden=\"true\" class=\"wp-block-spacer\"><\/div>\n\n\n\n<h3 class=\"wp-block-heading\">Kurzvita<\/h3>\n\n\n\n<figure class=\"wp-block-table\"><table><tbody><tr><td><strong>geb. 1987<\/strong><\/td><td>&nbsp;<\/td><\/tr><tr><td><strong>2009 <\/strong>bis<strong> 2018<\/strong><\/td><td><strong>B.A. Literatur, Kultur und Medien<\/strong><br>an der Universit\u00e4t Siegen<\/td><\/tr><tr><td>seit<strong> 2019<\/strong><\/td><td><strong>M.A. Literaturwissenschaft (NdL)<\/strong><br>an der Universit\u00e4t Siegen<\/td><\/tr><tr><td>seit<strong> 2019<\/strong><\/td><td><strong>Masterstipendium<\/strong><br>des House of Young Talents der Universit\u00e4t Siegen<\/td><\/tr><tr><td>seit<strong> 2020<\/strong><\/td><td><strong>Wissenschaftliche Hilfskraft bei <a href=\"http:\/\/blogs.uni-siegen.de\/epitexte\/team\/prof-dr-joerg-doering\/\">Univ.-Prof. Dr. J\u00f6rg D\u00f6ring<\/a><\/strong><br>am Lehrstuhl f\u00fcr Neuere deutsche Philologie, Medien- und Kulturwissenschaft<br>der Universit\u00e4t Siegen<\/td><\/tr><\/tbody><\/table><\/figure>\n\n\n\n<p class=\"has-text-align-right\"><a href=\"http:\/\/blogs.uni-siegen.de\/epitexte\/team\/manuel-kleffner-b-a\/#top\">\u2191<\/a><\/p>\n","protected":false},"excerpt":{"rendered":"<p>Wissenschaftliche Hilfskraft (Siegen): Performative Epitexte Universit\u00e4t SiegenGermanistisches SeminarH\u00f6lderlinstr. 3, D-57076 Siegen +49 (0) 271-740-4712 (Sekretariat)manuel.kleffner [at] student.uni-siegen.de Kurzvita geb. 1987 &nbsp; 2009 bis 2018 B.A. Literatur, Kultur und Medienan der Universit\u00e4t Siegen seit 2019 M.A. Literaturwissenschaft (NdL)an der Universit\u00e4t Siegen seit 2019 Masterstipendiumdes House of Young Talents der Universit\u00e4t Siegen seit 2020 Wissenschaftliche Hilfskraft bei &hellip; <a href=\"https:\/\/blogs.uni-siegen.de\/epitexte\/team\/manuel-kleffner-b-a\/\" class=\"more-link\"><span class=\"screen-reader-text\">Manuel Kleffner, B.A.<\/span> weiterlesen <span class=\"meta-nav\">&rarr;<\/span><\/a><\/p>\n","protected":false},"author":420,"featured_media":0,"parent":14,"menu_order":0,"comment_status":"closed","ping_status":"closed","template":"","meta":{"footnotes":""},"class_list":["post-27","page","type-page","status-publish","hentry"],"_links":{"self":[{"href":"https:\/\/blogs.uni-siegen.de\/epitexte\/wp-json\/wp\/v2\/pages\/27","targetHints":{"allow":["GET"]}}],"collection":[{"href":"https:\/\/blogs.uni-siegen.de\/epitexte\/wp-json\/wp\/v2\/pages"}],"about":[{"href":"https:\/\/blogs.uni-siegen.de\/epitexte\/wp-json\/wp\/v2\/types\/page"}],"author":[{"embeddable":true,"href":"https:\/\/blogs.uni-siegen.de\/epitexte\/wp-json\/wp\/v2\/users\/420"}],"replies":[{"embeddable":true,"href":"https:\/\/blogs.uni-siegen.de\/epitexte\/wp-json\/wp\/v2\/comments?post=27"}],"version-history":[{"count":25,"href":"https:\/\/blogs.uni-siegen.de\/epitexte\/wp-json\/wp\/v2\/pages\/27\/revisions"}],"predecessor-version":[{"id":2821,"href":"https:\/\/blogs.uni-siegen.de\/epitexte\/wp-json\/wp\/v2\/pages\/27\/revisions\/2821"}],"up":[{"embeddable":true,"href":"https:\/\/blogs.uni-siegen.de\/epitexte\/wp-json\/wp\/v2\/pages\/14"}],"wp:attachment":[{"href":"https:\/\/blogs.uni-siegen.de\/epitexte\/wp-json\/wp\/v2\/media?parent=27"}],"curies":[{"name":"wp","href":"https:\/\/api.w.org\/{rel}","templated":true}]}}