{"id":28,"date":"2020-05-11T12:40:54","date_gmt":"2020-05-11T10:40:54","guid":{"rendered":"http:\/\/blogs.uni-siegen.de\/epitexte\/?page_id=28"},"modified":"2022-09-27T16:07:14","modified_gmt":"2022-09-27T14:07:14","slug":"kooperationen","status":"publish","type":"page","link":"https:\/\/blogs.uni-siegen.de\/epitexte\/team\/kooperationen\/","title":{"rendered":"Kooperationen"},"content":{"rendered":"\n<p>Neben den Kooperationen mit dem <a rel=\"noreferrer noopener\" href=\"https:\/\/www.uibk.ac.at\/iza\/\" target=\"_blank\">Innsbrucker Zeitungsarchiv<\/a>, dem <a rel=\"noreferrer noopener\" href=\"https:\/\/www.uibk.ac.at\/brenner-archiv\/index.html.de\" target=\"_blank\">Brennerarchiv<\/a> und dem <a rel=\"noreferrer noopener\" href=\"https:\/\/www.uibk.ac.at\/literaturvermittlung\/\" target=\"_blank\">Forschungszentrum <em>Dimensionen des Literaturtransfers<\/em><\/a> der Universit\u00e4t Innsbruck wird auch eine internationale Zusammenarbeit mit Einrichtungen und Wissenschaftler*innen der f\u00fcr uns relevanten Gegenwartsliteratur- und Paratextforschung ins Auge gefasst. Zu den wichtigsten Kooperationspartner*innen z\u00e4hlen:<\/p>\n\n\n\n<p><a href=\"https:\/\/www.literatur.hu-berlin.de\/de\/derzeitige-institutsmitarbeiterinnen\/1683975\" target=\"_blank\" rel=\"noreferrer noopener\">Steffen Martus<\/a>, Professor f\u00fcr Neuere deutsche Literatur an der Humboldt-Universit\u00e4t Berlin, ist durch seine Ver\u00f6ffentlichungen zur <a href=\"https:\/\/www.degruyter.com\/viewbooktoc\/product\/22001\" target=\"_blank\" rel=\"noreferrer noopener\">Werkpolitik<\/a> und zur <a href=\"https:\/\/www.literatur.hu-berlin.de\/de\/praxeologie\" target=\"_blank\" rel=\"noreferrer noopener\">Praxeologie in der Literaturwissenschaft<\/a> als gewinnbringender Kooperationspartner einschl\u00e4gig.<\/p>\n\n\n\n<p><a rel=\"noreferrer noopener\" href=\"http:\/\/christianmetz.de\/\" target=\"_blank\">Christian Metz<\/a>, Professor f\u00fcr Neuere deutsche Literatur an der RWTH Aachen, unterst\u00fctzt das Projekt mit seiner Expertise in Gegenwartslyrik; 2018 erschien im S. Fischer Verlag: <em><a rel=\"noreferrer noopener\" href=\"https:\/\/www.fischerverlage.de\/buch\/poetisch_denken\/9783100024404\" target=\"_blank\">Poetisch denken. Die Lyrik der Gegenwart.<\/a><\/em><\/p>\n\n\n\n<p><a href=\"https:\/\/www.uni-due.de\/germanistik\/pontzen\/\" target=\"_blank\" rel=\"noreferrer noopener\">Alexandra Pontzen<\/a>, Professorin an der Universit\u00e4t Duisburg-Essen, ist u.a. durch ihre Arbeiten zur Gegenwartsliteratur und durch ihr aktuelles DFG-Projekt <em><a href=\"https:\/\/www.uni-due.de\/germanistik\/pontzen\/dfgprojekt_literaturpreise.php\" target=\"_blank\" rel=\"noreferrer noopener\">Literaturpreise im deutschsprachigen Raum seit 1990: Funktionen und Wirkungen<\/a><\/em> ausgewiesen; von ihrer Expertise in diesen Bereichen profitiert unser Vorhaben ma\u00dfgeblich.<\/p>\n\n\n\n<p class=\"has-text-align-right\"><a href=\"http:\/\/blogs.uni-siegen.de\/epitexte\/team\/kooperationen\/#top\">\u2191<\/a><\/p>\n","protected":false},"excerpt":{"rendered":"<p>Neben den Kooperationen mit dem Innsbrucker Zeitungsarchiv, dem Brennerarchiv und dem Forschungszentrum Dimensionen des Literaturtransfers der Universit\u00e4t Innsbruck wird auch eine internationale Zusammenarbeit mit Einrichtungen und Wissenschaftler*innen der f\u00fcr uns relevanten Gegenwartsliteratur- und Paratextforschung ins Auge gefasst. Zu den wichtigsten Kooperationspartner*innen z\u00e4hlen: Steffen Martus, Professor f\u00fcr Neuere deutsche Literatur an der Humboldt-Universit\u00e4t Berlin, ist durch &hellip; <a href=\"https:\/\/blogs.uni-siegen.de\/epitexte\/team\/kooperationen\/\" class=\"more-link\"><span class=\"screen-reader-text\">Kooperationen<\/span> weiterlesen <span class=\"meta-nav\">&rarr;<\/span><\/a><\/p>\n","protected":false},"author":420,"featured_media":0,"parent":14,"menu_order":0,"comment_status":"closed","ping_status":"closed","template":"","meta":{"footnotes":""},"class_list":["post-28","page","type-page","status-publish","hentry"],"_links":{"self":[{"href":"https:\/\/blogs.uni-siegen.de\/epitexte\/wp-json\/wp\/v2\/pages\/28","targetHints":{"allow":["GET"]}}],"collection":[{"href":"https:\/\/blogs.uni-siegen.de\/epitexte\/wp-json\/wp\/v2\/pages"}],"about":[{"href":"https:\/\/blogs.uni-siegen.de\/epitexte\/wp-json\/wp\/v2\/types\/page"}],"author":[{"embeddable":true,"href":"https:\/\/blogs.uni-siegen.de\/epitexte\/wp-json\/wp\/v2\/users\/420"}],"replies":[{"embeddable":true,"href":"https:\/\/blogs.uni-siegen.de\/epitexte\/wp-json\/wp\/v2\/comments?post=28"}],"version-history":[{"count":10,"href":"https:\/\/blogs.uni-siegen.de\/epitexte\/wp-json\/wp\/v2\/pages\/28\/revisions"}],"predecessor-version":[{"id":2715,"href":"https:\/\/blogs.uni-siegen.de\/epitexte\/wp-json\/wp\/v2\/pages\/28\/revisions\/2715"}],"up":[{"embeddable":true,"href":"https:\/\/blogs.uni-siegen.de\/epitexte\/wp-json\/wp\/v2\/pages\/14"}],"wp:attachment":[{"href":"https:\/\/blogs.uni-siegen.de\/epitexte\/wp-json\/wp\/v2\/media?parent=28"}],"curies":[{"name":"wp","href":"https:\/\/api.w.org\/{rel}","templated":true}]}}