{"id":29,"date":"2020-05-11T12:40:54","date_gmt":"2020-05-11T10:40:54","guid":{"rendered":"http:\/\/blogs.uni-siegen.de\/epitexte\/?page_id=29"},"modified":"2024-07-10T20:58:04","modified_gmt":"2024-07-10T18:58:04","slug":"prof-dr-joerg-doering","status":"publish","type":"page","link":"https:\/\/blogs.uni-siegen.de\/epitexte\/team\/prof-dr-joerg-doering\/","title":{"rendered":"Prof. Dr. J\u00f6rg D\u00f6ring"},"content":{"rendered":"\n<p><strong>Projektleiter (Siegen):<\/strong> <a href=\"http:\/\/blogs.uni-siegen.de\/epitexte\/projekt\/performative-epitexte\/\">Performative Epitexte<\/a><\/p>\n\n\n\n<div class=\"wp-block-columns is-layout-flex wp-container-core-columns-is-layout-9d6595d7 wp-block-columns-is-layout-flex\">\n<div class=\"wp-block-column is-layout-flow wp-block-column-is-layout-flow\">\n<figure class=\"wp-block-image size-large\"><img loading=\"lazy\" decoding=\"async\" width=\"1024\" height=\"576\" src=\"http:\/\/blogs.uni-siegen.de\/epitexte\/files\/2020\/05\/J\u00f6rg-D\u00f6ring-1024x576.jpg\" alt=\"\" class=\"wp-image-133\" title=\"J\u00f6rg D\u00f6ring (privat)\" srcset=\"https:\/\/blogs.uni-siegen.de\/epitexte\/files\/2020\/05\/J\u00f6rg-D\u00f6ring-1024x576.jpg 1024w, https:\/\/blogs.uni-siegen.de\/epitexte\/files\/2020\/05\/J\u00f6rg-D\u00f6ring-300x169.jpg 300w, https:\/\/blogs.uni-siegen.de\/epitexte\/files\/2020\/05\/J\u00f6rg-D\u00f6ring-768x432.jpg 768w\" sizes=\"auto, (max-width: 1024px) 100vw, 1024px\" \/><\/figure>\n<\/div>\n\n\n\n<div class=\"wp-block-column is-layout-flow wp-block-column-is-layout-flow\">\n<p><strong>Universit\u00e4t Siegen<br><\/strong>Germanistisches Seminar<br>H\u00f6lderlinstr. 3, D-57076 Siegen<\/p>\n\n\n\n<p>+49 (0) 271-740-4712 (Sekretariat)<br>doering [at] germanistik.uni-siegen.de<\/p>\n<\/div>\n<\/div>\n\n\n\n<hr>\n\n\n\n<p class=\"has-text-align-right\"><a href=\"https:\/\/blogs.uni-siegen.de\/epitexte\/team\/prof-dr-joerg-doering\/#jd-cv\">Kurzvita<\/a> \u2217 <a href=\"https:\/\/blogs.uni-siegen.de\/epitexte\/team\/prof-dr-joerg-doering\/#jd-forsch\">Forschung<\/a> \u2217 <a href=\"https:\/\/blogs.uni-siegen.de\/epitexte\/team\/prof-dr-joerg-doering\/#jd-pub\">Publikationen<\/a><\/p>\n\n\n\n<hr>\n\n\n\n<div style=\"height:20px\" aria-hidden=\"true\" class=\"wp-block-spacer\"><\/div>\n\n\n\n<h3 class=\"wp-block-heading\" id=\"jd-cv\">Kurzvita<\/h3>\n\n\n\n<figure class=\"wp-block-table\"><table><tbody><tr><td><strong>1986 <\/strong>bis<strong> 1995<\/strong><\/td><td><strong>Studium der Germanistik, Religionswissenschaft, Filmwissenschaft und Soziologie<br><\/strong>an der Freien Universit\u00e4t Berlin, Goethe-Universit\u00e4t Frankfurt a. M. und Christian-Albrechts-Universit\u00e4t Kiel<\/td><\/tr><tr><td><strong>1997 <\/strong>bis<strong> 2002<\/strong><\/td><td><strong>Wissenschaftlicher Mitarbeiter bei Prof. Dr. Erhard Sch\u00fctz<\/strong><br>am Institut f\u00fcr Neuere deutsche Literatur<br>der Humboldt-Universit\u00e4t zu Berlin<\/td><\/tr><tr><td><strong>2001<\/strong><\/td><td><strong>Disputatio der Dissertation <\/strong>(Pr\u00e4dikat: <em>summa cum laude<\/em>)<br><em>\u201eIch stellte mich unter, ich machte mich klein\u2026\u201c. Wolfgang Koeppen 1933\u20131948<\/em><br>an der Philosophischen Fakult\u00e4t II der Humboldt-Universit\u00e4t zu Berlin<\/td><\/tr><tr><td><strong>2002 <\/strong>bis<strong> 2003<\/strong><\/td><td><strong>Vertretung einer Hochschulassistenz bei Prof. Dr. Ralf Schnell<\/strong><br>am FB 3: Sprach-, Literatur- und Medienwissenschaften<br>der Universit\u00e4t Siegen<\/td><\/tr><tr><td><strong>2002 <\/strong>bis<strong> 2003<\/strong><\/td><td><strong>Juniorprofessor f\u00fcr Neuere deutsche Literatur und Medien <\/strong><br>an der Universit\u00e4t Siegen<\/td><\/tr><tr><td><strong>2006<\/strong><\/td><td><strong>Erfolgreiche Zwischenevaluation als Juniorprofessor<\/strong><br>an der Universit\u00e4t Siegen<\/td><\/tr><tr><td>seit<strong> 2008<\/strong><\/td><td><a href=\"https:\/\/www.uni-siegen.de\/phil\/germanistik\/mitarbeiter\/doering_joerg\/\" target=\"_blank\" rel=\"noopener noreferrer\"><strong>Univ.-Prof. f\u00fcr Neuere deutsche Philologie, Medien- und Kulturwissenschaft<\/strong><\/a><br>an der Universit\u00e4t Siegen<\/td><\/tr><tr><td><strong>2018<\/strong><\/td><td><strong>Top-Global Distinguished Guest Professur <\/strong><br>an der Keio-University, Tokyo<\/td><\/tr><tr><td><strong>2018<\/strong><\/td><td><strong>Visiting Fellow <\/strong><br>am Duitsland Instituut der Universiteit van Amsterdam, Niederlande<\/td><\/tr><tr><td><strong>2019<\/strong><\/td><td><strong>Visting Fellow<\/strong><br>an der Masaryk University in Brno, Tschechien<\/td><\/tr><\/tbody><\/table><\/figure>\n\n\n\n<div style=\"height:100px\" aria-hidden=\"true\" class=\"wp-block-spacer\"><\/div>\n\n\n\n<hr>\n\n\n\n<p class=\"has-text-align-right\"><a href=\"https:\/\/blogs.uni-siegen.de\/epitexte\/team\/prof-dr-joerg-doering\/#jd-cv\">Kurzvita<\/a> \u2217 Forschung \u2217 <a href=\"https:\/\/blogs.uni-siegen.de\/epitexte\/team\/prof-dr-joerg-doering\/#jd-pub\">Publikationen<\/a> \u2217 <a href=\"http:\/\/blogs.uni-siegen.de\/epitexte\/team\/prof-dr-joerg-doering\/#top\">\u2191<\/a><\/p>\n\n\n\n<hr>\n\n\n\n<h3 class=\"wp-block-heading\" id=\"jd-forsch\">Forschung<\/h3>\n\n\n\n<p><strong>Forschungsschwerpunkte<\/strong><\/p>\n\n\n\n<ul class=\"wp-block-list\">\n<li>Transformationen des Popul\u00e4ren<\/li>\n\n\n\n<li>Popliteratur und Textgenese<\/li>\n\n\n\n<li>Microstoria der Kriegs- und Nachkriegsliteratur<\/li>\n\n\n\n<li>Praxisformen deutschsprachiger Gegenwartslyrik<\/li>\n\n\n\n<li>Akustische Literatur nach 2000<\/li>\n<\/ul>\n\n\n\n<p><strong>Aktuelle Projekte<\/strong><\/p>\n\n\n\n<ul class=\"wp-block-list\">\n<li><a rel=\"noreferrer noopener\" href=\"https:\/\/sfb1472.uni-siegen.de\/\" target=\"_blank\">SFB Transformationen des Popul\u00e4ren<\/a><\/li>\n\n\n\n<li><a href=\"https:\/\/sfb1472.uni-siegen.de\/forschung\/popularisierung\/wissenschaft-im-bundesrepublikanischen-taschenbuch-1955-1980\" target=\"_blank\" rel=\"noreferrer noopener\">Wissenschaft im bundesrepublikanischen Taschenbuch 1955\u20131980<\/a> (Teilprojekt des SFB Transformationen des Popul\u00e4ren)<\/li>\n\n\n\n<li><a rel=\"noreferrer noopener\" href=\"https:\/\/www.suhrkamp.de\/werkausgabe\/werke_in_16_baenden_leinen_62.html?d_view=titel\" target=\"_blank\">Edition der <em>Werke<\/em> Wolfgang Koeppens (B\u00e4nde 1, 2, 3, 13, 15), Berlin: Suhrkamp.<\/a> Derzeit in Arbeit: Band 13: <em>Feuilletons<\/em>. Erscheinungstermin: Fr\u00fchjahr 2022<\/li>\n\n\n\n<li>Performative Epitexte im literarischen Feld der Gegenwart (gemeinsam mit der Uni Innsbruck \u2013 FWF\/DFG: bewilligt) <\/li>\n<\/ul>\n\n\n\n<div style=\"height:100px\" aria-hidden=\"true\" class=\"wp-block-spacer\"><\/div>\n\n\n\n<hr>\n\n\n\n<p class=\"has-text-align-right\"><a href=\"https:\/\/blogs.uni-siegen.de\/epitexte\/team\/prof-dr-joerg-doering\/#jd-cv\">Kurzvita<\/a> \u2217 <a href=\"https:\/\/blogs.uni-siegen.de\/epitexte\/team\/prof-dr-joerg-doering\/#jd-forsch\">Forschung<\/a> \u2217 Publikationen \u2217 <a href=\"http:\/\/blogs.uni-siegen.de\/epitexte\/team\/prof-dr-joerg-doering\/#top\">\u2191<\/a><\/p>\n\n\n\n<hr>\n\n\n\n<h3 class=\"wp-block-heading\" id=\"jd-pub\">Publikationen<\/h3>\n\n\n\n<p><strong>Herausgeberschaft<\/strong><\/p>\n\n\n\n<ul class=\"wp-block-list\">\n<li><em>Formen und Funktionen auktorialer Epitexte im literarischen Feld der Gegenwart<\/em>, Berlin\/Boston 2024, S. 241\u2013272. DOI: <a href=\"https:\/\/doi.org\/10.1515\/9783111322537\" target=\"_blank\" rel=\"noreferrer noopener\">https:\/\/doi.org\/10.1515\/9783111322537<\/a> (Mithrsg.).<\/li>\n<\/ul>\n\n\n\n<p><strong>Aufs\u00e4tze<\/strong><\/p>\n\n\n\n<ul class=\"wp-block-list\">\n<li>\u201eNot for sale: writer&#8217;s shoes, still worn. Dichterinnenobjekte als auktorialer Epitext\u201c, in: <em>Edition Paratexte<\/em>, H. 1 (2024), S.66\u201369.<\/li>\n\n\n\n<li><a href=\"https:\/\/blogs.uni-siegen.de\/epitexte\/files\/2021\/05\/Doering_Wie-analysiert-man-die-Lesung_LiLi.pdf\" target=\"_blank\" rel=\"noreferrer noopener\">\u201eWie analysiert man die Lesung eines geschriebenen Gedichts? Monika Rinck liest \u201aAlles Sinnen und Trachten\u2018 (Apollo-Theater Siegen, 3. Dezember 2019)\u201c<\/a>, in: <em>Zeitschrift f\u00fcr Literaturwissenschaft und Linguistik<\/em> <em>(2021)<\/em>. DOI: <a href=\"https:\/\/doi.org\/10.1007\/s41244-021-00205-3\" target=\"_blank\" rel=\"noreferrer noopener\">https:\/\/doi.org\/10.1007\/s41244-021-00205-3<\/a>.<\/li>\n\n\n\n<li>\u201eMarcel Beyer liest. Gedicht und performativer Epitext\u201c, in: Christian Klein (Hg.): <em>Marcel Beyer. Perspektiven auf Autor und Werk<\/em>, Stuttgart 2018, S. 73\u201393.<\/li>\n\n\n\n<li>mit <a rel=\"noreferrer noopener\" href=\"https:\/\/ifm.blogs.ruhr-uni-bochum.de\/index.php\/institut\/personen\/jun-prof-dr-johannes-passmann\/\" target=\"_blank\">Johannes Pa\u00dfmann<\/a>: \u201eLyrik auf YouTube. Clemens J. Setz liest <em>Die Nordsee<\/em> (2014)\u201c, in: <em>Zeitschrift f\u00fcr Germanistik N.F. XXVII 2 (2017)<\/em>, S. 329\u2013347.<\/li>\n\n\n\n<li>\u201eParatext <em>Tristesse Royale<\/em>\u201c, in: Bj\u00f6rn Weyand\/Alexandra Tacke (Hgg.): <em>Depressive Dandys. Spielformen der Dekadenz in der Pop-Moderne<\/em>, K\u00f6ln\/Weimar\/Wien 2009, S. 178\u2013198.<\/li>\n\n\n\n<li>\u201eHinterhaus, jetzt \u2013 Jugend, augenblicklich \u2013 Hurrikan, sp\u00e4ter. Zum Paratext der B\u00fccher von Judith Hermann\u201c, in: Walter Delabar\/Christiane Caemmerer\/Helga Meise (Hgg.): <em>Fr\u00e4uleinwunder, literarisch. Literatur von Frauen zu Beginn des 21. Jahrhunderts<\/em>, Frankfurt a. M. u.a. 2005, S. 13\u201335.<\/li>\n\n\n\n<li>\u201eDer Autor im Fernsehen. Literatursoziologische Sequenzanalysen von zeitgen\u00f6ssischen TV-Formaten\u201c, in: Erhard Sch\u00fctz\/Thomas Wegmann (Hgg.): <em>literatur.com. Tendenzen im Literaturmarketing<\/em>, Berlin 2002, S. 137\u2013171.<\/li>\n\n\n\n<li>\u201e\u201aRedesprache, trotzdem Schrift\u2018. Sekund\u00e4re Oralit\u00e4t bei Peter Kurzeck und Christian Kracht\u201c, in: J\u00f6rg D\u00f6ring\/Christian J\u00e4ger\/Thomas Wegmann (Hgg.): <em>Verkehrsformen und Schreibverh\u00e4ltnisse. Medialer Wandel als Gegenstand und Bedingung von Literatur im 20. Jahrhundert<\/em>, Opladen 1996, S. 226\u2013233.<\/li>\n<\/ul>\n\n\n\n<p class=\"has-text-align-right\"><a href=\"http:\/\/blogs.uni-siegen.de\/epitexte\/team\/prof-dr-joerg-doering\/#top\">\u2191<\/a><\/p>\n","protected":false},"excerpt":{"rendered":"<p>Projektleiter (Siegen): Performative Epitexte Universit\u00e4t SiegenGermanistisches SeminarH\u00f6lderlinstr. 3, D-57076 Siegen +49 (0) 271-740-4712 (Sekretariat)doering [at] germanistik.uni-siegen.de Kurzvita \u2217 Forschung \u2217 Publikationen Kurzvita 1986 bis 1995 Studium der Germanistik, Religionswissenschaft, Filmwissenschaft und Soziologiean der Freien Universit\u00e4t Berlin, Goethe-Universit\u00e4t Frankfurt a. M. und Christian-Albrechts-Universit\u00e4t Kiel 1997 bis 2002 Wissenschaftlicher Mitarbeiter bei Prof. Dr. Erhard Sch\u00fctzam Institut f\u00fcr &hellip; <a href=\"https:\/\/blogs.uni-siegen.de\/epitexte\/team\/prof-dr-joerg-doering\/\" class=\"more-link\"><span class=\"screen-reader-text\">Prof. Dr. J\u00f6rg D\u00f6ring<\/span> weiterlesen <span class=\"meta-nav\">&rarr;<\/span><\/a><\/p>\n","protected":false},"author":420,"featured_media":0,"parent":14,"menu_order":0,"comment_status":"closed","ping_status":"closed","template":"","meta":{"footnotes":""},"class_list":["post-29","page","type-page","status-publish","hentry"],"_links":{"self":[{"href":"https:\/\/blogs.uni-siegen.de\/epitexte\/wp-json\/wp\/v2\/pages\/29","targetHints":{"allow":["GET"]}}],"collection":[{"href":"https:\/\/blogs.uni-siegen.de\/epitexte\/wp-json\/wp\/v2\/pages"}],"about":[{"href":"https:\/\/blogs.uni-siegen.de\/epitexte\/wp-json\/wp\/v2\/types\/page"}],"author":[{"embeddable":true,"href":"https:\/\/blogs.uni-siegen.de\/epitexte\/wp-json\/wp\/v2\/users\/420"}],"replies":[{"embeddable":true,"href":"https:\/\/blogs.uni-siegen.de\/epitexte\/wp-json\/wp\/v2\/comments?post=29"}],"version-history":[{"count":68,"href":"https:\/\/blogs.uni-siegen.de\/epitexte\/wp-json\/wp\/v2\/pages\/29\/revisions"}],"predecessor-version":[{"id":5079,"href":"https:\/\/blogs.uni-siegen.de\/epitexte\/wp-json\/wp\/v2\/pages\/29\/revisions\/5079"}],"up":[{"embeddable":true,"href":"https:\/\/blogs.uni-siegen.de\/epitexte\/wp-json\/wp\/v2\/pages\/14"}],"wp:attachment":[{"href":"https:\/\/blogs.uni-siegen.de\/epitexte\/wp-json\/wp\/v2\/media?parent=29"}],"curies":[{"name":"wp","href":"https:\/\/api.w.org\/{rel}","templated":true}]}}