{"id":30,"date":"2020-05-11T12:40:54","date_gmt":"2020-05-11T10:40:54","guid":{"rendered":"http:\/\/blogs.uni-siegen.de\/epitexte\/?page_id=30"},"modified":"2024-06-09T09:20:38","modified_gmt":"2024-06-09T07:20:38","slug":"prof-dr-thomas-wegmann","status":"publish","type":"page","link":"https:\/\/blogs.uni-siegen.de\/epitexte\/team\/prof-dr-thomas-wegmann\/","title":{"rendered":"Prof. Dr. Thomas Wegmann"},"content":{"rendered":"\n<p><strong>Projektleiter (Innsbruck): <\/strong><a href=\"http:\/\/blogs.uni-siegen.de\/epitexte\/projekt\/fingierte-epitexte\/\">Fingierte Epitexte<\/a> und <a href=\"http:\/\/blogs.uni-siegen.de\/epitexte\/projekt\/ritualisierte-epitexte\/\">Ritualisierte Epitexte<\/a><\/p>\n\n\n\n<div class=\"wp-block-columns is-layout-flex wp-container-core-columns-is-layout-9d6595d7 wp-block-columns-is-layout-flex\">\n<div class=\"wp-block-column is-layout-flow wp-block-column-is-layout-flow\">\n<figure class=\"wp-block-image size-large\"><img loading=\"lazy\" decoding=\"async\" width=\"600\" height=\"450\" src=\"http:\/\/blogs.uni-siegen.de\/epitexte\/files\/2020\/05\/Thomas-Wegmann.jpg\" alt=\"\" class=\"wp-image-194\" title=\"Thomas Wegmann (privat)\" srcset=\"https:\/\/blogs.uni-siegen.de\/epitexte\/files\/2020\/05\/Thomas-Wegmann.jpg 600w, https:\/\/blogs.uni-siegen.de\/epitexte\/files\/2020\/05\/Thomas-Wegmann-300x225.jpg 300w\" sizes=\"auto, (max-width: 600px) 100vw, 600px\" \/><\/figure>\n<\/div>\n\n\n\n<div class=\"wp-block-column is-layout-flow wp-block-column-is-layout-flow\">\n<p><strong>Universit\u00e4t Innsbruck<br><\/strong>Institut f\u00fcr Germanistik<br>Innrain 52, A-6020 Innsbruck<\/p>\n\n\n\n<p>+43 (0) 512-507-41210 (Sekretariat)<br>thomas.wegmann [at] uibk.ac.at<\/p>\n<\/div>\n<\/div>\n\n\n\n<hr>\n\n\n\n<p class=\"has-text-align-right\"><a href=\"https:\/\/blogs.uni-siegen.de\/epitexte\/team\/prof-dr-thomas-wegmann\/#tw-cv\">Kurzvita<\/a> \u2217 <a href=\"https:\/\/blogs.uni-siegen.de\/epitexte\/team\/prof-dr-thomas-wegmann\/#tw-forsch\">Forschung<\/a> \u2217 <a href=\"https:\/\/blogs.uni-siegen.de\/epitexte\/team\/prof-dr-thomas-wegmann\/#tw-pub\">Publikationen<\/a><\/p>\n\n\n\n<hr>\n\n\n\n<div style=\"height:20px\" aria-hidden=\"true\" class=\"wp-block-spacer\"><\/div>\n\n\n\n<h3 class=\"wp-block-heading\" id=\"tw-cv\">Kurzvita<\/h3>\n\n\n\n<figure class=\"wp-block-table\"><table><tbody><tr><td><strong>1983 <\/strong>bis<strong> 1991<\/strong><\/td><td><strong>Studium der Germanistik, Anglistik und Philosophie<\/strong><br>in Essen, Dublin und Berlin (M.A.)<\/td><\/tr><tr><td><strong>1995 <\/strong>bis<strong> 2000<\/strong><\/td><td><strong>Wissenschaftlicher Mitarbeiter f\u00fcr Neuere deutsche Literatur <\/strong><br>an der Freien Universit\u00e4t Berlin<\/td><\/tr><tr><td><strong>2000<\/strong><\/td><td><strong>Promotion mit der Arbeit <\/strong><br><em>Tauschverh\u00e4ltnisse. Zur \u00d6konomie des Literarischen und zum \u00d6konomischen in der Literatur von Gellert bis Goethe <\/em><br>an der Freien Universit\u00e4t Berlin<\/td><\/tr><tr><td><strong>2001 <\/strong>bis<strong> 2003<\/strong><\/td><td><strong>Wissenschaftlicher Mitarbeiter <\/strong><br>im DFG-Projekt Literatur und Marketing. Ver\u00e4nderungen von Literatur und Literaturmarkt in einer zunehmend durch Marketing bestimmten Kultur (Humboldt-Universit\u00e4t zu Berlin)<\/td><\/tr><tr><td><strong>2001 <\/strong>bis<strong> 2003<\/strong><\/td><td><strong>Wissenschaftlicher Mitarbeiter <\/strong><br>am Institut f\u00fcr deutsche Literatur an der Humboldt-Universit\u00e4t zu Berlin<\/td><\/tr><tr><td><strong>2005<\/strong><\/td><td><strong>Visiting Professor <\/strong><br>am German Department der Cornell University in Ithaca, USA<\/td><\/tr><tr><td><strong>2007<\/strong><\/td><td><strong>Habilitation<\/strong> (ausgezeichnet mit dem Wilhelm-Scherer-Preis 2010)<br><em>Dichtung und Warenzeichen: Zur Beobachtung und Bearbeitung von Reklame im literarischen Feld 1850 \u2013 2000<\/em><br>an der Humboldt-Universit\u00e4t zu Berlin<\/td><\/tr><tr><td><strong>2008<\/strong><\/td><td><strong>Max Kade Distinguished Visiting Professor <\/strong><br>am Department for Germanic Languages and Literatures<br>der University of Virginia in Charlottesville, USA<\/td><\/tr><tr><td><strong>2008 <\/strong>bis<strong> 2009<\/strong><\/td><td><strong>Vertretung der Professur f\u00fcr Deutsche Literaturwissenschaft und Literaturtheorie <\/strong><br>an der Universit\u00e4t Greifswald<\/td><\/tr><tr><td><strong>2009 <\/strong>bis<strong> 2010<\/strong><\/td><td><strong>Wissenschaftlicher Mitarbeiter <\/strong><br>im SFB \u00c4sthetische Erfahrung im Zeichen der Entgrenzung der K\u00fcnste<br>der Freien Universit\u00e4t Berlin<\/td><\/tr><tr><td><strong>2010<\/strong><\/td><td><strong>Fellow<\/strong><br>am Institute for Advanced Studies in the Humanities<br>der Goethe Universit\u00e4t Frankfurt a. M.<\/td><\/tr><tr><td><strong>2011<\/strong><\/td><td><strong>Vertretung des Lehrstuhl f\u00fcr Neuere deutsche Literatur\/Literaturwissenschaft <\/strong><br>an der Universit\u00e4t Kiel<\/td><\/tr><tr><td>seit<strong> 2011<\/strong><\/td><td><a href=\"https:\/\/www.uibk.ac.at\/germanistik\/mitarbeiter\/wegmann_thomas\/\" target=\"_blank\" rel=\"noopener noreferrer\"><strong>Univ.-Prof. an der Leopold-Franzens-Universit\u00e4t Innsbruck<\/strong><\/a><\/td><\/tr><\/tbody><\/table><\/figure>\n\n\n\n<div style=\"height:100px\" aria-hidden=\"true\" class=\"wp-block-spacer\"><\/div>\n\n\n\n<hr>\n\n\n\n<p class=\"has-text-align-right\"><a href=\"https:\/\/blogs.uni-siegen.de\/epitexte\/team\/prof-dr-thomas-wegmann\/#tw-cv\">Kurzvita<\/a> \u2217 Forschung \u2217 <a href=\"https:\/\/blogs.uni-siegen.de\/epitexte\/team\/prof-dr-thomas-wegmann\/#tw-pub\">Publikationen<\/a> \u2217 <a href=\"http:\/\/blogs.uni-siegen.de\/epitexte\/team\/prof-dr-thomas-wegmann\/#top\">\u2191<\/a><\/p>\n\n\n\n<hr>\n\n\n\n<h3 class=\"wp-block-heading\" id=\"tw-forsch\">Forschung<\/h3>\n\n\n\n<p><strong>Forschungsschwerpunkte<\/strong><\/p>\n\n\n\n<ul class=\"wp-block-list\">\n<li>Theorie, Geschichte und Inszenierungen von Autor*innenschaft<\/li>\n\n\n\n<li>Literatur und \u00d6konomie<\/li>\n\n\n\n<li>Kulturtechniken des Schreibens und der Schrift<\/li>\n\n\n\n<li>Literatur und Medien<\/li>\n\n\n\n<li>Gottfried Benn: Poetik, Werk und Autor*innenschaft<\/li>\n\n\n\n<li>Autofiktion: Zwischen faktualem und fiktionalem Erz\u00e4hlen<\/li>\n\n\n\n<li>Literatur vom 18.\u201320. Jh.<\/li>\n<\/ul>\n\n\n\n<p><strong>Aktuelle Projekte<\/strong><\/p>\n\n\n\n<ul class=\"wp-block-list\">\n<li>Immobilien und Mobilit\u00e4t. Zur Literaturgeschichte des Hauses und Wohnens<\/li>\n\n\n\n<li>Auctor in fabula \u2013 \u00dcber metafiktionales Erz\u00e4hlen<\/li>\n\n\n\n<li>Zur Funktion auktorialer Paratexte f\u00fcr die Inszenierung von Autor*innenschaft <\/li>\n<\/ul>\n\n\n\n<div style=\"height:100px\" aria-hidden=\"true\" class=\"wp-block-spacer\"><\/div>\n\n\n\n<hr>\n\n\n\n<p class=\"has-text-align-right\"><a href=\"https:\/\/blogs.uni-siegen.de\/epitexte\/team\/prof-dr-thomas-wegmann\/#tw-cv\">Kurzvita<\/a> \u2217 <a href=\"https:\/\/blogs.uni-siegen.de\/epitexte\/team\/prof-dr-thomas-wegmann\/#tw-forsch\">Forschung<\/a> \u2217 Publikationen \u2217 <a href=\"http:\/\/blogs.uni-siegen.de\/epitexte\/team\/prof-dr-thomas-wegmann\/#top\">\u2191<\/a><\/p>\n\n\n\n<hr>\n\n\n\n<h3 class=\"wp-block-heading\" id=\"tw-pub\">Publikationen<\/h3>\n\n\n\n<p><strong>Monographien<\/strong><\/p>\n\n\n\n<ul class=\"wp-block-list\">\n<li><em>Dichtung und Warenzeichen. Reklame im literarischen Feld 1850 \u2013 2000<\/em>, G\u00f6ttingen 2011.<\/li>\n\n\n\n<li>Tauschverh\u00e4ltnisse. Zur \u00d6konomie des Literarischen und zum \u00d6konomischen in der Literatur von Gellert bis Goethe, W\u00fcrzburg 2002.<\/li>\n<\/ul>\n\n\n\n<p><strong>Herausgeberschaften<\/strong><\/p>\n\n\n\n<ul class=\"wp-block-list\">\n<li><em>Formen und Funktionen auktorialer Epitexte im literarischen Feld der Gegenwart<\/em>, Berlin\/Boston 2024, S. 241\u2013272. DOI: <a href=\"https:\/\/doi.org\/10.1515\/9783111322537\" target=\"_blank\" rel=\"noreferrer noopener\">https:\/\/doi.org\/10.1515\/9783111322537<\/a> (Mithrsg.).<\/li>\n\n\n\n<li><em>Fallgeschichte(n) als Narrativ zwischen Literatur und Wissen<\/em>, Innsbruck 2016 (Mithrsg.).<\/li>\n<\/ul>\n\n\n\n<p><strong>Aufs\u00e4tze<\/strong><\/p>\n\n\n\n<ul class=\"wp-block-list\">\n<li>mit <a href=\"https:\/\/blogs.uni-siegen.de\/epitexte\/team\/max-mayr-m-a\/\" data-type=\"page\" data-id=\"33\">Max Mayr<\/a>:\u201e\u201aWeiter bin ich nicht gekommen\u2018. Zu Monika Rincks Danksagungen f\u00fcr Literaturpreise\u201c, in: Nathan Taylor\/Nicolas von Passavant (Hgg.): <em>Monika Rinck. Poesie und Gegenwart<\/em>, Berlin\/Heidelberg 2023, S. 75\u201386 (DOI: <a href=\"https:\/\/doi.org\/10.1007\/978-3-662-64898-8_6\" target=\"_blank\" rel=\"noreferrer noopener\">https:\/\/doi.org\/10.1007\/978-3-662-64898-8_6<\/a>).<\/li>\n\n\n\n<li>\u201eEpitexte als ritualisiertes Ereignis: \u00dcberlegungen zu Dankesreden im Rahmen von Literaturpreisverleihungen\u201c, in: Christoph J\u00fcrgensen\/Antonius Weixler [Hgg.]: <em>Literaturpreise. Geschichte und Kontexte<\/em>, Stuttgart 2021, S.&nbsp;105\u2013116.<\/li>\n\n\n\n<li>\u201eLiteraturbetrieb und literarischer Markt\u201c, in: Nobert Eke\/Stefan Elit [Hgg.]: <em>Grundthemen der Literaturwissenschaft: Literarische Institutionen<\/em>, Berlin\/Boston 2019, S. 453\u2013465.<\/li>\n\n\n\n<li>\u201eSt\u00f6rf\u00e4lle oder Verst\u00e4rkereffekte? \u00dcber Interferenzen von Text und Paratext in Adelbert von Chamissos Erz\u00e4hlung <em>Peter Schlemihl\u2019s wundersame Geschichte<\/em>\u201c, in: Sebastian Donat et al. [Hgg.]: <em>Interferenzen: Dimensionen und Ph\u00e4nomene der \u00dcberlagerung in Literatur und Theorie<\/em>, Innsbruck 2018, S. 25\u201338.<\/li>\n\n\n\n<li>\u201e<em>Wilhelm Meisters Lehrjahre<\/em>, die Arbeit am Selbst und die doppelte Buchf\u00fchrung\u201c, in: Miriam Albracht\/Iuditha Balint\/Frank Weiher [Hgg.]: <em>Goethe und die Arbeit<\/em>, M\u00fcnchen 2018, S. 97\u2013119.<\/li>\n\n\n\n<li>mit Maria Piok: \u201eZwischen Fakt und Fiktion \u2013 zu einigen Aspekten der frankophonen Paratextforschung\u201c, in: Martin Gerstenbr\u00e4un-Krug\/Nadja Reinhard [Hgg.]: <em>Paratextuelle Politik und Praxis. Interdependenzen von Werk und Autorschaft<\/em>, Wien u.a. 2018, S. 91\u201399.<\/li>\n\n\n\n<li>\u201eZwischen Youtube, B\u00fchne und Buch: Erz\u00e4hlprosa im Zeitalter ihrer Multimodalit\u00e4t\u201c, in: David-Christopher Assmann\/Nicola Menzel [Hgg.]: <em>Textgerede. Interferenzen von M\u00fcndlichkeit und Schriftlichkeit in der Gegenwartsliteratur<\/em>,  M\u00fcnchen 2018, S. 321\u2013334.<\/li>\n\n\n\n<li>\u201e\u201aDas \u00c4u\u00dfere ein Earl, das Innere ein Paria\u2018. Kultivierter Antagonismus bei Gottfried Benn\u201c, in: Clemens Peck\/Norbert Christian Wolf [Hgg.]: <em>Poetologien des Posturalen. Inszenierungen von Autorschaft in der Literatur der Zwischenkriegszeit<\/em>, Paderborn 2017, S. 89\u2013100.<\/li>\n\n\n\n<li>\u201eDie Masken des Authentischen. Krachts Interviews als Szenen auktorialer Epitexte\u201c, in: <em>TEXT + KRITIK<\/em>, <em>H. 216<\/em>: <em>Christian Kracht<\/em>, M\u00fcnchen 2017, S. 75\u201385.<\/li>\n\n\n\n<li>\u201eKlassiker werden? Kanonisierung als Teil von Werk- und Autorschaftspolitik in der literarischen Moderne: Benjamin, George, Hofmannsthal\u201c, in: <em>Beihefte zu Editio, Bd. 42 (2017)<\/em>: <em>Die Pr\u00e4sentation kanonischer Werke um 1900. Semantiken, Praktiken, Materialit\u00e4t<\/em>. Hrsg. von Philip Ajouri. Berlin\/Boston 2017, S. 19\u201330.<\/li>\n\n\n\n<li>\u201eNachlassbewusstsein und Nachweltbewirtschaftung bei Arno Schmidt. Am Beispiel der \u201aTotengespr\u00e4che\u2018 und anderer Texte\u201c, in: Hans-Edwin Friedrich [Hgg.]: <em>Arno Schmidt und das 18. Jahrhundert<\/em>, G\u00f6ttingen 2017, S. 159\u2013172.<\/li>\n\n\n\n<li>\u201eSprachliches Pfl\u00fcgen, gewonnenes Land oder Wie ein Tagebuch schreiben\u201c, in: Werner Michler\/Klemens Renoldner\/Norbert Christian Wolf [Hgg.]: <em>Von der Produktivkraft des Eigensinns. Der Schriftsteller Karl-Markus Gau\u00df<\/em>, Salzburg 2017, S. 105\u2013115.<\/li>\n\n\n\n<li>\u201e1968 und der Konflikt um Engagement, Literatur und Interesselosigkeit\u201c, in: J\u00fcrgen Brockoff\/Ursula Greitner\/Kerstin St\u00fcssel [Hgg.]: <em>Engagement. Konzepte von Gegenwart und Gegenwartsliteratur<\/em>, G\u00f6ttingen 2016, S. 213\u2013225.<\/li>\n\n\n\n<li>\u201e\u201aDie Welt ist alles, was der Fall ist\u2018: Zur Einf\u00fchrung\u201c, in: Thomas Wegmann\/Martina King [Hgg.]: <em>Fallgeschichte(n) als Narrativ zwischen Literatur und Wissen<\/em>, Innsbruck 2016, S. 7\u201325.<\/li>\n\n\n\n<li>,,\u201aEs stimmt ja immer zugleich alles und nichts\u2018: Zur Theorie des Autors und zum Tod als Gegenstand in Interviews: M\u00fcller, Bernhard, Derrida\u201c, in: <em>The Germanic Review: Literature, Culture, Theory, Jg. 91, H. 1\/2016<\/em>, S. 7\u201324.<\/li>\n\n\n\n<li>\u201e\u00dcber das Haus. Prolegomena zur Literaturgeschichte einer affektiven Immobilie\u201c, in: <em>Zeitschrift f\u00fcr Germanistik, Jg. XXVI, Neue Folge, H. 1\/2016<\/em>, S. 40\u201360.<\/li>\n\n\n\n<li>\u201eText-Akustik: Rundfunk und skripturale Oralit\u00e4t im Sp\u00e4twerk Gottfried Benns\u201c, in: Natalie Binczek und Cornelia Epping-J\u00e4ger [Hgg.]: <em>Das H\u00f6rbuch. Audioliteralit\u00e4t und akustische Literatur<\/em>, M\u00fcnchen 2014, S. 65\u201376.<\/li>\n\n\n\n<li>\u201eBeschriebenes beschreiben oder Nach dem Erz\u00e4hlen. Narratologische Anmerkungen zu Elfriede Jelineks fr\u00fcher Prosa\u201c, in: Armen Avanessian\/Anke Henning [Hgg.]: <em>Der Pr\u00e4sensroman<\/em>, Berlin\/Boston 2013 (= Narratologia 36), S. 224\u2013236.<\/li>\n\n\n\n<li>\u201eThe Human as Resident Animal: Kafka\u2019s \u201aDer Bau\u2018 in the Context of His Later Notebooks and Letters\u201c, in: <em>Monatshefte f\u00fcr deutschsprachige Literatur und Kultur<\/em>,<em> Bd. 103 (2011), H. 3 (Special Issue: Kafka\u2019s Late Style)<\/em>, S. 360\u2013371.<\/li>\n\n\n\n<li>\u201eWertpapiere und Zettelwirtschaften. Zur Poiesis und Mediologie gehandelter Drucksachen\u201c, in: Heinz Dr\u00fcgh\/Christian Metz\/Bj\u00f6rn Weyand [Hgg.]: <em>Waren\u00e4sthetik \u2013 Neue Perspektiven auf Konsum, Kultur und Kunst<\/em>, Berlin 2011, S. 296\u2013326.<\/li>\n\n\n\n<li>\u201eArtistik. Zu einem Topos literarischer \u00c4sthetik im Kontext zirzensischer K\u00fcnste\u201c, in: <em>Zeitschrift f\u00fcr Germanistik, Jg. XX, Neue Folge, H. 3\/2010<\/em>, S. 563\u2013582.<\/li>\n\n\n\n<li>\u201eStigma und Skandal: <em>The making of<\/em> Rainald Goetz\u201d, in: Markus Joch\/York-Gothart Mix\/Norbert Christian Wolf [Hgg.]: <em>Mediale Erregungen? Autonomie und Aufmerksamkeit im Literatur- und Kulturbetrieb der Gegenwart<\/em>, T\u00fcbingen 2009, S. 205\u2013219.<\/li>\n\n\n\n<li>\u201eWohnen, Werben, Reden. \u00dcber das (nicht nur) \u00e4sthetische Zuhause von und in Martin Kessels Roman \u201aHerrn Brechers Fiasko\u2018\u201c, in: Stefan Scherer\/Claudia Stockinger [Hgg.]: <em>Martin Kessel (1901\u20131990)<\/em>, Bielefeld 2004, S. 233\u2013268.<\/li>\n<\/ul>\n\n\n\n<p><strong>Handbuchartikel<\/strong><\/p>\n\n\n\n<ul class=\"wp-block-list\">\n<li>\u201eWare und Zirkulation\u201c. In: <em>Handbuch Literatur &amp; Materielle Kultur<\/em>. Hrsg. von Susanne Scholz und Ulrike Vedder. Berlin\/Boston 2018, S. 451\u2013453.<\/li>\n\n\n\n<li>\u201eAltern als Problem f\u00fcr K\u00fcnstler\u2018, \u201eAntworten auf Rundfragen 1949\u201356\u201c, \u201eDer Radardenker\u201c, \u201eGeb\u00fchrt Carleton ein Denkmal?\u201c, \u201eGespr\u00e4che und Interviews 1930\u201356\u201c, \u201eKleinere Essays, Reden und Schriften 1951\u201356\u201c, \u201eK\u00f6nnen Dichter die Welt \u00e4n-dern?\u201c, \u201eProsa-Fragmente 1933\u201356\u201c, \u201eRede in Darmstadt\u201c, \u201eDie Stimme hinter dem Vorhang\u201c, \u201e\u00dcber die Rolle des Schriftstellers in dieser Zeit\u201c, in: <em>Gottfried-Benn-Handbuch<\/em>. Hrsg. von Friederike Reents und Christian M. Hanna, Stuttgart\/Weimar 2016.<\/li>\n\n\n\n<li>\u201eAutoren\u201c, in: <em>Handbuch Kanon und Wertung. Theorien, Instanzen, Geschichte<\/em>. Hrsg. von Gabriele Rippl und Simone Winko. Stuttgart 2013, S. 254\u2013259.<\/li>\n<\/ul>\n\n\n\n<p><strong>Rezensionen<\/strong><\/p>\n\n\n\n<ul class=\"wp-block-list\">\n<li>zu: Harald Steinhagen\/Stefan Kraft\/Holger Hof (Hgg.): <em>Gottfried Benn\u2013 Friedrich Wilhelm Oelze. Briefwechsel 1932\u20131956<\/em>, Stuttgart 2016, 4 Bde. In: <em>Zeitschrift f\u00fcr Germanistik, Jg. XXVI, Neue Folge, H. 1\/2017<\/em>, S.191\u2013194.<\/li>\n\n\n\n<li>zu: Sarah Pogoda: <em>Demiurgen in der Krise. Architektenfiguren in der deutschsprachigen Literatur nach 1945<\/em>. Berlin 2013. In: <em>Scientia Poetica<\/em>,<em> Bd. 19\/2015<\/em>, S. 391\u2013397.<\/li>\n\n\n\n<li>zu: Heike Knortz\/Beate Laudenberg: <em>Goethe, der Merkantilismus und die Inflation. Zum \u00f6konomischen Wissen und Handeln Goethes und seiner Figuren<\/em>. M\u00fcnster 2014, in: <em>H-Soz-u-Kult<\/em>, <em>25.9.2014<\/em>, <a rel=\"noreferrer noopener\" href=\"http:\/\/hsozkult.geschichte.hu-berlin.de\/rezensionen\/%202014-3-187\" target=\"_blank\">http:\/\/hsozkult.geschichte.hu-berlin.de\/rezensionen\/ 2014-3-187<\/a>.<\/li>\n<\/ul>\n\n\n\n<p><strong>Vortr\u00e4ge<\/strong><\/p>\n\n\n\n<ul class=\"wp-block-list\">\n<li>\u201eIn weiter Ferne wohl dagewesen. Interviews als Fiktionen des Wirklichen.\u201c <br>Vortrag auf der Tagung <a rel=\"noreferrer noopener\" href=\"https:\/\/www.germanistik.phil.fau.de\/2019\/10\/23\/07-09-november-2019-tagung-an-den-schnittstellen-von-fakt-und-fiktion-formen-und-funktionen-dokufiktionalen-erzaehlens-in-der-gegenwart\/\" target=\"_blank\"><em>An den Schnittstellen von Fakt und Fiktion: Formen und Funktionen dokufiktionalen Erz\u00e4hlens in der Gegenwart<\/em><\/a>, Erlangen, 8.11.2019.<\/li>\n\n\n\n<li>\u201eEpitexte als ritualisiertes Ereignis? \u00dcberlegungen zu Dankesreden im Rahmen von Literaturpreisverleihungen\u201c. <br>Vortrag auf dem Workshop <em>Literaturpreise \u2013 Theorie, \u00d6konomie, Politik<\/em>, Essen, 25.4.2019.<\/li>\n\n\n\n<li>\u201e\u201aBilder, die man \u00fcblicherweise wegwirft\u2018. Thomas Bernhard als Thomas Bernhard.\u201c<br>Vortrag auf der Tagung <em>Der Autor als Filmfigur<\/em>, M\u00fcnchen, 5.4.2019.<\/li>\n<\/ul>\n\n\n\n<p class=\"has-text-align-right\"><a href=\"http:\/\/blogs.uni-siegen.de\/epitexte\/team\/prof-dr-thomas-wegmann\/#top\">\u2191<\/a><\/p>\n","protected":false},"excerpt":{"rendered":"<p>Projektleiter (Innsbruck): Fingierte Epitexte und Ritualisierte Epitexte Universit\u00e4t InnsbruckInstitut f\u00fcr GermanistikInnrain 52, A-6020 Innsbruck +43 (0) 512-507-41210 (Sekretariat)thomas.wegmann [at] uibk.ac.at Kurzvita \u2217 Forschung \u2217 Publikationen Kurzvita 1983 bis 1991 Studium der Germanistik, Anglistik und Philosophiein Essen, Dublin und Berlin (M.A.) 1995 bis 2000 Wissenschaftlicher Mitarbeiter f\u00fcr Neuere deutsche Literatur an der Freien Universit\u00e4t Berlin 2000 &hellip; <a href=\"https:\/\/blogs.uni-siegen.de\/epitexte\/team\/prof-dr-thomas-wegmann\/\" class=\"more-link\"><span class=\"screen-reader-text\">Prof. Dr. Thomas Wegmann<\/span> weiterlesen <span class=\"meta-nav\">&rarr;<\/span><\/a><\/p>\n","protected":false},"author":420,"featured_media":0,"parent":14,"menu_order":0,"comment_status":"closed","ping_status":"closed","template":"","meta":{"footnotes":""},"class_list":["post-30","page","type-page","status-publish","hentry"],"_links":{"self":[{"href":"https:\/\/blogs.uni-siegen.de\/epitexte\/wp-json\/wp\/v2\/pages\/30","targetHints":{"allow":["GET"]}}],"collection":[{"href":"https:\/\/blogs.uni-siegen.de\/epitexte\/wp-json\/wp\/v2\/pages"}],"about":[{"href":"https:\/\/blogs.uni-siegen.de\/epitexte\/wp-json\/wp\/v2\/types\/page"}],"author":[{"embeddable":true,"href":"https:\/\/blogs.uni-siegen.de\/epitexte\/wp-json\/wp\/v2\/users\/420"}],"replies":[{"embeddable":true,"href":"https:\/\/blogs.uni-siegen.de\/epitexte\/wp-json\/wp\/v2\/comments?post=30"}],"version-history":[{"count":44,"href":"https:\/\/blogs.uni-siegen.de\/epitexte\/wp-json\/wp\/v2\/pages\/30\/revisions"}],"predecessor-version":[{"id":5071,"href":"https:\/\/blogs.uni-siegen.de\/epitexte\/wp-json\/wp\/v2\/pages\/30\/revisions\/5071"}],"up":[{"embeddable":true,"href":"https:\/\/blogs.uni-siegen.de\/epitexte\/wp-json\/wp\/v2\/pages\/14"}],"wp:attachment":[{"href":"https:\/\/blogs.uni-siegen.de\/epitexte\/wp-json\/wp\/v2\/media?parent=30"}],"curies":[{"name":"wp","href":"https:\/\/api.w.org\/{rel}","templated":true}]}}