{"id":31,"date":"2020-05-11T12:40:54","date_gmt":"2020-05-11T10:40:54","guid":{"rendered":"http:\/\/blogs.uni-siegen.de\/epitexte\/?page_id=31"},"modified":"2024-12-29T14:00:05","modified_gmt":"2024-12-29T13:00:05","slug":"nora-manz-m-a","status":"publish","type":"page","link":"https:\/\/blogs.uni-siegen.de\/epitexte\/team\/nora-manz-m-a\/","title":{"rendered":"Nora Manz, M.A."},"content":{"rendered":"\n<p>2020 bis 2023<br>Wissenschaftliche Mitarbeiterin (Siegen): <a href=\"http:\/\/blogs.uni-siegen.de\/epitexte\/projekt\/performative-epitexte\/\">Performative Epitexte<\/a><\/p>\n\n\n\n<p><strong>Dissertationsthema:<br><\/strong><em>Lyrik live \u2013 Lesungspraktiken deutschsprachiger Gegenwartslyrik am Beispiel Nora Gomringer<\/em><\/p>\n\n\n\n<div class=\"wp-block-columns is-layout-flex wp-container-core-columns-is-layout-9d6595d7 wp-block-columns-is-layout-flex\">\n<div class=\"wp-block-column is-layout-flow wp-block-column-is-layout-flow\">\n<figure class=\"wp-block-image size-large\"><img loading=\"lazy\" decoding=\"async\" width=\"1024\" height=\"768\" src=\"http:\/\/blogs.uni-siegen.de\/epitexte\/files\/2020\/05\/Nora-Manz-1024x768.jpg\" alt=\"\" class=\"wp-image-309\" title=\"Nora Manz (privat)\" srcset=\"https:\/\/blogs.uni-siegen.de\/epitexte\/files\/2020\/05\/Nora-Manz.jpg 1024w, https:\/\/blogs.uni-siegen.de\/epitexte\/files\/2020\/05\/Nora-Manz-300x225.jpg 300w, https:\/\/blogs.uni-siegen.de\/epitexte\/files\/2020\/05\/Nora-Manz-768x576.jpg 768w\" sizes=\"auto, (max-width: 1024px) 100vw, 1024px\" \/><\/figure>\n<\/div>\n\n\n\n<div class=\"wp-block-column is-layout-flow wp-block-column-is-layout-flow\">\n<p><strong>Universit\u00e4t Siegen<br><\/strong>Germanistisches Seminar<br>H\u00f6lderlinstr. 3, D-57076 Siegen<\/p>\n\n\n\n<p>+49 (0) 271-740-4712 (Sekretariat)<br>manz.epitexte [at] posteo.de<\/p>\n<\/div>\n<\/div>\n\n\n\n<hr>\n\n\n\n<p class=\"has-text-align-right\">Dissertationsprojekt \u2217 <a href=\"https:\/\/blogs.uni-siegen.de\/epitexte\/team\/nora-manz-m-a\/#nm-pub\">Publikationen<\/a> \u2217 <a href=\"http:\/\/blogs.uni-siegen.de\/epitexte\/team\/nora-manz-m-a\/#top\">\u2191<\/a><\/p>\n\n\n\n<hr>\n\n\n\n<h3 class=\"wp-block-heading\" id=\"nm-diss\">Dissertationsprojekt<\/h3>\n\n\n\n<div class=\"wp-block-columns is-layout-flex wp-container-core-columns-is-layout-9d6595d7 wp-block-columns-is-layout-flex\">\n<div class=\"wp-block-column is-layout-flow wp-block-column-is-layout-flow\">\n<p>Lyrik gilt vielen als elit\u00e4r und sperrig: Die Dichte sprachlicher Bilder und Spiele auf geringem Raum f\u00fchrt dazu, dass ihre Lekt\u00fcre h\u00e4ufig als anstrengend empfunden wird. Es verwundert daher nicht, dass deutschsprachige Lyrik-B\u00e4nde meist quersubventioniert werden (m\u00fcssen). Erstaunlicher ist hingegen die Beobachtung, dass die deutschsprachigen Lyrikfestivals ebenso gut besucht sind wie die individuell veranstalteten Lyriklesungen \u2013 ist es doch kaum m\u00f6glich, ein Gedicht vollst\u00e4ndig zu verstehen, nachdem man es nur einmal geh\u00f6rt hat.<\/p>\n<\/div>\n\n\n\n<div class=\"wp-block-column is-layout-flow wp-block-column-is-layout-flow\">\n<figure class=\"wp-block-image size-large\"><img loading=\"lazy\" decoding=\"async\" width=\"1024\" height=\"827\" src=\"http:\/\/blogs.uni-siegen.de\/epitexte\/files\/2020\/05\/Boberger_Nora-Gomringer-p\u00e5-bokm\u00e4ssan-i-G\u00f6teborg-2011-1024x827.jpg\" alt=\"\" class=\"wp-image-348\" title=\"Nora Gomringer auf der Buchmesse in G\u00f6teborg 2011 (wikimedia commons)\" srcset=\"https:\/\/blogs.uni-siegen.de\/epitexte\/files\/2020\/05\/Boberger_Nora-Gomringer-p\u00e5-bokm\u00e4ssan-i-G\u00f6teborg-2011-1024x827.jpg 1024w, https:\/\/blogs.uni-siegen.de\/epitexte\/files\/2020\/05\/Boberger_Nora-Gomringer-p\u00e5-bokm\u00e4ssan-i-G\u00f6teborg-2011-300x242.jpg 300w, https:\/\/blogs.uni-siegen.de\/epitexte\/files\/2020\/05\/Boberger_Nora-Gomringer-p\u00e5-bokm\u00e4ssan-i-G\u00f6teborg-2011-768x620.jpg 768w\" sizes=\"auto, (max-width: 1024px) 100vw, 1024px\" \/><\/figure>\n<\/div>\n<\/div>\n\n\n\n<p>Dieses Dissertationsprojekt hat es sich daher zum Ziel gesetzt, eine Erkl\u00e4rung f\u00fcr diese Diskrepanz zu finden. Es wird davon ausgegangen, dass es neben dem H\u00f6r-Erlebnis des Werkvortrags und der pers\u00f6nlichen Begegnung mit charismatischen Autor*innen vor allem die von den Dichter*innen preisgegebenen Interpretamente sind, die das spezifische Plus einer Lesung ausmachen.<\/p>\n\n\n\n<p>Daher erscheint es geboten, den Fokus der Lesungsforschung auf den performativen Epitext zu verschieben, wie J\u00f6rg D\u00f6rings Lesungsstudien zu Marcel Beyer<a href=\"https:\/\/blogs.uni-siegen.de\/epitexte\/team\/nora-manz-m-a\/#NM-FN\">\u00b9<\/a> und Clemens J. Setz<a href=\"https:\/\/blogs.uni-siegen.de\/epitexte\/team\/nora-manz-m-a\/#NM-FN\">\u00b2<\/a> folgend die (spontan-)m\u00fcndliche Rahmung der Werklesung durch die Autor*innen bezeichnet werden soll.<\/p>\n\n\n\n<p>Um zu vermeiden, dass es sich bei den Aufzeichnungen der Lesungen bereits um auktorial edierten Epitext handelt, werden eigene Mitschnitte verschiedener Veranstaltungen angefertigt und anschlie\u00dfend nach linguistischen Konventionen transkribiert. Sequenzielle Einzelanalysen dieser Lesungsprotokolle erm\u00f6glichen im Abgleich mit den entsprechenden Drucktexten eine Untersuchung der jeweiligen Eigenheiten und Interpretationsangebote. Derart kann beispielsweise auch reflektiert werden, inwiefern physischer Peritext wie Motti etc. in performativen Epitext transformiert wird oder werden kann.<\/p>\n\n\n\n<p>Das Korpus ergibt sich durch die Beschr\u00e4nkung der Analyse auf exemplarische Lesungen einer Lyrikerin: Nora Gomringer, die aktuell nicht nur zu den popul\u00e4rsten deutschsprachigen Dichter*innen z\u00e4hlt, sondern zudem besonders f\u00fcr ihre Vortragskunst ger\u00fchmt wird, ver\u00f6ffentlichte zwischen 2013 und 2017 die Trilogie <em>Monster, Morbus, Moden<\/em>.<a href=\"https:\/\/blogs.uni-siegen.de\/epitexte\/team\/nora-manz-m-a\/#NM-FN\">\u00b3<\/a> Anhand von Aufzeichnungen verschiedener Trilogie-Lesungen soll die Funktion des performativen Epitextes besonders hinsichtlich der gelieferten Interpretamente, der vorgenommenen Autor*innenschaftsinszenierung sowie der Interaktion mit dem Publikum untersucht werden.<\/p>\n\n\n\n<p>Dabei gilt es nicht nur, im Vergleich mit dem Drucktext \u00c4quivalente bzw. \u00dcbertragungsm\u00f6glichkeiten sowie Differenzen aufzuzeigen, sondern zudem Muster und Routinen der Praxisform Lyriklesung herauszuarbeiten, die sich auch auf die Arbeit anderer Lyriker*innen \u00fcbertragen lassen.<\/p>\n\n\n\n<h6 class=\"wp-block-heading\" id=\"NM-FN\">Fu\u00dfnoten:<\/h6>\n\n\n\n<p class=\"has-small-font-size\">1. D\u00f6ring, J\u00f6rg: \u201eMarcel Beyer liest. Gedicht und performativer Epitext\u201c, in: Christian Klein (Hg.): <em>Marcel Beyer. Perspektiven auf Autor und Werk<\/em>, Stuttgart 2018, S. 73\u201393.<\/p>\n\n\n\n<p class=\"has-small-font-size\">2. D\u00f6ring, J\u00f6rg\/Pa\u00dfmann, Johannes: \u201eLyrik auf YouTube. Clemens J. Setz liest <em>Die Nordsee<\/em> (2014)\u201c, in: <em>Zeitschrift f\u00fcr Germanistik<\/em> <em>N.F. XXVII 2 (2017)<\/em>, S. 329\u2013347.<\/p>\n\n\n\n<p class=\"has-small-font-size\">3. Gomringer, Nora: <em>Monster<\/em> <em>Poems<\/em>. Dresden\/Leipzig 2013 sowie <em>Morbus<\/em>. Dresden\/Leipzig 2015 und <em>Moden<\/em>. Dresden\/Leipzig 2017. Anschlie\u00dfend erschien die Trilogie (leicht ver\u00e4ndert) als Sammelband: <em>Monster, Morbus, Moden<\/em>. Dresden\/Leipzig 2019. Alle B\u00e4nde sind illustriert von Reimar Limmar und enthalten eine Audio-CD.<\/p>\n\n\n\n<div style=\"height:100px\" aria-hidden=\"true\" class=\"wp-block-spacer\"><\/div>\n\n\n\n<hr>\n\n\n\n<p class=\"has-text-align-right\"><a href=\"https:\/\/blogs.uni-siegen.de\/epitexte\/team\/nora-manz-m-a\/#nm-diss\">Dissertationsprojekt<\/a> \u2217 Publikationen \u2217 <a href=\"http:\/\/blogs.uni-siegen.de\/epitexte\/team\/nora-manz-m-a\/#top\">\u2191<\/a><\/p>\n\n\n\n<hr>\n\n\n\n<h3 class=\"wp-block-heading\" id=\"nm-pub\">Publikationen<\/h3>\n\n\n\n<p><strong>Herausgeber*innenschaft<\/strong><\/p>\n\n\n\n<ul class=\"wp-block-list\">\n<li><em>Formen und Funktionen auktorialer Epitexte im literarischen Feld der Gegenwart<\/em>, Berlin\/Boston 2024, S. 241\u2013272. DOI: <a href=\"https:\/\/doi.org\/10.1515\/9783111322537\" target=\"_blank\" rel=\"noreferrer noopener\">https:\/\/doi.org\/10.1515\/9783111322537<\/a> (Mithrsg.).<\/li>\n<\/ul>\n\n\n\n<p><strong>Aufs\u00e4tze<\/strong><\/p>\n\n\n\n<ul class=\"wp-block-list\">\n<li>mit <a href=\"https:\/\/blogs.uni-siegen.de\/epitexte\/team\/anna-obererlacher-m-a\/\" data-type=\"page\" data-id=\"32\">Anna Obererlacher<\/a>: \u201e\u201aInfluencer, Artist, Entrepreneur\u2018\u2013 Kunstfigur Stefanie Sargnagel\u201c, in: Thomas Wegmann et al. [Hgg.]: <em>Formen und Funktionen auktorialer Epitexte im literarischen Feld der Gegenwart<\/em>, Berlin\/Boston 2024, S. 241\u2013272. DOI: <a href=\"https:\/\/doi.org\/10.1515\/9783111322537-011\" target=\"_blank\" rel=\"noreferrer noopener\">https:\/\/doi.org\/10.1515\/9783111322537-011<\/a>.<\/li>\n\n\n\n<li>\u201eLyrik und performativer Epitext: Nora Gomringers Lesungsroutinen\u201c, in: <em>Zeitschrift f\u00fcr Literaturwissenschaft und Linguistik 49 (2019) 3<\/em>, S. 477\u2013492.<\/li>\n\n\n\n<li>\u201e\u201aEs gibt keine Theater-, keine B\u00fccher-, keine Filmkritik mehr, wahrscheinlich, weil in Deutschland die Juden fehlen\u2018. Ein Lektorat in Briefform: Ernesto Grassi an G\u00f6tz Friedrich vom 9. Februar 1963\u201c, in: J\u00f6rg D\u00f6ring\/Sonja Lewandowski\/David Oels (Hgg.): r<em>owohlts deutsche enzyklop\u00e4die \u2013 Wissenschaft im Taschenbuch 1955\u201368. Themenheft Non Fiktion. Arsenal der anderen Gattungen, 12. Jg., H. 2<\/em>, 2017, S. 289\u2013302.<\/li>\n<\/ul>\n\n\n\n<p class=\"has-text-align-right\"><a href=\"http:\/\/blogs.uni-siegen.de\/epitexte\/team\/nora-manz-m-a\/#top\">\u2191<\/a><\/p>\n","protected":false},"excerpt":{"rendered":"<p>2020 bis 2023Wissenschaftliche Mitarbeiterin (Siegen): Performative Epitexte Dissertationsthema:Lyrik live \u2013 Lesungspraktiken deutschsprachiger Gegenwartslyrik am Beispiel Nora Gomringer Universit\u00e4t SiegenGermanistisches SeminarH\u00f6lderlinstr. 3, D-57076 Siegen +49 (0) 271-740-4712 (Sekretariat)manz.epitexte [at] posteo.de Dissertationsprojekt \u2217 Publikationen \u2217 \u2191 Dissertationsprojekt Lyrik gilt vielen als elit\u00e4r und sperrig: Die Dichte sprachlicher Bilder und Spiele auf geringem Raum f\u00fchrt dazu, dass ihre &hellip; <a href=\"https:\/\/blogs.uni-siegen.de\/epitexte\/team\/nora-manz-m-a\/\" class=\"more-link\"><span class=\"screen-reader-text\">Nora Manz, M.A.<\/span> weiterlesen <span class=\"meta-nav\">&rarr;<\/span><\/a><\/p>\n","protected":false},"author":420,"featured_media":0,"parent":14,"menu_order":0,"comment_status":"closed","ping_status":"closed","template":"","meta":{"footnotes":""},"class_list":["post-31","page","type-page","status-publish","hentry"],"_links":{"self":[{"href":"https:\/\/blogs.uni-siegen.de\/epitexte\/wp-json\/wp\/v2\/pages\/31","targetHints":{"allow":["GET"]}}],"collection":[{"href":"https:\/\/blogs.uni-siegen.de\/epitexte\/wp-json\/wp\/v2\/pages"}],"about":[{"href":"https:\/\/blogs.uni-siegen.de\/epitexte\/wp-json\/wp\/v2\/types\/page"}],"author":[{"embeddable":true,"href":"https:\/\/blogs.uni-siegen.de\/epitexte\/wp-json\/wp\/v2\/users\/420"}],"replies":[{"embeddable":true,"href":"https:\/\/blogs.uni-siegen.de\/epitexte\/wp-json\/wp\/v2\/comments?post=31"}],"version-history":[{"count":59,"href":"https:\/\/blogs.uni-siegen.de\/epitexte\/wp-json\/wp\/v2\/pages\/31\/revisions"}],"predecessor-version":[{"id":5082,"href":"https:\/\/blogs.uni-siegen.de\/epitexte\/wp-json\/wp\/v2\/pages\/31\/revisions\/5082"}],"up":[{"embeddable":true,"href":"https:\/\/blogs.uni-siegen.de\/epitexte\/wp-json\/wp\/v2\/pages\/14"}],"wp:attachment":[{"href":"https:\/\/blogs.uni-siegen.de\/epitexte\/wp-json\/wp\/v2\/media?parent=31"}],"curies":[{"name":"wp","href":"https:\/\/api.w.org\/{rel}","templated":true}]}}