{"id":32,"date":"2020-05-11T12:40:54","date_gmt":"2020-05-11T10:40:54","guid":{"rendered":"http:\/\/blogs.uni-siegen.de\/epitexte\/?page_id=32"},"modified":"2024-06-09T09:19:26","modified_gmt":"2024-06-09T07:19:26","slug":"anna-obererlacher-m-a","status":"publish","type":"page","link":"https:\/\/blogs.uni-siegen.de\/epitexte\/team\/anna-obererlacher-m-a\/","title":{"rendered":"Anna Obererlacher, M.A."},"content":{"rendered":"\n<p>Wissenschaftliche Mitarbeiterin (Innsbruck): <a href=\"http:\/\/blogs.uni-siegen.de\/epitexte\/projekt\/fingierte-epitexte\/\">Fingierte Epitexte<\/a><\/p>\n\n\n\n<p><strong>Dissertationsthema:<br><\/strong><em>Die Fiktionalisierung von Epitexten in der deutschsprachigen Gegenwartsliteratur<\/em><\/p>\n\n\n\n<div class=\"wp-block-columns is-layout-flex wp-container-core-columns-is-layout-9d6595d7 wp-block-columns-is-layout-flex\">\n<div class=\"wp-block-column is-layout-flow wp-block-column-is-layout-flow\">\n<figure class=\"wp-block-image size-large\"><img loading=\"lazy\" decoding=\"async\" width=\"1024\" height=\"576\" src=\"http:\/\/blogs.uni-siegen.de\/epitexte\/files\/2020\/05\/Anna-Obererlacher-1024x576.jpg\" alt=\"\" class=\"wp-image-353\" title=\"Anna Obererlacher (privat)\" srcset=\"https:\/\/blogs.uni-siegen.de\/epitexte\/files\/2020\/05\/Anna-Obererlacher-1024x576.jpg 1024w, https:\/\/blogs.uni-siegen.de\/epitexte\/files\/2020\/05\/Anna-Obererlacher-300x169.jpg 300w, https:\/\/blogs.uni-siegen.de\/epitexte\/files\/2020\/05\/Anna-Obererlacher-768x432.jpg 768w\" sizes=\"auto, (max-width: 1024px) 100vw, 1024px\" \/><\/figure>\n<\/div>\n\n\n\n<div class=\"wp-block-column is-layout-flow wp-block-column-is-layout-flow\">\n<p><strong>Universit\u00e4t Innsbruck<\/strong><br>Institut f\u00fcr Germanistik<br>Innrain 52, A-6020 Innsbruck<\/p>\n\n\n\n<p>+43 (0) 512-507-41332<br>anna.obererlacher [at] student.uibk.ac.at<\/p>\n<\/div>\n<\/div>\n\n\n\n<hr>\n\n\n\n<p class=\"has-text-align-right\"><a href=\"https:\/\/blogs.uni-siegen.de\/epitexte\/team\/anna-obererlacher-m-a\/#ao-cv\">Kurzvita<\/a> \u2217 <a href=\"https:\/\/blogs.uni-siegen.de\/epitexte\/team\/anna-obererlacher-m-a\/#ao-diss\">Dissertationsprojekt<\/a> \u2217 <a href=\"https:\/\/blogs.uni-siegen.de\/epitexte\/team\/anna-obererlacher-m-a\/#ao-pub\">Publikationen<\/a><\/p>\n\n\n\n<hr>\n\n\n\n<div class=\"wp-block-group\"><div class=\"wp-block-group__inner-container is-layout-flow wp-block-group-is-layout-flow\">\n<div class=\"wp-block-group\"><div class=\"wp-block-group__inner-container is-layout-flow wp-block-group-is-layout-flow\"><\/div><\/div>\n<\/div><\/div>\n\n\n\n<div style=\"height:20px\" aria-hidden=\"true\" class=\"wp-block-spacer\"><\/div>\n\n\n\n<h3 class=\"wp-block-heading\" id=\"ao-cv\">Kurzvita<\/h3>\n\n\n\n<figure class=\"wp-block-table\"><table><tbody><tr><td><strong>geb. 1988<\/strong><\/td><td>&nbsp;<\/td><\/tr><tr><td><strong>2010 <\/strong>bis <strong>2014<\/strong><\/td><td><strong>B.A. Germanistik<\/strong><br>an der Universit\u00e4t Innsbruck<\/td><\/tr><tr><td><strong>2014 <\/strong>bis <strong>2018<\/strong><\/td><td><strong>M.A. Germanistik<\/strong><br>an der Universit\u00e4t Innsbruck<\/td><\/tr><tr><td><strong>2012<\/strong><\/td><td><strong>Auslandssemester<\/strong><br>an der Universit\u00e4t G\u00f6teborg, Schweden<\/td><\/tr><tr><td><strong>2014 <\/strong>bis <strong>2016<\/strong><\/td><td><strong>Studentische Mitarbeiterin bei <a href=\"http:\/\/blogs.uni-siegen.de\/epitexte\/team\/prof-dr-thomas-wegmann\/\" rel=\"noreferrer noopener\">Univ.-Prof. Dr. Thomas Wegmann<\/a><\/strong><br>f\u00fcr das Forschungszentrum <a href=\"https:\/\/www.uibk.ac.at\/literaturvermittlung\/\" target=\"_blank\" rel=\"noreferrer noopener\">Dimensionen des Literaturtransfers: \u00dcbertragung, Vermittlung, Rezeption<\/a> der Universit\u00e4t Innsbruck<\/td><\/tr><tr><td><strong>2016<\/strong><\/td><td><strong>Studentische Mitarbeiterin bei <a href=\"https:\/\/www.uibk.ac.at\/germanistik\/mitarbeiter\/pilz_michael\/\" target=\"_blank\" rel=\"noreferrer noopener\">Ass.-Prof. Mag.Dr. Michael Pilz<\/a><\/strong><br>im Projekt&nbsp;<em>Briefe und Postkarten von Joachim Ringelnatz an Peter Scher.&nbsp;Transkription und Kommentierung<\/em> an der Universit\u00e4t Innsbruck<\/td><\/tr><tr><td><strong>2016 <\/strong>bis <strong>2017<\/strong><\/td><td><strong>Studentische Mitarbeiterin bei <a rel=\"noreferrer noopener\" href=\"https:\/\/www.uibk.ac.at\/germanistik\/mitarbeiter\/berg_gunhild\/person.html\" target=\"_blank\">Dr.\u2019in Gunhild Berg, M.A.<\/a><\/strong><br>im Projekt <em>Versuch und Experiment<\/em>. <em>Konzepte des Experimentierens zwischen Naturwissenschaft und Literatur (1700\u20131960<\/em>)&nbsp;an der Universit\u00e4t Innsbruck<\/td><\/tr><tr><td>seit<strong> 2020<\/strong><\/td><td><strong>Wissenschaftliche Mitarbeiterin bei&nbsp;<a href=\"http:\/\/blogs.uni-siegen.de\/epitexte\/team\/prof-dr-thomas-wegmann\/\">Univ.-Prof. Dr. Thomas Wegmann<\/a><\/strong><br>im Arbeitspaket <a href=\"http:\/\/blogs.uni-siegen.de\/epitexte\/projekt\/fingierte-epitexte\/\">Fingierte Epitexte<\/a>&nbsp;(Universit\u00e4t Innsbruck)<br>des FWF\/DFG-Projekts&nbsp;<a href=\"http:\/\/blogs.uni-siegen.de\/epitexte\/\">Formen und Funktionen Auktorialer Epitexte im literarischen Feld der Gegenwart<\/a><\/td><\/tr><\/tbody><\/table><\/figure>\n\n\n\n<div style=\"height:100px\" aria-hidden=\"true\" class=\"wp-block-spacer\"><\/div>\n\n\n\n<div style=\"height:20px\" aria-hidden=\"true\" class=\"wp-block-spacer\"><\/div>\n\n\n\n<hr>\n\n\n\n<p class=\"has-text-align-right\"><a href=\"https:\/\/blogs.uni-siegen.de\/epitexte\/team\/anna-obererlacher-m-a\/#ao-cv\">Kurzvita<\/a> \u2217 Dissertationsprojekt \u2217 <a href=\"https:\/\/blogs.uni-siegen.de\/epitexte\/team\/anna-obererlacher-m-a\/#ao-pub\">Publikationen<\/a> \u2217 <a href=\"http:\/\/blogs.uni-siegen.de\/epitexte\/team\/anna-obererlacher-m-a\/#top\">\u2191<\/a><\/p>\n\n\n\n<hr>\n\n\n\n<h3 class=\"wp-block-heading\" id=\"ao-diss\">Dissertationsprojekt<\/h3>\n\n\n\n<p>Das Dissertationsprojekt befasst sich mit Texten von Autor*innen deutschsprachiger Gegenwartsliteratur, die Epitexte bzw. epitextuelle Elemente \u2013 wie Interviews oder Gespr\u00e4che \u2013 f\u00fcr ihre Poetik produktiv machen, mit ihnen (auto)fiktionale Texte mit eigenem Paratext-Apparat gestalten und so das \u201aBeiwerk\u2018 zum eigenst\u00e4ndigen Werk transformieren, das mit literarischen Mitteln den Stellenwert des Autors bzw. der Autorin reflektiert.<\/p>\n\n\n\n<p>F\u00fcr das Forschungsvorhaben stehen mindestens drei Frage- und Problemstellungen im Fokus. Zum einen, inwiefern die Fiktionalisierung des Autors, der Autorin in den untersuchten Texten als Reaktion auf die literaturbetriebliche Nachfrage nach Autor*innenschaft zu lesen ist;<a href=\"https:\/\/blogs.uni-siegen.de\/epitexte\/team\/anna-obererlacher-m-a\/#AO-FN\">\u00b9<\/a> und weiters, in welcher Beziehung dazu das vors\u00e4tzlich ambivalente Verh\u00e4ltnis von fiktionalen und faktualen Elementen und Hinweisen der \u00e4sthetischen \u00dcberschneidung von Text und Paratext steht. Abschlie\u00dfend ist zu hinterfragen, ob diesbez\u00fcglich Analogien zu paratextuellen Strategien um 1800 (Stichwort \u201aHerausgeberfiktion\u2018) bestehen.<a href=\"https:\/\/blogs.uni-siegen.de\/epitexte\/team\/anna-obererlacher-m-a\/#AO-FN\">\u00b2<\/a><\/p>\n\n\n\n<p>Als Textkorpus eignen sich besonders Interviewromane, die den Epitext \u201aInterview\u2018 f\u00fcr ihr fiktionales Programm produktiv machen und die gattungsgeschichtlich damit auf einer Traditionslinine von den imagin\u00e4ren Gespr\u00e4chen Lukians \u00fcber die Kunstdialoge der Romantik bis zu den&nbsp;<em>Erfundenen Gespr\u00e4chen<\/em>&nbsp;Hugo von Hofmannsthals zu verorten und mit Genre-Traditionen wie dem Dialog, den Toten- und G\u00f6ttergespr\u00e4chen wie auch dem journalistischen Interview in Verbindung zu setzen sind. Dazu z\u00e4hlt paradigmatisch und von der Forschung viel diskutiert etwa Wolf Haas\u2019&nbsp;<em>Wetter vor 15 Jahren<\/em>,<a href=\"https:\/\/blogs.uni-siegen.de\/epitexte\/team\/anna-obererlacher-m-a\/#AO-FN\">\u00b3<\/a> aber auch Clemens J. Setz\u2019&nbsp;<em>Bot<\/em>&nbsp;(2018) sowie John von D\u00fcffels&nbsp;<em>KL \u2013 Gespr\u00e4ch \u00fcber die Unsterblichkeit<\/em>&nbsp;(2015).<\/p>\n\n\n\n<p>Weiters werden medial vom Buch abweichende Spielformen fiktiver und fiktionaler Interviews wie die von Alexander Kluge mit Helge Schneider f\u00fcr das Fernsehen audiovisuell inszenierten Interviews und zugleich Konzepte des \u201eNew Journalism\u201c bzw. \u201eBorderline-Journalismus\u201c im Grenzbereich zwischen Fakt und Fiktion bzw. Journalismus und Literatur ber\u00fccksichtigt.<\/p>\n\n\n\n<p>Dar\u00fcber hinaus finden Texte Ber\u00fccksichtigung, die die Mechanismen, folglich die Produktions-, Distributions- und Rezeptionsbedingungen des Literaturbetriebs \u2013 und somit auch die Stellung des Autors bzw. der Autorin darin \u2013 auf vielf\u00e4ltige Weise reflektieren und motivisch wie verfahrenstechnisch literarisch verarbeiten. Sei es in Gestalt eines autofiktionalen Narrativs wie Thomas Glavinics&nbsp;<em>Das bin doch ich<\/em>&nbsp;(2007), eines gendertheoretischen Sujets wie Marlene Streeruwitz\u2019&nbsp;<em>Nachkommen<\/em>&nbsp;(2014), einer metafiktionalen Genreparodie wie Bodo von Kirchhoffs&nbsp;<em>Schundroman<\/em>&nbsp;(2002) oder einer Literaturbetriebssatire wie Thomas Modicks&nbsp;<em>Bestseller<\/em>&nbsp;(2015).<\/p>\n\n\n\n<p>Es sind dies Texte, die nach dem faktualen Status von Paratexten im Allgemeinen und dem von auktorialen Epitexten im Besonderen fragen, nach ihrem aktuellen Stellenwert im literarischen Feld und dem damit im Zusammenhang stehenden Glauben an die Authentizit\u00e4t von Interviews und Autor*innenschaft \u2013 w\u00e4hrend sie sich selbst zwischen Fakt und Fiktion bewegen. Nicht zuletzt erm\u00f6glichen sie dabei einen Diskurs \u00fcber mediale Repr\u00e4sentationsformen, ihre Konventionen und Grenzbereiche. Der Autor bzw. die Autorin, so die Hypothese, bringt nicht nur Fiktionen hervor, die Autor*innenschaft selbst konstituiert sich ma\u00dfgeblich \u00fcber kulturelle Fiktionen.<\/p>\n\n\n\n<h6 class=\"wp-block-heading\" id=\"AO-FN\"><strong>Fu\u00dfnoten:<\/strong><\/h6>\n\n\n\n<p class=\"has-small-font-size\">1. Zipfel, Frank: \u201eAutofiktion\u201c, in: Dieter Lamping (Hg): <em>Handbuch der literarischen Gattungen.<\/em> Stuttgart 2009, S. 31\u201336; Wagner-Egelhaaf, Martina (Hg.): <em>Auto(r)fiktion. Liter<\/em>arische Verfahren der Selbstkonstruktion. Bielefeld 2013; Krumrey, Birgitta: <em>Der Autor in seinem Text. Autofiktion in der deutschsprachigen Gegenwartsliteratur als (post-)postmodernes Ph\u00e4nomen.<\/em> G\u00f6ttingen 2015; Pottbeckers, J\u00f6rg: <em>Der Autor als Held. Autofiktionale Inszenierungsstrategien in der deutschsprachigen Gegenwartsliteratur<\/em>. W\u00fcrzburg 2017.<\/p>\n\n\n\n<p class=\"has-small-font-size\">2. Wirth, Uwe: <em>Die Geburt des Autors aus dem Geist der Herausgeberfunktion. Editoriale Rahmung im Roman um 1800: Wieland, Goethe, Brentano, Jean Paul und E.T<\/em>.<em>A. Hoffmann<\/em>. M\u00fcnchen 2008.<\/p>\n\n\n\n<p class=\"has-small-font-size\">3. Jaumann, Michael: \u201e\u201aAber das ist ja genau das Thema der Geschichte!\u2018 Dialog und Metafiktion in Wolf Haas\u2019&nbsp;<em>Das Wetter vor 15 Jahren<\/em>\u201c, in: J. Alexander Bareis (Hg.): <em>Metafiktion<\/em>. Berlin 2010, S. 203\u2013225; Schaffrick, Matthias: \u201eDas Interview als Roman. Das Wetter vor 15 Jahren von Wolf Haas\u201c, in: Torsten Hoffmann\/Gerhard Kaiser (Hgg.): <em>Echt inszeniert. Interviews in Literatur und Literaturbetrieb<\/em>. Paderborn 2014, S. 417\u2013429.<\/p>\n\n\n\n<div style=\"height:100px\" aria-hidden=\"true\" class=\"wp-block-spacer\"><\/div>\n\n\n\n<hr>\n\n\n\n<p class=\"has-text-align-right\"><a href=\"https:\/\/blogs.uni-siegen.de\/epitexte\/team\/anna-obererlacher-m-a\/#ao-cv\">Kurzvita<\/a> \u2217 <a href=\"https:\/\/blogs.uni-siegen.de\/epitexte\/team\/anna-obererlacher-m-a\/#ao-diss\">Dissertationsprojekt<\/a> \u2217 Publikationen \u2217 <a href=\"http:\/\/blogs.uni-siegen.de\/epitexte\/team\/anna-obererlacher-m-a\/#top\">\u2191<\/a><\/p>\n\n\n\n<hr>\n\n\n\n<h3 class=\"wp-block-heading\" id=\"ao-pub\">Publikationen<\/h3>\n\n\n\n<p><strong>Herausgeber*innenschaft<\/strong><\/p>\n\n\n\n<ul class=\"wp-block-list\">\n<li><em>Formen und Funktionen auktorialer Epitexte im literarischen Feld der Gegenwart<\/em>, Berlin\/Boston 2024, S. 241\u2013272. DOI: <a href=\"https:\/\/doi.org\/10.1515\/9783111322537\" target=\"_blank\" rel=\"noreferrer noopener\">https:\/\/doi.org\/10.1515\/9783111322537<\/a> (Mithrsg.).<\/li>\n<\/ul>\n\n\n\n<p><strong>Aufs\u00e4tze<\/strong><\/p>\n\n\n\n<ul class=\"wp-block-list\">\n<li>mit <a rel=\"noreferrer noopener\" href=\"https:\/\/www.su.se\/english\/profiles\/navu5216-1.342056\" data-type=\"URL\" data-id=\"https:\/\/www.su.se\/english\/profiles\/navu5216-1.342056\" target=\"_blank\">Nata\u0161a Muratova<\/a>: \u201eClemens J. Setz on Bursting the Reader\u02bcs Reality Bubble\u201d, in: Beate Schirrmacher\/Nafiseh Mousavi [Hgg.]: <em>Truth Claims Across Media<\/em>, [erscheint voraussichtlich 2024].<\/li>\n\n\n\n<li>mit <a href=\"https:\/\/blogs.uni-siegen.de\/epitexte\/team\/nora-manz-m-a\/\">Nora Manz<\/a>: \u201e\u201aInfluencer, Artist, Entrepreneur\u2018\u2013 Kunstfigur Stefanie Sargnagel\u201c, in: Thomas Wegmann et al. [Hgg.]: <em>Formen und Funktionen auktorialer Epitexte im literarischen Feld der Gegenwart<\/em>, Berlin\/Boston 2024, S. 241\u2013272. DOI: <a href=\"https:\/\/doi.org\/10.1515\/9783111322537-011\" target=\"_blank\" rel=\"noreferrer noopener\">https:\/\/doi.org\/10.1515\/9783111322537-011<\/a>.<\/li>\n\n\n\n<li>\u201e\u201aEs ist schon viel Unsinn \u00fcber mich verbreitet worden\u2018. Evidenzpraktiken und Plausibilisierungsdynamiken in Fiktionalisierungsprozessen\u201c, in: Antje Fl\u00fcchter et al [Hgg.]: <em>Plausibilisierung und Evidenz. Dynamiken und Praktiken von der Antike bis zur Gegenwart<\/em>, Bielefeld 2023, S. 193\u2013213.<\/li>\n\n\n\n<li>Literatur an der Schwelle <em>\u2013<\/em> von fiktionalisierten Epitexten in der deutschsprachigen Gegenwartsliteratur. In: <em>Junge Forschung Nr. 36 (2021)<\/em> (online abrufbar unter: <a rel=\"noreferrer noopener\" href=\"https:\/\/www.uibk.ac.at\/fsp-kultur\/nachwuchs\/texte\/obererlacher-germanistik-epitexte.html\" target=\"_blank\">https:\/\/www.uibk.ac.at\/fsp-kultur\/nachwuchs\/texte\/obererlacher-germanistik-epitexte.html<\/a>).<\/li>\n\n\n\n<li><em>Der Brief als innovativer Paratext im Kontext von Dichter-Philologen-Beziehungen um 1900<\/em>. Innsbruck 2017 (Masterarbeit).<\/li>\n\n\n\n<li>Immune Zonen der Bewertung.&nbsp;Zur medialen Rezeption von Maja&nbsp;Haderlaps&nbsp;<em>Engel des Vergessens<\/em>. In: <em>Literaturkritik.at, Sommer 2013<\/em> (online abrufbar unter:&nbsp;<a rel=\"noreferrer noopener\" href=\"https:\/\/www.uibk.ac.at\/literaturkritik\/zeitschrift\/1093410.html\" target=\"_blank\">https:\/\/www.uibk.ac.at\/literaturkritik\/zeitschrift\/1093410.html<\/a>).<\/li>\n<\/ul>\n\n\n\n<p><strong>Rezensionen<\/strong><\/p>\n\n\n\n<ul class=\"wp-block-list\">\n<li>[<em>Rez.<\/em>] Ein Besuch im Literaturbetrieb. Ein Sammelband mit transatlantischen Einblicken in den deutschen Literaturbetrieb, In: <em>Literaturkritik.at, Fr\u00fchjahr 2022<\/em> (online abrufbar unter: <a href=\"https:\/\/www.uibk.ac.at\/literaturkritik\/rezensionen\/ein-besuch-im-literaturbetrieb.html\">https:\/\/www.uibk.ac.at\/literaturkritik\/rezensionen\/ein-besuch-im-literaturbetrieb.html<\/a>).<\/li>\n\n\n\n<li>[<em>Rez.<\/em>]&nbsp;Monika Schmitz-Emans (Hg.): Literatur, Buchgestaltung und Buchkunst. Ein Kompendium. In:<em>&nbsp;Literaturkritik.at, Fr\u00fchjahr&nbsp;2021<\/em> (online abrufbar unter: <a rel=\"noreferrer noopener\" href=\"https:\/\/www.uibk.ac.at\/literaturkritik\/rezensionen\/einsteigen-bitte.html\" target=\"_blank\">https:\/\/www.uibk.ac.at\/literaturkritik\/rezensionen\/einsteigen-bitte.html<\/a>).<\/li>\n\n\n\n<li>[<em>Rez.<\/em>]&nbsp;Sven Michaelsen: \u201eDas drucken Sie aber nicht!\u201c Die besten Interviews. Literaturhaus Wien 2019 (online abrufbar unter: <a rel=\"noreferrer noopener\" href=\"http:\/\/www.literaturhaus.at\/index.php?id=12537\" target=\"_blank\">http:\/\/www.literaturhaus.at\/index.php?id=12537<\/a>).<\/li>\n\n\n\n<li>[<em>Rez.<\/em>]&nbsp;Zeitkapseln. Ulrich von B\u00fclows \u201ePapierarbeiter\u201c. In:&nbsp;<em>Literaturkritik.at, Fr\u00fchjahr&nbsp;2019<\/em> (online abrufbar unter: <a rel=\"noreferrer noopener\" href=\"https:\/\/www.uibk.ac.at\/literaturkritik\/rezensionen\/zeitkapseln.html\" target=\"_blank\">https:\/\/www.uibk.ac.at\/literaturkritik\/rezensionen\/zeitkapseln.html<\/a>).<\/li>\n\n\n\n<li>[<em>Rez.<\/em>]&nbsp;Lil&nbsp;Helle Thomas:&nbsp;<em>Stimmung in der Architektur der Wiener Moderne. Josef Hoffmann und Adolf Loos<\/em>.&nbsp;Literaturhaus Wien 2018 (online abrufbar unter:&nbsp;<a rel=\"noreferrer noopener\" href=\"http:\/\/www.literaturhaus.at\/index.php?id=11949\" target=\"_blank\">http:\/\/www.literaturhaus.at\/index.php?id=11949<\/a>).<\/li>\n\n\n\n<li>[<em>Rez.<\/em>]&nbsp;Oliver Jahraus\/Michaela Nicole&nbsp;Ra\u00df\/Simon Eberle (Hgg.):&nbsp;<em>Sache\/Ding. Eine \u00e4sthetische Leitdifferenz in der Medienkultur der Weimarer Republik<\/em>.&nbsp;Literaturhaus Wien&nbsp;2018&nbsp;(online abrufbar unter: <a rel=\"noreferrer noopener\" href=\"http:\/\/www.literaturhaus.at\/index.php?id=11944\" target=\"_blank\">http:\/\/www.literaturhaus.at\/index.php?id=11944<\/a>).<\/li>\n\n\n\n<li>[<em>Rez.<\/em>]&nbsp;Alexandra Tacke:&nbsp;<em>Schnitzlers \u201eFr\u00e4ulein Else\u201c und die nackte Wahrheit.<\/em>&nbsp;Literaturhaus Wien 2016 (online abrufbar unter:&nbsp;<a rel=\"noreferrer noopener\" href=\"http:\/\/www.literaturhaus.at\/index.php?id=11440\" target=\"_blank\">http:\/\/www.literaturhaus.at\/index.php?id=11440<\/a>).<\/li>\n\n\n\n<li>[<em>Rez.<\/em>]&nbsp;Martin Anton M\u00fcller\/Hermann Susen (Hgg.):&nbsp;<em>Hermann Bahr \u2013 Arno Holz. Briefwechsel 1887\u20131923<\/em>.&nbsp;Literaturhaus Wien 2015 (online abrufbar unter:&nbsp;<a rel=\"noreferrer noopener\" href=\"http:\/\/www.literaturhaus.at\/index.php?id=10906\" target=\"_blank\">http:\/\/www.literaturhaus.at\/index.php?id=10906<\/a>).<\/li>\n\n\n\n<li>[<em>Rez.<\/em>]&nbsp;Das Ende einer Last. G\u00fcnter Karl&nbsp;Boses&nbsp;Essay \u00fcber das Schwergewicht Buch. In: <em>Literaturkritik.at,&nbsp;Herbst 2014<\/em>&nbsp;(Sept.\/Okt.\/Nov.) (online abrufbar unter:&nbsp;<a rel=\"noreferrer noopener\" href=\"https:\/\/www.uibk.ac.at\/literaturkritik\/rezensionen\/1243535.html\" target=\"_blank\">https:\/\/www.uibk.ac.at\/literaturkritik\/rezensionen\/1243535.html<\/a>).<\/li>\n<\/ul>\n\n\n\n<p class=\"has-text-align-right\"><a href=\"http:\/\/blogs.uni-siegen.de\/epitexte\/team\/anna-obererlacher-m-a\/#top\">\u2191<\/a><\/p>\n","protected":false},"excerpt":{"rendered":"<p>Wissenschaftliche Mitarbeiterin (Innsbruck): Fingierte Epitexte Dissertationsthema:Die Fiktionalisierung von Epitexten in der deutschsprachigen Gegenwartsliteratur Universit\u00e4t InnsbruckInstitut f\u00fcr GermanistikInnrain 52, A-6020 Innsbruck +43 (0) 512-507-41332anna.obererlacher [at] student.uibk.ac.at Kurzvita \u2217 Dissertationsprojekt \u2217 Publikationen Kurzvita geb. 1988 &nbsp; 2010 bis 2014 B.A. Germanistikan der Universit\u00e4t Innsbruck 2014 bis 2018 M.A. Germanistikan der Universit\u00e4t Innsbruck 2012 Auslandssemesteran der Universit\u00e4t G\u00f6teborg, &hellip; <a href=\"https:\/\/blogs.uni-siegen.de\/epitexte\/team\/anna-obererlacher-m-a\/\" class=\"more-link\"><span class=\"screen-reader-text\">Anna Obererlacher, M.A.<\/span> weiterlesen <span class=\"meta-nav\">&rarr;<\/span><\/a><\/p>\n","protected":false},"author":420,"featured_media":0,"parent":14,"menu_order":0,"comment_status":"closed","ping_status":"closed","template":"","meta":{"footnotes":""},"class_list":["post-32","page","type-page","status-publish","hentry"],"_links":{"self":[{"href":"https:\/\/blogs.uni-siegen.de\/epitexte\/wp-json\/wp\/v2\/pages\/32","targetHints":{"allow":["GET"]}}],"collection":[{"href":"https:\/\/blogs.uni-siegen.de\/epitexte\/wp-json\/wp\/v2\/pages"}],"about":[{"href":"https:\/\/blogs.uni-siegen.de\/epitexte\/wp-json\/wp\/v2\/types\/page"}],"author":[{"embeddable":true,"href":"https:\/\/blogs.uni-siegen.de\/epitexte\/wp-json\/wp\/v2\/users\/420"}],"replies":[{"embeddable":true,"href":"https:\/\/blogs.uni-siegen.de\/epitexte\/wp-json\/wp\/v2\/comments?post=32"}],"version-history":[{"count":98,"href":"https:\/\/blogs.uni-siegen.de\/epitexte\/wp-json\/wp\/v2\/pages\/32\/revisions"}],"predecessor-version":[{"id":5067,"href":"https:\/\/blogs.uni-siegen.de\/epitexte\/wp-json\/wp\/v2\/pages\/32\/revisions\/5067"}],"up":[{"embeddable":true,"href":"https:\/\/blogs.uni-siegen.de\/epitexte\/wp-json\/wp\/v2\/pages\/14"}],"wp:attachment":[{"href":"https:\/\/blogs.uni-siegen.de\/epitexte\/wp-json\/wp\/v2\/media?parent=32"}],"curies":[{"name":"wp","href":"https:\/\/api.w.org\/{rel}","templated":true}]}}