{"id":33,"date":"2020-05-11T12:40:54","date_gmt":"2020-05-11T10:40:54","guid":{"rendered":"http:\/\/blogs.uni-siegen.de\/epitexte\/?page_id=33"},"modified":"2024-06-09T09:19:53","modified_gmt":"2024-06-09T07:19:53","slug":"max-mayr-m-a","status":"publish","type":"page","link":"https:\/\/blogs.uni-siegen.de\/epitexte\/team\/max-mayr-m-a\/","title":{"rendered":"Max Mayr, M.A."},"content":{"rendered":"\n<p>Wissenschaftlicher Mitarbeiter (Innsbruck): <a href=\"http:\/\/blogs.uni-siegen.de\/epitexte\/projekt\/ritualisierte-epitexte\/\">Ritualisierte Epitexte<\/a><\/p>\n\n\n\n<p><strong>Dissertationsthema:<\/strong><br><em>Die Literaturpreisrede als Epitext im Ritual der Literaturpreisverleihung<\/em><\/p>\n\n\n\n<div class=\"wp-block-columns is-layout-flex wp-container-core-columns-is-layout-9d6595d7 wp-block-columns-is-layout-flex\">\n<div class=\"wp-block-column is-layout-flow wp-block-column-is-layout-flow\">\n<figure class=\"wp-block-image size-large is-resized\"><img loading=\"lazy\" decoding=\"async\" width=\"764\" height=\"1024\" src=\"https:\/\/blogs.uni-siegen.de\/epitexte\/files\/2020\/12\/Mayr_Max-764x1024.jpg\" alt=\"\" class=\"wp-image-751\" style=\"width:169px;height:227px\" title=\"Max Mayr (privat)\" srcset=\"https:\/\/blogs.uni-siegen.de\/epitexte\/files\/2020\/12\/Mayr_Max-764x1024.jpg 764w, https:\/\/blogs.uni-siegen.de\/epitexte\/files\/2020\/12\/Mayr_Max-224x300.jpg 224w, https:\/\/blogs.uni-siegen.de\/epitexte\/files\/2020\/12\/Mayr_Max-768x1029.jpg 768w, https:\/\/blogs.uni-siegen.de\/epitexte\/files\/2020\/12\/Mayr_Max.jpg 852w\" sizes=\"auto, (max-width: 764px) 100vw, 764px\" \/><\/figure>\n<\/div>\n\n\n\n<div class=\"wp-block-column is-layout-flow wp-block-column-is-layout-flow\">\n<p><strong><strong>Universit\u00e4t Innsbruck<br><\/strong><\/strong>Institut f\u00fcr Germanistik<br>Innrain 52, A-6020 Innsbruck<\/p>\n\n\n\n<p>+43 (0) 512-507-41210 (Sekretariat)<br>max.mayr [at] uibk.ac.at<\/p>\n<\/div>\n<\/div>\n\n\n\n<hr>\n\n\n\n<p class=\"has-text-align-right\"><a href=\"https:\/\/blogs.uni-siegen.de\/epitexte\/team\/max-mayr-m-a\/#mm-cv\">Kurzvita<\/a> \u2217 <a href=\"https:\/\/blogs.uni-siegen.de\/epitexte\/team\/max-mayr-m-a\/#mm-diss\">Dissertationsprojekt<\/a> \u2217 <a href=\"https:\/\/blogs.uni-siegen.de\/epitexte\/team\/max-mayr-m-a\/#mm-pub\">Publikationen<\/a><\/p>\n\n\n\n<hr>\n\n\n\n<div style=\"height:20px\" aria-hidden=\"true\" class=\"wp-block-spacer\"><\/div>\n\n\n\n<h3 class=\"wp-block-heading\" id=\"mm-cv\">Kurzvita<\/h3>\n\n\n\n<figure class=\"wp-block-table\"><table><tbody><tr><td><strong>geb. 1991<\/strong><\/td><td>&nbsp;<\/td><\/tr><tr><td><strong>2010 <\/strong>bis<br><strong>2013<\/strong><\/td><td><strong>B.A. Germanistik<\/strong><br>an den Universit\u00e4ten Wien und Innsbruck<\/td><\/tr><tr><td><strong>2013 <\/strong>bis<br><strong>2018<\/strong><\/td><td><strong>M.A. Germanistik<\/strong><br>an der Universit\u00e4t Innsbruck<\/td><\/tr><tr><td>Seit <strong>2014<\/strong><\/td><td><strong>M.A. Vergleichende Literaturwissenschaft<\/strong><br>an der Universit\u00e4t Innsbruck<\/td><\/tr><tr><td><strong>2014 <\/strong>bis<br><strong>2015<\/strong><\/td><td><strong>Studentischer Mitarbeiter bei <a href=\"https:\/\/www.uibk.ac.at\/brenner-archiv\/mitarbeiter\/tanzer\/\" target=\"_blank\" rel=\"noreferrer noopener\">VR Univ.-Prof.\u2019in Dr.\u2019in Ulrike Tanzer<\/a><\/strong><br>am <a href=\"https:\/\/www.uibk.ac.at\/brenner-archiv\/\" target=\"_blank\" rel=\"noreferrer noopener\">Forschungsinstitut Brenner-Archiv<\/a> der Universit\u00e4t Innsbruck<\/td><\/tr><tr><td><strong>2015 <\/strong>bis<br><strong>2018<\/strong><\/td><td><strong>Studentischer Projektmitarbeiter am<a href=\"https:\/\/www.uibk.ac.at\/brenner-archiv\/\" target=\"_blank\" rel=\"noreferrer noopener\"> Forschungsinstitut Brenner-Archiv<\/a><\/strong><br>der Universit\u00e4t Innsbruck<\/td><\/tr><tr><td>Seit <strong>2020<\/strong><\/td><td><strong>Wissenschaftlicher Mitarbeiter bei <a href=\"http:\/\/blogs.uni-siegen.de\/epitexte\/team\/prof-dr-thomas-wegmann\/\">Univ.-Prof. Dr. Thomas Wegmann<\/a><\/strong><br>im Arbeitspaket <a href=\"http:\/\/blogs.uni-siegen.de\/epitexte\/projekt\/ritualisierte-epitexte\/\">Ritualisierte Epitexte<\/a>&nbsp;(Universit\u00e4t Innsbruck)<br>des FWF\/DFG-Projekts&nbsp;<a href=\"http:\/\/blogs.uni-siegen.de\/epitexte\/\">Formen und Funktionen Auktorialer Epitexte im literarischen Feld der Gegenwart<\/a><\/td><\/tr><\/tbody><\/table><\/figure>\n\n\n\n<div style=\"height:100px\" aria-hidden=\"true\" class=\"wp-block-spacer\"><\/div>\n\n\n\n<hr>\n\n\n\n<p class=\"has-text-align-right\"><a href=\"https:\/\/blogs.uni-siegen.de\/epitexte\/team\/max-mayr-m-a\/#mm-cv\">Kurzvita<\/a> \u2217 Dissertationsprojekt \u2217 <a href=\"https:\/\/blogs.uni-siegen.de\/epitexte\/team\/max-mayr-m-a\/#mm-pub\">Publikationen<\/a> \u2217 <a href=\"http:\/\/blogs.uni-siegen.de\/epitexte\/team\/max-mayr-m-a\/#top\">\u2191<\/a><\/p>\n\n\n\n<hr>\n\n\n\n<h3 class=\"wp-block-heading\" id=\"mm-diss\">Dissertationsprojekt<\/h3>\n\n\n\n<p>Das Arbeitspaket <em>Ritualisierte Epitexte<\/em> untersucht Literaturpreisreden zeitgen\u00f6ssischer Autor*innen im Kontext des im literarischen Feld signifikanten Rituals der Literaturpreisverleihung.<\/p>\n\n\n\n<p>Die bisherige Forschung zu modernen Literaturpreisen (im Einzelnen wie Allgemeinen) hat diese auf ihre Geschichte, Soziologie und kulturpolitische bzw. literaturbetriebliche Funktion und Wirkung hin untersucht.<a href=\"https:\/\/blogs.uni-siegen.de\/epitexte\/team\/max-mayr-m-a\/#MM-FN\">\u00b9<\/a> Vorhandene Arbeiten zu einzelnen Preisreden analysieren diese vornehmlich mit Blick auf zeit- und werkgeschichtliche Zusammenh\u00e4nge der Autor*innen.<a href=\"https:\/\/blogs.uni-siegen.de\/epitexte\/team\/max-mayr-m-a\/#MM-FN\">\u00b2<\/a> Demgegen\u00fcber fokussiert das hier verfolgte Arbeitspaket ausschlie\u00dflich das bis dato nur wenig beachtete Ritual der Literaturpreisverleihung als medial inszeniertes Ereignis, wenn es die daf\u00fcr eigens verfassten Dankesreden zeitgen\u00f6ssischer Autor*innen seit 2000 erstmals im Zusammenhang mit dieser Praxisform exemplarisch untersucht und in zweifacher Hinsicht perspektiviert.<\/p>\n\n\n\n<p>Erstens hinsichtlich ihrer auktorialen Funktion innerhalb eines f\u00fcr den gegenw\u00e4rtigen Literaturbetrieb signifikanten Rituals:<a href=\"https:\/\/blogs.uni-siegen.de\/epitexte\/team\/max-mayr-m-a\/#MM-FN\">\u00b3<\/a> Welche Tauschverh\u00e4ltnisse und damit verbundenen Erwartungshaltungen liegen ihnen zugrunde, und k\u00f6nnen diese sinnvoll als eine spezifische Form des \u201aGabentauschs\u2018<a href=\"https:\/\/blogs.uni-siegen.de\/epitexte\/team\/max-mayr-m-a\/#MM-FN\">\u2074<\/a> begriffen werden? Welche Stellung nehmen diese ritualisierten Epitexte im Kontext zeitgen\u00f6ssischer Werkpolitik ein? Und welchen Einfluss haben die jeweiligen Publikationsmedien und -weisen auf die Danksagungen?<\/p>\n\n\n\n<p>Zweitens ist mit solchen Formen der Rede eine \u00f6ffentlichkeitswirksame Positionierung des jeweiligen Autors bzw. der Autorin im literarischen Feld verbunden. Es handelt sich um eine \u00e4sthetische und\/oder poetologische, bisweilen auch politische und\/oder moralische Standortbestimmung, die zugleich als Inszenierung des gesprochenen Dichterworts und als De-Anonymisierung des Literaturbetriebs aufzufassen ist. Urspr\u00fcnglich zumeist schriftlich verfasst und bei der Verleihung m\u00fcndlich vorgetragen, zielen Literaturpreisreden als Epitexte dabei im Rahmen ihrer Publikation auf Emanzipation vom Ritual der Verleihung und beanspruchen eigenst\u00e4ndigen Werkstatus. Zu ber\u00fccksichtigen ist dabei speziell auch ihre konkrete mediale Verfasstheit, die sich je nach Publikationsart bzw. -ort \u2013 als Text in Zeitungen, Jahrb\u00fcchern und Sammelb\u00e4nden oder als audiovisueller Mitschnitt auf YouTube etwa \u2013 \u00e4ndert. Diese unterschiedlichen Kontexte erm\u00f6glichen je andere Lesarten und Interpretationsm\u00f6glichkeiten der konkreten Reden.<\/p>\n\n\n\n<p>Die Korpusbildung des Arbeitspakets orientiert sich exemplarisch an den distinkten Formaten und Vergabemodalit\u00e4ten von Literaturpreisen sowie an den spezifischen Dokumentationsformen der Dankesreden im deutschsprachigen Raum seit 2000. Erhoben und analysiert werden die Reden der Preistr\u00e4ger*innen des Georg-B\u00fcchner-Preises, des Wilhelm-Raabe-Preises, des seit 2010 in \u00d6sterreich verliehenen Literaturpreises Alpha, des Deutschen Buchpreises und des Kleist-Preises.<\/p>\n\n\n\n<h6 class=\"wp-block-heading\" id=\"MM-FN\"><strong>Fu\u00dfnoten:<\/strong><\/h6>\n\n\n\n<p class=\"has-small-font-size\">1. U.a.: Heckmann, Herbert: \u201eDie Sache des K\u00fcnstlers ist die Sache des Volkes. Zur Geschichte des Georg-B\u00fcchner-Preises\u201c, in: Heiner Boehncke (Hg.): <em>Ein Haus f\u00fcr Georg B\u00fcchner.<\/em> Marburg 1997, S. 47\u201353; Hornfeck, Susanne: \u201eGoethepreise. Der Dichter als kulturpolitisches Programm\u201c, in: Ortrud Gutjahr (Hg.): <em>West\u00f6stlicher und nords\u00fcdlicher Divan. Goethe in interkultureller Perspektive<\/em>. Paderborn 2000, S. 251\u2013261; Leitgeb, Hanna: <em>Der ausgezeichnete Autor. St\u00e4dtische Literaturpreise und Kulturpolitik in Deutschland 1926\u20131971<\/em>. Berlin u.a. 1994; Maier, Hans: \u201eLiteraturpreise als Instrument der Kulturpolitik\u201c, in: <em>Jahrbuch der Deutschen Akademie f\u00fcr Sprache und Dichtung 1987<\/em>. Darmstadt 1988, S. 107\u2013115; Ulmer, Judith S.: <em>Geschichte des Georg-B\u00fcchner-Preises. Soziologie eines Rituals.<\/em> Berlin\/New York 2006; Verweyen, Theodor: \u201eDichterkr\u00f6nung. Rechts- und sozialgeschichtliche Aspekte literarischen Lebens in Deutschland\u201c, in: Conrad Wiedemann (Hg.): <em>Literatur und Gesellschaft im deutschen Barock<\/em>. Heidelberg 1979 (=GRM-Beiheft 1), S. 7\u201329.<\/p>\n\n\n\n<p class=\"has-small-font-size\">2. U.a.: Geier, Ruth: \u201eGrenz\u00fcberschreitungen. Vom Ritual zum Fanal; die Lobrede des G\u00fcnter Grass zur Verleihung des Friedenspreises des deutschen Buchhandels 1997 als Philippika\u201c, in: <em>Textlinguistik.<\/em> Aix-en-Provence 1999, S. 99\u2013109; Weissenberger, Klaus: \u201ePaul Celans Meridian \u2013 ein moderner Essay\u201c, in: Roland Jost\/Hansgeorg Schmidt-Bergmann (Hgg.): <em>Im Dialog mit der Moderne. Zur deutschsprachigen Literatur von der Gr\u00fcnderzeit bis zur Gegenwart<\/em>. Frankfurt a. M. 1986, S. 347\u2013360.<\/p>\n\n\n\n<p class=\"has-small-font-size\">3. Schaffrick, Matthias: <em>In der Gesellschaft des Autors. Religi\u00f6se und politische Inszenierungen von Autorschaft<\/em>. Heidelberg 2014, S. 76f.<\/p>\n\n\n\n<p class=\"has-small-font-size\">4. Godelier, Maurice: <em>Das R\u00e4tsel der Gabe. Geld, Geschenke, heilige Objekte<\/em>. M\u00fcnchen 1999.<\/p>\n\n\n\n<div style=\"height:100px\" aria-hidden=\"true\" class=\"wp-block-spacer\"><\/div>\n\n\n\n<hr>\n\n\n\n<p class=\"has-text-align-right\"><a href=\"https:\/\/blogs.uni-siegen.de\/epitexte\/team\/max-mayr-m-a\/#mm-cv\">Kurzvita<\/a> \u2217 <a href=\"https:\/\/blogs.uni-siegen.de\/epitexte\/team\/max-mayr-m-a\/#mm-diss\">Dissertationsprojekt<\/a> \u2217 Publikationen \u2217 <a href=\"http:\/\/blogs.uni-siegen.de\/epitexte\/team\/max-mayr-m-a\/#top\">\u2191<\/a><\/p>\n\n\n\n<hr>\n\n\n\n<h3 class=\"wp-block-heading\" id=\"mm-pub\">Publikationen<\/h3>\n\n\n\n<p><strong>Herausgeber*innenschaft<\/strong><\/p>\n\n\n\n<ul class=\"wp-block-list\">\n<li><em>Formen und Funktionen auktorialer Epitexte im literarischen Feld der Gegenwart<\/em>, Berlin\/Boston 2024, S. 241\u2013272. DOI: <a href=\"https:\/\/doi.org\/10.1515\/9783111322537\" target=\"_blank\" rel=\"noreferrer noopener\">https:\/\/doi.org\/10.1515\/9783111322537<\/a> (Mithrsg.).<\/li>\n<\/ul>\n\n\n\n<p><strong>Aufs\u00e4tze<\/strong><\/p>\n\n\n\n<ul class=\"wp-block-list\">\n<li>\u201eZwischen Schreiben und Nachtwache. Zu den Arbeitswelten von Wolfgang Welt\u201c, in: Alena Heinritz\/Julia Nantke (Hgg.): [S<em>ammelband zur Tagung Autor:innenschaft und\/als Arbeit. Zum Verh\u00e4ltnis von Praktiken, Inszenierung und Infrastrukturen um 1800, 1900 und 2000<\/em>], Paderborn\/M\u00fcnchen [erscheint voraussichtlich Ende 2023].<\/li>\n\n\n\n<li>\u201eVom Gabentausch zur Werkwerdung. \u00dcber B\u00fcchner-Preis-Reden als ritualisierte Epitexte\u201c, in: Thomas Wegmann et al. [Hgg.]: <em>Formen und Funktionen auktorialer Epitexte im literarischen Feld der Gegenwart<\/em>, Berlin\/Boston 2024, S. 179\u2013202. DOI: <a href=\"https:\/\/doi.org\/10.1515\/9783111322537-008\" target=\"_blank\" rel=\"noreferrer noopener\">https:\/\/doi.org\/10.1515\/9783111322537-008<\/a>.<\/li>\n\n\n\n<li>\u201eVom Danken und Echauffieren. Zur epitextuellen Inszenierung von Autorschaft und Werk in Sa\u0161a Stani\u0161i\u0107s Dankesrede zum Deutschen Buchpreis 2019\u201c, in: Katja Holweck\/Amelie Meister (Hgg.): <em>Sa\u0161a Stani\u0161i\u0107: Poetologie und Werkpolitik, <\/em>Berlin\/Boston 2023, S. 219\u2013236 (DOI: <a rel=\"noreferrer noopener\" href=\"https:\/\/doi.org\/10.1515\/9783110787436-011\" target=\"_blank\">https:\/\/doi.org\/10.1515\/9783110787436-011<\/a>).<\/li>\n\n\n\n<li>mit <a href=\"https:\/\/blogs.uni-siegen.de\/epitexte\/team\/prof-dr-thomas-wegmann\/\" data-type=\"page\" data-id=\"30\">Thomas Wegmann<\/a>: \u201e\u201aWeiter bin ich nicht gekommen\u2018. Zu Monika Rincks Danksagungen f\u00fcr Literaturpreise\u201c, in: Nathan Taylor\/Nicolas von Passavant (Hgg.): <em>Monika Rinck. Poesie und Gegenwart<\/em>, Berlin\/Heidelberg 2023, S. 75\u201386 (DOI: <a rel=\"noreferrer noopener\" href=\"https:\/\/doi.org\/10.1007\/978-3-662-64898-8_6\" target=\"_blank\">https:\/\/doi.org\/10.1007\/978-3-662-64898-8_6<\/a>).<\/li>\n\n\n\n<li>\u201e\u00dcber das Danken. Zur Bedeutung der Literaturpreisrede f\u00fcr die Inszenierung von Autorschaft\u201c, in: <em>Junge Forschung Nr. 32 (2021)<\/em> (online abrufbar unter: <a rel=\"noreferrer noopener\" href=\"https:\/\/www.uibk.ac.at\/fsp-kultur\/nachwuchs\/texte\/mayr-germanistik-literaturpreisreden.html\" target=\"_blank\">https:\/\/www.uibk.ac.at\/fsp-kultur\/nachwuchs\/texte\/mayr-germanistik-literaturpreisreden.html<\/a>).<\/li>\n\n\n\n<li>\u201e\u201aDieses System l\u00e4sst Ihnen jede gestalterische Freiheit.\u2018 Zu den Hauptb\u00fcchern Turi Werkners\u201c, in: <em>F\u00fcr jeden etwas, aber nicht f\u00fcr alle. Zu Turi Werkner<\/em>. Hrsg. v. Forschungsinstitut Brenner-Archiv, Verein Tiroler Landesmuseum Ferdinandeum. Innsbruck 2019, S. 37\u201348.<\/li>\n\n\n\n<li>\u201eDie Scheuklappen ablegen. Die Auseinandersetzung der Arunda mit der S\u00fcdtiroler Kultur im Landwirtschaftlich-B\u00e4uerlichen\u201c, in: Christine Riccabona\/Erika Wimmer [Hgg.]: <em>Arunda. vierzig<\/em>, Innsbruck 2016, S. 97\u2013105.<\/li>\n\n\n\n<li>\u201e\u201aThose familiar pages\u2018. Schrift und Material sowie Intermedialit\u00e4t in Turi Werkners \u201aB\u00fcchern\u2018\u201c, in: <em>Mitteilungen aus dem Brenner-Archiv<\/em>, 33 (2014), S. 171\u2013182.<\/li>\n<\/ul>\n\n\n\n<p><strong>Rezensionen<\/strong><\/p>\n\n\n\n<ul class=\"wp-block-list\">\n<li>[Rez.] \u201eBernhard, Thomas; Kummer, Lukas (Illustration): Die Ursache. Eine Andeutung. Graphic Novel\u201c, in: <em>LiLit. Literatur im Lichthof (2019)<\/em> (<a rel=\"noreferrer noopener\" href=\"https:\/\/literaturtirol.at\/lilit\/lilit-literarisches-leben-in-tirol-magazin-fuer-nord-ost-sued\" target=\"_blank\">https:\/\/literaturtirol.at\/lilit\/lilit-literarisches-leben-in-tirol-magazin-fuer-nord-ost-sued<\/a>).<\/li>\n\n\n\n<li>[Rez.] \u201eMitterer, Felix: Galapagos\u201c, in: <em>LiLit. Literatur im Lichthof, 11 (2017) <\/em>(<a rel=\"noreferrer noopener\" href=\"https:\/\/literaturtirol.at\/lilit\/112017-2\" target=\"_blank\">https:\/\/literaturtirol.at\/lilit\/112017-2<\/a>).<\/li>\n\n\n\n<li>[Rez.] \u201eMitterer, Felix: M\u00e4rzengrund\u201c, in:<em> LiLit. Literatur im Lichthof, 10 (2017) <\/em>(<a rel=\"noreferrer noopener\" href=\"https:\/\/literaturtirol.at\/lilit\/lilit-literatur-im-lichthof-102017\" target=\"_blank\">https:\/\/literaturtirol.at\/lilit\/lilit-literatur-im-lichthof-102017<\/a>).<\/li>\n\n\n\n<li>[Rez.] \u201eSch\u00f6nweger, Matthias: Meine Rede\u201c, in: <em>LiLit. Literatur im Lichthof, 6 (2015) <\/em>(<a rel=\"noreferrer noopener\" href=\"https:\/\/literaturtirol.at\/lilit\/62015-2\" target=\"_blank\">https:\/\/literaturtirol.at\/lilit\/62015-2<\/a>).<\/li>\n<\/ul>\n\n\n\n<p class=\"has-text-align-right\"><a href=\"http:\/\/blogs.uni-siegen.de\/epitexte\/team\/max-mayr-m-a\/#top\">\u2191<\/a><\/p>\n","protected":false},"excerpt":{"rendered":"<p>Wissenschaftlicher Mitarbeiter (Innsbruck): Ritualisierte Epitexte Dissertationsthema:Die Literaturpreisrede als Epitext im Ritual der Literaturpreisverleihung Universit\u00e4t InnsbruckInstitut f\u00fcr GermanistikInnrain 52, A-6020 Innsbruck +43 (0) 512-507-41210 (Sekretariat)max.mayr [at] uibk.ac.at Kurzvita \u2217 Dissertationsprojekt \u2217 Publikationen Kurzvita geb. 1991 &nbsp; 2010 bis2013 B.A. Germanistikan den Universit\u00e4ten Wien und Innsbruck 2013 bis2018 M.A. Germanistikan der Universit\u00e4t Innsbruck Seit 2014 M.A. Vergleichende &hellip; <a href=\"https:\/\/blogs.uni-siegen.de\/epitexte\/team\/max-mayr-m-a\/\" class=\"more-link\"><span class=\"screen-reader-text\">Max Mayr, M.A.<\/span> weiterlesen <span class=\"meta-nav\">&rarr;<\/span><\/a><\/p>\n","protected":false},"author":420,"featured_media":0,"parent":14,"menu_order":0,"comment_status":"closed","ping_status":"closed","template":"","meta":{"footnotes":""},"class_list":["post-33","page","type-page","status-publish","hentry"],"_links":{"self":[{"href":"https:\/\/blogs.uni-siegen.de\/epitexte\/wp-json\/wp\/v2\/pages\/33","targetHints":{"allow":["GET"]}}],"collection":[{"href":"https:\/\/blogs.uni-siegen.de\/epitexte\/wp-json\/wp\/v2\/pages"}],"about":[{"href":"https:\/\/blogs.uni-siegen.de\/epitexte\/wp-json\/wp\/v2\/types\/page"}],"author":[{"embeddable":true,"href":"https:\/\/blogs.uni-siegen.de\/epitexte\/wp-json\/wp\/v2\/users\/420"}],"replies":[{"embeddable":true,"href":"https:\/\/blogs.uni-siegen.de\/epitexte\/wp-json\/wp\/v2\/comments?post=33"}],"version-history":[{"count":56,"href":"https:\/\/blogs.uni-siegen.de\/epitexte\/wp-json\/wp\/v2\/pages\/33\/revisions"}],"predecessor-version":[{"id":5068,"href":"https:\/\/blogs.uni-siegen.de\/epitexte\/wp-json\/wp\/v2\/pages\/33\/revisions\/5068"}],"up":[{"embeddable":true,"href":"https:\/\/blogs.uni-siegen.de\/epitexte\/wp-json\/wp\/v2\/pages\/14"}],"wp:attachment":[{"href":"https:\/\/blogs.uni-siegen.de\/epitexte\/wp-json\/wp\/v2\/media?parent=33"}],"curies":[{"name":"wp","href":"https:\/\/api.w.org\/{rel}","templated":true}]}}