{"id":37,"date":"2022-07-27T11:18:53","date_gmt":"2022-07-27T09:18:53","guid":{"rendered":"https:\/\/blogs.uni-siegen.de\/eurolit\/?page_id=37"},"modified":"2022-07-27T11:24:11","modified_gmt":"2022-07-27T09:24:11","slug":"who-we-are","status":"publish","type":"page","link":"https:\/\/blogs.uni-siegen.de\/eurolit\/who-we-are\/","title":{"rendered":"Who we are"},"content":{"rendered":"\n<div class=\"wp-block-columns is-layout-flex wp-container-core-columns-is-layout-9d6595d7 wp-block-columns-is-layout-flex\">\n<div class=\"wp-block-column is-layout-flow wp-block-column-is-layout-flow\" style=\"flex-basis:33.33%\">\n<figure class=\"wp-block-image size-large\"><img loading=\"lazy\" decoding=\"async\" width=\"1024\" height=\"527\" src=\"http:\/\/blogs.uni-siegen.de\/eurolit\/files\/2022\/07\/eurolit_Logo_RGB-1-1024x527.jpg\" alt=\"\" class=\"wp-image-29\" srcset=\"https:\/\/blogs.uni-siegen.de\/eurolit\/files\/2022\/07\/eurolit_Logo_RGB-1-1024x527.jpg 1024w, https:\/\/blogs.uni-siegen.de\/eurolit\/files\/2022\/07\/eurolit_Logo_RGB-1-300x154.jpg 300w, https:\/\/blogs.uni-siegen.de\/eurolit\/files\/2022\/07\/eurolit_Logo_RGB-1-768x396.jpg 768w, https:\/\/blogs.uni-siegen.de\/eurolit\/files\/2022\/07\/eurolit_Logo_RGB-1-1536x791.jpg 1536w, https:\/\/blogs.uni-siegen.de\/eurolit\/files\/2022\/07\/eurolit_Logo_RGB-1-1568x808.jpg 1568w, https:\/\/blogs.uni-siegen.de\/eurolit\/files\/2022\/07\/eurolit_Logo_RGB-1.jpg 1868w\" sizes=\"auto, (max-width: 1024px) 100vw, 1024px\" \/><\/figure>\n<\/div>\n\n\n\n<div class=\"wp-block-column is-layout-flow wp-block-column-is-layout-flow\" style=\"flex-basis:66.66%\">\n<p><strong>eurolit <\/strong>is a research project funded by the German Research Foundation (DFG), located at the University of Siegen (Germany). The project started in January 2022 and is funded for the period until December 2024. Please contact us if you have questions regarding the project or if you are interested in collaborating with us.<\/p>\n<\/div>\n<\/div>\n\n\n\n<ul class=\"wp-block-list\"><li>Contact: euro-lit[at]soziologie.uni-siegen[dot]de<\/li><\/ul>\n\n\n\n<p><strong>Christian Lahusen<\/strong> is a full professor at the University of Siegen. His chair bundles research on Comparative Cultural Sociology and the Political Sociology of Europe. He is an experienced coordinator of cross-national European research projects, including projects funded by the EU Horizon 2020 program (EnTrust, EURYKA, and TransSOL). His current research focuses on processes of horizontal Europeanization and the cultural integration of Europe.<\/p>\n\n\n\n<ul class=\"wp-block-list\"><li>Contact: lahusen[at]soziologie.uni-siegen[dot]de<\/li><li>Website: [<a href=\"https:\/\/www.uni-siegen.de\/phil\/sozialwissenschaften\/soziologie\/mitarbeiter\/lahusen\/index.html.en?lang=en\" target=\"_blank\" rel=\"noreferrer noopener\">link<\/a>]<\/li><\/ul>\n\n\n\n<p><strong>L\u00eda Dur\u00e1n Mogoll\u00f3n<\/strong> is a post-doctoral researcher at the University of Siegen. She has a background in Sociology, Media, and Cultural Studies. She coordinated the German work packages of the cross-European research project EURYKA. Her areas of research include cultural sociology, political sociology, and European and Latin American studies.<\/p>\n\n\n\n<ul class=\"wp-block-list\"><li>Contact: duran-mogollon[at]soziologie.uni-siegen[dot]de<\/li><li>Website: [<a href=\"https:\/\/www.uni-siegen.de\/phil\/sozialwissenschaften\/soziologie\/mitarbeiter\/duran_lia\/\" target=\"_blank\" rel=\"noreferrer noopener\">link<\/a>]<\/li><\/ul>\n\n\n\n<p><strong>Matthias Kuppler<\/strong> is a PhD researcher at the University of Siegen with a background in quantitative social sciences. His research combines cultural sociology, political sociology, and social network analysis.<\/p>\n\n\n\n<ul class=\"wp-block-list\"><li>Contact: matthias.kuppler[at]uni-siegen[dot]de<\/li><li>Website: [<a href=\"https:\/\/www.uni-siegen.de\/phil\/sozialwissenschaften\/soziologie\/mitarbeiter\/kuppler_matthias\/index.html?lang=de\" target=\"_blank\" rel=\"noreferrer noopener\">link<\/a>]<\/li><\/ul>\n\n\n\n<p><strong>Anastasiia Tropnikova<\/strong> is a research assistant at the University of Siegen, where she currently completes an M.A. in Political Science. Her academic interests lie in political sociology, around the topics of media, digital authoritarianism, and political participation in hybrid regimes.<\/p>\n\n\n\n<ul class=\"wp-block-list\"><li>Contact: anastasiia.tropnikova[at]student.uni-siegen[dot]de<\/li><\/ul>\n\n\n\n<p><\/p>\n","protected":false},"excerpt":{"rendered":"<p>eurolit is a research project funded by the German Research Foundation (DFG), located at the University of Siegen (Germany). The project started in January 2022 and is funded for the period until December 2024. Please contact us if you have questions regarding the project or if you are interested in collaborating with us. Contact: euro-lit[at]soziologie.uni-siegen[dot]de&hellip; <a class=\"more-link\" href=\"https:\/\/blogs.uni-siegen.de\/eurolit\/who-we-are\/\"><span class=\"screen-reader-text\">Who we are<\/span> weiterlesen<\/a><\/p>\n","protected":false},"author":558,"featured_media":0,"parent":0,"menu_order":0,"comment_status":"closed","ping_status":"closed","template":"","meta":{"footnotes":""},"class_list":["post-37","page","type-page","status-publish","hentry","entry"],"_links":{"self":[{"href":"https:\/\/blogs.uni-siegen.de\/eurolit\/wp-json\/wp\/v2\/pages\/37","targetHints":{"allow":["GET"]}}],"collection":[{"href":"https:\/\/blogs.uni-siegen.de\/eurolit\/wp-json\/wp\/v2\/pages"}],"about":[{"href":"https:\/\/blogs.uni-siegen.de\/eurolit\/wp-json\/wp\/v2\/types\/page"}],"author":[{"embeddable":true,"href":"https:\/\/blogs.uni-siegen.de\/eurolit\/wp-json\/wp\/v2\/users\/558"}],"replies":[{"embeddable":true,"href":"https:\/\/blogs.uni-siegen.de\/eurolit\/wp-json\/wp\/v2\/comments?post=37"}],"version-history":[{"count":3,"href":"https:\/\/blogs.uni-siegen.de\/eurolit\/wp-json\/wp\/v2\/pages\/37\/revisions"}],"predecessor-version":[{"id":62,"href":"https:\/\/blogs.uni-siegen.de\/eurolit\/wp-json\/wp\/v2\/pages\/37\/revisions\/62"}],"wp:attachment":[{"href":"https:\/\/blogs.uni-siegen.de\/eurolit\/wp-json\/wp\/v2\/media?parent=37"}],"curies":[{"name":"wp","href":"https:\/\/api.w.org\/{rel}","templated":true}]}}