{"id":1808,"date":"2024-09-05T10:01:18","date_gmt":"2024-09-05T08:01:18","guid":{"rendered":"https:\/\/blogs.uni-siegen.de\/fit-in-siegen\/unsere-fit-saulen\/"},"modified":"2024-09-05T10:01:18","modified_gmt":"2024-09-05T08:01:18","slug":"unsere-fit-saulen","status":"publish","type":"page","link":"https:\/\/blogs.uni-siegen.de\/fit-in-siegen\/de\/unsere-fit-saulen\/","title":{"rendered":"Unsere FIT-S\u00e4ulen"},"content":{"rendered":"<div id=\"pl-187\" class=\"panel-layout\">\n<div id=\"pg-187-0\" class=\"panel-grid panel-has-style\" data-style=\"{\"background_image_attachment\":false,\"background_display\":\"tile\",\"background_image_size\":\"full\",\"background_image_opacity\":\"100\",\"border_thickness\":\"1px\",\"full_height\":\"\",\"row_stretch\":\"full\",\"cell_alignment\":\"flex-start\"}\">\n<div class=\"siteorigin-panels-stretch panel-row-style panel-row-style-for-187-0\" data-stretch-type=\"full\">\n<div id=\"pgc-187-0-0\" class=\"panel-grid-cell\" data-style=\"{\"background_image_attachment\":false,\"background_display\":\"tile\",\"background_image_size\":\"full\",\"background_image_opacity\":\"100\",\"border_thickness\":\"1px\",\"vertical_alignment\":\"auto\"}\" data-weight=\"0.3\">\n<div id=\"panel-187-0-0-0\" class=\"so-panel widget widget_sow-editor panel-first-child panel-last-child\" data-index=\"0\" data-style=\"{\"background_image_attachment\":false,\"background_display\":\"tile\",\"background_image_size\":\"full\",\"background_image_opacity\":\"100\",\"border_thickness\":\"1px\"}\">\n<div class=\"so-widget-sow-editor so-widget-sow-editor-base\">\n<h3 class=\"widget-title\">Lernen Sie unsere 4 S\u00e4ulen kennen<\/h3>\n<div class=\"siteorigin-widget-tinymce textwidget\">\n\t<\/div>\n<\/div>\n<\/div>\n<\/div>\n<div id=\"pgc-187-0-1\" class=\"panel-grid-cell\" data-weight=\"0.7\">\n<div id=\"panel-187-0-1-0\" class=\"so-panel widget widget_sow-button panel-first-child panel-last-child\" data-index=\"1\" data-style=\"{\"background_image_attachment\":false,\"background_display\":\"tile\",\"background_image_size\":\"full\",\"background_image_opacity\":\"100\",\"border_thickness\":\"1px\"}\"><div\n\t\t\t\n\t\t\tclass=\"so-widget-sow-button so-widget-sow-button-flat-1e520deaaef8\"\n\t\t\t\n\t\t><div class=\"ow-button-base ow-button-align-center\"\n>\n\t\t\t<a\n\t\t\t\tclass=\"sowb-button ow-icon-placement-left ow-button-hover\" \t>\n\t\t<span>\n\t\t\t\n\t\t\t\t\t<\/span>\n\t\t\t<\/a>\n\t<\/div>\n<\/div><\/div>\n<\/div>\n<\/div>\n<\/div>\n<div id=\"pg-187-1\" class=\"panel-grid panel-no-style\">\n<div id=\"pgc-187-1-0\" class=\"panel-grid-cell\" data-weight=\"1\">\n<div id=\"panel-187-1-0-0\" class=\"so-panel widget widget_sow-image panel-first-child panel-last-child\" data-index=\"2\" data-style=\"{\"background_image_attachment\":false,\"background_display\":\"tile\",\"background_image_size\":\"full\",\"background_image_opacity\":\"100\",\"border_thickness\":\"1px\"}\"><div\n\t\t\t\n\t\t\tclass=\"so-widget-sow-image so-widget-sow-image-default-8b5b6f678277\"\n\t\t\t\n\t\t><\/div><\/div>\n<\/div>\n<\/div>\n<div id=\"pg-187-2\" class=\"panel-grid panel-no-style\" data-style=\"{\"background_image_attachment\":false,\"background_display\":\"tile\",\"background_image_size\":\"full\",\"background_image_opacity\":\"100\",\"border_thickness\":\"1px\",\"full_height\":\"\",\"cell_alignment\":\"flex-start\"}\">\n<div id=\"pgc-187-2-0\" class=\"panel-grid-cell\" data-weight=\"0.5\">\n<div id=\"panel-187-2-0-0\" class=\"so-panel widget widget_sow-image panel-first-child panel-last-child\" data-index=\"3\" data-style=\"{\"background_image_attachment\":false,\"background_display\":\"tile\",\"background_image_size\":\"full\",\"background_image_opacity\":\"100\",\"border_thickness\":\"1px\"}\"><div\n\t\t\t\n\t\t\tclass=\"so-widget-sow-image so-widget-sow-image-default-8b5b6f678277\"\n\t\t\t\n\t\t><\/div><\/div>\n<\/div>\n<div id=\"pgc-187-2-1\" class=\"panel-grid-cell\" data-weight=\"0.5\">\n<div id=\"panel-187-2-1-0\" class=\"so-panel widget widget_sow-editor panel-first-child panel-last-child\" data-index=\"4\" data-style=\"{\"background_image_attachment\":false,\"background_display\":\"tile\",\"background_image_size\":\"full\",\"background_image_opacity\":\"100\",\"border_thickness\":\"1px\"}\">\n<div class=\"so-widget-sow-editor so-widget-sow-editor-base\">\n<h3 class=\"widget-title\">1. Welcome &amp; Orientation: Gut ankommen. Besser einleben. <\/h3>\n<div class=\"siteorigin-widget-tinymce textwidget\">\n<p>Die Ankunft in einem neuen Land und die Anpassung an ein neues akademisches Umfeld k\u00f6nnen \u00fcberw\u00e4ltigend sein. Die S\u00e4ule <strong>\u201eWelcome &amp; Orientation\u201c<\/strong> stellt sicher, dass Sie die n\u00f6tigen Ressourcen und Hilfestellungen erhalten, um Ihre Reise in Deutschland mit dem richtigen Fu\u00df zu beginnen. <\/p>\n<p>Mit Orientierungsveranstaltungen, Campusf\u00fchrungen und Informationsveranstaltungen helfen wir Ihnen, sich an der Universit\u00e4t Siegen einzuleben, das deutsche Hochschulsystem zu verstehen und die Stadt und ihre Umgebung kennen zu lernen.<\/p>\n<p><strong>Warum es wichtig ist<\/strong>:<br \/>Ein guter Start legt den Grundstein f\u00fcr akademischen Erfolg. Je eher Sie sich in Ihrer neuen Umgebung wohl f\u00fchlen, desto eher k\u00f6nnen Sie sich auf Ihr Studium und Ihre pers\u00f6nliche Entwicklung konzentrieren. <\/p>\n<\/div>\n<\/div>\n<\/div>\n<\/div>\n<\/div>\n<div id=\"pg-187-3\" class=\"panel-grid panel-no-style\" data-style=\"{\"background_image_attachment\":false,\"background_display\":\"tile\",\"background_image_size\":\"full\",\"background_image_opacity\":\"100\",\"border_thickness\":\"1px\",\"full_height\":\"\",\"cell_alignment\":\"flex-start\"}\">\n<div id=\"pgc-187-3-0\" class=\"panel-grid-cell\" data-weight=\"0.5\">\n<div id=\"panel-187-3-0-0\" class=\"so-panel widget widget_sow-editor panel-first-child panel-last-child\" data-index=\"5\" data-style=\"{\"background_image_attachment\":false,\"background_display\":\"tile\",\"background_image_size\":\"full\",\"background_image_opacity\":\"100\",\"border_thickness\":\"1px\"}\">\n<div class=\"so-widget-sow-editor so-widget-sow-editor-base\">\n<h3 class=\"widget-title\">2. Well-Being &amp; Social Integration: Vom Fremdsein zum Zuhausef\u00fchlen<\/h3>\n<div class=\"siteorigin-widget-tinymce textwidget\">\n<p>Ein Studium im Ausland kann eine Herausforderung sein, aber es ist auch eine gro\u00dfartige Gelegenheit, ein Unterst\u00fctzungsnetzwerk aufzubauen und lebenslange Kontakte zu kn\u00fcpfen. Die S\u00e4ule <strong>\u201eWell-Being &amp; Social Integration\u201c<\/strong> konzentriert sich auf die Erhaltung Ihrer k\u00f6rperlichen und kognitiven Gesundheit und hilft Ihnen bei der sozialen Integration in Ihre Kommilitonen und die lokale Gemeinschaft. <\/p>\n<p>FIT bietet eine Reihe von Aktivit\u00e4ten &#8211; wie soziale Veranstaltungen, Sport und Wellness-Workshops -, die ein gesundes Gleichgewicht zwischen Arbeit und Leben f\u00f6rdern. Geistig und k\u00f6rperlich fit zu bleiben ist entscheidend, um den akademischen Druck zu bew\u00e4ltigen und sich an das Leben in einer neuen Kultur anzupassen. <\/p>\n<p><strong>Warum es wichtig ist:<br \/><\/strong>Ein gutes Wohlbefinden f\u00fchrt zu besseren schulischen Leistungen und allgemeiner Zufriedenheit. Die soziale Integration tr\u00e4gt dazu bei, dass Sie sich wie zu Hause f\u00fchlen, Stress abbauen und Ihren pers\u00f6nlichen und beruflichen Erfolg steigern k\u00f6nnen. <\/p>\n<\/div>\n<\/div>\n<\/div>\n<\/div>\n<div id=\"pgc-187-3-1\" class=\"panel-grid-cell\" data-weight=\"0.5\">\n<div id=\"panel-187-3-1-0\" class=\"so-panel widget widget_sow-image panel-first-child panel-last-child\" data-index=\"6\" data-style=\"{\"background_image_attachment\":false,\"background_display\":\"tile\",\"background_image_size\":\"full\",\"background_image_opacity\":\"100\",\"border_thickness\":\"1px\"}\"><div\n\t\t\t\n\t\t\tclass=\"so-widget-sow-image so-widget-sow-image-default-8b5b6f678277\"\n\t\t\t\n\t\t><\/div><\/div>\n<\/div>\n<\/div>\n<div id=\"pg-187-4\" class=\"panel-grid panel-no-style\" data-style=\"{\"background_image_attachment\":false,\"background_display\":\"tile\",\"background_image_size\":\"full\",\"background_image_opacity\":\"100\",\"border_thickness\":\"1px\",\"full_height\":\"\",\"cell_alignment\":\"flex-start\"}\">\n<div id=\"pgc-187-4-0\" class=\"panel-grid-cell\" data-weight=\"0.5\">\n<div id=\"panel-187-4-0-0\" class=\"so-panel widget widget_sow-image panel-first-child panel-last-child\" data-index=\"7\" data-style=\"{\"background_image_attachment\":false,\"background_display\":\"tile\",\"background_image_size\":\"full\",\"background_image_opacity\":\"100\",\"border_thickness\":\"1px\"}\"><div\n\t\t\t\n\t\t\tclass=\"so-widget-sow-image so-widget-sow-image-default-8b5b6f678277\"\n\t\t\t\n\t\t><\/div><\/div>\n<\/div>\n<div id=\"pgc-187-4-1\" class=\"panel-grid-cell\" data-weight=\"0.5\">\n<div id=\"panel-187-4-1-0\" class=\"so-panel widget widget_sow-editor panel-first-child panel-last-child\" data-index=\"8\" data-style=\"{\"background_image_attachment\":false,\"background_display\":\"tile\",\"background_image_size\":\"full\",\"background_image_opacity\":\"100\",\"border_thickness\":\"1px\"}\">\n<div class=\"so-widget-sow-editor so-widget-sow-editor-base\">\n<h3 class=\"widget-title\">3. Soft Skills &amp; Employability: Entfalte dein Potenzial: Vom Klassenzimmer zur Karriere<\/h3>\n<div class=\"siteorigin-widget-tinymce textwidget\">\n<p>Ein Hochschulabschluss ist wichtig, aber auf dem heutigen wettbewerbsorientierten Arbeitsmarkt reicht er allein nicht aus. Die S\u00e4ule <strong>\u201eSoft Skills &amp; Employability\u201c<\/strong> konzentriert sich auf die Entwicklung der pers\u00f6nlichen und beruflichen F\u00e4higkeiten, die Arbeitgeber sch\u00e4tzen. Dazu geh\u00f6ren Kommunikation, Teamarbeit, Probleml\u00f6sung und Zeitmanagement &#8211; Qualit\u00e4ten, die f\u00fcr den Erfolg an jedem Arbeitsplatz unerl\u00e4sslich sind.  <\/p>\n<p>In Workshops, Trainings und interaktiven Lerneinheiten werden Sie Ihre Soft Skills verbessern und lernen, wie Sie \u00fcberzeugende Bewerbungen verfassen, in Vorstellungsgespr\u00e4chen gl\u00e4nzen und die Erwartungen am Arbeitsplatz in Deutschland verstehen.<\/p>\n<p><strong>Warum es wichtig ist:<br \/><\/strong>In Deutschland erfordert der \u00dcbergang vom Studentenleben ins Berufsleben neben den akademischen Qualifikationen auch eine Reihe von Soft Skills. Die Arbeitgeber hier erwarten von den Bewerbern nicht nur Fachwissen, sondern auch Anpassungsf\u00e4higkeit und Effektivit\u00e4t in einem teamorientierten Umfeld. <\/p>\n<\/div>\n<\/div>\n<\/div>\n<\/div>\n<\/div>\n<div id=\"pg-187-5\" class=\"panel-grid panel-no-style\" data-style=\"{\"background_image_attachment\":false,\"background_display\":\"tile\",\"background_image_size\":\"full\",\"background_image_opacity\":\"100\",\"border_thickness\":\"1px\",\"full_height\":\"\",\"cell_alignment\":\"flex-start\"}\">\n<div id=\"pgc-187-5-0\" class=\"panel-grid-cell\" data-weight=\"0.5\">\n<div id=\"panel-187-5-0-0\" class=\"so-panel widget widget_sow-editor panel-first-child panel-last-child\" data-index=\"9\" data-style=\"{\"background_image_attachment\":false,\"background_display\":\"tile\",\"background_image_size\":\"full\",\"background_image_opacity\":\"100\",\"border_thickness\":\"1px\"}\">\n<div class=\"so-widget-sow-editor so-widget-sow-editor-base\">\n<h3 class=\"widget-title\">4. Career &amp; Networking: Deine Zukunft beginnt jetzt<\/h3>\n<div class=\"siteorigin-widget-tinymce textwidget\">\n<p>In der letzten S\u00e4ule, <strong>Career &amp; Networking<\/strong>, geht es darum, Sie mit potenziellen Arbeitgebern zusammenzubringen und Sie auf den deutschen Arbeitsmarkt vorzubereiten. Von Karrieremessen \u00fcber Networking-Veranstaltungen bis hin zu Unternehmensbesuchen bietet Ihnen diese S\u00e4ule die M\u00f6glichkeit, Fachleute aus der Branche zu treffen, sich \u00fcber verschiedene Karrierewege zu informieren und Kontakte zu kn\u00fcpfen, die zu Praktika oder Stellenangeboten f\u00fchren k\u00f6nnen. <\/p>\n<p>Dar\u00fcber hinaus erhalten Sie wertvolle Einblicke in die kulturellen und beruflichen Erwartungen deutscher Arbeitgeber, die Ihnen helfen, die Kluft zwischen Studium und Beruf in Deutschland zu \u00fcberbr\u00fccken.<\/p>\n<p><strong>Warum es wichtig ist:<br \/><\/strong>Um in Deutschland einen Job zu finden, braucht man mehr als nur gute Noten. Kontakte zu kn\u00fcpfen ist der Schl\u00fcssel zum Aufsp\u00fcren von Arbeitsm\u00f6glichkeiten, und die Kenntnis des lokalen Arbeitsmarktes verschafft Ihnen einen entscheidenden Vorteil. Diese S\u00e4ule stellt sicher, dass Sie bereit sind, den n\u00e4chsten Schritt in Richtung Karriere zu machen.  <\/p>\n<\/div>\n<\/div>\n<\/div>\n<\/div>\n<div id=\"pgc-187-5-1\" class=\"panel-grid-cell\" data-weight=\"0.5\">\n<div id=\"panel-187-5-1-0\" class=\"so-panel widget widget_sow-image panel-first-child panel-last-child\" data-index=\"10\" data-style=\"{\"background_image_attachment\":false,\"background_display\":\"tile\",\"background_image_size\":\"full\",\"background_image_opacity\":\"100\",\"border_thickness\":\"1px\"}\"><div\n\t\t\t\n\t\t\tclass=\"so-widget-sow-image so-widget-sow-image-default-8b5b6f678277\"\n\t\t\t\n\t\t><\/div><\/div>\n<\/div>\n<\/div>\n<div id=\"pg-187-6\" class=\"panel-grid panel-no-style\" data-style=\"{\"background_image_attachment\":false,\"background_display\":\"tile\",\"background_image_size\":\"full\",\"background_image_opacity\":\"100\",\"border_thickness\":\"1px\",\"full_height\":\"\",\"cell_alignment\":\"flex-start\"}\">\n<div id=\"pgc-187-6-0\" class=\"panel-grid-cell panel-grid-cell-empty\" data-weight=\"1\"><\/div>\n<\/div>\n<\/div>\n","protected":false},"excerpt":{"rendered":"<p>Lernen Sie unsere 4 S\u00e4ulen kennen 1. Welcome &amp; Orientation: Gut ankommen. Besser einleben. Die Ankunft in einem neuen Land und die Anpassung an ein neues akademisches Umfeld k\u00f6nnen \u00fcberw\u00e4ltigend sein. Die S\u00e4ule \u201eWelcome &amp; Orientation\u201c stellt sicher, dass Sie die n\u00f6tigen Ressourcen und Hilfestellungen erhalten, um Ihre Reise in Deutschland mit dem richtigen Fu\u00df &hellip; <\/p>\n<p class=\"link-more\"><a href=\"https:\/\/blogs.uni-siegen.de\/fit-in-siegen\/de\/unsere-fit-saulen\/\" class=\"more-link\"><span class=\"screen-reader-text\">\u201eUnsere FIT-S\u00e4ulen\u201c <\/span>weiterlesen<\/a><\/p>\n","protected":false},"author":631,"featured_media":0,"parent":0,"menu_order":0,"comment_status":"closed","ping_status":"closed","template":"","meta":{"footnotes":""},"class_list":["post-1808","page","type-page","status-publish","hentry"],"_links":{"self":[{"href":"https:\/\/blogs.uni-siegen.de\/fit-in-siegen\/de\/wp-json\/wp\/v2\/pages\/1808","targetHints":{"allow":["GET"]}}],"collection":[{"href":"https:\/\/blogs.uni-siegen.de\/fit-in-siegen\/de\/wp-json\/wp\/v2\/pages"}],"about":[{"href":"https:\/\/blogs.uni-siegen.de\/fit-in-siegen\/de\/wp-json\/wp\/v2\/types\/page"}],"author":[{"embeddable":true,"href":"https:\/\/blogs.uni-siegen.de\/fit-in-siegen\/de\/wp-json\/wp\/v2\/users\/631"}],"replies":[{"embeddable":true,"href":"https:\/\/blogs.uni-siegen.de\/fit-in-siegen\/de\/wp-json\/wp\/v2\/comments?post=1808"}],"version-history":[{"count":0,"href":"https:\/\/blogs.uni-siegen.de\/fit-in-siegen\/de\/wp-json\/wp\/v2\/pages\/1808\/revisions"}],"wp:attachment":[{"href":"https:\/\/blogs.uni-siegen.de\/fit-in-siegen\/de\/wp-json\/wp\/v2\/media?parent=1808"}],"curies":[{"name":"wp","href":"https:\/\/api.w.org\/{rel}","templated":true}]}}