{"id":1814,"date":"2024-09-05T17:13:51","date_gmt":"2024-09-05T15:13:51","guid":{"rendered":"https:\/\/blogs.uni-siegen.de\/fit-in-siegen\/internationales-fachkrafte-fruhstuck\/"},"modified":"2026-04-21T16:35:42","modified_gmt":"2026-04-21T14:35:42","slug":"internationales-fachkrafte-fruhstuck","status":"publish","type":"page","link":"https:\/\/blogs.uni-siegen.de\/fit-in-siegen\/de\/unsere-fit-saulen\/karriere-netzwerken-mit-sieguver\/internationales-fachkrafte-fruhstuck\/","title":{"rendered":"Internationales Fachkr\u00e4fte-Fr\u00fchst\u00fcck"},"content":{"rendered":"<div id=\"pl-377\" class=\"panel-layout\">\n<div id=\"pg-377-0\" class=\"panel-grid panel-no-style\">\n<div id=\"pgc-377-0-0\" class=\"panel-grid-cell\" data-weight=\"1\">\n<div id=\"panel-377-0-0-0\" class=\"so-panel widget widget_sow-editor panel-first-child panel-last-child\" data-index=\"0\">\n<div class=\"so-widget-sow-editor so-widget-sow-editor-base\">\n<div class=\"siteorigin-widget-tinymce textwidget\">\n\t<span class=\"OYPEnA font-feature-liga-off font-feature-clig-off font-feature-calt-off text-decoration-none text-strikethrough-none\">Die Teilnahme an internationalen Fr\u00fchst\u00fccksveranstaltungen erm\u00f6glicht es Ihnen, Personalverantwortliche zu treffen, mehr \u00fcber Unternehmen zu erfahren und Jobm\u00f6glichkeiten direkt auf dem Campus zu entdecken. Es bietet einen entspannten Rahmen f\u00fcr Networking, verbessert Ihr Verst\u00e4ndnis f\u00fcr den deutschen Arbeitsmarkt und erh\u00f6ht Ihre Chancen, nach dem Studium als ausl\u00e4ndischer Studierender eine berufliche Chance zu finden. <\/span><\/div>\n<\/div>\n<\/div>\n<\/div>\n<\/div>\n<div id=\"pg-377-1\" class=\"panel-grid panel-no-style\" data-style=\"{\"background_image_attachment\":false,\"background_display\":\"tile\",\"background_image_size\":\"full\",\"background_image_opacity\":\"100\",\"border_thickness\":\"1px\",\"full_height\":\"\",\"cell_alignment\":\"flex-start\"}\">\n<div id=\"pgc-377-1-0\" class=\"panel-grid-cell\" data-weight=\"1\">\n<div id=\"panel-377-1-0-0\" class=\"so-panel widget widget_sow-post-carousel panel-first-child\" data-index=\"1\" data-style=\"{\"background_image_attachment\":false,\"background_display\":\"tile\",\"background_image_size\":\"full\",\"background_image_opacity\":\"100\",\"border_thickness\":\"1px\"}\"><div\n\t\t\t\n\t\t\tclass=\"so-widget-sow-post-carousel so-widget-sow-post-carousel-base-ad93eedad001\"\n\t\t\t\n\t\t>\t<div\n\t\tclass=\"sow-post-carousel-wrapper sow-post-carousel-theme-base\"\n\t\tstyle=\"overflow: hidden; max-width: 100%; min-height: 182px\"\n\t>\n\t\t<div class=\"sow-carousel-title\">\n\t\t\t<div class=\"sow-carousel-navigation \">\n\t\t\t\t\t\t<a href=\"#\" class=\"sow-carousel-next\" title=\"Next\" aria-label=\"Next Posts\" role=\"button\"><\/a>\n\t\t\t\t\t\t<a href=\"#\" class=\"sow-carousel-previous\" title=\"Previous\" aria-label=\"Previous Posts\" role=\"button\"><\/a>\n\t\t\t\t\t<\/div>\n\t<\/div>\n\n<div class=\"sow-carousel-container \">\n\t\t<div class=\"sow-carousel-wrapper\"\n\t\tdata-dir=\"ltr\"\n\t\tstyle=\"opacity: 0;\"\n\t\tdata-widget=\"post\" data-fetching=\"false\" data-page=\"1\" data-ajax-url=\"https:\/\/blogs.uni-siegen.de\/fit-in-siegen\/wp-admin\/admin-ajax.php?_widgets_nonce=450cc9f919\" data-item_count=\"132\" data-carousel_settings=\"{&quot;loop&quot;:true,&quot;animation&quot;:&quot;Ease&quot;,&quot;animation_speed&quot;:400,&quot;autoplay&quot;:&quot;&quot;,&quot;pauseOnHover&quot;:&quot;&quot;,&quot;autoplaySpeed&quot;:8000,&quot;item_overflow&quot;:true,&quot;autoplay_continuous_scroll&quot;:false}\" data-responsive=\"{&quot;desktop_slides_to_scroll&quot;:1,&quot;tablet_landscape_breakpoint&quot;:1366,&quot;tablet_landscape_slides_to_scroll&quot;:2,&quot;tablet_portrait_breakpoint&quot;:1025,&quot;tablet_portrait_slides_to_scroll&quot;:2,&quot;mobile_breakpoint&quot;:480,&quot;mobile_slides_to_scroll&quot;:1}\" data-variable_width=\"true\" \t>\n\t\t<div\n\t\t\tclass=\"sow-carousel-items\"\n\t\t\t\t\t>\n\t\t\t\t<div class=\"sow-carousel-item\" tabindex=\"-1\" style=\"float: left;\">\n\t\t<div class=\"sow-carousel-thumbnail\">\n\t\t\t\t\t\t\t<a\n\t\t\t\t\thref=\"https:\/\/blogs.uni-siegen.de\/fit-in-siegen\/de\/2026\/04\/28\/medical-appointment\/\"\n\t\t\t\t\tclass=\"sow-carousel-default-thumbnail\"\n\t\t\t\t\t\t\t\t\t\t\t\t\t\t\taria-labelledby=\"sow-carousel-id-3963\"\n\t\t\t\t\ttabindex=\"-1\"\n\t\t\t\t>\n\t\t\t\t\t<span class=\"overlay\"><\/span>\n\t\t\t\t<\/a>\n\t\t\t\t\t<\/div>\n\t\t<h3 class=\"sow-carousel-item-title\">\n\t\t\t<a\n\t\t\t\thref=\"https:\/\/blogs.uni-siegen.de\/fit-in-siegen\/de\/2026\/04\/28\/medical-appointment\/\"\n\t\t\t\tid=\"sow-carousel-id-3963\"\n\t\t\t\t\t\t\t\ttabindex=\"-1\"\n\t\t\t>\n\n\t\t\t\tMedical Appointment\t\t\t<\/a>\n\t\t<\/h3>\n\t<\/div>\n\t\t<div class=\"sow-carousel-item\" tabindex=\"-1\" style=\"float: left;\">\n\t\t<div class=\"sow-carousel-thumbnail\">\n\t\t\t\t\t\t\t<a\n\t\t\t\t\thref=\"https:\/\/blogs.uni-siegen.de\/fit-in-siegen\/de\/2026\/04\/28\/medicines-and-pharmacies\/\"\n\t\t\t\t\tclass=\"sow-carousel-default-thumbnail\"\n\t\t\t\t\t\t\t\t\t\t\t\t\t\t\taria-labelledby=\"sow-carousel-id-3965\"\n\t\t\t\t\ttabindex=\"-1\"\n\t\t\t\t>\n\t\t\t\t\t<span class=\"overlay\"><\/span>\n\t\t\t\t<\/a>\n\t\t\t\t\t<\/div>\n\t\t<h3 class=\"sow-carousel-item-title\">\n\t\t\t<a\n\t\t\t\thref=\"https:\/\/blogs.uni-siegen.de\/fit-in-siegen\/de\/2026\/04\/28\/medicines-and-pharmacies\/\"\n\t\t\t\tid=\"sow-carousel-id-3965\"\n\t\t\t\t\t\t\t\ttabindex=\"-1\"\n\t\t\t>\n\n\t\t\t\tMedicines and Pharmacies\t\t\t<\/a>\n\t\t<\/h3>\n\t<\/div>\n\t\t<div class=\"sow-carousel-item\" tabindex=\"-1\" style=\"float: left;\">\n\t\t<div class=\"sow-carousel-thumbnail\">\n\t\t\t\t\t\t\t<a\n\t\t\t\t\thref=\"https:\/\/blogs.uni-siegen.de\/fit-in-siegen\/de\/2026\/04\/27\/24-06-26-tag-der-aufgeschobenen-bewerbungen-your-career-day-fit-career-networking\/\"\n\t\t\t\t\t\t\t\t\t\tstyle=\"background-image: url( https:\/\/blogs.uni-siegen.de\/fit-in-siegen\/files\/2026\/04\/pexels-markus-winkler-1430818-4101416-1-272x182.jpg )\"\n\t\t\t\t\taria-labelledby=\"sow-carousel-id-3847\"\n\t\t\t\t\ttabindex=\"-1\"\n\t\t\t\t>\n\t\t\t\t\t<span class=\"overlay\"><\/span>\n\t\t\t\t<\/a>\n\t\t\t\t\t<\/div>\n\t\t<h3 class=\"sow-carousel-item-title\">\n\t\t\t<a\n\t\t\t\thref=\"https:\/\/blogs.uni-siegen.de\/fit-in-siegen\/de\/2026\/04\/27\/24-06-26-tag-der-aufgeschobenen-bewerbungen-your-career-day-fit-career-networking\/\"\n\t\t\t\tid=\"sow-carousel-id-3847\"\n\t\t\t\t\t\t\t\ttabindex=\"-1\"\n\t\t\t>\n\n\t\t\t\t24.06.26 | Tag der aufgeschobenen Bewerbungen \u2013 Your Career Day | FIT: Career &amp; Networking\t\t\t<\/a>\n\t\t<\/h3>\n\t<\/div>\n\t\t<div class=\"sow-carousel-item\" tabindex=\"-1\" style=\"float: left;\">\n\t\t<div class=\"sow-carousel-thumbnail\">\n\t\t\t\t\t\t\t<a\n\t\t\t\t\thref=\"https:\/\/blogs.uni-siegen.de\/fit-in-siegen\/de\/2026\/04\/17\/30-04-slr-special-event-voices-of-siegen-a-poetry-slam-night-fit-well-being-social-integration\/\"\n\t\t\t\t\t\t\t\t\t\tstyle=\"background-image: url( https:\/\/blogs.uni-siegen.de\/fit-in-siegen\/files\/2026\/04\/pexels-damianscarlassa-16963920-272x182.jpg )\"\n\t\t\t\t\taria-labelledby=\"sow-carousel-id-3333\"\n\t\t\t\t\ttabindex=\"-1\"\n\t\t\t\t>\n\t\t\t\t\t<span class=\"overlay\"><\/span>\n\t\t\t\t<\/a>\n\t\t\t\t\t<\/div>\n\t\t<h3 class=\"sow-carousel-item-title\">\n\t\t\t<a\n\t\t\t\thref=\"https:\/\/blogs.uni-siegen.de\/fit-in-siegen\/de\/2026\/04\/17\/30-04-slr-special-event-voices-of-siegen-a-poetry-slam-night-fit-well-being-social-integration\/\"\n\t\t\t\tid=\"sow-carousel-id-3333\"\n\t\t\t\t\t\t\t\ttabindex=\"-1\"\n\t\t\t>\n\n\t\t\t\t30.04. SLR Special Event: Voices of Siegen \u2013 A Poetry Slam Night | FIT: Well-Being &amp; Social Integration\t\t\t<\/a>\n\t\t<\/h3>\n\t<\/div>\n\t\t<div class=\"sow-carousel-item\" tabindex=\"-1\" style=\"float: left;\">\n\t\t<div class=\"sow-carousel-thumbnail\">\n\t\t\t\t\t\t\t<a\n\t\t\t\t\thref=\"https:\/\/blogs.uni-siegen.de\/fit-in-siegen\/de\/2026\/04\/02\/04-09-positioning-your-profile-a-strategic-application-workshop-for-women-fit-soft-skills-employability\/\"\n\t\t\t\t\t\t\t\t\t\tstyle=\"background-image: url( https:\/\/blogs.uni-siegen.de\/fit-in-siegen\/files\/2026\/04\/pexels-olia-danilevich-8145335-272x182.jpg )\"\n\t\t\t\t\taria-labelledby=\"sow-carousel-id-3335\"\n\t\t\t\t\ttabindex=\"-1\"\n\t\t\t\t>\n\t\t\t\t\t<span class=\"overlay\"><\/span>\n\t\t\t\t<\/a>\n\t\t\t\t\t<\/div>\n\t\t<h3 class=\"sow-carousel-item-title\">\n\t\t\t<a\n\t\t\t\thref=\"https:\/\/blogs.uni-siegen.de\/fit-in-siegen\/de\/2026\/04\/02\/04-09-positioning-your-profile-a-strategic-application-workshop-for-women-fit-soft-skills-employability\/\"\n\t\t\t\tid=\"sow-carousel-id-3335\"\n\t\t\t\t\t\t\t\ttabindex=\"-1\"\n\t\t\t>\n\n\t\t\t\t04.09. Positioning Your Profile: A Strategic Application Workshop for Women| FIT: Soft Skills &amp; Employability\t\t\t<\/a>\n\t\t<\/h3>\n\t<\/div>\n\t\t<div class=\"sow-carousel-item\" tabindex=\"-1\" style=\"float: left;\">\n\t\t<div class=\"sow-carousel-thumbnail\">\n\t\t\t\t\t\t\t<a\n\t\t\t\t\thref=\"https:\/\/blogs.uni-siegen.de\/fit-in-siegen\/de\/2026\/04\/02\/31-08-protecting-your-mental-health-in-studies-and-work-life-stress-management-and-overload-prevention-fit-well-being-social-integration\/\"\n\t\t\t\t\t\t\t\t\t\tstyle=\"background-image: url( https:\/\/blogs.uni-siegen.de\/fit-in-siegen\/files\/2026\/04\/roszie-psychotherapy-7393380-272x182.png )\"\n\t\t\t\t\taria-labelledby=\"sow-carousel-id-3337\"\n\t\t\t\t\ttabindex=\"-1\"\n\t\t\t\t>\n\t\t\t\t\t<span class=\"overlay\"><\/span>\n\t\t\t\t<\/a>\n\t\t\t\t\t<\/div>\n\t\t<h3 class=\"sow-carousel-item-title\">\n\t\t\t<a\n\t\t\t\thref=\"https:\/\/blogs.uni-siegen.de\/fit-in-siegen\/de\/2026\/04\/02\/31-08-protecting-your-mental-health-in-studies-and-work-life-stress-management-and-overload-prevention-fit-well-being-social-integration\/\"\n\t\t\t\tid=\"sow-carousel-id-3337\"\n\t\t\t\t\t\t\t\ttabindex=\"-1\"\n\t\t\t>\n\n\t\t\t\t31.08. Protecting Your Mental Health in Studies and Work Life: Stress Management and Overload Prevention | FIT: Well-Being &amp; Social Integration\t\t\t<\/a>\n\t\t<\/h3>\n\t<\/div>\n\t\t<div class=\"sow-carousel-item\" tabindex=\"-1\" style=\"float: left;\">\n\t\t<div class=\"sow-carousel-thumbnail\">\n\t\t\t\t\t\t\t<a\n\t\t\t\t\thref=\"https:\/\/blogs.uni-siegen.de\/fit-in-siegen\/de\/2026\/04\/02\/22-08-stronger-after-rejection-building-resilience-and-confidence-in-the-job-application-journey-fit-well-being-social-integration\/\"\n\t\t\t\t\t\t\t\t\t\tstyle=\"background-image: url( https:\/\/blogs.uni-siegen.de\/fit-in-siegen\/files\/2026\/04\/franz26-ai-generated-8176900-272x182.jpg )\"\n\t\t\t\t\taria-labelledby=\"sow-carousel-id-3339\"\n\t\t\t\t\ttabindex=\"-1\"\n\t\t\t\t>\n\t\t\t\t\t<span class=\"overlay\"><\/span>\n\t\t\t\t<\/a>\n\t\t\t\t\t<\/div>\n\t\t<h3 class=\"sow-carousel-item-title\">\n\t\t\t<a\n\t\t\t\thref=\"https:\/\/blogs.uni-siegen.de\/fit-in-siegen\/de\/2026\/04\/02\/22-08-stronger-after-rejection-building-resilience-and-confidence-in-the-job-application-journey-fit-well-being-social-integration\/\"\n\t\t\t\tid=\"sow-carousel-id-3339\"\n\t\t\t\t\t\t\t\ttabindex=\"-1\"\n\t\t\t>\n\n\t\t\t\t22.08. Stronger After Rejection: Building Resilience and Confidence in the Job Application Journey | FIT: Well-Being &amp; Social Integration\t\t\t<\/a>\n\t\t<\/h3>\n\t<\/div>\n\t\t<div class=\"sow-carousel-item\" tabindex=\"-1\" style=\"float: left;\">\n\t\t<div class=\"sow-carousel-thumbnail\">\n\t\t\t\t\t\t\t<a\n\t\t\t\t\thref=\"https:\/\/blogs.uni-siegen.de\/fit-in-siegen\/de\/2026\/04\/02\/24-07-enough-with-exam-jitters-a-practical-workshop-for-exam-success-fit-well-being-social-integration\/\"\n\t\t\t\t\t\t\t\t\t\tstyle=\"background-image: url( https:\/\/blogs.uni-siegen.de\/fit-in-siegen\/files\/2026\/04\/pexels-karola-g-6958551-272x182.jpg )\"\n\t\t\t\t\taria-labelledby=\"sow-carousel-id-3341\"\n\t\t\t\t\ttabindex=\"-1\"\n\t\t\t\t>\n\t\t\t\t\t<span class=\"overlay\"><\/span>\n\t\t\t\t<\/a>\n\t\t\t\t\t<\/div>\n\t\t<h3 class=\"sow-carousel-item-title\">\n\t\t\t<a\n\t\t\t\thref=\"https:\/\/blogs.uni-siegen.de\/fit-in-siegen\/de\/2026\/04\/02\/24-07-enough-with-exam-jitters-a-practical-workshop-for-exam-success-fit-well-being-social-integration\/\"\n\t\t\t\tid=\"sow-carousel-id-3341\"\n\t\t\t\t\t\t\t\ttabindex=\"-1\"\n\t\t\t>\n\n\t\t\t\t24.07. Enough with Exam Jitters \u2014 A Practical Workshop for Exam Success | FIT: Well-Being &amp; Social Integration\t\t\t<\/a>\n\t\t<\/h3>\n\t<\/div>\n\t\t<div class=\"sow-carousel-item\" tabindex=\"-1\" style=\"float: left;\">\n\t\t<div class=\"sow-carousel-thumbnail\">\n\t\t\t\t\t\t\t<a\n\t\t\t\t\thref=\"https:\/\/blogs.uni-siegen.de\/fit-in-siegen\/de\/2026\/04\/02\/03-07-creative-relaxation-mind-body-imagination-fit-well-being-social-integration\/\"\n\t\t\t\t\t\t\t\t\t\tstyle=\"background-image: url( https:\/\/blogs.uni-siegen.de\/fit-in-siegen\/files\/2026\/04\/pexels-markus-winkler-1430818-30901663-272x182.jpg )\"\n\t\t\t\t\taria-labelledby=\"sow-carousel-id-3343\"\n\t\t\t\t\ttabindex=\"-1\"\n\t\t\t\t>\n\t\t\t\t\t<span class=\"overlay\"><\/span>\n\t\t\t\t<\/a>\n\t\t\t\t\t<\/div>\n\t\t<h3 class=\"sow-carousel-item-title\">\n\t\t\t<a\n\t\t\t\thref=\"https:\/\/blogs.uni-siegen.de\/fit-in-siegen\/de\/2026\/04\/02\/03-07-creative-relaxation-mind-body-imagination-fit-well-being-social-integration\/\"\n\t\t\t\tid=\"sow-carousel-id-3343\"\n\t\t\t\t\t\t\t\ttabindex=\"-1\"\n\t\t\t>\n\n\t\t\t\t03.07. Creative Relaxation \u2013 Mind, Body &amp; Imagination | FIT: Well-Being &amp; Social Integration\t\t\t<\/a>\n\t\t<\/h3>\n\t<\/div>\n\t\t<div class=\"sow-carousel-item\" tabindex=\"-1\" style=\"float: left;\">\n\t\t<div class=\"sow-carousel-thumbnail\">\n\t\t\t\t\t\t\t<a\n\t\t\t\t\thref=\"https:\/\/blogs.uni-siegen.de\/fit-in-siegen\/de\/2026\/04\/02\/26-06-increase-your-self-confidence-a-practical-workshop-for-feeling-more-grounded-secure-fit-well-being-social-integration\/\"\n\t\t\t\t\t\t\t\t\t\tstyle=\"background-image: url( https:\/\/blogs.uni-siegen.de\/fit-in-siegen\/files\/2026\/04\/pexels-ds-stories-6005437-272x182.jpg )\"\n\t\t\t\t\taria-labelledby=\"sow-carousel-id-3345\"\n\t\t\t\t\ttabindex=\"-1\"\n\t\t\t\t>\n\t\t\t\t\t<span class=\"overlay\"><\/span>\n\t\t\t\t<\/a>\n\t\t\t\t\t<\/div>\n\t\t<h3 class=\"sow-carousel-item-title\">\n\t\t\t<a\n\t\t\t\thref=\"https:\/\/blogs.uni-siegen.de\/fit-in-siegen\/de\/2026\/04\/02\/26-06-increase-your-self-confidence-a-practical-workshop-for-feeling-more-grounded-secure-fit-well-being-social-integration\/\"\n\t\t\t\tid=\"sow-carousel-id-3345\"\n\t\t\t\t\t\t\t\ttabindex=\"-1\"\n\t\t\t>\n\n\t\t\t\t26.06. Increase your Self-Confidence \u2014 A Practical Workshop for Feeling More Grounded &amp; Secure | FIT: Well-Being &amp; Social Integration\t\t\t<\/a>\n\t\t<\/h3>\n\t<\/div>\n\t\t\t<\/div>\n\t\t\t<\/div>\n\n\t<\/div>\n\t\t<input type=\"hidden\" name=\"instance_hash\" value=\"32d5ce9a\"\/>\n\t<\/div>\n<\/div><\/div>\n<div id=\"panel-377-1-0-1\" class=\"so-panel widget widget_categories panel-last-child\" data-index=\"2\" data-style=\"{\"background_image_attachment\":false,\"background_display\":\"tile\",\"background_image_size\":\"full\",\"background_image_opacity\":\"100\",\"border_thickness\":\"1px\"}\"><h3 class=\"widget-title\">Kategorien<\/h3><nav aria-label=\"Kategorien\">\n\t\t\t<ul>\n\t\t\t\t\t<li class=\"cat-item cat-item-98\"><a href=\"https:\/\/blogs.uni-siegen.de\/fit-in-siegen\/de\/category\/adjusting-to-a-new-culture\/\">Adjusting to a new culture<\/a>\n<\/li>\n\t<li class=\"cat-item cat-item-106\"><a href=\"https:\/\/blogs.uni-siegen.de\/fit-in-siegen\/de\/category\/alumni\/\">Alumni<\/a>\n<\/li>\n\t<li class=\"cat-item cat-item-102\"><a href=\"https:\/\/blogs.uni-siegen.de\/fit-in-siegen\/de\/category\/april2025\/\">April2025<\/a>\n<\/li>\n\t<li class=\"cat-item cat-item-85\"><a href=\"https:\/\/blogs.uni-siegen.de\/fit-in-siegen\/de\/category\/april2026\/\">April2026<\/a>\n<\/li>\n\t<li class=\"cat-item cat-item-86\"><a href=\"https:\/\/blogs.uni-siegen.de\/fit-in-siegen\/de\/category\/c2aw\/\">c2AW<\/a>\n<\/li>\n\t<li class=\"cat-item cat-item-109\"><a href=\"https:\/\/blogs.uni-siegen.de\/fit-in-siegen\/de\/category\/december2024\/\">December2024<\/a>\n<\/li>\n\t<li class=\"cat-item cat-item-90\"><a href=\"https:\/\/blogs.uni-siegen.de\/fit-in-siegen\/de\/category\/dezember2025\/\">Dezember2025<\/a>\n<\/li>\n\t<li class=\"cat-item cat-item-92\"><a href=\"https:\/\/blogs.uni-siegen.de\/fit-in-siegen\/de\/category\/emotional-well-being-self-care\/\">Emotional Well-being &amp; Self-Care<\/a>\n<\/li>\n\t<li class=\"cat-item cat-item-105\"><a href=\"https:\/\/blogs.uni-siegen.de\/fit-in-siegen\/de\/category\/february2025\/\">February2025<\/a>\n<\/li>\n\t<li class=\"cat-item cat-item-97\"><a href=\"https:\/\/blogs.uni-siegen.de\/fit-in-siegen\/de\/category\/fun-useful-facts\/\">Fun &amp; Useful Facts<\/a>\n<\/li>\n\t<li class=\"cat-item cat-item-95\"><a href=\"https:\/\/blogs.uni-siegen.de\/fit-in-siegen\/de\/category\/german-health-care\/\">German Health Care<\/a>\n<\/li>\n\t<li class=\"cat-item cat-item-88\"><a href=\"https:\/\/blogs.uni-siegen.de\/fit-in-siegen\/de\/category\/german-job-market\/\">German Job Market<\/a>\n<\/li>\n\t<li class=\"cat-item cat-item-84\"><a href=\"https:\/\/blogs.uni-siegen.de\/fit-in-siegen\/de\/category\/components_welcome_orientation\/\">I. Welcome &amp; Orientation<\/a>\n<\/li>\n\t<li class=\"cat-item cat-item-82\"><a href=\"https:\/\/blogs.uni-siegen.de\/fit-in-siegen\/de\/category\/components_well_being_social_integration\/\">II. Well Being &amp; Social Integration<\/a>\n<\/li>\n\t<li class=\"cat-item cat-item-83\"><a href=\"https:\/\/blogs.uni-siegen.de\/fit-in-siegen\/de\/category\/soft-skills-employability_\/\">III. Soft Skills &amp; Employability<\/a>\n<\/li>\n\t<li class=\"cat-item cat-item-103\"><a href=\"https:\/\/blogs.uni-siegen.de\/fit-in-siegen\/de\/category\/career-networking\/\">IV. Career &amp; Networking<\/a>\n<\/li>\n\t<li class=\"cat-item cat-item-89\"><a href=\"https:\/\/blogs.uni-siegen.de\/fit-in-siegen\/de\/category\/januar2026\/\">Januar2026<\/a>\n<\/li>\n\t<li class=\"cat-item cat-item-110\"><a href=\"https:\/\/blogs.uni-siegen.de\/fit-in-siegen\/de\/category\/january2025\/\">January2025<\/a>\n<\/li>\n\t<li class=\"cat-item cat-item-101\"><a href=\"https:\/\/blogs.uni-siegen.de\/fit-in-siegen\/de\/category\/july2025\/\">July 2025<\/a>\n<\/li>\n\t<li class=\"cat-item cat-item-99\"><a href=\"https:\/\/blogs.uni-siegen.de\/fit-in-siegen\/de\/category\/june2025\/\">June2025<\/a>\n<\/li>\n\t<li class=\"cat-item cat-item-104\"><a href=\"https:\/\/blogs.uni-siegen.de\/fit-in-siegen\/de\/category\/maerz2025\/\">M\u00e4rz2025<\/a>\n<\/li>\n\t<li class=\"cat-item cat-item-100\"><a href=\"https:\/\/blogs.uni-siegen.de\/fit-in-siegen\/de\/category\/may2025\/\">may2025<\/a>\n<\/li>\n\t<li class=\"cat-item cat-item-96\"><a href=\"https:\/\/blogs.uni-siegen.de\/fit-in-siegen\/de\/category\/navigating-student-life\/\">Navigating Student Life<\/a>\n<\/li>\n\t<li class=\"cat-item cat-item-107\"><a href=\"https:\/\/blogs.uni-siegen.de\/fit-in-siegen\/de\/category\/november2024\/\">November2024<\/a>\n<\/li>\n\t<li class=\"cat-item cat-item-91\"><a href=\"https:\/\/blogs.uni-siegen.de\/fit-in-siegen\/de\/category\/november2025\/\">November2025<\/a>\n<\/li>\n\t<li class=\"cat-item cat-item-112\"><a href=\"https:\/\/blogs.uni-siegen.de\/fit-in-siegen\/de\/category\/october2024\/\">October2024<\/a>\n<\/li>\n\t<li class=\"cat-item cat-item-94\"><a href=\"https:\/\/blogs.uni-siegen.de\/fit-in-siegen\/de\/category\/october2025\/\">October2025<\/a>\n<\/li>\n\t<li class=\"cat-item cat-item-111\"><a href=\"https:\/\/blogs.uni-siegen.de\/fit-in-siegen\/de\/category\/september2024\/\">September2024<\/a>\n<\/li>\n\t<li class=\"cat-item cat-item-93\"><a href=\"https:\/\/blogs.uni-siegen.de\/fit-in-siegen\/de\/category\/september2025\/\">September2025<\/a>\n<\/li>\n\t<li class=\"cat-item cat-item-108\"><a href=\"https:\/\/blogs.uni-siegen.de\/fit-in-siegen\/de\/category\/slr\/\">SLR<\/a>\n<\/li>\n\t<li class=\"cat-item cat-item-87\"><a href=\"https:\/\/blogs.uni-siegen.de\/fit-in-siegen\/de\/category\/stress-management-productivity\/\">Stress Management &amp; Productivity<\/a>\n<\/li>\n\t<li class=\"cat-item cat-item-61\"><a href=\"https:\/\/blogs.uni-siegen.de\/fit-in-siegen\/de\/category\/unkategorisiert\/\">Unkategorisiert<\/a>\n<\/li>\n\t\t\t<\/ul>\n\n\t\t\t<\/nav><\/div>\n<\/div>\n<\/div>\n<\/div>\n","protected":false},"excerpt":{"rendered":"<p>Die Teilnahme an internationalen Fr\u00fchst\u00fccksveranstaltungen erm\u00f6glicht es Ihnen, Personalverantwortliche zu treffen, mehr \u00fcber Unternehmen zu erfahren und Jobm\u00f6glichkeiten direkt auf dem Campus zu entdecken. Es bietet einen entspannten Rahmen f\u00fcr Networking, verbessert Ihr Verst\u00e4ndnis f\u00fcr den deutschen Arbeitsmarkt und erh\u00f6ht Ihre Chancen, nach dem Studium als ausl\u00e4ndischer Studierender eine berufliche Chance zu finden.<\/p>\n","protected":false},"author":631,"featured_media":0,"parent":3285,"menu_order":1,"comment_status":"closed","ping_status":"closed","template":"","meta":{"footnotes":""},"class_list":["post-1814","page","type-page","status-publish","hentry"],"_links":{"self":[{"href":"https:\/\/blogs.uni-siegen.de\/fit-in-siegen\/de\/wp-json\/wp\/v2\/pages\/1814","targetHints":{"allow":["GET"]}}],"collection":[{"href":"https:\/\/blogs.uni-siegen.de\/fit-in-siegen\/de\/wp-json\/wp\/v2\/pages"}],"about":[{"href":"https:\/\/blogs.uni-siegen.de\/fit-in-siegen\/de\/wp-json\/wp\/v2\/types\/page"}],"author":[{"embeddable":true,"href":"https:\/\/blogs.uni-siegen.de\/fit-in-siegen\/de\/wp-json\/wp\/v2\/users\/631"}],"replies":[{"embeddable":true,"href":"https:\/\/blogs.uni-siegen.de\/fit-in-siegen\/de\/wp-json\/wp\/v2\/comments?post=1814"}],"version-history":[{"count":1,"href":"https:\/\/blogs.uni-siegen.de\/fit-in-siegen\/de\/wp-json\/wp\/v2\/pages\/1814\/revisions"}],"predecessor-version":[{"id":3286,"href":"https:\/\/blogs.uni-siegen.de\/fit-in-siegen\/de\/wp-json\/wp\/v2\/pages\/1814\/revisions\/3286"}],"up":[{"embeddable":true,"href":"https:\/\/blogs.uni-siegen.de\/fit-in-siegen\/de\/wp-json\/wp\/v2\/pages\/3285"}],"wp:attachment":[{"href":"https:\/\/blogs.uni-siegen.de\/fit-in-siegen\/de\/wp-json\/wp\/v2\/media?parent=1814"}],"curies":[{"name":"wp","href":"https:\/\/api.w.org\/{rel}","templated":true}]}}