{"id":1817,"date":"2024-09-06T14:29:57","date_gmt":"2024-09-06T12:29:57","guid":{"rendered":"https:\/\/blogs.uni-siegen.de\/fit-in-siegen\/studiere-bleib-in-siegen\/"},"modified":"2024-09-06T14:29:57","modified_gmt":"2024-09-06T12:29:57","slug":"studiere-bleib-in-siegen","status":"publish","type":"page","link":"https:\/\/blogs.uni-siegen.de\/fit-in-siegen\/de\/studiere-bleib-in-siegen\/","title":{"rendered":"Studiere &amp; Bleib in Siegen"},"content":{"rendered":"<div id=\"pl-1817\"  class=\"panel-layout\" ><div id=\"pg-1817-0\"  class=\"panel-grid panel-has-style\" ><div class=\"siteorigin-panels-stretch panel-row-style panel-row-style-for-1817-0\" data-stretch-type=\"full-width-stretch\" ><div id=\"pgc-1817-0-0\"  class=\"panel-grid-cell\" ><div id=\"panel-1817-0-0-0\" class=\"so-panel widget widget_sow-hero panel-first-child panel-last-child\" data-index=\"0\" ><div\n\t\t\t\n\t\t\tclass=\"so-widget-sow-hero so-widget-sow-hero-default-6c7132377d72-1817 so-widget-fittext-wrapper\"\n\t\t\t data-fit-text-compressor=\"0.85\"\n\t\t>\t\t\t\t<div class=\"sow-slider-base\" style=\"display: none\" tabindex=\"0\">\n\t\t\t\t\t<ul\n\t\t\t\t\tclass=\"sow-slider-images\"\n\t\t\t\t\tdata-settings=\"{&quot;pagination&quot;:true,&quot;speed&quot;:800,&quot;timeout&quot;:8000,&quot;paused&quot;:false,&quot;pause_on_hover&quot;:false,&quot;swipe&quot;:true,&quot;nav_always_show_desktop&quot;:&quot;&quot;,&quot;nav_always_show_mobile&quot;:&quot;&quot;,&quot;breakpoint&quot;:&quot;780px&quot;,&quot;unmute&quot;:false,&quot;anchor&quot;:null}\"\n\t\t\t\t\tstyle=\"min-height: 455px\"\t\t\t\t\tdata-anchor-id=\"\"\n\t\t\t\t>\t\t<li class=\"sow-slider-image  sow-slider-image-cover\" style=\"visibility: visible;;background-color: #333333\" >\n\t\t\t\t\t<div class=\"sow-slider-image-container\">\n\t\t\t<div class=\"sow-slider-image-wrapper\">\n\t\t\t\t<h1 style=\"text-align: center\">Explore Your New Home<\/h1>\n\t\t\t<\/div>\n\t\t<\/div>\n\t\t<div class=\"sow-slider-image-overlay sow-slider-image-cover\" style=\"opacity: 0.6;background-image: url(https:\/\/blogs.uni-siegen.de\/fit-in-siegen\/files\/2024\/09\/g369908935240de4e8a0bceb164478f07b507aa4860a5a455fc89e112f6fa11373f9022d9d175e00214b39bf54b07b2e0_1920.jpg)\"  ><\/div>\t\t<\/li>\n\t\t<\/ul>\t\t\t\t<ol class=\"sow-slider-pagination\">\n\t\t\t\t\t\t\t\t\t\t\t<li><a href=\"#\" data-goto=\"0\" aria-label=\"Display slide 1\"><\/a><\/li>\n\t\t\t\t\t\t\t\t\t<\/ol>\n\n\t\t\t\t<div class=\"sow-slide-nav sow-slide-nav-next\">\n\t\t\t\t\t<a href=\"#\" data-goto=\"next\" aria-label=\"Next slide\" data-action=\"next\">\n\t\t\t\t\t\t<em class=\"sow-sld-icon-thin-right\"><\/em>\n\t\t\t\t\t<\/a>\n\t\t\t\t<\/div>\n\n\t\t\t\t<div class=\"sow-slide-nav sow-slide-nav-prev\">\n\t\t\t\t\t<a href=\"#\" data-goto=\"previous\" aria-label=\"Previous slide\" data-action=\"prev\">\n\t\t\t\t\t\t<em class=\"sow-sld-icon-thin-left\"><\/em>\n\t\t\t\t\t<\/a>\n\t\t\t\t<\/div>\n\t\t\t\t<\/div><\/div><\/div><\/div><\/div><\/div><div id=\"pg-1817-1\"  class=\"panel-grid panel-no-style\" ><div id=\"pgc-1817-1-0\"  class=\"panel-grid-cell\" ><div id=\"panel-1817-1-0-0\" class=\"so-panel widget widget_sow-editor panel-first-child panel-last-child\" data-index=\"1\" ><div\n\t\t\t\n\t\t\tclass=\"so-widget-sow-editor so-widget-sow-editor-base\"\n\t\t\t\n\t\t>\n<div class=\"siteorigin-widget-tinymce textwidget\">\n\t<p>Siegen is a city full of charm and hidden gems, making it an ideal spot for students seeking inspiration. The city center is easily accessible on foot from the main train station, and it offers a unique blend of urban vibe and historical flair. Don\u2019t worry about the steep hills\u2014you can take the iconic Siegen \u201cH\u00fcbbelbummler\u201d bus to explore the sights with ease!<\/p>\n<\/div>\n<\/div><\/div><\/div><div id=\"pgc-1817-1-1\"  class=\"panel-grid-cell\" ><div id=\"panel-1817-1-1-0\" class=\"so-panel widget widget_sow-image panel-first-child panel-last-child\" data-index=\"2\" ><div\n\t\t\t\n\t\t\tclass=\"so-widget-sow-image so-widget-sow-image-default-8b5b6f678277-1817\"\n\t\t\t\n\t\t>\n<div class=\"sow-image-container\">\n\t\t<img \n\tsrc=\"https:\/\/blogs.uni-siegen.de\/fit-in-siegen\/files\/2024\/10\/Huebbelbummler.png\" width=\"1280\" height=\"799\" srcset=\"https:\/\/blogs.uni-siegen.de\/fit-in-siegen\/files\/2024\/10\/Huebbelbummler.png 1280w, https:\/\/blogs.uni-siegen.de\/fit-in-siegen\/files\/2024\/10\/Huebbelbummler-300x187.png 300w, https:\/\/blogs.uni-siegen.de\/fit-in-siegen\/files\/2024\/10\/Huebbelbummler-1024x639.png 1024w, https:\/\/blogs.uni-siegen.de\/fit-in-siegen\/files\/2024\/10\/Huebbelbummler-768x479.png 768w\" sizes=\"(max-width: 767px) 89vw, (max-width: 1000px) 54vw, (max-width: 1071px) 543px, 580px\" title=\"Siegens &quot;H\u00fcbbelbummler&quot; bus\" alt=\"\" \t\tclass=\"so-widget-image\"\/>\n\t<\/div>\n\n<h3 class=\"widget-title\">Siegens \"H\u00fcbbelbummler\" bus<\/h3><\/div><\/div><\/div><\/div><div id=\"pg-1817-2\"  class=\"panel-grid panel-no-style\" ><div id=\"pgc-1817-2-0\"  class=\"panel-grid-cell\" ><div id=\"panel-1817-2-0-0\" class=\"so-panel widget widget_sow-image panel-first-child panel-last-child\" data-index=\"3\" ><div\n\t\t\t\n\t\t\tclass=\"so-widget-sow-image so-widget-sow-image-default-8b5b6f678277-1817\"\n\t\t\t\n\t\t>\n<div class=\"sow-image-container\">\n\t\t<img \n\tsrc=\"https:\/\/blogs.uni-siegen.de\/fit-in-siegen\/files\/2024\/10\/Siegufer-scaled.jpg\" width=\"2560\" height=\"1707\" srcset=\"https:\/\/blogs.uni-siegen.de\/fit-in-siegen\/files\/2024\/10\/Siegufer-scaled.jpg 2560w, https:\/\/blogs.uni-siegen.de\/fit-in-siegen\/files\/2024\/10\/Siegufer-300x200.jpg 300w, https:\/\/blogs.uni-siegen.de\/fit-in-siegen\/files\/2024\/10\/Siegufer-1024x683.jpg 1024w, https:\/\/blogs.uni-siegen.de\/fit-in-siegen\/files\/2024\/10\/Siegufer-768x512.jpg 768w, https:\/\/blogs.uni-siegen.de\/fit-in-siegen\/files\/2024\/10\/Siegufer-1536x1024.jpg 1536w, https:\/\/blogs.uni-siegen.de\/fit-in-siegen\/files\/2024\/10\/Siegufer-2048x1365.jpg 2048w, https:\/\/blogs.uni-siegen.de\/fit-in-siegen\/files\/2024\/10\/Siegufer-272x182.jpg 272w\" sizes=\"(max-width: 767px) 89vw, (max-width: 1000px) 54vw, (max-width: 1071px) 543px, 580px\" title=\"Siegufer at night\" alt=\"\" \t\tclass=\"so-widget-image\"\/>\n\t<\/div>\n\n<h3 class=\"widget-title\">Siegufer at night<\/h3><\/div><\/div><\/div><div id=\"pgc-1817-2-1\"  class=\"panel-grid-cell\" ><div id=\"panel-1817-2-1-0\" class=\"so-panel widget widget_sow-editor panel-first-child panel-last-child\" data-index=\"4\" ><div\n\t\t\t\n\t\t\tclass=\"so-widget-sow-editor so-widget-sow-editor-base\"\n\t\t\t\n\t\t>\n<div class=\"siteorigin-widget-tinymce textwidget\">\n\t<p>In the lower part of the city, you\u2019ll find an abundance of shopping options. The City-Galerie, Sieg-Carr\u00e9, and Bahnhofstra\u00dfe are packed with everything from trendy boutiques to cozy caf\u00e9s, perfect for grabbing a coffee or a snack between classes. Just at the end of Bahnhofstra\u00dfe, the beautiful Siegufer invites you to take a break and enjoy the view of the impressive bronze statues of Henner and Frieder, representing the city\u2019s rich history.<\/p>\n<\/div>\n<\/div><\/div><\/div><\/div><div id=\"pg-1817-3\"  class=\"panel-grid panel-no-style\" ><div id=\"pgc-1817-3-0\"  class=\"panel-grid-cell\" ><div id=\"panel-1817-3-0-0\" class=\"so-panel widget widget_sow-editor panel-first-child panel-last-child\" data-index=\"5\" ><div\n\t\t\t\n\t\t\tclass=\"so-widget-sow-editor so-widget-sow-editor-base\"\n\t\t\t\n\t\t>\n<div class=\"siteorigin-widget-tinymce textwidget\">\n\t<p>For food lovers, Siegen has plenty to offer! Start your day with a delicious breakfast at Cafe Flocke or Nonas Brunch, where you can try local specialties like Siegerl\u00e4nder Schwarzbrot. These welcoming spots are perfect for recharging before heading up to explore the upper city.<\/p>\n<\/div>\n<\/div><\/div><\/div><div id=\"pgc-1817-3-1\"  class=\"panel-grid-cell\" ><div id=\"panel-1817-3-1-0\" class=\"so-panel widget widget_sow-image panel-first-child panel-last-child\" data-index=\"6\" ><div\n\t\t\t\n\t\t\tclass=\"so-widget-sow-image so-widget-sow-image-default-8b5b6f678277-1817\"\n\t\t\t\n\t\t>\n<div class=\"sow-image-container\">\n\t\t<img \n\tsrc=\"https:\/\/blogs.uni-siegen.de\/fit-in-siegen\/files\/2024\/10\/Bild-Schwarzbrot.jpg\" width=\"612\" height=\"408\" srcset=\"https:\/\/blogs.uni-siegen.de\/fit-in-siegen\/files\/2024\/10\/Bild-Schwarzbrot.jpg 612w, https:\/\/blogs.uni-siegen.de\/fit-in-siegen\/files\/2024\/10\/Bild-Schwarzbrot-300x200.jpg 300w, https:\/\/blogs.uni-siegen.de\/fit-in-siegen\/files\/2024\/10\/Bild-Schwarzbrot-272x182.jpg 272w\" sizes=\"(max-width: 612px) 100vw, 612px\" title=\"Siegerl\u00e4nder Schwarzbrot\" alt=\"\" \t\tclass=\"so-widget-image\"\/>\n\t<\/div>\n\n<h3 class=\"widget-title\">Siegerl\u00e4nder Schwarzbrot<\/h3><\/div><\/div><\/div><\/div><div id=\"pg-1817-4\"  class=\"panel-grid panel-no-style\" ><div id=\"pgc-1817-4-0\"  class=\"panel-grid-cell\" ><div id=\"panel-1817-4-0-0\" class=\"so-panel widget widget_sow-image panel-first-child panel-last-child\" data-index=\"7\" ><div\n\t\t\t\n\t\t\tclass=\"so-widget-sow-image so-widget-sow-image-default-8b5b6f678277-1817\"\n\t\t\t\n\t\t>\n<div class=\"sow-image-container\">\n\t\t<img \n\tsrc=\"https:\/\/blogs.uni-siegen.de\/fit-in-siegen\/files\/2024\/10\/Kroenchen-2-scaled.jpg\" width=\"1920\" height=\"2560\" srcset=\"https:\/\/blogs.uni-siegen.de\/fit-in-siegen\/files\/2024\/10\/Kroenchen-2-scaled.jpg 1920w, https:\/\/blogs.uni-siegen.de\/fit-in-siegen\/files\/2024\/10\/Kroenchen-2-225x300.jpg 225w, https:\/\/blogs.uni-siegen.de\/fit-in-siegen\/files\/2024\/10\/Kroenchen-2-768x1024.jpg 768w, https:\/\/blogs.uni-siegen.de\/fit-in-siegen\/files\/2024\/10\/Kroenchen-2-1152x1536.jpg 1152w, https:\/\/blogs.uni-siegen.de\/fit-in-siegen\/files\/2024\/10\/Kroenchen-2-1536x2048.jpg 1536w\" sizes=\"(max-width: 767px) 89vw, (max-width: 1000px) 54vw, (max-width: 1071px) 543px, 580px\" title=\"The &quot;Kr\u00f6nchen&quot; in the Martini Church\" alt=\"\" \t\tclass=\"so-widget-image\"\/>\n\t<\/div>\n\n<h3 class=\"widget-title\">The \"Kr\u00f6nchen\" in the Martini Church<\/h3><\/div><\/div><\/div><div id=\"pgc-1817-4-1\"  class=\"panel-grid-cell\" ><div id=\"panel-1817-4-1-0\" class=\"so-panel widget widget_sow-editor panel-first-child panel-last-child\" data-index=\"8\" ><div\n\t\t\t\n\t\t\tclass=\"so-widget-sow-editor so-widget-sow-editor-base\"\n\t\t\t\n\t\t>\n<div class=\"siteorigin-widget-tinymce textwidget\">\n\t<p>The historical significance of Siegen shines at K\u00f6lner Tor, once part of the city\u2019s medieval fortifications. Here, you can marvel at the Martinikirche, the oldest church in Siegen, and the Untere Schloss, which now houses parts of the University of Siegen. If you're into art, don\u2019t miss the Museum f\u00fcr Gegenwartskunst (MGK), known for its impressive collection of contemporary works.<\/p>\n<\/div>\n<\/div><\/div><\/div><\/div><div id=\"pg-1817-5\"  class=\"panel-grid panel-no-style\" ><div id=\"pgc-1817-5-0\"  class=\"panel-grid-cell\" ><div id=\"panel-1817-5-0-0\" class=\"so-panel widget widget_sow-editor panel-first-child panel-last-child\" data-index=\"9\" ><div\n\t\t\t\n\t\t\tclass=\"so-widget-sow-editor so-widget-sow-editor-base\"\n\t\t\t\n\t\t>\n<div class=\"siteorigin-widget-tinymce textwidget\">\n\t<p>As you head up to the upper city, be sure to check out the Alte Poststra\u00dfe, lined with charming caf\u00e9s and restaurants where you can unwind. The Old Market Square, with its historic town hall, is a great place to learn more about Siegen\u2019s history and maybe even join a city tour.<\/p>\n<\/div>\n<\/div><\/div><\/div><div id=\"pgc-1817-5-1\"  class=\"panel-grid-cell\" ><div id=\"panel-1817-5-1-0\" class=\"so-panel widget widget_sow-image panel-first-child panel-last-child\" data-index=\"10\" ><div\n\t\t\t\n\t\t\tclass=\"so-widget-sow-image so-widget-sow-image-default-8b5b6f678277-1817\"\n\t\t\t\n\t\t>\n<div class=\"sow-image-container\">\n\t\t<img \n\tsrc=\"https:\/\/blogs.uni-siegen.de\/fit-in-siegen\/files\/2024\/10\/Kneipenstrasse-scaled.jpg\" width=\"2560\" height=\"2560\" srcset=\"https:\/\/blogs.uni-siegen.de\/fit-in-siegen\/files\/2024\/10\/Kneipenstrasse-scaled.jpg 2560w, https:\/\/blogs.uni-siegen.de\/fit-in-siegen\/files\/2024\/10\/Kneipenstrasse-300x300.jpg 300w, https:\/\/blogs.uni-siegen.de\/fit-in-siegen\/files\/2024\/10\/Kneipenstrasse-1024x1024.jpg 1024w, https:\/\/blogs.uni-siegen.de\/fit-in-siegen\/files\/2024\/10\/Kneipenstrasse-150x150.jpg 150w, https:\/\/blogs.uni-siegen.de\/fit-in-siegen\/files\/2024\/10\/Kneipenstrasse-768x768.jpg 768w, https:\/\/blogs.uni-siegen.de\/fit-in-siegen\/files\/2024\/10\/Kneipenstrasse-1536x1536.jpg 1536w, https:\/\/blogs.uni-siegen.de\/fit-in-siegen\/files\/2024\/10\/Kneipenstrasse-2048x2048.jpg 2048w, https:\/\/blogs.uni-siegen.de\/fit-in-siegen\/files\/2024\/10\/Kneipenstrasse-100x100.jpg 100w\" sizes=\"(max-width: 767px) 89vw, (max-width: 1000px) 54vw, (max-width: 1071px) 543px, 580px\" title=\"Alte Poststra\u00dfe\" alt=\"\" \t\tclass=\"so-widget-image\"\/>\n\t<\/div>\n\n<h3 class=\"widget-title\">Alte Poststra\u00dfe<\/h3><\/div><\/div><\/div><\/div><div id=\"pg-1817-6\"  class=\"panel-grid panel-no-style\" ><div id=\"pgc-1817-6-0\"  class=\"panel-grid-cell\" ><div id=\"panel-1817-6-0-0\" class=\"so-panel widget widget_sow-image panel-first-child\" data-index=\"11\" ><div\n\t\t\t\n\t\t\tclass=\"so-widget-sow-image so-widget-sow-image-default-8b5b6f678277-1817\"\n\t\t\t\n\t\t>\n<div class=\"sow-image-container\">\n\t\t<img \n\tsrc=\"https:\/\/blogs.uni-siegen.de\/fit-in-siegen\/files\/2024\/10\/Kornmarkt-Wochenmarkt-scaled.jpg\" width=\"2560\" height=\"1707\" srcset=\"https:\/\/blogs.uni-siegen.de\/fit-in-siegen\/files\/2024\/10\/Kornmarkt-Wochenmarkt-scaled.jpg 2560w, https:\/\/blogs.uni-siegen.de\/fit-in-siegen\/files\/2024\/10\/Kornmarkt-Wochenmarkt-300x200.jpg 300w, https:\/\/blogs.uni-siegen.de\/fit-in-siegen\/files\/2024\/10\/Kornmarkt-Wochenmarkt-1024x683.jpg 1024w, https:\/\/blogs.uni-siegen.de\/fit-in-siegen\/files\/2024\/10\/Kornmarkt-Wochenmarkt-768x512.jpg 768w, https:\/\/blogs.uni-siegen.de\/fit-in-siegen\/files\/2024\/10\/Kornmarkt-Wochenmarkt-1536x1024.jpg 1536w, https:\/\/blogs.uni-siegen.de\/fit-in-siegen\/files\/2024\/10\/Kornmarkt-Wochenmarkt-2048x1365.jpg 2048w, https:\/\/blogs.uni-siegen.de\/fit-in-siegen\/files\/2024\/10\/Kornmarkt-Wochenmarkt-272x182.jpg 272w\" sizes=\"(max-width: 767px) 89vw, (max-width: 1000px) 54vw, (max-width: 1071px) 543px, 580px\" title=\"Kornmarkt\" alt=\"\" \t\tclass=\"so-widget-image\"\/>\n\t<\/div>\n\n<h3 class=\"widget-title\">Kornmarkt<\/h3><\/div><\/div><div id=\"panel-1817-6-0-1\" class=\"so-panel widget widget_sow-image panel-last-child\" data-index=\"12\" ><div\n\t\t\t\n\t\t\tclass=\"so-widget-sow-image so-widget-sow-image-default-8b5b6f678277-1817\"\n\t\t\t\n\t\t>\n<div class=\"sow-image-container\">\n\t\t<img \n\tsrc=\"https:\/\/blogs.uni-siegen.de\/fit-in-siegen\/files\/2024\/10\/Oberes-Schloss-scaled.jpg\" width=\"2560\" height=\"1707\" srcset=\"https:\/\/blogs.uni-siegen.de\/fit-in-siegen\/files\/2024\/10\/Oberes-Schloss-scaled.jpg 2560w, https:\/\/blogs.uni-siegen.de\/fit-in-siegen\/files\/2024\/10\/Oberes-Schloss-300x200.jpg 300w, https:\/\/blogs.uni-siegen.de\/fit-in-siegen\/files\/2024\/10\/Oberes-Schloss-1024x683.jpg 1024w, https:\/\/blogs.uni-siegen.de\/fit-in-siegen\/files\/2024\/10\/Oberes-Schloss-768x512.jpg 768w, https:\/\/blogs.uni-siegen.de\/fit-in-siegen\/files\/2024\/10\/Oberes-Schloss-1536x1024.jpg 1536w, https:\/\/blogs.uni-siegen.de\/fit-in-siegen\/files\/2024\/10\/Oberes-Schloss-2048x1365.jpg 2048w, https:\/\/blogs.uni-siegen.de\/fit-in-siegen\/files\/2024\/10\/Oberes-Schloss-272x182.jpg 272w\" sizes=\"(max-width: 767px) 89vw, (max-width: 1000px) 54vw, (max-width: 1071px) 543px, 580px\" title=\"Upper Castle: Oberes Schloss\" alt=\"\" \t\tclass=\"so-widget-image\"\/>\n\t<\/div>\n\n<h3 class=\"widget-title\">Upper Castle: Oberes Schloss<\/h3><\/div><\/div><\/div><div id=\"pgc-1817-6-1\"  class=\"panel-grid-cell\" ><div id=\"panel-1817-6-1-0\" class=\"so-panel widget widget_sow-editor panel-first-child panel-last-child\" data-index=\"13\" ><div\n\t\t\t\n\t\t\tclass=\"so-widget-sow-editor so-widget-sow-editor-base\"\n\t\t\t\n\t\t>\n<div class=\"siteorigin-widget-tinymce textwidget\">\n\t<p>Another highlight is the Kornmarkt, a popular meeting spot with shady benches and a large outdoor chess game. From here, it\u2019s just a short walk to the Oberes Schloss and its lovely garden, perfect for a relaxing stroll among colorful flowers.<\/p>\n<\/div>\n<\/div><\/div><\/div><\/div><div id=\"pg-1817-7\"  class=\"panel-grid panel-no-style\" ><div id=\"pgc-1817-7-0\"  class=\"panel-grid-cell\" ><div id=\"panel-1817-7-0-0\" class=\"so-panel widget widget_sow-editor panel-first-child panel-last-child\" data-index=\"14\" ><div\n\t\t\t\n\t\t\tclass=\"so-widget-sow-editor so-widget-sow-editor-base\"\n\t\t\t\n\t\t>\n<div class=\"siteorigin-widget-tinymce textwidget\">\n\t<p>Siegen offers not just an excellent study environment, but also a vibrant community and rich history. It\u2019s the perfect place for students looking to grow both academically and personally. Discover the diverse offerings of Siegen and let this charming city inspire you!<\/p>\n<p>And for the latest happenings, don't forget to check out the Instagram channel <em>Siegen geht Steil<\/em>\u2014the cultural hub of Siegen from the Siegener Zeitung! \ud83d\ude4c\ud83c\udffc Get weekly event tips in and around Siegen, and follow the page\u00a0for all the must-see activities!<\/p>\n<\/div>\n<\/div><\/div><\/div><div id=\"pgc-1817-7-1\"  class=\"panel-grid-cell\" ><div id=\"panel-1817-7-1-0\" class=\"so-panel widget widget_sow-image panel-first-child panel-last-child\" data-index=\"15\" ><div\n\t\t\t\n\t\t\tclass=\"so-widget-sow-image so-widget-sow-image-default-8b5b6f678277-1817\"\n\t\t\t\n\t\t>\n<div class=\"sow-image-container\">\n\t\t<img \n\tsrc=\"https:\/\/blogs.uni-siegen.de\/fit-in-siegen\/files\/2024\/10\/Panzerwiese-scaled.jpg\" width=\"2560\" height=\"1707\" srcset=\"https:\/\/blogs.uni-siegen.de\/fit-in-siegen\/files\/2024\/10\/Panzerwiese-scaled.jpg 2560w, https:\/\/blogs.uni-siegen.de\/fit-in-siegen\/files\/2024\/10\/Panzerwiese-300x200.jpg 300w, https:\/\/blogs.uni-siegen.de\/fit-in-siegen\/files\/2024\/10\/Panzerwiese-1024x683.jpg 1024w, https:\/\/blogs.uni-siegen.de\/fit-in-siegen\/files\/2024\/10\/Panzerwiese-768x512.jpg 768w, https:\/\/blogs.uni-siegen.de\/fit-in-siegen\/files\/2024\/10\/Panzerwiese-1536x1024.jpg 1536w, https:\/\/blogs.uni-siegen.de\/fit-in-siegen\/files\/2024\/10\/Panzerwiese-2048x1365.jpg 2048w, https:\/\/blogs.uni-siegen.de\/fit-in-siegen\/files\/2024\/10\/Panzerwiese-272x182.jpg 272w\" sizes=\"(max-width: 767px) 89vw, (max-width: 1000px) 54vw, (max-width: 1071px) 543px, 580px\" title=\"Siegens &quot;Panzerwiese&quot;\" alt=\"\" \t\tclass=\"so-widget-image\"\/>\n\t<\/div>\n\n<h3 class=\"widget-title\">Siegens \"Panzerwiese\"<\/h3><\/div><\/div><\/div><\/div><div id=\"pg-1817-8\"  class=\"panel-grid panel-no-style\" ><div id=\"pgc-1817-8-0\"  class=\"panel-grid-cell\" ><div id=\"panel-1817-8-0-0\" class=\"so-panel widget widget_sow-editor panel-first-child panel-last-child\" data-index=\"16\" ><div\n\t\t\t\n\t\t\tclass=\"so-widget-sow-editor so-widget-sow-editor-base\"\n\t\t\t\n\t\t><h3 class=\"widget-title\">Why Live and Work in the South Westphalia Region After Graduation?<\/h3>\n<div class=\"siteorigin-widget-tinymce textwidget\">\n\t<p><strong>We\u00b4ve got 10 good reasons for you!<\/strong><\/p>\n<p>The University of Siegen offers international students an excellent education, and the surrounding region, South Westphalia, provides a unique environment where <strong>innovation meets craftsmanship<\/strong> and <strong>technology meets tradition<\/strong>. This combination makes Siegen a fantastic place to build your future after graduation. Here are the key reasons why staying in Siegen could be the best decision for your career and personal development.<\/p>\n<ol>\n<li><strong>High Demand for Skilled Graduates<\/strong> South Westphalia is an industrial powerhouse with a strong demand for skilled professionals, particularly in engineering, technology, and manufacturing. As a graduate of the University of Siegen, you\u2019ll be well-positioned to take advantage of the local job market, which is constantly seeking international talent.<\/li>\n<li><strong>Affordable Cost of Living<\/strong> Compared to larger German cities, Siegen offers a much lower cost of living, allowing you to manage your finances more effectively. Affordable rent, transportation, and everyday expenses make it easier to focus on your career while enjoying a good quality of life.<\/li>\n<li><strong>Strong Industry Connections<\/strong> The University of Siegen has strong partnerships with local companies, providing excellent opportunities for internships, projects, and job placements. These connections help you gain practical experience and increase your chances of securing a job in the region after graduation.<\/li>\n<li><strong>Excellent Work-Life Balance<\/strong> South Westphalia offers a balanced lifestyle, with access to nature, outdoor activities, and a peaceful environment. The region\u2019s culture values both hard work and time for personal well-being, which is ideal for graduates seeking a healthy work-life balance.<\/li>\n<li><strong>Innovative Job Market<\/strong> South Westphalia is where <strong>innovation meets craftsmanship<\/strong>. The region is known for being home to \u201chidden champions\u201d \u2014 medium-sized, often family-owned companies that are global leaders in their fields. These companies provide opportunities to work in forward-thinking environments where technology and tradition merge.<\/li>\n<li><strong>Visa Opportunities for International Graduates<\/strong> Germany offers an 18-month job-seeking visa for international graduates, allowing you to stay in the country and search for employment after completing your studies. Siegen is an ideal place to take advantage of this, with a strong job market and local initiatives that support international professionals.<\/li>\n<li><strong>Rich Cultural and Historical Background<\/strong> Siegen is a city with deep historical roots and a vibrant cultural scene. As the birthplace of Peter Paul Rubens, the city has a rich artistic heritage, with plenty of cultural experiences to enjoy, from galleries to local festivals. This makes Siegen an inspiring place to live and explore, offering a sense of belonging and cultural enrichment.<\/li>\n<li><strong>Supportive Environment for Career Development<\/strong> Programs like <strong>FIT in Siegen<\/strong> provide international students with valuable resources to prepare for the job market. These initiatives offer career coaching, language courses, and networking opportunities to help you build the skills needed to succeed in Germany, ensuring a smooth transition from university to professional life.<\/li>\n<li><strong>Close Proximity to Major Cities<\/strong> While Siegen offers a quieter, more affordable lifestyle, it\u2019s well-connected to larger cities like D\u00fcsseldorf, Cologne, and Frankfurt. This means you can enjoy the benefits of living in a smaller, community-oriented city while still having easy access to the business and cultural opportunities of major urban centers.<\/li>\n<li><strong>Welcoming and Inclusive Community<\/strong> Siegen is known for its <strong>\"Macher-Mentalit\u00e4t\"<\/strong>\u2014a hardworking, innovative mindset that embraces newcomers. The city\u2019s inclusive environment, combined with its rich traditions, ensures that international graduates feel welcome and supported as they integrate into the local community. This creates a sense of belonging and fosters long-lasting professional and personal relationships.<\/li>\n<\/ol>\n<p>In Siegen, you will find a community that respects the past but looks forward to the future, where <strong>personal independence and collective collaboration<\/strong> are highly valued. By staying in here after graduation, you\u2019re investing in a region that v<strong>alues talent<\/strong>, provides <strong>strong professional opportunities<\/strong>, and offers a <strong>high quality of life<\/strong>\u2014all in an environment where tradition and innovation work hand in hand.<\/p>\n<p><iframe loading=\"lazy\" title=\"200 Jahre Siegen Wittgenstein Er\u00f6ffnungsfilm Event\" width=\"525\" height=\"295\" src=\"https:\/\/www.youtube.com\/embed\/DrwuCCAMFqE?feature=oembed\" frameborder=\"0\" allow=\"accelerometer; autoplay; clipboard-write; encrypted-media; gyroscope; picture-in-picture; web-share\" referrerpolicy=\"strict-origin-when-cross-origin\" allowfullscreen><\/iframe><\/p>\n<p><em>Please activate English subtitles<\/em><\/p>\n<\/div>\n<\/div><\/div><\/div><\/div><div id=\"pg-1817-9\"  class=\"panel-grid panel-no-style\" ><div id=\"pgc-1817-9-0\"  class=\"panel-grid-cell panel-grid-cell-empty\" ><\/div><\/div><\/div>","protected":false},"excerpt":{"rendered":"<p>Siegen is a city full of charm and hidden gems, making it an ideal spot for students seeking inspiration. The city center is easily accessible on foot from the main train station, and it offers a unique blend of urban vibe and historical flair. Don\u2019t worry about the steep hills\u2014you can take the iconic Siegen &hellip; <\/p>\n<p class=\"link-more\"><a href=\"https:\/\/blogs.uni-siegen.de\/fit-in-siegen\/de\/studiere-bleib-in-siegen\/\" class=\"more-link\"><span class=\"screen-reader-text\">\u201eStudiere &amp; Bleib in Siegen\u201c <\/span>weiterlesen<\/a><\/p>\n","protected":false},"author":631,"featured_media":0,"parent":0,"menu_order":0,"comment_status":"closed","ping_status":"closed","template":"","meta":{"footnotes":""},"class_list":["post-1817","page","type-page","status-publish","hentry"],"_links":{"self":[{"href":"https:\/\/blogs.uni-siegen.de\/fit-in-siegen\/de\/wp-json\/wp\/v2\/pages\/1817","targetHints":{"allow":["GET"]}}],"collection":[{"href":"https:\/\/blogs.uni-siegen.de\/fit-in-siegen\/de\/wp-json\/wp\/v2\/pages"}],"about":[{"href":"https:\/\/blogs.uni-siegen.de\/fit-in-siegen\/de\/wp-json\/wp\/v2\/types\/page"}],"author":[{"embeddable":true,"href":"https:\/\/blogs.uni-siegen.de\/fit-in-siegen\/de\/wp-json\/wp\/v2\/users\/631"}],"replies":[{"embeddable":true,"href":"https:\/\/blogs.uni-siegen.de\/fit-in-siegen\/de\/wp-json\/wp\/v2\/comments?post=1817"}],"version-history":[{"count":0,"href":"https:\/\/blogs.uni-siegen.de\/fit-in-siegen\/de\/wp-json\/wp\/v2\/pages\/1817\/revisions"}],"wp:attachment":[{"href":"https:\/\/blogs.uni-siegen.de\/fit-in-siegen\/de\/wp-json\/wp\/v2\/media?parent=1817"}],"curies":[{"name":"wp","href":"https:\/\/api.w.org\/{rel}","templated":true}]}}