{"id":1821,"date":"2024-09-05T10:01:32","date_gmt":"2024-09-05T08:01:32","guid":{"rendered":"https:\/\/blogs.uni-siegen.de\/fit-in-siegen\/unsere-fit-saulen\/welcome-orientation\/"},"modified":"2026-04-24T13:03:04","modified_gmt":"2026-04-24T11:03:04","slug":"welcome-orientation","status":"publish","type":"page","link":"https:\/\/blogs.uni-siegen.de\/fit-in-siegen\/de\/unsere-fit-saulen\/welcome-orientation\/","title":{"rendered":"Welcome &amp; Orientation"},"content":{"rendered":"<div id=\"pl-1821\"  class=\"panel-layout\" ><div id=\"pg-1821-0\"  class=\"panel-grid panel-no-style\" ><div id=\"pgc-1821-0-0\"  class=\"panel-grid-cell\" ><div id=\"panel-1821-0-0-0\" class=\"so-panel widget widget_sow-headline panel-first-child panel-last-child\" data-index=\"0\" ><div\n\t\t\t\n\t\t\tclass=\"so-widget-sow-headline so-widget-sow-headline-default-19eceb8391be-1821\"\n\t\t\t\n\t\t><div class=\"sow-headline-container \">\n\t\t\t\t\t\t\t<h2 class=\"sow-headline\">\n\t\t\t\t\t\tKomme vorbereitet an. Starte selbstbewusst. \t\t\t\t\t\t<\/h2>\n\t\t\t\t\t\t\t\t\t\t\t<div class=\"decoration\">\n\t\t\t\t\t\t<div class=\"decoration-inside\"><\/div>\n\t\t\t\t\t<\/div>\n\t\t\t\t\t\t\t\t\t\t\t<h3 class=\"sow-sub-headline\">\n\t\t\t\t\t\tDer Beginn deines Studiums in einem neuen Land kann sich herausfordernd anf\u00fchlen - aber mit der richtigen Vorbereitung wird es viel einfacher. Unser Welcome &amp; Orientation Service unterst\u00fctzt dich vor und nach deiner Ankunft und hilft dir, deine ersten Schritte in Siegen zu meistern. Hier bekommst du die Informationen, Ratschl\u00e4ge und Kontakte, die du brauchst, um dich schnell einzuleben und dein Studium mit Zuversicht zu beginnen.  \t\t\t\t\t\t<\/h3>\n\t\t\t\t\t\t<\/div>\n<\/div><\/div><\/div><\/div><div id=\"pg-1821-1\"  class=\"panel-grid panel-no-style\" ><div id=\"pgc-1821-1-0\"  class=\"panel-grid-cell\" ><div id=\"panel-1821-1-0-0\" class=\"so-panel widget widget_sow-features panel-first-child\" data-index=\"1\" ><div\n\t\t\t\n\t\t\tclass=\"so-widget-sow-features so-widget-sow-features-default-fe81f4c81488-1821\"\n\t\t\t\n\t\t><ul\n\tclass=\"sow-features-list\n\tsow-features-responsive\">\n\n\t\t\t<li\n\t\t\tclass=\"sow-features-feature sow-icon-container-position-top\"\n\t\t\tstyle=\"display: flex; flex-direction: column; width: calc(50% - 25px);\"\n\t\t>\n\t\t\t\t\t\t\t<a\n\t\t\t\t\thref=\"https:\/\/blogs.uni-siegen.de\/fit-in-siegen\/de\/unsere-fit-saulen\/welcome-orientation\/digitaler-vorbereitungskurs\/\"\n\t\t\t\t\t\t\t\t\t\tclass=\"sow-features-feature-linked-column\"\n\t\t\t\t>\n\t\t\t\t\t<span class=\"so-sr-only\">\n\t\t\t\t\t\tFinde mehr heraus\t\t\t\t\t<\/span>\n\t\t\t\t<\/a>\n\t\t\t\n\t\t\t\t\t\t<div\t\t\t\tclass=\"sow-icon-container sow-container-none\"\n\t\t\t\tstyle=\"color: #404040; \"\n\t\t\t\t\n\t\t\t\t\t\t\t>\n\t\t\t\t\t\t\t<\/div>\n\n\t\t\t<div class=\"textwidget\">\n\t\t\t\t\n\t\t\t\t\t\t\t\t\t<h4 class=\"sow-features-feature-title\">\n\t\t\t\t\t\t\t\t\t\t\t\t\t<a\n\t\t\t\t\t\t\t\thref=\"https:\/\/blogs.uni-siegen.de\/fit-in-siegen\/de\/unsere-fit-saulen\/welcome-orientation\/digitaler-vorbereitungskurs\/\"\n\t\t\t\t\t\t\t\t\t\t\t\t\t\t\t>\n\t\t\t\t\t\t\tDigitale Vorbereitung\t\t\t\t\t\t\t<\/a>\n\t\t\t\t\t\t\t\t\t\t\t\t<\/h4>\n\t\t\t\t\n\t\t\t\t\t\t\t\t\t<div class=\"sow-features-feature-text\">\n\t\t\t\t\t<p><img loading=\"lazy\" decoding=\"async\" class=\"aligncenter wp-image-3101 size-full\" src=\"http:\/\/blogs.uni-siegen.de\/fit-in-siegen\/files\/2026\/04\/Digital-Preparation.png\" alt=\"\" width=\"350\" height=\"175\" srcset=\"https:\/\/blogs.uni-siegen.de\/fit-in-siegen\/files\/2026\/04\/Digital-Preparation.png 350w, https:\/\/blogs.uni-siegen.de\/fit-in-siegen\/files\/2026\/04\/Digital-Preparation-300x150.png 300w\" sizes=\"auto, (max-width: 350px) 100vw, 350px\" \/><\/p>\n<p style=\"text-align: left\"><strong>Willst du dich vor deiner Ankunft in Deutschland umfassend vorbereiten?<\/strong><br data-start=\"1186\" data-end=\"1189\">Unsere digitale Vorbereitung hilft dir, dich in den wichtigsten Themen zurechtzufinden und eine Informationsflut zu vermeiden.<br data-start=\"1274\" data-end=\"1277\">Nimm an interaktiven Webinaren oder unserem Moodle-Kurs vor deiner Ankunft teil, der sich mit Visa, Unterkunft, Ankunft und Studienbeginn befasst.<\/p>\n\t\t\t\t\t<\/div>\n\t\t\t\t\t\t\t\t<\/div>\n\t\t\t\t\t\t\t\t\t\t<p class=\"sow-more-text\">\n\t\t\t\t\tFinde mehr heraus\t\t\t\t<\/p>\n\t\t\t\t\t<\/li>\n\n\t\t\t<li\n\t\t\tclass=\"sow-features-feature sow-icon-container-position-top\"\n\t\t\tstyle=\"display: flex; flex-direction: column; width: calc(50% - 25px);\"\n\t\t>\n\t\t\t\t\t\t\t<a\n\t\t\t\t\thref=\"https:\/\/www.uni-siegen.de\/orientierungsprogramm-incoming\"\n\t\t\t\t\t\t\t\t\t\tclass=\"sow-features-feature-linked-column\"\n\t\t\t\t>\n\t\t\t\t\t<span class=\"so-sr-only\">\n\t\t\t\t\t\tFinde mehr heraus\t\t\t\t\t<\/span>\n\t\t\t\t<\/a>\n\t\t\t\n\t\t\t\t\t\t<div\t\t\t\tclass=\"sow-icon-container sow-container-none\"\n\t\t\t\tstyle=\"color: #404040; \"\n\t\t\t\t\n\t\t\t\t\t\t\t>\n\t\t\t\t\t\t\t<\/div>\n\n\t\t\t<div class=\"textwidget\">\n\t\t\t\t\n\t\t\t\t\t\t\t\t\t<h4 class=\"sow-features-feature-title\">\n\t\t\t\t\t\t\t\t\t\t\t\t\t<a\n\t\t\t\t\t\t\t\thref=\"https:\/\/www.uni-siegen.de\/orientierungsprogramm-incoming\"\n\t\t\t\t\t\t\t\t\t\t\t\t\t\t\t>\n\t\t\t\t\t\t\tOrientation Days\t\t\t\t\t\t\t<\/a>\n\t\t\t\t\t\t\t\t\t\t\t\t<\/h4>\n\t\t\t\t\n\t\t\t\t\t\t\t\t\t<div class=\"sow-features-feature-text\">\n\t\t\t\t\t<p><img loading=\"lazy\" decoding=\"async\" class=\"aligncenter wp-image-3096 size-full\" src=\"http:\/\/blogs.uni-siegen.de\/fit-in-siegen\/files\/2026\/04\/Orientation.png\" alt=\"\" width=\"350\" height=\"175\" srcset=\"https:\/\/blogs.uni-siegen.de\/fit-in-siegen\/files\/2026\/04\/Orientation.png 350w, https:\/\/blogs.uni-siegen.de\/fit-in-siegen\/files\/2026\/04\/Orientation-300x150.png 300w\" sizes=\"auto, (max-width: 350px) 100vw, 350px\" \/><\/p>\n<p style=\"text-align: left\"><strong>Suchst du nach einem reibungslosen Start in Siegen?<br><\/strong><br data-start=\"1458\" data-end=\"1461\"> Unsere Orientierungstage helfen dir, die Stadt und den Universit\u00e4tscampus kennenzulernen.<br data-start=\"1538\" data-end=\"1541\">Triff Kommilitonen, erhalte wichtige Informationen und kn\u00fcpfe deine ersten Kontakte.<\/p>\n\t\t\t\t\t<\/div>\n\t\t\t\t\t\t\t\t<\/div>\n\t\t\t\t\t\t\t\t\t\t<p class=\"sow-more-text\">\n\t\t\t\t\tFinde mehr heraus\t\t\t\t<\/p>\n\t\t\t\t\t<\/li>\n\n\t\t\t<li\n\t\t\tclass=\"sow-features-feature sow-icon-container-position-top\"\n\t\t\tstyle=\"display: flex; flex-direction: column; width: calc(50% - 25px);\"\n\t\t>\n\t\t\t\t\t\t\t<a\n\t\t\t\t\thref=\"https:\/\/blogs.uni-siegen.de\/fit-in-siegen\/de\/unsere-fit-saulen\/welcome-orientation\/deutsch-sprachkurse\/\"\n\t\t\t\t\t\t\t\t\t\tclass=\"sow-features-feature-linked-column\"\n\t\t\t\t>\n\t\t\t\t\t<span class=\"so-sr-only\">\n\t\t\t\t\t\tFinde mehr heraus\t\t\t\t\t<\/span>\n\t\t\t\t<\/a>\n\t\t\t\n\t\t\t\t\t\t<div\t\t\t\tclass=\"sow-icon-container sow-container-none\"\n\t\t\t\tstyle=\"color: #404040; \"\n\t\t\t\t\n\t\t\t\t\t\t\t>\n\t\t\t\t\t\t\t<\/div>\n\n\t\t\t<div class=\"textwidget\">\n\t\t\t\t\n\t\t\t\t\t\t\t\t\t<h4 class=\"sow-features-feature-title\">\n\t\t\t\t\t\t\t\t\t\t\t\t\t<a\n\t\t\t\t\t\t\t\thref=\"https:\/\/blogs.uni-siegen.de\/fit-in-siegen\/de\/unsere-fit-saulen\/welcome-orientation\/deutsch-sprachkurse\/\"\n\t\t\t\t\t\t\t\t\t\t\t\t\t\t\t>\n\t\t\t\t\t\t\tDeutsch Sprachkurse\t\t\t\t\t\t\t<\/a>\n\t\t\t\t\t\t\t\t\t\t\t\t<\/h4>\n\t\t\t\t\n\t\t\t\t\t\t\t\t\t<div class=\"sow-features-feature-text\">\n\t\t\t\t\t<p><img loading=\"lazy\" decoding=\"async\" class=\"aligncenter wp-image-3097 size-full\" src=\"http:\/\/blogs.uni-siegen.de\/fit-in-siegen\/files\/2026\/04\/German-Courses.png\" alt=\"\" width=\"350\" height=\"175\" srcset=\"https:\/\/blogs.uni-siegen.de\/fit-in-siegen\/files\/2026\/04\/German-Courses.png 350w, https:\/\/blogs.uni-siegen.de\/fit-in-siegen\/files\/2026\/04\/German-Courses-300x150.png 300w\" sizes=\"auto, (max-width: 350px) 100vw, 350px\" \/><\/p>\n<p style=\"text-align: left\"><strong>Willst du dein Deutsch verbessern und dich im Alltag sicherer f\u00fchlen?<\/strong><br data-start=\"636\" data-end=\"639\">Das Sprachzentrum bietet kostenlose Deutschkurse f\u00fcr alle Stufen an, darunter auch intensive Anf\u00e4ngerkurse, die speziell f\u00fcr neue internationale Studierende entwickelt wurden.<\/p>\n\t\t\t\t\t<\/div>\n\t\t\t\t\t\t\t\t<\/div>\n\t\t\t\t\t\t\t\t\t\t<p class=\"sow-more-text\">\n\t\t\t\t\tFinde mehr heraus\t\t\t\t<\/p>\n\t\t\t\t\t<\/li>\n\n\t\t\t<li\n\t\t\tclass=\"sow-features-feature sow-icon-container-position-top\"\n\t\t\tstyle=\"display: flex; flex-direction: column; width: calc(50% - 25px);\"\n\t\t>\n\t\t\t\t\t\t\t<a\n\t\t\t\t\thref=\"https:\/\/www.uni-siegen.de\/international-buddy-programm\"\n\t\t\t\t\t\t\t\t\t\tclass=\"sow-features-feature-linked-column\"\n\t\t\t\t>\n\t\t\t\t\t<span class=\"so-sr-only\">\n\t\t\t\t\t\tFinde mehr heraus\t\t\t\t\t<\/span>\n\t\t\t\t<\/a>\n\t\t\t\n\t\t\t\t\t\t<div\t\t\t\tclass=\"sow-icon-container sow-container-none\"\n\t\t\t\tstyle=\"color: #404040; \"\n\t\t\t\t\n\t\t\t\t\t\t\t>\n\t\t\t\t\t\t\t<\/div>\n\n\t\t\t<div class=\"textwidget\">\n\t\t\t\t\n\t\t\t\t\t\t\t\t\t<h4 class=\"sow-features-feature-title\">\n\t\t\t\t\t\t\t\t\t\t\t\t\t<a\n\t\t\t\t\t\t\t\thref=\"https:\/\/www.uni-siegen.de\/international-buddy-programm\"\n\t\t\t\t\t\t\t\t\t\t\t\t\t\t\t>\n\t\t\t\t\t\t\tBuddy Programm\t\t\t\t\t\t\t<\/a>\n\t\t\t\t\t\t\t\t\t\t\t\t<\/h4>\n\t\t\t\t\n\t\t\t\t\t\t\t\t\t<div class=\"sow-features-feature-text\">\n\t\t\t\t\t<p style=\"text-align: left\"><img loading=\"lazy\" decoding=\"async\" class=\"aligncenter wp-image-3098 size-full\" src=\"http:\/\/blogs.uni-siegen.de\/fit-in-siegen\/files\/2026\/04\/Buddys.png\" alt=\"\" width=\"350\" height=\"175\" srcset=\"https:\/\/blogs.uni-siegen.de\/fit-in-siegen\/files\/2026\/04\/Buddys.png 350w, https:\/\/blogs.uni-siegen.de\/fit-in-siegen\/files\/2026\/04\/Buddys-300x150.png 300w\" sizes=\"auto, (max-width: 350px) 100vw, 350px\" \/><\/p>\n<p style=\"text-align: left\"><strong>Neu in Siegen und auf der Suche nach Unterst\u00fctzung?<br><\/strong><br data-start=\"903\" data-end=\"906\"> Nimm an unserem Buddy-Programm teil und schlie\u00dfe dich mit einem erfahrenen Studierenden vor Ort zusammen.<br data-start=\"975\" data-end=\"978\">Hol dir praktische Hilfe, nimm an Gruppenaktivit\u00e4ten teil und finde neue Freunde!<\/p>\n\t\t\t\t\t<\/div>\n\t\t\t\t\t\t\t\t<\/div>\n\t\t\t\t\t\t\t\t\t\t<p class=\"sow-more-text\">\n\t\t\t\t\tFinde mehr heraus\t\t\t\t<\/p>\n\t\t\t\t\t<\/li>\n\n\t\t\t<li\n\t\t\tclass=\"sow-features-feature sow-icon-container-position-top\"\n\t\t\tstyle=\"display: flex; flex-direction: column; width: calc(50% - 25px);\"\n\t\t>\n\t\t\t\t\t\t\t<a\n\t\t\t\t\thref=\"https:\/\/blogs.uni-siegen.de\/fit-in-siegen\/de\/unsere-fit-saulen\/welcome-orientation\/welcome-event\/\"\n\t\t\t\t\t\t\t\t\t\tclass=\"sow-features-feature-linked-column\"\n\t\t\t\t>\n\t\t\t\t\t<span class=\"so-sr-only\">\n\t\t\t\t\t\tFinde mehr heraus\t\t\t\t\t<\/span>\n\t\t\t\t<\/a>\n\t\t\t\n\t\t\t\t\t\t<div\t\t\t\tclass=\"sow-icon-container sow-container-none\"\n\t\t\t\tstyle=\"color: #404040; \"\n\t\t\t\t\n\t\t\t\t\t\t\t>\n\t\t\t\t\t\t\t<\/div>\n\n\t\t\t<div class=\"textwidget\">\n\t\t\t\t\n\t\t\t\t\t\t\t\t\t<h4 class=\"sow-features-feature-title\">\n\t\t\t\t\t\t\t\t\t\t\t\t\t<a\n\t\t\t\t\t\t\t\thref=\"https:\/\/blogs.uni-siegen.de\/fit-in-siegen\/de\/unsere-fit-saulen\/welcome-orientation\/welcome-event\/\"\n\t\t\t\t\t\t\t\t\t\t\t\t\t\t\t>\n\t\t\t\t\t\t\tWelcome Event\t\t\t\t\t\t\t<\/a>\n\t\t\t\t\t\t\t\t\t\t\t\t<\/h4>\n\t\t\t\t\n\t\t\t\t\t\t\t\t\t<div class=\"sow-features-feature-text\">\n\t\t\t\t\t<p><img loading=\"lazy\" decoding=\"async\" class=\"aligncenter wp-image-3099 size-full\" src=\"http:\/\/blogs.uni-siegen.de\/fit-in-siegen\/files\/2026\/04\/Welcome-Event.png\" alt=\"\" width=\"350\" height=\"175\" srcset=\"https:\/\/blogs.uni-siegen.de\/fit-in-siegen\/files\/2026\/04\/Welcome-Event.png 350w, https:\/\/blogs.uni-siegen.de\/fit-in-siegen\/files\/2026\/04\/Welcome-Event-300x150.png 300w\" sizes=\"auto, (max-width: 350px) 100vw, 350px\" \/><\/p>\n<p style=\"text-align: left\"><strong>Du bist neu in Siegen und neugierig auf das lokale Netzwerk?<\/strong><br data-start=\"216\" data-end=\"219\">Nimm an unserer Willkommensveranstaltung teil, um wichtige Akteure zu treffen, lokale Initiativen kennenzulernen und Kontakte zu kn\u00fcpfen - so kannst du dein Netzwerk vom ersten Tag an aufbauen.<br data-start=\"326\" data-end=\"329\">Die Veranstaltung wird vom B\u00fcrgermeister der Stadt Siegen er\u00f6ffnet.<\/p>\n\t\t\t\t\t<\/div>\n\t\t\t\t\t\t\t\t<\/div>\n\t\t\t\t\t\t\t\t\t\t<p class=\"sow-more-text\">\n\t\t\t\t\tFinde mehr heraus\t\t\t\t<\/p>\n\t\t\t\t\t<\/li>\n\n\t\t\t<li\n\t\t\tclass=\"sow-features-feature sow-icon-container-position-top\"\n\t\t\tstyle=\"display: flex; flex-direction: column; width: calc(50% - 25px);\"\n\t\t>\n\t\t\t\t\t\t\t<a\n\t\t\t\t\thref=\"https:\/\/blogs.uni-siegen.de\/fit-in-siegen\/de\/kommende-veranstaltungen\/\"\n\t\t\t\t\t\t\t\t\t\tclass=\"sow-features-feature-linked-column\"\n\t\t\t\t>\n\t\t\t\t\t<span class=\"so-sr-only\">\n\t\t\t\t\t\tKommende Veranstaltungen\t\t\t\t\t<\/span>\n\t\t\t\t<\/a>\n\t\t\t\n\t\t\t\t\t\t<div\t\t\t\tclass=\"sow-icon-container sow-container-none\"\n\t\t\t\tstyle=\"color: #404040; \"\n\t\t\t\t\n\t\t\t\t\t\t\t>\n\t\t\t\t\t\t\t<\/div>\n\n\t\t\t<div class=\"textwidget\">\n\t\t\t\t\n\t\t\t\t\t\t\t\t\t<h4 class=\"sow-features-feature-title\">\n\t\t\t\t\t\t\t\t\t\t\t\t\t<a\n\t\t\t\t\t\t\t\thref=\"https:\/\/blogs.uni-siegen.de\/fit-in-siegen\/de\/kommende-veranstaltungen\/\"\n\t\t\t\t\t\t\t\t\t\t\t\t\t\t\t>\n\t\t\t\t\t\t\tInterkulturelle Sessions\t\t\t\t\t\t\t<\/a>\n\t\t\t\t\t\t\t\t\t\t\t\t<\/h4>\n\t\t\t\t\n\t\t\t\t\t\t\t\t\t<div class=\"sow-features-feature-text\">\n\t\t\t\t\t<p style=\"text-align: left\"><img loading=\"lazy\" decoding=\"async\" class=\"aligncenter wp-image-3094 size-full\" src=\"http:\/\/blogs.uni-siegen.de\/fit-in-siegen\/files\/2026\/04\/Intercultural-Sessions.png\" alt=\"\" width=\"350\" height=\"175\" srcset=\"https:\/\/blogs.uni-siegen.de\/fit-in-siegen\/files\/2026\/04\/Intercultural-Sessions.png 350w, https:\/\/blogs.uni-siegen.de\/fit-in-siegen\/files\/2026\/04\/Intercultural-Sessions-300x150.png 300w\" sizes=\"auto, (max-width: 350px) 100vw, 350px\" \/><\/p>\n<p style=\"text-align: left\"><strong>Willst du mehr \u00fcber die deutsche Kultur und interkulturelle Kommunikation erfahren?<\/strong><br data-start=\"432\" data-end=\"435\">Mach mit bei unseren Intercultural Sessions! Gemeinsam schauen wir uns an, was \u201eKultur\u201c eigentlich bedeutet, wie sie unsere Kommunikation pr\u00e4gt und wie du souver\u00e4n und respektvoll mit kulturellen Unterschieden umgehen kannst. Egal, ob du neu in Deutschland bist oder dich schon zuhause f\u00fchlst \u2013 hier hast du Raum, Erfahrungen zu teilen, Perspektiven auszutauschen und dich pers\u00f6nlich sowie beruflich weiterzuentwickeln.  <\/p>\n\t\t\t\t\t<\/div>\n\t\t\t\t\t\t\t\t<\/div>\n\t\t\t\t\t\t\t\t\t\t<p class=\"sow-more-text\">\n\t\t\t\t\tKommende Veranstaltungen\t\t\t\t<\/p>\n\t\t\t\t\t<\/li>\n\n\t<\/ul>\n<\/div><\/div><div id=\"panel-1821-1-0-1\" class=\"so-panel widget widget_sow-cta panel-last-child\" data-index=\"2\" ><div\n\t\t\t\n\t\t\tclass=\"so-widget-sow-cta so-widget-sow-cta-default-a23258021f70-1821\"\n\t\t\t\n\t\t><div\n\tclass=\"sow-cta-base\"\n\t>\n\t\n\t<div class=\"sow-cta-wrapper\">\n\n\t\t<div class=\"sow-cta-text\">\n\t\t\t\t\t\t\t<h3 class=\"sow-cta-title\">\n\t\t\t\t\tDu kommst bald nach Deutschland?\t\t\t\t<\/h3>\n\t\t\t\n\t\t\t\t\t<\/div>\n\n\t\t<div\n\t\t\t\n\t\t\tclass=\"so-widget-sow-button so-widget-sow-button-flat-66466acb9e12\"\n\t\t\t\n\t\t><div class=\"ow-button-base ow-button-align-center\"\n>\n\t\t\t<a\n\t\t\t\t\thref=\"https:\/\/www.uni-siegen.de\/incoming\/degree\/steps\/index.html.en?lang=en\"\n\t\t\t\t\tclass=\"sowb-button ow-icon-placement-left ow-button-hover\" \t>\n\t\t<span>\n\t\t\t\n\t\t\tBereite dich jetzt vor!\t\t<\/span>\n\t\t\t<\/a>\n\t<\/div>\n<\/div>\n\t<\/div>\n\n\t<\/div>\n<\/div><\/div><\/div><\/div><div id=\"pg-1821-2\"  class=\"panel-grid panel-has-style\" ><div class=\"siteorigin-panels-stretch panel-row-style panel-row-style-for-1821-2\" data-stretch-type=\"full\" ><div id=\"pgc-1821-2-0\"  class=\"panel-grid-cell\" ><div id=\"panel-1821-2-0-0\" class=\"so-panel widget widget_sow-post-carousel panel-first-child panel-last-child\" data-index=\"3\" ><div\n\t\t\t\n\t\t\tclass=\"so-widget-sow-post-carousel so-widget-sow-post-carousel-base-60b039b5aa43-1821\"\n\t\t\t\n\t\t>\t<div\n\t\tclass=\"sow-post-carousel-wrapper sow-post-carousel-theme-base\"\n\t\tstyle=\"overflow: hidden; max-width: 100%; min-height: 182px\"\n\t>\n\t\t<div class=\"sow-carousel-title has-title\">\n\t<h3 class=\"widget-title\">Kommende Veranstaltungen<\/h3>\t\t<div class=\"sow-carousel-navigation sow-carousel-navigation-hidden\">\n\t\t\t\t\t\t<a href=\"#\" class=\"sow-carousel-next\" title=\"Next\" aria-label=\"Next Posts\" role=\"button\"><\/a>\n\t\t\t\t\t\t<a href=\"#\" class=\"sow-carousel-previous\" title=\"Previous\" aria-label=\"Previous Posts\" role=\"button\"><\/a>\n\t\t\t\t\t<\/div>\n\t<\/div>\n\n<div class=\"sow-carousel-container \">\n\t\t<div class=\"sow-carousel-wrapper\"\n\t\tdata-dir=\"ltr\"\n\t\tstyle=\"opacity: 0;\"\n\t\tdata-widget=\"post\" data-fetching=\"false\" data-page=\"1\" data-ajax-url=\"https:\/\/blogs.uni-siegen.de\/fit-in-siegen\/wp-admin\/admin-ajax.php?_widgets_nonce=340d7213bb\" data-item_count=\"3\" data-carousel_settings=\"{&quot;loop&quot;:true,&quot;animation&quot;:&quot;ease&quot;,&quot;animation_speed&quot;:0,&quot;autoplay&quot;:&quot;&quot;,&quot;pauseOnHover&quot;:&quot;&quot;,&quot;autoplaySpeed&quot;:8000,&quot;item_overflow&quot;:true,&quot;autoplay_continuous_scroll&quot;:false}\" data-responsive=\"{&quot;desktop_slides_to_scroll&quot;:1,&quot;tablet_landscape_breakpoint&quot;:1366,&quot;tablet_landscape_slides_to_scroll&quot;:2,&quot;tablet_portrait_breakpoint&quot;:1025,&quot;tablet_portrait_slides_to_scroll&quot;:2,&quot;mobile_breakpoint&quot;:480,&quot;mobile_slides_to_scroll&quot;:1}\" data-variable_width=\"true\" \t>\n\t\t<div\n\t\t\tclass=\"sow-carousel-items\"\n\t\t\t\t\t>\n\t\t\t\t<div class=\"sow-carousel-item\" tabindex=\"-1\" style=\"float: left;\">\n\t\t<div class=\"sow-carousel-thumbnail\">\n\t\t\t\t\t\t\t<a\n\t\t\t\t\thref=\"https:\/\/blogs.uni-siegen.de\/fit-in-siegen\/de\/2026\/03\/26\/22-06-intercultural-session-smart-living-in-a-new-country-fit-welcome-orientation\/\"\n\t\t\t\t\t\t\t\t\t\tstyle=\"background-image: url( https:\/\/blogs.uni-siegen.de\/fit-in-siegen\/files\/2026\/03\/printablue-piggy-bank-10016128-272x182.jpg )\"\n\t\t\t\t\taria-labelledby=\"sow-carousel-id-3351\"\n\t\t\t\t\ttabindex=\"-1\"\n\t\t\t\t>\n\t\t\t\t\t<span class=\"overlay\"><\/span>\n\t\t\t\t<\/a>\n\t\t\t\t\t<\/div>\n\t\t<h3 class=\"sow-carousel-item-title\">\n\t\t\t<a\n\t\t\t\thref=\"https:\/\/blogs.uni-siegen.de\/fit-in-siegen\/de\/2026\/03\/26\/22-06-intercultural-session-smart-living-in-a-new-country-fit-welcome-orientation\/\"\n\t\t\t\tid=\"sow-carousel-id-3351\"\n\t\t\t\t\t\t\t\ttabindex=\"-1\"\n\t\t\t>\n\n\t\t\t\t22.06. | Intercultural Session: Smart Living in a New Country | FIT: Welcome &amp; Orientation\t\t\t<\/a>\n\t\t<\/h3>\n\t<\/div>\n\t\t<div class=\"sow-carousel-item\" tabindex=\"-1\" style=\"float: left;\">\n\t\t<div class=\"sow-carousel-thumbnail\">\n\t\t\t\t\t\t\t<a\n\t\t\t\t\thref=\"https:\/\/blogs.uni-siegen.de\/fit-in-siegen\/de\/2026\/03\/26\/05-06-intercultural-session-understanding-german-behavior-fit-welcome-orientation\/\"\n\t\t\t\t\t\t\t\t\t\tstyle=\"background-image: url( https:\/\/blogs.uni-siegen.de\/fit-in-siegen\/files\/2026\/03\/geralt-individual-5131429-272x182.jpg )\"\n\t\t\t\t\taria-labelledby=\"sow-carousel-id-3353\"\n\t\t\t\t\ttabindex=\"-1\"\n\t\t\t\t>\n\t\t\t\t\t<span class=\"overlay\"><\/span>\n\t\t\t\t<\/a>\n\t\t\t\t\t<\/div>\n\t\t<h3 class=\"sow-carousel-item-title\">\n\t\t\t<a\n\t\t\t\thref=\"https:\/\/blogs.uni-siegen.de\/fit-in-siegen\/de\/2026\/03\/26\/05-06-intercultural-session-understanding-german-behavior-fit-welcome-orientation\/\"\n\t\t\t\tid=\"sow-carousel-id-3353\"\n\t\t\t\t\t\t\t\ttabindex=\"-1\"\n\t\t\t>\n\n\t\t\t\t05.06. | Intercultural Session: Understanding German Behavior | FIT: Welcome &amp; Orientation\t\t\t<\/a>\n\t\t<\/h3>\n\t<\/div>\n\t\t<div class=\"sow-carousel-item\" tabindex=\"-1\" style=\"float: left;\">\n\t\t<div class=\"sow-carousel-thumbnail\">\n\t\t\t\t\t\t\t<a\n\t\t\t\t\thref=\"https:\/\/blogs.uni-siegen.de\/fit-in-siegen\/de\/2024\/10\/16\/new-in-siegen\/\"\n\t\t\t\t\t\t\t\t\t\tstyle=\"background-image: url( https:\/\/blogs.uni-siegen.de\/fit-in-siegen\/files\/2024\/10\/csm_SiegenWEBSEITE_2022_5_f2b6d2f76e-272x182.png )\"\n\t\t\t\t\taria-labelledby=\"sow-carousel-id-3512\"\n\t\t\t\t\ttabindex=\"-1\"\n\t\t\t\t>\n\t\t\t\t\t<span class=\"overlay\"><\/span>\n\t\t\t\t<\/a>\n\t\t\t\t\t<\/div>\n\t\t<h3 class=\"sow-carousel-item-title\">\n\t\t\t<a\n\t\t\t\thref=\"https:\/\/blogs.uni-siegen.de\/fit-in-siegen\/de\/2024\/10\/16\/new-in-siegen\/\"\n\t\t\t\tid=\"sow-carousel-id-3512\"\n\t\t\t\t\t\t\t\ttabindex=\"-1\"\n\t\t\t>\n\n\t\t\t\tNew in Siegen? | FIT: Welcome &amp; Orientation\t\t\t<\/a>\n\t\t<\/h3>\n\t<\/div>\n\t\t\t<\/div>\n\t\t\t<\/div>\n\n\t<\/div>\n\t\t<input type=\"hidden\" name=\"instance_hash\" value=\"ff44123c\"\/>\n\t<\/div>\n<\/div><\/div><\/div><\/div><\/div><\/div>","protected":false},"excerpt":{"rendered":"<p>Komme vorbereitet an. Starte selbstbewusst. Der Beginn deines Studiums in einem neuen Land kann sich herausfordernd anf\u00fchlen &#8211; aber mit der richtigen Vorbereitung wird es viel einfacher. Unser Welcome &amp; Orientation Service unterst\u00fctzt dich vor und nach deiner Ankunft und hilft dir, deine ersten Schritte in Siegen zu meistern. Hier bekommst du die Informationen, Ratschl\u00e4ge &hellip; <\/p>\n<p class=\"link-more\"><a href=\"https:\/\/blogs.uni-siegen.de\/fit-in-siegen\/de\/unsere-fit-saulen\/welcome-orientation\/\" class=\"more-link\"><span class=\"screen-reader-text\">\u201eWelcome &amp; Orientation\u201c <\/span>weiterlesen<\/a><\/p>\n","protected":false},"author":631,"featured_media":0,"parent":1808,"menu_order":1,"comment_status":"closed","ping_status":"closed","template":"","meta":{"footnotes":""},"class_list":["post-1821","page","type-page","status-publish","hentry"],"_links":{"self":[{"href":"https:\/\/blogs.uni-siegen.de\/fit-in-siegen\/de\/wp-json\/wp\/v2\/pages\/1821","targetHints":{"allow":["GET"]}}],"collection":[{"href":"https:\/\/blogs.uni-siegen.de\/fit-in-siegen\/de\/wp-json\/wp\/v2\/pages"}],"about":[{"href":"https:\/\/blogs.uni-siegen.de\/fit-in-siegen\/de\/wp-json\/wp\/v2\/types\/page"}],"author":[{"embeddable":true,"href":"https:\/\/blogs.uni-siegen.de\/fit-in-siegen\/de\/wp-json\/wp\/v2\/users\/631"}],"replies":[{"embeddable":true,"href":"https:\/\/blogs.uni-siegen.de\/fit-in-siegen\/de\/wp-json\/wp\/v2\/comments?post=1821"}],"version-history":[{"count":3,"href":"https:\/\/blogs.uni-siegen.de\/fit-in-siegen\/de\/wp-json\/wp\/v2\/pages\/1821\/revisions"}],"predecessor-version":[{"id":3738,"href":"https:\/\/blogs.uni-siegen.de\/fit-in-siegen\/de\/wp-json\/wp\/v2\/pages\/1821\/revisions\/3738"}],"up":[{"embeddable":true,"href":"https:\/\/blogs.uni-siegen.de\/fit-in-siegen\/de\/wp-json\/wp\/v2\/pages\/1808"}],"wp:attachment":[{"href":"https:\/\/blogs.uni-siegen.de\/fit-in-siegen\/de\/wp-json\/wp\/v2\/media?parent=1821"}],"curies":[{"name":"wp","href":"https:\/\/api.w.org\/{rel}","templated":true}]}}