{"id":3285,"date":"2024-09-05T10:02:09","date_gmt":"2024-09-05T08:02:09","guid":{"rendered":"https:\/\/blogs.uni-siegen.de\/fit-in-siegen\/unsere-fit-saulen\/karriere-netzwerken-mit-sieguver\/"},"modified":"2026-04-24T16:41:48","modified_gmt":"2026-04-24T14:41:48","slug":"karriere-netzwerken-mit-sieguver","status":"publish","type":"page","link":"https:\/\/blogs.uni-siegen.de\/fit-in-siegen\/de\/unsere-fit-saulen\/karriere-netzwerken-mit-sieguver\/","title":{"rendered":"Career &amp; Networking"},"content":{"rendered":"<div id=\"pl-3285\"  class=\"panel-layout\" ><div id=\"pg-3285-0\"  class=\"panel-grid panel-no-style\" ><div id=\"pgc-3285-0-0\"  class=\"panel-grid-cell\" ><div id=\"panel-3285-0-0-0\" class=\"so-panel widget widget_sow-headline panel-first-child panel-last-child\" data-index=\"0\" ><div\n\t\t\t\n\t\t\tclass=\"so-widget-sow-headline so-widget-sow-headline-default-19eceb8391be-3285\"\n\t\t\t\n\t\t><div class=\"sow-headline-container \">\n\t\t\t\t\t\t\t<h2 class=\"sow-headline\">\n\t\t\t\t\t\tKn\u00fcpfe fr\u00fch Kontakte. Baue dein Netzwerk aus.\t\t\t\t\t\t<\/h2>\n\t\t\t\t\t\t\t\t\t\t\t<div class=\"decoration\">\n\t\t\t\t\t\t<div class=\"decoration-inside\"><\/div>\n\t\t\t\t\t<\/div>\n\t\t\t\t\t\t\t\t\t\t\t<h3 class=\"sow-sub-headline\">\n\t\t\t\t\t\tDer Aufbau eines beruflichen Netzwerks ist der Schl\u00fcssel zu deinem beruflichen Erfolg in Deutschland. Unsere Networking-Veranstaltungen bieten dir direkten Zugang zu Unternehmen, Fachkr\u00e4ften und Karrierem\u00f6glichkeiten. Triff potenzielle Arbeitgeber, gewinne Einblicke in den Arbeitsmarkt und mache die ersten Schritte in Richtung deiner zuk\u00fcnftigen Karriere.\t\t\t\t\t\t<\/h3>\n\t\t\t\t\t\t<\/div>\n<\/div><\/div><\/div><\/div><div id=\"pg-3285-1\"  class=\"panel-grid panel-has-style\" ><div class=\"siteorigin-panels-stretch panel-row-style panel-row-style-for-3285-1\" data-stretch-type=\"full-width-stretch\" ><div id=\"pgc-3285-1-0\"  class=\"panel-grid-cell\" ><div id=\"panel-3285-1-0-0\" class=\"so-panel widget widget_sow-cta panel-first-child panel-last-child\" data-index=\"1\" ><div\n\t\t\t\n\t\t\tclass=\"so-widget-sow-cta so-widget-sow-cta-default-a9341344d8ef-3285\"\n\t\t\t\n\t\t><div\n\tclass=\"sow-cta-base\"\n\t>\n\t\n\t<div class=\"sow-cta-wrapper\">\n\n\t\t<div class=\"sow-cta-text\">\n\t\t\t\t\t\t\t<h4 class=\"sow-cta-title\">\n\t\t\t\t\tDu suchst einen Job in S\u00fcdwestfalen?\t\t\t\t<\/h4>\n\t\t\t\n\t\t\t\t\t\t\t<h4 class=\"sow-cta-subtitle\">\n\t\t\t\t\tSchau dir unser Unternehmensnetzwerk an.\t\t\t\t<\/h4>\n\t\t\t\t\t<\/div>\n\n\t\t<div\n\t\t\t\n\t\t\tclass=\"so-widget-sow-button so-widget-sow-button-flat-66466acb9e12\"\n\t\t\t\n\t\t><div class=\"ow-button-base ow-button-align-center\"\n>\n\t\t\t<a\n\t\t\t\t\thref=\"https:\/\/blogs.uni-siegen.de\/fit-in-siegen\/willkommen\/searching-for-jobs-in-south-westphalia\/\"\n\t\t\t\t\tclass=\"sowb-button ow-icon-placement-bottom ow-button-hover\" \t>\n\t\t<span>\n\t\t\t\n\t\t\tMehr Infos\t\t<\/span>\n\t\t\t<\/a>\n\t<\/div>\n<\/div>\n\t<\/div>\n\n\t<\/div>\n<\/div><\/div><\/div><\/div><\/div><div id=\"pg-3285-2\"  class=\"panel-grid panel-no-style\" ><div id=\"pgc-3285-2-0\"  class=\"panel-grid-cell\" ><div id=\"panel-3285-2-0-0\" class=\"so-panel widget widget_sow-features panel-first-child\" data-index=\"2\" ><div\n\t\t\t\n\t\t\tclass=\"so-widget-sow-features so-widget-sow-features-default-df4103d7bc04-3285\"\n\t\t\t\n\t\t><ul\n\tclass=\"sow-features-list\n\tsow-features-responsive\">\n\n\t\t\t<li\n\t\t\tclass=\"sow-features-feature sow-icon-container-position-top\"\n\t\t\tstyle=\"display: flex; flex-direction: column; width: calc(50% - 25px);\"\n\t\t>\n\t\t\t\n\t\t\t\t\t\t<div\t\t\t\tclass=\"sow-icon-container sow-container-none\"\n\t\t\t\tstyle=\"color: #404040; \"\n\t\t\t\t\n\t\t\t\t\t\t\t>\n\t\t\t\t\t\t\t<\/div>\n\n\t\t\t<div class=\"textwidget\">\n\t\t\t\t\n\t\t\t\t\t\t\t\t\t<h4 class=\"sow-features-feature-title\">\n\t\t\t\t\t\tInternationales Fachkr\u00e4fte-Fr\u00fchst\u00fcck\t\t\t\t\t<\/h4>\n\t\t\t\t\n\t\t\t\t\t\t\t\t\t<div class=\"sow-features-feature-text\">\n\t\t\t\t\t<p><img loading=\"lazy\" decoding=\"async\" class=\"aligncenter size-full wp-image-3123\" src=\"http:\/\/blogs.uni-siegen.de\/fit-in-siegen\/files\/2026\/04\/Int.-Breakfast.png\" alt=\"\" width=\"350\" height=\"175\" srcset=\"https:\/\/blogs.uni-siegen.de\/fit-in-siegen\/files\/2026\/04\/Int.-Breakfast.png 350w, https:\/\/blogs.uni-siegen.de\/fit-in-siegen\/files\/2026\/04\/Int.-Breakfast-300x150.png 300w\" sizes=\"auto, (max-width: 350px) 100vw, 350px\" \/><\/p>\n<p style=\"text-align: left\"><strong>M\u00f6chtest du in einer entspannten Atmosph\u00e4re Kontakte zu Unternehmen kn\u00fcpfen?<\/strong><br data-start=\"577\" data-end=\"580\">Unsere International Breakfasts bieten dir die M\u00f6glichkeit, Personalverantwortliche zu treffen und mehr \u00fcber potenzielle Arbeitgeber zu erfahren.<br data-start=\"700\" data-end=\"703\">Tausche Ideen aus, erkunde Karrierem\u00f6glichkeiten und erweitere dein Netzwerk auf dem Campus.<\/p>\n\t\t\t\t\t<\/div>\n\t\t\t\t\t\t\t\t<\/div>\n\t\t\t\t\t\t\t\t<\/li>\n\n\t\t\t<li\n\t\t\tclass=\"sow-features-feature sow-icon-container-position-top\"\n\t\t\tstyle=\"display: flex; flex-direction: column; width: calc(50% - 25px);\"\n\t\t>\n\t\t\t\n\t\t\t\t\t\t<div\t\t\t\tclass=\"sow-icon-container sow-container-none\"\n\t\t\t\tstyle=\"color: #404040; \"\n\t\t\t\t\n\t\t\t\t\t\t\t>\n\t\t\t\t\t\t\t<\/div>\n\n\t\t\t<div class=\"textwidget\">\n\t\t\t\t\n\t\t\t\t\t\t\t\t\t<h4 class=\"sow-features-feature-title\">\n\t\t\t\t\t\tFirmenbesuche\t\t\t\t\t<\/h4>\n\t\t\t\t\n\t\t\t\t\t\t\t\t\t<div class=\"sow-features-feature-text\">\n\t\t\t\t\t<p><img loading=\"lazy\" decoding=\"async\" class=\"aligncenter size-full wp-image-3122\" src=\"http:\/\/blogs.uni-siegen.de\/fit-in-siegen\/files\/2026\/04\/Company-Visits.png\" alt=\"\" width=\"350\" height=\"175\" srcset=\"https:\/\/blogs.uni-siegen.de\/fit-in-siegen\/files\/2026\/04\/Company-Visits.png 350w, https:\/\/blogs.uni-siegen.de\/fit-in-siegen\/files\/2026\/04\/Company-Visits-300x150.png 300w\" sizes=\"auto, (max-width: 350px) 100vw, 350px\" \/><\/p>\n<p style=\"text-align: left\"><strong>M\u00f6chtest du Unternehmen und Arbeitspl\u00e4tze aus erster Hand kennenlernen?<\/strong><br data-start=\"884\" data-end=\"887\">Unsere Unternehmensbesuche bringen dich mit Fachleuten zusammen und geben dir Einblicke in die deutsche Arbeitskultur.<br data-start=\"984\" data-end=\"987\">Lerne die Erwartungen der Branche kennen, \u00fcbe deine Kommunikationsf\u00e4higkeiten und gewinne Selbstvertrauen f\u00fcr deinen Karriereweg.<\/p>\n\t\t\t\t\t<\/div>\n\t\t\t\t\t\t\t\t<\/div>\n\t\t\t\t\t\t\t\t<\/li>\n\n\t\t\t<li\n\t\t\tclass=\"sow-features-feature sow-icon-container-position-top\"\n\t\t\tstyle=\"display: flex; flex-direction: column; width: calc(50% - 25px);\"\n\t\t>\n\t\t\t\n\t\t\t\t\t\t<div\t\t\t\tclass=\"sow-icon-container sow-container-none\"\n\t\t\t\tstyle=\"color: #404040; \"\n\t\t\t\t\n\t\t\t\t\t\t\t>\n\t\t\t\t\t\t\t<\/div>\n\n\t\t\t<div class=\"textwidget\">\n\t\t\t\t\n\t\t\t\t\t\t\t\t\t<h4 class=\"sow-features-feature-title\">\n\t\t\t\t\t\tNetworking-Veranstaltungen\t\t\t\t\t<\/h4>\n\t\t\t\t\n\t\t\t\t\t\t\t\t\t<div class=\"sow-features-feature-text\">\n\t\t\t\t\t<p><img loading=\"lazy\" decoding=\"async\" class=\"aligncenter size-full wp-image-3124\" src=\"http:\/\/blogs.uni-siegen.de\/fit-in-siegen\/files\/2026\/04\/Networking.png\" alt=\"\" width=\"350\" height=\"175\" srcset=\"https:\/\/blogs.uni-siegen.de\/fit-in-siegen\/files\/2026\/04\/Networking.png 350w, https:\/\/blogs.uni-siegen.de\/fit-in-siegen\/files\/2026\/04\/Networking-300x150.png 300w\" sizes=\"auto, (max-width: 350px) 100vw, 350px\" \/><\/p>\n<p style=\"text-align: left\"><strong>Du m\u00f6chtest direkt mit Unternehmen und potenziellen Arbeitgebern in Kontakt treten?<\/strong><\/p>\n<p style=\"text-align: left\">Unsere Networking-Events, darunter Karrieremessen und Formate auf dem Campus, geben dir die M\u00f6glichkeit, mit Fachleuten aus der Branche in Kontakt zu treten.<br data-start=\"295\" data-end=\"298\">Kn\u00fcpfe wertvolle Kontakte, erkunde Jobm\u00f6glichkeiten und mache den n\u00e4chsten Schritt zu deiner Karriere in Deutschland.<\/p>\n<p>&nbsp;<\/p>\n\t\t\t\t\t<\/div>\n\t\t\t\t\t\t\t\t<\/div>\n\t\t\t\t\t\t\t\t<\/li>\n\n\t<\/ul>\n<\/div><\/div><div id=\"panel-3285-2-0-1\" class=\"so-panel widget widget_sow-post-carousel panel-last-child\" data-index=\"3\" ><div\n\t\t\t\n\t\t\tclass=\"so-widget-sow-post-carousel so-widget-sow-post-carousel-base-0471499d4c66-3285\"\n\t\t\t\n\t\t>\t<div\n\t\tclass=\"sow-post-carousel-wrapper sow-post-carousel-theme-base\"\n\t\tstyle=\"overflow: hidden; max-width: 100%; min-height: 182px\"\n\t>\n\t\t<div class=\"sow-carousel-title has-title\">\n\t<h3 class=\"widget-title\">Kommende Veranstaltungen<\/h3>\t\t<div class=\"sow-carousel-navigation \">\n\t\t\t\t\t\t<a href=\"#\" class=\"sow-carousel-next\" title=\"Next\" aria-label=\"Next Posts\" role=\"button\"><\/a>\n\t\t\t\t\t\t<a href=\"#\" class=\"sow-carousel-previous\" title=\"Previous\" aria-label=\"Previous Posts\" role=\"button\"><\/a>\n\t\t\t\t\t<\/div>\n\t<\/div>\n\n<div class=\"sow-carousel-container \">\n\t\t<div class=\"sow-carousel-wrapper\"\n\t\tdata-dir=\"ltr\"\n\t\tstyle=\"opacity: 0;\"\n\t\tdata-widget=\"post\" data-fetching=\"false\" data-page=\"1\" data-ajax-url=\"https:\/\/blogs.uni-siegen.de\/fit-in-siegen\/wp-admin\/admin-ajax.php?_widgets_nonce=7e1aaa0e27\" data-item_count=\"2\" data-carousel_settings=\"{&quot;loop&quot;:true,&quot;animation&quot;:&quot;ease&quot;,&quot;animation_speed&quot;:400,&quot;autoplay&quot;:&quot;off&quot;,&quot;pauseOnHover&quot;:&quot;&quot;,&quot;autoplaySpeed&quot;:8000,&quot;item_overflow&quot;:true,&quot;autoplay_continuous_scroll&quot;:false}\" data-responsive=\"{&quot;desktop_slides_to_scroll&quot;:1,&quot;tablet_landscape_breakpoint&quot;:1366,&quot;tablet_landscape_slides_to_scroll&quot;:2,&quot;tablet_portrait_breakpoint&quot;:1025,&quot;tablet_portrait_slides_to_scroll&quot;:2,&quot;mobile_breakpoint&quot;:480,&quot;mobile_slides_to_scroll&quot;:1}\" data-variable_width=\"true\" \t>\n\t\t<div\n\t\t\tclass=\"sow-carousel-items\"\n\t\t\t\t\t>\n\t\t\t\t<div class=\"sow-carousel-item\" tabindex=\"-1\" style=\"float: left;\">\n\t\t<div class=\"sow-carousel-thumbnail\">\n\t\t\t\t\t\t\t<a\n\t\t\t\t\thref=\"https:\/\/blogs.uni-siegen.de\/fit-in-siegen\/de\/2026\/04\/27\/24-06-26-tag-der-aufgeschobenen-bewerbungen-your-career-day-fit-career-networking\/\"\n\t\t\t\t\t\t\t\t\t\tstyle=\"background-image: url( https:\/\/blogs.uni-siegen.de\/fit-in-siegen\/files\/2026\/04\/pexels-markus-winkler-1430818-4101416-1-272x182.jpg )\"\n\t\t\t\t\taria-labelledby=\"sow-carousel-id-3847\"\n\t\t\t\t\ttabindex=\"-1\"\n\t\t\t\t>\n\t\t\t\t\t<span class=\"overlay\"><\/span>\n\t\t\t\t<\/a>\n\t\t\t\t\t<\/div>\n\t\t<h3 class=\"sow-carousel-item-title\">\n\t\t\t<a\n\t\t\t\thref=\"https:\/\/blogs.uni-siegen.de\/fit-in-siegen\/de\/2026\/04\/27\/24-06-26-tag-der-aufgeschobenen-bewerbungen-your-career-day-fit-career-networking\/\"\n\t\t\t\tid=\"sow-carousel-id-3847\"\n\t\t\t\t\t\t\t\ttabindex=\"-1\"\n\t\t\t>\n\n\t\t\t\t24.06.26 | Tag der aufgeschobenen Bewerbungen \u2013 Your Career Day | FIT: Career &amp; Networking\t\t\t<\/a>\n\t\t<\/h3>\n\t<\/div>\n\t\t<div class=\"sow-carousel-item\" tabindex=\"-1\" style=\"float: left;\">\n\t\t<div class=\"sow-carousel-thumbnail\">\n\t\t\t\t\t\t\t<a\n\t\t\t\t\thref=\"https:\/\/blogs.uni-siegen.de\/fit-in-siegen\/de\/2025\/04\/10\/recommendation-ab-juni-studententag-bei-viega-karriere-hautnah-erleben\/\"\n\t\t\t\t\t\t\t\t\t\tstyle=\"background-image: url( https:\/\/blogs.uni-siegen.de\/fit-in-siegen\/files\/2024\/09\/03_Viega_Logo_RGB_Frame-272x182.jpg )\"\n\t\t\t\t\taria-labelledby=\"sow-carousel-id-3484\"\n\t\t\t\t\ttabindex=\"-1\"\n\t\t\t\t>\n\t\t\t\t\t<span class=\"overlay\"><\/span>\n\t\t\t\t<\/a>\n\t\t\t\t\t<\/div>\n\t\t<h3 class=\"sow-carousel-item-title\">\n\t\t\t<a\n\t\t\t\thref=\"https:\/\/blogs.uni-siegen.de\/fit-in-siegen\/de\/2025\/04\/10\/recommendation-ab-juni-studententag-bei-viega-karriere-hautnah-erleben\/\"\n\t\t\t\tid=\"sow-carousel-id-3484\"\n\t\t\t\t\t\t\t\ttabindex=\"-1\"\n\t\t\t>\n\n\t\t\t\tRecommendation: ab Juni: Studententag bei Viega \u2013 Karriere hautnah erleben!\t\t\t<\/a>\n\t\t<\/h3>\n\t<\/div>\n\t\t\t<\/div>\n\t\t\t<\/div>\n\n\t<\/div>\n\t\t<input type=\"hidden\" name=\"instance_hash\" value=\"775b061f\"\/>\n\t<\/div>\n<\/div><\/div><\/div><\/div><\/div>","protected":false},"excerpt":{"rendered":"<p>Kn\u00fcpfe fr\u00fch Kontakte. Baue dein Netzwerk aus. Der Aufbau eines beruflichen Netzwerks ist der Schl\u00fcssel zu deinem beruflichen Erfolg in Deutschland. Unsere Networking-Veranstaltungen bieten dir direkten Zugang zu Unternehmen, Fachkr\u00e4ften und Karrierem\u00f6glichkeiten. Triff potenzielle Arbeitgeber, gewinne Einblicke in den Arbeitsmarkt und mache die ersten Schritte in Richtung deiner zuk\u00fcnftigen Karriere. Du suchst einen Job in &hellip; <\/p>\n<p class=\"link-more\"><a href=\"https:\/\/blogs.uni-siegen.de\/fit-in-siegen\/de\/unsere-fit-saulen\/karriere-netzwerken-mit-sieguver\/\" class=\"more-link\"><span class=\"screen-reader-text\">\u201eCareer &amp; Networking\u201c <\/span>weiterlesen<\/a><\/p>\n","protected":false},"author":631,"featured_media":0,"parent":1808,"menu_order":4,"comment_status":"closed","ping_status":"closed","template":"","meta":{"footnotes":""},"class_list":["post-3285","page","type-page","status-publish","hentry"],"_links":{"self":[{"href":"https:\/\/blogs.uni-siegen.de\/fit-in-siegen\/de\/wp-json\/wp\/v2\/pages\/3285","targetHints":{"allow":["GET"]}}],"collection":[{"href":"https:\/\/blogs.uni-siegen.de\/fit-in-siegen\/de\/wp-json\/wp\/v2\/pages"}],"about":[{"href":"https:\/\/blogs.uni-siegen.de\/fit-in-siegen\/de\/wp-json\/wp\/v2\/types\/page"}],"author":[{"embeddable":true,"href":"https:\/\/blogs.uni-siegen.de\/fit-in-siegen\/de\/wp-json\/wp\/v2\/users\/631"}],"replies":[{"embeddable":true,"href":"https:\/\/blogs.uni-siegen.de\/fit-in-siegen\/de\/wp-json\/wp\/v2\/comments?post=3285"}],"version-history":[{"count":1,"href":"https:\/\/blogs.uni-siegen.de\/fit-in-siegen\/de\/wp-json\/wp\/v2\/pages\/3285\/revisions"}],"predecessor-version":[{"id":3295,"href":"https:\/\/blogs.uni-siegen.de\/fit-in-siegen\/de\/wp-json\/wp\/v2\/pages\/3285\/revisions\/3295"}],"up":[{"embeddable":true,"href":"https:\/\/blogs.uni-siegen.de\/fit-in-siegen\/de\/wp-json\/wp\/v2\/pages\/1808"}],"wp:attachment":[{"href":"https:\/\/blogs.uni-siegen.de\/fit-in-siegen\/de\/wp-json\/wp\/v2\/media?parent=3285"}],"curies":[{"name":"wp","href":"https:\/\/api.w.org\/{rel}","templated":true}]}}