{"id":3290,"date":"2024-09-05T16:52:42","date_gmt":"2024-09-05T14:52:42","guid":{"rendered":"https:\/\/blogs.uni-siegen.de\/fit-in-siegen\/unsere-fit-saulen\/welcome-orientation\/digitaler-vorbereitungskurs\/"},"modified":"2024-09-05T16:52:42","modified_gmt":"2024-09-05T14:52:42","slug":"digitaler-vorbereitungskurs","status":"publish","type":"page","link":"https:\/\/blogs.uni-siegen.de\/fit-in-siegen\/de\/unsere-fit-saulen\/welcome-orientation\/digitaler-vorbereitungskurs\/","title":{"rendered":"Digitaler Vorbereitungskurs"},"content":{"rendered":"<div id=\"pl-3290\"  class=\"panel-layout\" ><div id=\"pg-3290-0\"  class=\"panel-grid panel-no-style\" ><div id=\"pgc-3290-0-0\"  class=\"panel-grid-cell\" ><div id=\"panel-3290-0-0-0\" class=\"so-panel widget widget_sow-headline panel-first-child\" data-index=\"0\" ><div\n\t\t\t\n\t\t\tclass=\"so-widget-sow-headline so-widget-sow-headline-default-078d54a86dec-3290 so-widget-fittext-wrapper\"\n\t\t\t data-fit-text-compressor=\"0.85\"\n\t\t><div class=\"sow-headline-container \">\n\t\t\t\t\t\t\t<h2 class=\"sow-headline\">\n\t\t\t\t\t\tBereite dich fr\u00fch vor. Komme mit Zuversicht an. \t\t\t\t\t\t<\/h2>\n\t\t\t\t\t\t\t\t\t\t\t<div class=\"decoration\">\n\t\t\t\t\t\t<div class=\"decoration-inside\"><\/div>\n\t\t\t\t\t<\/div>\n\t\t\t\t\t\t\t\t\t\t\t<h3 class=\"sow-sub-headline\">\n\t\t\t\t\t\tWenn du dich schon vor deiner Ankunft vorbereitest, wird dein Einstieg in das Studium in Deutschland viel leichter sein. Unsere digitale Vorbereitung unterst\u00fctzt dich mit praktischen Anleitungen und interkulturellen Einblicken durch interaktive Webinare und unseren eigenen Online-Kurs. Erfahre mehr \u00fcber Visumsantr\u00e4ge, Unterkunft, Ankunft und das deutsche Studiensystem, damit du gut vorbereitet deine Reise antreten kannst.  \t\t\t\t\t\t<\/h3>\n\t\t\t\t\t\t<\/div>\n<\/div><\/div><div id=\"panel-3290-0-0-1\" class=\"so-panel widget widget_media_video\" data-index=\"1\" ><div style=\"width:100%;\" class=\"wp-video\"><!--[if lt IE 9]><script>document.createElement('video');<\/script><![endif]-->\n<video class=\"wp-video-shortcode\" id=\"video-3290-1\" preload=\"metadata\" controls=\"controls\"><source type=\"video\/mp4\" src=\"https:\/\/blogs.uni-siegen.de\/fit-in-siegen\/files\/2025\/03\/Green-Cartoon-Animated-Memory-Game-Presentation.mp4?_=1\" \/><source type=\"video\/mp4\" src=\"http:\/\/blogs.uni-siegen.de\/fit-in-siegen\/files\/2025\/03\/Green-Cartoon-Animated-Memory-Game-Presentation.mp4?_=1\" \/><a href=\"https:\/\/blogs.uni-siegen.de\/fit-in-siegen\/files\/2025\/03\/Green-Cartoon-Animated-Memory-Game-Presentation.mp4\">https:\/\/blogs.uni-siegen.de\/fit-in-siegen\/files\/2025\/03\/Green-Cartoon-Animated-Memory-Game-Presentation.mp4<\/a><\/video><\/div><\/div><div id=\"panel-3290-0-0-2\" class=\"so-panel widget widget_sow-accordion panel-last-child\" data-index=\"2\" ><div\n\t\t\t\n\t\t\tclass=\"so-widget-sow-accordion so-widget-sow-accordion-default-6d6b5f7a2e6e-3290\"\n\t\t\t\n\t\t><div>\n\t<div class=\"sow-accordion\">\n\t\t\t<div class=\"sow-accordion-panel\n\t\t\t\t\t\"\n\t\t\t\tdata-anchor-id=\"digitaler-vorbereitungskurs\">\n\t\t\t\t\t<div class=\"sow-accordion-panel-header-container\" role=\"heading\" aria-level=\"2\">\n\t\t\t\t\t<div class=\"sow-accordion-panel-header\" tabindex=\"0\" role=\"button\" id=\"accordion-label-digitaler-vorbereitungskurs\" aria-controls=\"accordion-content-digitaler-vorbereitungskurs\" aria-expanded=\"false\">\n\t\t\t\t\t\t<div class=\"sow-accordion-title sow-accordion-title-icon-left\">\n\t\t\t\t\t\t\t\t\t\t\t\t\t\tDigitaler Vorbereitungskurs \t\t\t\t\t\t\t\t\t\t\t\t\t<\/div>\n\t\t\t\t\t\t<div class=\"sow-accordion-open-close-button\">\n\t\t\t\t\t\t\t<div class=\"sow-accordion-open-button\">\n\t\t\t\t\t\t\t\t<span class=\"sow-icon-ionicons\" data-sow-icon=\"&#xf218;\"\n\t\t \n\t\taria-hidden=\"true\"><\/span>\t\t\t\t\t\t\t<\/div>\n\t\t\t\t\t\t\t<div class=\"sow-accordion-close-button\">\n\t\t\t\t\t\t\t\t<span class=\"sow-icon-ionicons\" data-sow-icon=\"&#xf209;\"\n\t\t \n\t\taria-hidden=\"true\"><\/span>\t\t\t\t\t\t\t<\/div>\n\t\t\t\t\t\t<\/div>\n\t\t\t\t\t<\/div>\n\t\t\t\t<\/div>\n\n\t\t\t<div\n\t\t\t\tclass=\"sow-accordion-panel-content\"\n\t\t\t\trole=\"region\"\n\t\t\t\taria-labelledby=\"accordion-label-digitaler-vorbereitungskurs\"\n\t\t\t\tid=\"accordion-content-digitaler-vorbereitungskurs\"\n\t\t\t\tstyle=\"display: none;\"\t\t\t>\n\t\t\t\t<div class=\"sow-accordion-panel-border\">\n\t\t\t\t\t<p>Du hast vor, an der Uni Siegen zu studieren?<br>Egal, ob du bereits eingeschrieben bist oder dich noch im Bewerbungsprozess befindest, du kannst an unserem <strong data-start=\"264\" data-end=\"294\">digitalen Vorbereitungskurs<\/strong>teilnehmen <strong data-start=\"264\" data-end=\"294\">- deinem<\/strong>ultimativen Leitfaden f\u00fcr das Studentenleben in Deutschland.<\/p>\n<p>Auf diesem Weg begleitet dich unser Maskottchen Siggi.<\/p>\n<p><img loading=\"lazy\" decoding=\"async\" class=\"wp-image-1392 alignleft\" src=\"http:\/\/blogs.uni-siegen.de\/fit-in-siegen\/files\/2025\/03\/Siggi-frei_Vektor-174x300.png\" alt=\"\" width=\"118\" height=\"203\" srcset=\"https:\/\/blogs.uni-siegen.de\/fit-in-siegen\/files\/2025\/03\/Siggi-frei_Vektor-174x300.png 174w, https:\/\/blogs.uni-siegen.de\/fit-in-siegen\/files\/2025\/03\/Siggi-frei_Vektor-595x1024.png 595w, https:\/\/blogs.uni-siegen.de\/fit-in-siegen\/files\/2025\/03\/Siggi-frei_Vektor-768x1322.png 768w, https:\/\/blogs.uni-siegen.de\/fit-in-siegen\/files\/2025\/03\/Siggi-frei_Vektor-892x1536.png 892w, https:\/\/blogs.uni-siegen.de\/fit-in-siegen\/files\/2025\/03\/Siggi-frei_Vektor-1189x2048.png 1189w, https:\/\/blogs.uni-siegen.de\/fit-in-siegen\/files\/2025\/03\/Siggi-frei_Vektor.png 1992w\" sizes=\"auto, (max-width: 118px) 100vw, 118px\" \/><\/p>\n<p>Mit Siggi navigierst du durch Themen wie:<\/p>\n<ul>\n<li>  Reisevorbereitungen<\/li>\n<li>Unterkunft finden und sich einleben<\/li>\n<li>Das deutsche Studiensystem verstehen<\/li>\n<li>Anpassung an die deutsche Kultur und das t\u00e4gliche Leben<\/li>\n<li>Lokale Kontakte und Kommilitonen kennenlernen<\/li>\n<\/ul>\n<p>&nbsp;<\/p>\n<p><strong>M\u00f6chtest du an dem Kurs teilnehmen?<\/strong> Schreibe an <a href=\"mailto:kim.hain@zv.uni-siegen.de\">Kim Hain<\/a> und f\u00fcge die folgenden Informationen hinzu:<\/p>\n<ul data-start=\"360\" data-end=\"459\">\n<li>Vornamen<\/li>\n<li data-start=\"360\" data-end=\"383\">Nachname<\/li>\n<li data-start=\"419\" data-end=\"459\">Deine aktuell g\u00fcltige E-Mail-Adresse<\/li>\n<li data-start=\"419\" data-end=\"459\">Geplanter Beginn deines Studiums<\/li>\n<\/ul>\n<p>&nbsp;<\/p>\n\t\t\t\t<\/div>\n\t\t\t<\/div>\n\t\t<\/div>\n\t\t\t<div class=\"sow-accordion-panel\n\t\t\t\t\t\"\n\t\t\t\tdata-anchor-id=\"webinar-vor-der-ankunft\">\n\t\t\t\t\t<div class=\"sow-accordion-panel-header-container\" role=\"heading\" aria-level=\"2\">\n\t\t\t\t\t<div class=\"sow-accordion-panel-header\" tabindex=\"0\" role=\"button\" id=\"accordion-label-webinar-vor-der-ankunft\" aria-controls=\"accordion-content-webinar-vor-der-ankunft\" aria-expanded=\"false\">\n\t\t\t\t\t\t<div class=\"sow-accordion-title sow-accordion-title-icon-left\">\n\t\t\t\t\t\t\t\t\t\t\t\t\t\tWebinar vor der Ankunft\t\t\t\t\t\t\t\t\t\t\t\t\t<\/div>\n\t\t\t\t\t\t<div class=\"sow-accordion-open-close-button\">\n\t\t\t\t\t\t\t<div class=\"sow-accordion-open-button\">\n\t\t\t\t\t\t\t\t<span class=\"sow-icon-ionicons\" data-sow-icon=\"&#xf218;\"\n\t\t \n\t\taria-hidden=\"true\"><\/span>\t\t\t\t\t\t\t<\/div>\n\t\t\t\t\t\t\t<div class=\"sow-accordion-close-button\">\n\t\t\t\t\t\t\t\t<span class=\"sow-icon-ionicons\" data-sow-icon=\"&#xf209;\"\n\t\t \n\t\taria-hidden=\"true\"><\/span>\t\t\t\t\t\t\t<\/div>\n\t\t\t\t\t\t<\/div>\n\t\t\t\t\t<\/div>\n\t\t\t\t<\/div>\n\n\t\t\t<div\n\t\t\t\tclass=\"sow-accordion-panel-content\"\n\t\t\t\trole=\"region\"\n\t\t\t\taria-labelledby=\"accordion-label-webinar-vor-der-ankunft\"\n\t\t\t\tid=\"accordion-content-webinar-vor-der-ankunft\"\n\t\t\t\tstyle=\"display: none;\"\t\t\t>\n\t\t\t\t<div class=\"sow-accordion-panel-border\">\n\t\t\t\t\t<p>Du planst ein Bachelor- oder Masterstudium oder einen Deutschkurs (DSH-Kurs) in Siegen und m\u00f6chtest dich bestm\u00f6glich vorbereiten?<\/p>\n<p>Nimm an unserem Pre-Arrival-Webinar teil! Hier werden wir die folgenden Themen besprechen: <\/p>\n<ul>\n<li>Visa<\/li>\n<li>Unterkunft<\/li>\n<li>Krankenkasse<\/li>\n<li>Anmeldung<\/li>\n<li>Plane deine Reise<\/li>\n<li>Erste Schritte nach der Ankunft<\/li>\n<li>Infos \u00fcber die Uni Siegen<\/li>\n<\/ul>\n<p>Es gibt auch Raum f\u00fcr alle Fragen, die du hast.<\/p>\n<p>Willst du mehr wissen?  <a href=\"mailto:lena.buerger@zv.uni-siegen.de\">Schreib an Lena B\u00fcrger.<\/a><\/p>\n\t\t\t\t<\/div>\n\t\t\t<\/div>\n\t\t<\/div>\n\t\t\t<div class=\"sow-accordion-panel\n\t\t\t\t\t\"\n\t\t\t\tdata-anchor-id=\"webinar-fuer-spaetankoemmlinge\">\n\t\t\t\t\t<div class=\"sow-accordion-panel-header-container\" role=\"heading\" aria-level=\"2\">\n\t\t\t\t\t<div class=\"sow-accordion-panel-header\" tabindex=\"0\" role=\"button\" id=\"accordion-label-webinar-f%c3%bcr-sp%c3%a4tank%c3%b6mmlinge\" aria-controls=\"accordion-content-webinar-f%c3%bcr-sp%c3%a4tank%c3%b6mmlinge\" aria-expanded=\"false\">\n\t\t\t\t\t\t<div class=\"sow-accordion-title sow-accordion-title-icon-left\">\n\t\t\t\t\t\t\t\t\t\t\t\t\t\tWebinar f\u00fcr Sp\u00e4tank\u00f6mmlinge\t\t\t\t\t\t\t\t\t\t\t\t\t<\/div>\n\t\t\t\t\t\t<div class=\"sow-accordion-open-close-button\">\n\t\t\t\t\t\t\t<div class=\"sow-accordion-open-button\">\n\t\t\t\t\t\t\t\t<span class=\"sow-icon-ionicons\" data-sow-icon=\"&#xf218;\"\n\t\t \n\t\taria-hidden=\"true\"><\/span>\t\t\t\t\t\t\t<\/div>\n\t\t\t\t\t\t\t<div class=\"sow-accordion-close-button\">\n\t\t\t\t\t\t\t\t<span class=\"sow-icon-ionicons\" data-sow-icon=\"&#xf209;\"\n\t\t \n\t\taria-hidden=\"true\"><\/span>\t\t\t\t\t\t\t<\/div>\n\t\t\t\t\t\t<\/div>\n\t\t\t\t\t<\/div>\n\t\t\t\t<\/div>\n\n\t\t\t<div\n\t\t\t\tclass=\"sow-accordion-panel-content\"\n\t\t\t\trole=\"region\"\n\t\t\t\taria-labelledby=\"accordion-label-webinar-f%c3%bcr-sp%c3%a4tank%c3%b6mmlinge\"\n\t\t\t\tid=\"accordion-content-webinar-f%c3%bcr-sp%c3%a4tank%c3%b6mmlinge\"\n\t\t\t\tstyle=\"display: none;\"\t\t\t>\n\t\t\t\t<div class=\"sow-accordion-panel-border\">\n\t\t\t\t\t<p>Du stehst kurz vor dem Beginn deines Bachelor- oder Masterstudiums oder besuchst einen Deutschkurs (DSH) in Siegen und kommst erst nach Semesterbeginn an?<\/p>\n<p>Nimm an unserem Late-Arrival-Webinar teil, in dem wir dich \u00fcber alles informieren, was du f\u00fcr einen reibungslosen Start an der Uni Siegen wissen musst.<\/p>\n<p>Zu den Themen geh\u00f6ren:<\/p>\n<ul>\n<li>Erste Schritte in Siegen<\/li>\n<li>Leben in Siegen<\/li>\n<li>Studieren in Siegen<\/li>\n<li>Angebot f\u00fcr Internationales Siegen<\/li>\n<li>Fragen<\/li>\n<\/ul>\n<p>Willst du mehr wissen?  <a href=\"mailto:lena.buerger@zv.uni-siegen.de\">Schreib an Lena B\u00fcrger.<\/a><\/p>\n\t\t\t\t<\/div>\n\t\t\t<\/div>\n\t\t<\/div>\n\t\t<\/div>\n<\/div>\n<\/div><\/div><\/div><\/div><\/div>","protected":false},"excerpt":{"rendered":"<p>Bereite dich fr\u00fch vor. Komme mit Zuversicht an. Wenn du dich schon vor deiner Ankunft vorbereitest, wird dein Einstieg in das Studium in Deutschland viel leichter sein. Unsere digitale Vorbereitung unterst\u00fctzt dich mit praktischen Anleitungen und interkulturellen Einblicken durch interaktive Webinare und unseren eigenen Online-Kurs. Erfahre mehr \u00fcber Visumsantr\u00e4ge, Unterkunft, Ankunft und das deutsche Studiensystem, &hellip; <\/p>\n<p class=\"link-more\"><a href=\"https:\/\/blogs.uni-siegen.de\/fit-in-siegen\/de\/unsere-fit-saulen\/welcome-orientation\/digitaler-vorbereitungskurs\/\" class=\"more-link\"><span class=\"screen-reader-text\">\u201eDigitaler Vorbereitungskurs\u201c <\/span>weiterlesen<\/a><\/p>\n","protected":false},"author":631,"featured_media":0,"parent":1821,"menu_order":3,"comment_status":"closed","ping_status":"closed","template":"","meta":{"footnotes":""},"class_list":["post-3290","page","type-page","status-publish","hentry"],"_links":{"self":[{"href":"https:\/\/blogs.uni-siegen.de\/fit-in-siegen\/de\/wp-json\/wp\/v2\/pages\/3290","targetHints":{"allow":["GET"]}}],"collection":[{"href":"https:\/\/blogs.uni-siegen.de\/fit-in-siegen\/de\/wp-json\/wp\/v2\/pages"}],"about":[{"href":"https:\/\/blogs.uni-siegen.de\/fit-in-siegen\/de\/wp-json\/wp\/v2\/types\/page"}],"author":[{"embeddable":true,"href":"https:\/\/blogs.uni-siegen.de\/fit-in-siegen\/de\/wp-json\/wp\/v2\/users\/631"}],"replies":[{"embeddable":true,"href":"https:\/\/blogs.uni-siegen.de\/fit-in-siegen\/de\/wp-json\/wp\/v2\/comments?post=3290"}],"version-history":[{"count":0,"href":"https:\/\/blogs.uni-siegen.de\/fit-in-siegen\/de\/wp-json\/wp\/v2\/pages\/3290\/revisions"}],"up":[{"embeddable":true,"href":"https:\/\/blogs.uni-siegen.de\/fit-in-siegen\/de\/wp-json\/wp\/v2\/pages\/1821"}],"wp:attachment":[{"href":"https:\/\/blogs.uni-siegen.de\/fit-in-siegen\/de\/wp-json\/wp\/v2\/media?parent=3290"}],"curies":[{"name":"wp","href":"https:\/\/api.w.org\/{rel}","templated":true}]}}