{"id":3540,"date":"2024-09-05T17:08:48","date_gmt":"2024-09-05T15:08:48","guid":{"rendered":"https:\/\/blogs.uni-siegen.de\/fit-in-siegen\/unsere-fit-saulen\/soft-skills-beschaeftigungsfaehigkeit\/career-competences\/"},"modified":"2026-04-24T14:34:51","modified_gmt":"2026-04-24T12:34:51","slug":"career-competences","status":"publish","type":"page","link":"https:\/\/blogs.uni-siegen.de\/fit-in-siegen\/de\/unsere-fit-saulen\/soft-skills-beschaeftigungsfaehigkeit\/career-competences\/","title":{"rendered":"Career Competence Awareness Workshops (c2AW)"},"content":{"rendered":"<div id=\"pl-3540\"  class=\"panel-layout\" ><div id=\"pg-3540-0\"  class=\"panel-grid panel-no-style\" ><div id=\"pgc-3540-0-0\"  class=\"panel-grid-cell\" ><div id=\"panel-3540-0-0-0\" class=\"so-panel widget widget_sow-headline panel-first-child\" data-index=\"0\" ><div\n\t\t\t\n\t\t\tclass=\"so-widget-sow-headline so-widget-sow-headline-default-078d54a86dec-3540 so-widget-fittext-wrapper\"\n\t\t\t data-fit-text-compressor=\"0.85\"\n\t\t><div class=\"sow-headline-container \">\n\t\t\t\t\t\t\t<h2 class=\"sow-headline\">\n\t\t\t\t\t\tErkenne deine St\u00e4rken. Gestalte deinen Karriereweg. \t\t\t\t\t\t<\/h2>\n\t\t\t\t\t\t\t\t\t\t\t<div class=\"decoration\">\n\t\t\t\t\t\t<div class=\"decoration-inside\"><\/div>\n\t\t\t\t\t<\/div>\n\t\t\t\t\t\t\t\t\t\t\t<h3 class=\"sow-sub-headline\">\n\t\t\t\t\t\tUnsere Career Competence Awareness Workshops (C2AW) helfen dir dabei, deine F\u00e4higkeiten zu identifizieren, dein Potenzial weiterzuentwickeln und deine Kompetenzen mit den Anforderungen des deutschen Arbeitsmarkts in Einklang zu bringen. Durch angeleitete Reflexion und praxisnahe Einblicke gewinnst du Klarheit \u00fcber deine St\u00e4rken und lernst, wie du diese gezielt f\u00fcr dein Studium und deine zuk\u00fcnftige Karriere einsetzen kannst. \t\t\t\t\t\t<\/h3>\n\t\t\t\t\t\t<\/div>\n<\/div><\/div><div id=\"panel-3540-0-0-1\" class=\"so-panel widget widget_sow-post-carousel\" data-index=\"1\" ><div\n\t\t\t\n\t\t\tclass=\"so-widget-sow-post-carousel so-widget-sow-post-carousel-base-0471499d4c66-3540\"\n\t\t\t\n\t\t>\t<div\n\t\tclass=\"sow-post-carousel-wrapper sow-post-carousel-theme-base\"\n\t\tstyle=\"overflow: hidden; max-width: 100%; min-height: 182px\"\n\t>\n\t\t<div class=\"sow-carousel-title has-title\">\n\t<h3 class=\"widget-title\">Melde dich jetzt f\u00fcr unsere kommenden C2AW-Workshops an:<\/h3>\t\t<div class=\"sow-carousel-navigation \">\n\t\t\t\t\t\t<a href=\"#\" class=\"sow-carousel-next\" title=\"Next\" aria-label=\"Next Posts\" role=\"button\"><\/a>\n\t\t\t\t\t\t<a href=\"#\" class=\"sow-carousel-previous\" title=\"Previous\" aria-label=\"Previous Posts\" role=\"button\"><\/a>\n\t\t\t\t\t<\/div>\n\t<\/div>\n\n<div class=\"sow-carousel-container \">\n\t\t<div class=\"sow-carousel-wrapper\"\n\t\tdata-dir=\"ltr\"\n\t\tstyle=\"opacity: 0;\"\n\t\tdata-widget=\"post\" data-fetching=\"false\" data-page=\"1\" data-ajax-url=\"https:\/\/blogs.uni-siegen.de\/fit-in-siegen\/wp-admin\/admin-ajax.php?_widgets_nonce=7e1aaa0e27\" data-item_count=\"7\" data-carousel_settings=\"{&quot;loop&quot;:true,&quot;animation&quot;:&quot;ease&quot;,&quot;animation_speed&quot;:400,&quot;autoplay&quot;:&quot;off&quot;,&quot;pauseOnHover&quot;:&quot;&quot;,&quot;autoplaySpeed&quot;:8000,&quot;item_overflow&quot;:true,&quot;autoplay_continuous_scroll&quot;:false}\" data-responsive=\"{&quot;desktop_slides_to_scroll&quot;:1,&quot;tablet_landscape_breakpoint&quot;:1366,&quot;tablet_landscape_slides_to_scroll&quot;:2,&quot;tablet_portrait_breakpoint&quot;:1025,&quot;tablet_portrait_slides_to_scroll&quot;:2,&quot;mobile_breakpoint&quot;:480,&quot;mobile_slides_to_scroll&quot;:1}\" data-variable_width=\"true\" \t>\n\t\t<div\n\t\t\tclass=\"sow-carousel-items\"\n\t\t\t\t\t>\n\t\t\t\t<div class=\"sow-carousel-item\" tabindex=\"-1\" style=\"float: left;\">\n\t\t<div class=\"sow-carousel-thumbnail\">\n\t\t\t\t\t\t\t<a\n\t\t\t\t\thref=\"https:\/\/blogs.uni-siegen.de\/fit-in-siegen\/de\/2025\/07\/30\/c2aw-workshop-developing-skills-fit-soft-skills-employability\/\"\n\t\t\t\t\t\t\t\t\t\tstyle=\"background-image: url( https:\/\/blogs.uni-siegen.de\/fit-in-siegen\/files\/2025\/03\/Skills-272x182.png )\"\n\t\t\t\t\taria-labelledby=\"sow-carousel-id-3454\"\n\t\t\t\t\ttabindex=\"-1\"\n\t\t\t\t>\n\t\t\t\t\t<span class=\"overlay\"><\/span>\n\t\t\t\t<\/a>\n\t\t\t\t\t<\/div>\n\t\t<h3 class=\"sow-carousel-item-title\">\n\t\t\t<a\n\t\t\t\thref=\"https:\/\/blogs.uni-siegen.de\/fit-in-siegen\/de\/2025\/07\/30\/c2aw-workshop-developing-skills-fit-soft-skills-employability\/\"\n\t\t\t\tid=\"sow-carousel-id-3454\"\n\t\t\t\t\t\t\t\ttabindex=\"-1\"\n\t\t\t>\n\n\t\t\t\tc2AW Workshop \u2013 Developing skills | FIT: Soft Skills &amp; Employability\t\t\t<\/a>\n\t\t<\/h3>\n\t<\/div>\n\t\t<div class=\"sow-carousel-item\" tabindex=\"-1\" style=\"float: left;\">\n\t\t<div class=\"sow-carousel-thumbnail\">\n\t\t\t\t\t\t\t<a\n\t\t\t\t\thref=\"https:\/\/blogs.uni-siegen.de\/fit-in-siegen\/de\/2025\/09\/01\/de-en-application-guidance-competence-coaching-career-service\/\"\n\t\t\t\t\t\t\t\t\t\tstyle=\"background-image: url( https:\/\/blogs.uni-siegen.de\/fit-in-siegen\/files\/2025\/10\/compass-5261062_640-272x182.jpg )\"\n\t\t\t\t\taria-labelledby=\"sow-carousel-id-3441\"\n\t\t\t\t\ttabindex=\"-1\"\n\t\t\t\t>\n\t\t\t\t\t<span class=\"overlay\"><\/span>\n\t\t\t\t<\/a>\n\t\t\t\t\t<\/div>\n\t\t<h3 class=\"sow-carousel-item-title\">\n\t\t\t<a\n\t\t\t\thref=\"https:\/\/blogs.uni-siegen.de\/fit-in-siegen\/de\/2025\/09\/01\/de-en-application-guidance-competence-coaching-career-service\/\"\n\t\t\t\tid=\"sow-carousel-id-3441\"\n\t\t\t\t\t\t\t\ttabindex=\"-1\"\n\t\t\t>\n\n\t\t\t\tDE + EN: Application Guidance &amp; Competence Coaching | Career Service\t\t\t<\/a>\n\t\t<\/h3>\n\t<\/div>\n\t\t<div class=\"sow-carousel-item\" tabindex=\"-1\" style=\"float: left;\">\n\t\t<div class=\"sow-carousel-thumbnail\">\n\t\t\t\t\t\t\t<a\n\t\t\t\t\thref=\"https:\/\/blogs.uni-siegen.de\/fit-in-siegen\/de\/2026\/03\/26\/29-05-26-make-your-strengths-visible-your-job-profile-as-key-to-the-job-market-fit-soft-skills-employability\/\"\n\t\t\t\t\t\t\t\t\t\tstyle=\"background-image: url( https:\/\/blogs.uni-siegen.de\/fit-in-siegen\/files\/2026\/03\/pexels-skylar-kang-6045332-272x182.jpg )\"\n\t\t\t\t\taria-labelledby=\"sow-carousel-id-3375\"\n\t\t\t\t\ttabindex=\"-1\"\n\t\t\t\t>\n\t\t\t\t\t<span class=\"overlay\"><\/span>\n\t\t\t\t<\/a>\n\t\t\t\t\t<\/div>\n\t\t<h3 class=\"sow-carousel-item-title\">\n\t\t\t<a\n\t\t\t\thref=\"https:\/\/blogs.uni-siegen.de\/fit-in-siegen\/de\/2026\/03\/26\/29-05-26-make-your-strengths-visible-your-job-profile-as-key-to-the-job-market-fit-soft-skills-employability\/\"\n\t\t\t\tid=\"sow-carousel-id-3375\"\n\t\t\t\t\t\t\t\ttabindex=\"-1\"\n\t\t\t>\n\n\t\t\t\t29.05.26 |Make your Strengths Visible \u2013 Your Job Profile as Key to the Job Market | FIT: Soft Skills &amp; Employability\t\t\t<\/a>\n\t\t<\/h3>\n\t<\/div>\n\t\t<div class=\"sow-carousel-item\" tabindex=\"-1\" style=\"float: left;\">\n\t\t<div class=\"sow-carousel-thumbnail\">\n\t\t\t\t\t\t\t<a\n\t\t\t\t\thref=\"https:\/\/blogs.uni-siegen.de\/fit-in-siegen\/de\/2026\/03\/26\/08-05-26-starken-sichtbar-machen-scharfe-dein-bewerberprofil-fur-den-arbeitsmarkt-fit-soft-skills-employability\/\"\n\t\t\t\t\t\t\t\t\t\tstyle=\"background-image: url( https:\/\/blogs.uni-siegen.de\/fit-in-siegen\/files\/2026\/03\/pexels-skylar-kang-6045332-272x182.jpg )\"\n\t\t\t\t\taria-labelledby=\"sow-carousel-id-3373\"\n\t\t\t\t\ttabindex=\"-1\"\n\t\t\t\t>\n\t\t\t\t\t<span class=\"overlay\"><\/span>\n\t\t\t\t<\/a>\n\t\t\t\t\t<\/div>\n\t\t<h3 class=\"sow-carousel-item-title\">\n\t\t\t<a\n\t\t\t\thref=\"https:\/\/blogs.uni-siegen.de\/fit-in-siegen\/de\/2026\/03\/26\/08-05-26-starken-sichtbar-machen-scharfe-dein-bewerberprofil-fur-den-arbeitsmarkt-fit-soft-skills-employability\/\"\n\t\t\t\tid=\"sow-carousel-id-3373\"\n\t\t\t\t\t\t\t\ttabindex=\"-1\"\n\t\t\t>\n\n\t\t\t\t08.05.26 | St\u00e4rken sichtbar machen &#8211; Sch\u00e4rfe Dein Bewerberprofil f\u00fcr den Arbeitsmarkt | FIT: Soft Skills &amp; Employability\t\t\t<\/a>\n\t\t<\/h3>\n\t<\/div>\n\t\t<div class=\"sow-carousel-item\" tabindex=\"-1\" style=\"float: left;\">\n\t\t<div class=\"sow-carousel-thumbnail\">\n\t\t\t\t\t\t\t<a\n\t\t\t\t\thref=\"https:\/\/blogs.uni-siegen.de\/fit-in-siegen\/de\/2026\/03\/26\/07-21-09-26-self-study-course-future-skill-resilience-fit-soft-skills-employability\/\"\n\t\t\t\t\t\t\t\t\t\tstyle=\"background-image: url( https:\/\/blogs.uni-siegen.de\/fit-in-siegen\/files\/2026\/03\/pexels-strannik-sk-36491580-272x182.jpg )\"\n\t\t\t\t\taria-labelledby=\"sow-carousel-id-3372\"\n\t\t\t\t\ttabindex=\"-1\"\n\t\t\t\t>\n\t\t\t\t\t<span class=\"overlay\"><\/span>\n\t\t\t\t<\/a>\n\t\t\t\t\t<\/div>\n\t\t<h3 class=\"sow-carousel-item-title\">\n\t\t\t<a\n\t\t\t\thref=\"https:\/\/blogs.uni-siegen.de\/fit-in-siegen\/de\/2026\/03\/26\/07-21-09-26-self-study-course-future-skill-resilience-fit-soft-skills-employability\/\"\n\t\t\t\tid=\"sow-carousel-id-3372\"\n\t\t\t\t\t\t\t\ttabindex=\"-1\"\n\t\t\t>\n\n\t\t\t\t07.-21.09.26 |Self-study course Future Skill Resilience | FIT: Soft Skills &amp; Employability\t\t\t<\/a>\n\t\t<\/h3>\n\t<\/div>\n\t\t<div class=\"sow-carousel-item\" tabindex=\"-1\" style=\"float: left;\">\n\t\t<div class=\"sow-carousel-thumbnail\">\n\t\t\t\t\t\t\t<a\n\t\t\t\t\thref=\"https:\/\/blogs.uni-siegen.de\/fit-in-siegen\/de\/2026\/03\/26\/31-08-14-09-26-selbstlernkurs-die-future-skill-resilienz-fit-soft-skills-employability\/\"\n\t\t\t\t\t\t\t\t\t\tstyle=\"background-image: url( https:\/\/blogs.uni-siegen.de\/fit-in-siegen\/files\/2026\/03\/pexels-strannik-sk-36491580-272x182.jpg )\"\n\t\t\t\t\taria-labelledby=\"sow-carousel-id-3370\"\n\t\t\t\t\ttabindex=\"-1\"\n\t\t\t\t>\n\t\t\t\t\t<span class=\"overlay\"><\/span>\n\t\t\t\t<\/a>\n\t\t\t\t\t<\/div>\n\t\t<h3 class=\"sow-carousel-item-title\">\n\t\t\t<a\n\t\t\t\thref=\"https:\/\/blogs.uni-siegen.de\/fit-in-siegen\/de\/2026\/03\/26\/31-08-14-09-26-selbstlernkurs-die-future-skill-resilienz-fit-soft-skills-employability\/\"\n\t\t\t\tid=\"sow-carousel-id-3370\"\n\t\t\t\t\t\t\t\ttabindex=\"-1\"\n\t\t\t>\n\n\t\t\t\t31.08.-14.09.26 |Selbstlernkurs &#8211; Die Future Skill Resilienz| FIT: Soft Skills &amp; Employability\t\t\t<\/a>\n\t\t<\/h3>\n\t<\/div>\n\t\t<div class=\"sow-carousel-item\" tabindex=\"-1\" style=\"float: left;\">\n\t\t<div class=\"sow-carousel-thumbnail\">\n\t\t\t\t\t\t\t<a\n\t\t\t\t\thref=\"https:\/\/blogs.uni-siegen.de\/fit-in-siegen\/de\/2026\/04\/27\/24-06-26-tag-der-aufgeschobenen-bewerbungen-your-career-day-fit-career-networking\/\"\n\t\t\t\t\t\t\t\t\t\tstyle=\"background-image: url( https:\/\/blogs.uni-siegen.de\/fit-in-siegen\/files\/2026\/04\/pexels-markus-winkler-1430818-4101416-1-272x182.jpg )\"\n\t\t\t\t\taria-labelledby=\"sow-carousel-id-3847\"\n\t\t\t\t\ttabindex=\"-1\"\n\t\t\t\t>\n\t\t\t\t\t<span class=\"overlay\"><\/span>\n\t\t\t\t<\/a>\n\t\t\t\t\t<\/div>\n\t\t<h3 class=\"sow-carousel-item-title\">\n\t\t\t<a\n\t\t\t\thref=\"https:\/\/blogs.uni-siegen.de\/fit-in-siegen\/de\/2026\/04\/27\/24-06-26-tag-der-aufgeschobenen-bewerbungen-your-career-day-fit-career-networking\/\"\n\t\t\t\tid=\"sow-carousel-id-3847\"\n\t\t\t\t\t\t\t\ttabindex=\"-1\"\n\t\t\t>\n\n\t\t\t\t24.06.26 | Tag der aufgeschobenen Bewerbungen \u2013 Your Career Day | FIT: Career &amp; Networking\t\t\t<\/a>\n\t\t<\/h3>\n\t<\/div>\n\t\t\t<\/div>\n\t\t\t<\/div>\n\n\t<\/div>\n\t\t<input type=\"hidden\" name=\"instance_hash\" value=\"4faa66a1\"\/>\n\t<\/div>\n<\/div><\/div><div id=\"panel-3540-0-0-2\" class=\"so-panel widget widget_sow-editor panel-last-child\" data-index=\"2\" ><div\n\t\t\t\n\t\t\tclass=\"so-widget-sow-editor so-widget-sow-editor-base\"\n\t\t\t\n\t\t>\n<div class=\"siteorigin-widget-tinymce textwidget\">\n\t<p>Die<a href=\"https:\/\/career.uni-siegen.de\/career-competence-awareness-workshops-c2aw\/\"> <strong>career competence Awareness Workshops (c2AW)<\/strong><\/a> sind Teil des \u00fcbergeordneten Hochschulprojekts \u201eFIT \u2013 Forging International Talents\u201c, das vom DAAD im Rahmen der \u201eCampus Initiative for International Professionals\u201c mit Unterst\u00fctzung des Bundesministeriums f\u00fcr Forschung, Technologie und Raumfahrt (BMFTR) gef\u00f6rdert wird.<\/p>\n<p>Ziel von FIT ist es, internationale Studierende w\u00e4hrend ihres gesamten Studienverlaufs (Student Life Cycle) mit Angeboten zu unterst\u00fctzen, die ihren Studienerfolg f\u00f6rdern, ihre Besch\u00e4ftigungsf\u00e4higkeit st\u00e4rken und den Einstieg in den deutschen Arbeitsmarkt erleichtern. Die C2AW leisten dazu einen wichtigen Beitrag, indem sie die pers\u00f6nlichen Kompetenzprofile der Studierenden mit berufsbezogenen Anforderungen in Deutschland verkn\u00fcpfen \u2013 und zwar in zwei zentralen Phasen: <\/p>\n<h3><strong>Opening &amp; Awareness: Eigene Kompetenzen erkennen<\/strong><\/h3>\n<ul>\n<li><strong>Welche F\u00e4higkeiten bringe ich in mein Studium ein?<\/strong><\/li>\n<li><strong>Was sind meine pers\u00f6nlichen St\u00e4rken und Talente?<\/strong><\/li>\n<li><strong>Wie kann ich diese Kompetenzen gezielt einsetzen?<\/strong><\/li>\n<\/ul>\n<p>Die Workshops im Bereich \u201eOpening &amp; Awareness\u201c unterst\u00fctzen dich dabei, deine Kompetenzen und St\u00e4rken zu erkennen und zu reflektieren. Du lernst, wie du diese effektiv in deinem Studium nutzen kannst und wo du dich noch weiterentwickeln kannst. Gleichzeitig bieten die Workshops Raum f\u00fcr Austausch, Vernetzung und Zusammenarbeit.  <\/p>\n<h3><strong>Growth: Kompetenzprofile f\u00fcr den Berufseinstieg st\u00e4rken<\/strong><\/h3>\n<ul>\n<li><strong>Welche F\u00e4higkeiten habe ich w\u00e4hrend meines Studiums an der Universit\u00e4t Siegen weiterentwickelt?<\/strong><\/li>\n<li><strong>Wie passt mein Kompetenzprofil zu den Anforderungen des Arbeitsmarkts?<\/strong><\/li>\n<li><strong>Welche Skills helfen mir, im deutschen Arbeitsmarkt erfolgreich zu sein?<\/strong><\/li>\n<\/ul>\n<p>Die \u201eGrowth\u201c-Workshops helfen dir dabei, die im Studium erworbenen und weiterentwickelten Kompetenzen klar zu benennen und zu reflektieren. Dabei wird auch betrachtet, wie diese mit beruflichen und gesellschaftlichen Anforderungen in Deutschland zusammenpassen \u2013 inklusive Themen wie Green Skills und Future Skills. <\/p>\n<p>Flexibilit\u00e4t und Empfehlung:<br \/>Du kannst die Workshops einzeln besuchen. F\u00fcr eine ganzheitliche pers\u00f6nliche Entwicklung und um deine Fortschritte sichtbar zu machen, empfehlen wir dir jedoch, sowohl an den \u201eOpening &amp; Awareness\u201c- als auch an den \u201eGrowth\u201c-Workshops teilzunehmen.<\/p>\n<p>Der Career Service bietet au\u00dferdem viele weitere Workshops und Beratungen auf Deutsch und Englisch w\u00e4hrend des Semesters an: <a href=\"https:\/\/career.uni-siegen.de\/workshops\/\">Schau dir die aktuellen Angebote des Career Service an.<\/a><\/p>\n<div class=\"wp-block-group\">\n<div class=\"wp-block-group__inner-container is-layout-constrained wp-block-group-is-layout-constrained\"><\/div>\n<\/div>\n<\/div>\n<\/div><\/div><\/div><\/div><div id=\"pg-3540-1\"  class=\"panel-grid panel-has-style\" ><div class=\"siteorigin-panels-stretch panel-row-style panel-row-style-for-3540-1\" data-stretch-type=\"full-width-stretch\" ><div id=\"pgc-3540-1-0\"  class=\"panel-grid-cell\" ><div id=\"panel-3540-1-0-0\" class=\"so-panel widget widget_sow-editor panel-first-child\" data-index=\"3\" ><div\n\t\t\t\n\t\t\tclass=\"so-widget-sow-editor so-widget-sow-editor-base\"\n\t\t\t\n\t\t>\n<div class=\"siteorigin-widget-tinymce textwidget\">\n\t<h1 style=\"text-align: center\"><strong>Du hast Fragen oder brauchst Beratung zu deinen Karriereperspektiven?<\/strong><\/h1>\n<p style=\"text-align: center\"><strong><br \/><\/strong><img loading=\"lazy\" decoding=\"async\" class=\" wp-image-1248 aligncenter\" src=\"http:\/\/blogs.uni-siegen.de\/fit-in-siegen\/files\/2025\/02\/CS_Logo-300x111.jpg\" alt=\"\" width=\"224\" height=\"83\" srcset=\"https:\/\/blogs.uni-siegen.de\/fit-in-siegen\/files\/2025\/02\/CS_Logo-300x111.jpg 300w, https:\/\/blogs.uni-siegen.de\/fit-in-siegen\/files\/2025\/02\/CS_Logo-1024x380.jpg 1024w, https:\/\/blogs.uni-siegen.de\/fit-in-siegen\/files\/2025\/02\/CS_Logo-768x285.jpg 768w, https:\/\/blogs.uni-siegen.de\/fit-in-siegen\/files\/2025\/02\/CS_Logo-1536x570.jpg 1536w, https:\/\/blogs.uni-siegen.de\/fit-in-siegen\/files\/2025\/02\/CS_Logo.jpg 1921w\" sizes=\"auto, (max-width: 224px) 100vw, 224px\" \/><\/p>\n<p style=\"text-align: center\">\n<\/div>\n<\/div><\/div><div id=\"panel-3540-1-0-1\" class=\"so-panel widget widget_sow-features panel-last-child\" data-index=\"4\" ><div\n\t\t\t\n\t\t\tclass=\"so-widget-sow-features so-widget-sow-features-default-ac5ea406d20e-3847\"\n\t\t\t\n\t\t><ul\n\tclass=\"sow-features-list\n\tsow-features-responsive\">\n\n\t\t\t<li\n\t\t\tclass=\"sow-features-feature sow-icon-container-position-top\"\n\t\t\tstyle=\"display: flex; flex-direction: column; width: calc(100% - 25px);\"\n\t\t>\n\t\t\t\n\t\t\t\t\t\t<div\t\t\t\tclass=\"sow-icon-container sow-container-square\"\n\t\t\t\tstyle=\"color: #ffffff; \"\n\t\t\t\t\n\t\t\t\t\t\t\t>\n\t\t\t\t\t\t\t\t\t\t<div class=\"sow-icon-image\" style=\"background-image: url(https:\/\/blogs.uni-siegen.de\/fit-in-siegen\/files\/2025\/02\/af1bdca1-scaled.jpg); font-size: 200px\"><\/div>\n\t\t\t\t\t\t\t\t\t<\/div>\n\n\t\t\t<div class=\"textwidget\">\n\t\t\t\t\n\t\t\t\t\n\t\t\t\t\t\t\t\t\t<div class=\"sow-features-feature-text\">\n\t\t\t\t\t<h5 style=\"text-align: center\"><strong><b>Bianca Geurden<\/b><\/strong><\/h5>\n<div style=\"text-align: center\">\n<h6><strong>Koordinierung c2AW<br>Career Service<br><\/strong><\/h6>\n<div>\n<div>\n<div>H\u00f6lderlinstra\u00dfe 3<\/div>\n<div>57076 Siegen<\/div>\n<div>Raum H-B 4413<\/div>\n<\/div>\n<div>Telefon: 0271 - 740 5378<\/div>\n<\/div>\n<\/div>\n\t\t\t\t\t<\/div>\n\t\t\t\t\t\t\t\t<\/div>\n\t\t\t\t\t\t\t\t\t\t<p class=\"sow-more-text\">\n\t\t\t\t\t<a href=\"mailto:bianca.geurden@career.uni-siegen.de\" >Mail<\/a>\t\t\t\t<\/p>\n\t\t\t\t\t<\/li>\n\n\t<\/ul>\n<\/div><\/div><\/div><\/div><\/div><\/div>","protected":false},"excerpt":{"rendered":"<p>Die career competence Awareness Workshops (c2AW) sind Teil des \u00fcbergeordneten Hochschulprojekts \u201eFIT \u2013 Forging International Talents\u201c, das vom DAAD im Rahmen der \u201eCampus Initiative for International Professionals\u201c mit Unterst\u00fctzung des Bundesministeriums f\u00fcr Forschung, Technologie und Raumfahrt (BMFTR) gef\u00f6rdert wird. Ziel von FIT ist es, internationale Studierende w\u00e4hrend ihres gesamten Studienverlaufs (Student Life Cycle) mit Angeboten &hellip; <\/p>\n<p class=\"link-more\"><a href=\"https:\/\/blogs.uni-siegen.de\/fit-in-siegen\/de\/unsere-fit-saulen\/soft-skills-beschaeftigungsfaehigkeit\/career-competences\/\" class=\"more-link\"><span class=\"screen-reader-text\">\u201eCareer Competence Awareness Workshops (c2AW)\u201c <\/span>weiterlesen<\/a><\/p>\n","protected":false},"author":631,"featured_media":0,"parent":3278,"menu_order":2,"comment_status":"closed","ping_status":"closed","template":"","meta":{"footnotes":""},"class_list":["post-3540","page","type-page","status-publish","hentry"],"_links":{"self":[{"href":"https:\/\/blogs.uni-siegen.de\/fit-in-siegen\/de\/wp-json\/wp\/v2\/pages\/3540","targetHints":{"allow":["GET"]}}],"collection":[{"href":"https:\/\/blogs.uni-siegen.de\/fit-in-siegen\/de\/wp-json\/wp\/v2\/pages"}],"about":[{"href":"https:\/\/blogs.uni-siegen.de\/fit-in-siegen\/de\/wp-json\/wp\/v2\/types\/page"}],"author":[{"embeddable":true,"href":"https:\/\/blogs.uni-siegen.de\/fit-in-siegen\/de\/wp-json\/wp\/v2\/users\/631"}],"replies":[{"embeddable":true,"href":"https:\/\/blogs.uni-siegen.de\/fit-in-siegen\/de\/wp-json\/wp\/v2\/comments?post=3540"}],"version-history":[{"count":2,"href":"https:\/\/blogs.uni-siegen.de\/fit-in-siegen\/de\/wp-json\/wp\/v2\/pages\/3540\/revisions"}],"predecessor-version":[{"id":3761,"href":"https:\/\/blogs.uni-siegen.de\/fit-in-siegen\/de\/wp-json\/wp\/v2\/pages\/3540\/revisions\/3761"}],"up":[{"embeddable":true,"href":"https:\/\/blogs.uni-siegen.de\/fit-in-siegen\/de\/wp-json\/wp\/v2\/pages\/3278"}],"wp:attachment":[{"href":"https:\/\/blogs.uni-siegen.de\/fit-in-siegen\/de\/wp-json\/wp\/v2\/media?parent=3540"}],"curies":[{"name":"wp","href":"https:\/\/api.w.org\/{rel}","templated":true}]}}