{"id":3545,"date":"2024-09-05T16:56:51","date_gmt":"2024-09-05T14:56:51","guid":{"rendered":"https:\/\/blogs.uni-siegen.de\/fit-in-siegen\/unsere-fit-saulen\/welcome-orientation\/welcome-event\/"},"modified":"2026-04-22T18:10:56","modified_gmt":"2026-04-22T16:10:56","slug":"welcome-event","status":"publish","type":"page","link":"https:\/\/blogs.uni-siegen.de\/fit-in-siegen\/de\/unsere-fit-saulen\/welcome-orientation\/welcome-event\/","title":{"rendered":"Willkommensveranstaltung f\u00fcr internationale Studierende"},"content":{"rendered":"<div id=\"pl-3545\"  class=\"panel-layout\" ><div id=\"pg-3545-0\"  class=\"panel-grid panel-no-style\" ><div id=\"pgc-3545-0-0\"  class=\"panel-grid-cell\" ><div id=\"panel-3545-0-0-0\" class=\"so-panel widget widget_sow-headline panel-first-child\" data-index=\"0\" ><div\n\t\t\t\n\t\t\tclass=\"so-widget-sow-headline so-widget-sow-headline-default-078d54a86dec-3545 so-widget-fittext-wrapper\"\n\t\t\t data-fit-text-compressor=\"0.85\"\n\t\t><div class=\"sow-headline-container \">\n\t\t\t\t\t\t\t<h2 class=\"sow-headline\">\n\t\t\t\t\t\tWillkommens-Netzwerk Siegen\t\t\t\t\t\t<\/h2>\n\t\t\t\t\t\t\t\t\t\t\t<div class=\"decoration\">\n\t\t\t\t\t\t<div class=\"decoration-inside\"><\/div>\n\t\t\t\t\t<\/div>\n\t\t\t\t\t\t\t\t\t\t\t<h3 class=\"sow-sub-headline\">\n\t\t\t\t\t\tDas Netzwerk \"Welcome to Siegen\" ist ein Zusammenschluss von Institutionen der Uni sowie der Stadt mit verschiedenen Beratungsangeboten f\u00fcr Menschen aus dem Ausland, die neu an der Universit\u00e4t Siegen sind oder sich f\u00fcr einen Aufenthalt an der Universit\u00e4t Siegen interessieren. Gemeinsam organisiert das Netzwerk das j\u00e4hrliche Welcome Event im November. \t\t\t\t\t\t<\/h3>\n\t\t\t\t\t\t<\/div>\n<\/div><\/div><div id=\"panel-3545-0-0-1\" class=\"so-panel widget widget_sow-cta\" data-index=\"1\" ><div\n\t\t\t\n\t\t\tclass=\"so-widget-sow-cta so-widget-sow-cta-default-b6b3f7437e99-3545\"\n\t\t\t\n\t\t><div\n\tclass=\"sow-cta-base\"\n\t>\n\t\n\t<div class=\"sow-cta-wrapper\">\n\n\t\t<div class=\"sow-cta-text\">\n\t\t\t\n\t\t\t\t\t<\/div>\n\n\t\t<div\n\t\t\t\n\t\t\tclass=\"so-widget-sow-button so-widget-sow-button-flat-66466acb9e12\"\n\t\t\t\n\t\t><div class=\"ow-button-base ow-button-align-center\"\n>\n\t\t\t<a\n\t\t\t\t\thref=\"https:\/\/www.willkommeninsiegen.de\/\"\n\t\t\t\t\tclass=\"sowb-button ow-icon-placement-left ow-button-hover\" \t>\n\t\t<span>\n\t\t\t\n\t\t\tMehr zum Willkommens-Netzwerk\t\t<\/span>\n\t\t\t<\/a>\n\t<\/div>\n<\/div>\n\t<\/div>\n\n\t<\/div>\n<\/div><\/div><div id=\"panel-3545-0-0-2\" class=\"so-panel widget widget_sow-editor\" data-index=\"2\" ><div\n\t\t\t\n\t\t\tclass=\"so-widget-sow-editor so-widget-sow-editor-base\"\n\t\t\t\n\t\t>\n<div class=\"siteorigin-widget-tinymce textwidget\">\n\t<h3><strong>Was zu erwarten ist<\/strong><\/h3>\n<p><span class=\"a_GcMg font-feature-liga-off font-feature-clig-off font-feature-calt-off text-decoration-none text-strikethrough-none\">Die Universit\u00e4t, die Stadt Siegen und der Kreis Siegen-Wittgenstein hei\u00dfen alle internationalen Studierenden und PHDs mit einer gro\u00dfen Willkommensveranstaltung willkommen<\/span><span class=\"a_GcMg font-feature-liga-off font-feature-clig-off font-feature-calt-off text-decoration-none text-strikethrough-none\"> in der US-Mensa<\/span><span class=\"a_GcMg font-feature-liga-off font-feature-clig-off font-feature-calt-off text-decoration-none text-strikethrough-none\">. Der Eintritt ist frei und eine Anmeldung ist nicht erforderlich. Komm einfach vorbei und hol dir einen Gutschein f\u00fcr ein Hei\u00dfgetr\u00e4nk und ein St\u00fcck Kuchen! <\/span><\/p>\n<ul data-spread=\"false\">\n<li>\n<p class=\"cvGsUA direction-ltr align-start para-style-body\"><span class=\"a_GcMg font-feature-liga-off font-feature-clig-off font-feature-calt-off text-decoration-none text-strikethrough-none\">Triff unseren B\u00fcrgermeister und unseren <\/span><span class=\"a_GcMg font-feature-liga-off font-feature-clig-off font-feature-calt-off text-decoration-none text-strikethrough-none\">Prorektor.<\/span><\/p>\n<\/li>\n<li>\n<p class=\"cvGsUA direction-ltr align-start para-style-body\"><span class=\"a_GcMg font-feature-liga-off font-feature-clig-off font-feature-calt-off text-decoration-none text-strikethrough-none\">Triff alle Serviceeinheiten.<\/span><\/p>\n<\/li>\n<li>\n<p class=\"cvGsUA direction-ltr align-start para-style-body\"><span class=\"a_GcMg font-feature-liga-off font-feature-clig-off font-feature-calt-off text-decoration-none text-strikethrough-none\">Finde neue Freunde.<\/span><\/p>\n<\/li>\n<li>\n<p class=\"cvGsUA direction-ltr align-start para-style-body\"><span class=\"a_GcMg font-feature-liga-off font-feature-clig-off font-feature-calt-off text-decoration-none text-strikethrough-none\">Triff die studentischen Initiativen.<\/span><\/p>\n<\/li>\n<li><span class=\"a_GcMg font-feature-liga-off font-feature-clig-off font-feature-calt-off text-decoration-none text-strikethrough-none\">Lerne die Stadt und die Region kennen.<\/span><\/li>\n<\/ul>\n<p>&nbsp;<\/p>\n<\/div>\n<\/div><\/div><div id=\"panel-3545-0-0-3\" class=\"so-panel widget widget_sow-headline\" data-index=\"3\" ><div\n\t\t\t\n\t\t\tclass=\"so-widget-sow-headline so-widget-sow-headline-default-8bee03b0b3f8-3545\"\n\t\t\t\n\t\t><div class=\"sow-headline-container \">\n\t\t\t\t\t\t\t<h2 class=\"sow-headline\">\n\t\t\t\t\t\tEindr\u00fccke von fr\u00fcheren Veranstaltungen\t\t\t\t\t\t<\/h2>\n\t\t\t\t\t\t<\/div>\n<\/div><\/div><div id=\"panel-3545-0-0-4\" class=\"so-panel widget widget_sow-slider panel-last-child\" data-index=\"4\" ><div\n\t\t\t\n\t\t\tclass=\"so-widget-sow-slider so-widget-sow-slider-default-6d39609536fd-3545\"\n\t\t\t\n\t\t>\t\t\t\t<div class=\"sow-slider-base\" style=\"display: none\" tabindex=\"0\">\n\t\t\t\t\t<ul\n\t\t\t\t\tclass=\"sow-slider-images\"\n\t\t\t\t\tdata-settings=\"{&quot;pagination&quot;:true,&quot;speed&quot;:400,&quot;timeout&quot;:8000,&quot;paused&quot;:false,&quot;pause_on_hover&quot;:false,&quot;swipe&quot;:true,&quot;nav_always_show_desktop&quot;:&quot;&quot;,&quot;nav_always_show_mobile&quot;:&quot;&quot;,&quot;breakpoint&quot;:&quot;780px&quot;,&quot;unmute&quot;:false,&quot;anchor&quot;:null}\"\n\t\t\t\t\t\t\t\t\t\tdata-anchor-id=\"\"\n\t\t\t\t>\t\t<li class=\"sow-slider-image\" style=\"visibility: visible;\" >\n\t\t\t\t\t\t<img loading=\"lazy\" decoding=\"async\" width=\"500\" height=\"350\" src=\"https:\/\/blogs.uni-siegen.de\/fit-in-siegen\/files\/2026\/04\/1.png\" class=\"sow-slider-background-image\" alt=\"\" style=\"\" srcset=\"https:\/\/blogs.uni-siegen.de\/fit-in-siegen\/files\/2026\/04\/1.png 500w, https:\/\/blogs.uni-siegen.de\/fit-in-siegen\/files\/2026\/04\/1-300x210.png 300w\" sizes=\"auto, 100vw\" \/>\t\t<\/li>\n\t\t\t\t<li class=\"sow-slider-image\" style=\"visibility: hidden;\" >\n\t\t\t\t\t\t<img loading=\"lazy\" decoding=\"async\" width=\"500\" height=\"350\" src=\"https:\/\/blogs.uni-siegen.de\/fit-in-siegen\/files\/2026\/04\/2.png\" class=\"sow-slider-background-image\" alt=\"\" style=\"\" srcset=\"https:\/\/blogs.uni-siegen.de\/fit-in-siegen\/files\/2026\/04\/2.png 500w, https:\/\/blogs.uni-siegen.de\/fit-in-siegen\/files\/2026\/04\/2-300x210.png 300w\" sizes=\"auto, 100vw\" \/>\t\t<\/li>\n\t\t\t\t<li class=\"sow-slider-image\" style=\"visibility: hidden;\" >\n\t\t\t\t\t\t<img loading=\"lazy\" decoding=\"async\" width=\"500\" height=\"350\" src=\"https:\/\/blogs.uni-siegen.de\/fit-in-siegen\/files\/2026\/04\/3.png\" class=\"sow-slider-background-image\" alt=\"\" style=\"\" srcset=\"https:\/\/blogs.uni-siegen.de\/fit-in-siegen\/files\/2026\/04\/3.png 500w, https:\/\/blogs.uni-siegen.de\/fit-in-siegen\/files\/2026\/04\/3-300x210.png 300w\" sizes=\"auto, 100vw\" \/>\t\t<\/li>\n\t\t\t\t<li class=\"sow-slider-image\" style=\"visibility: hidden;\" >\n\t\t\t\t\t\t<img loading=\"lazy\" decoding=\"async\" width=\"500\" height=\"350\" src=\"https:\/\/blogs.uni-siegen.de\/fit-in-siegen\/files\/2026\/04\/4.png\" class=\"sow-slider-background-image\" alt=\"\" style=\"\" srcset=\"https:\/\/blogs.uni-siegen.de\/fit-in-siegen\/files\/2026\/04\/4.png 500w, https:\/\/blogs.uni-siegen.de\/fit-in-siegen\/files\/2026\/04\/4-300x210.png 300w\" sizes=\"auto, 100vw\" \/>\t\t<\/li>\n\t\t\t\t<li class=\"sow-slider-image\" style=\"visibility: hidden;\" >\n\t\t\t\t\t\t<img loading=\"lazy\" decoding=\"async\" width=\"500\" height=\"350\" src=\"https:\/\/blogs.uni-siegen.de\/fit-in-siegen\/files\/2026\/04\/5.png\" class=\"sow-slider-background-image\" alt=\"\" style=\"\" srcset=\"https:\/\/blogs.uni-siegen.de\/fit-in-siegen\/files\/2026\/04\/5.png 500w, https:\/\/blogs.uni-siegen.de\/fit-in-siegen\/files\/2026\/04\/5-300x210.png 300w\" sizes=\"auto, 100vw\" \/>\t\t<\/li>\n\t\t\t\t<li class=\"sow-slider-image\" style=\"visibility: hidden;\" >\n\t\t\t\t\t\t<img loading=\"lazy\" decoding=\"async\" width=\"500\" height=\"350\" src=\"https:\/\/blogs.uni-siegen.de\/fit-in-siegen\/files\/2026\/04\/6.png\" class=\"sow-slider-background-image\" alt=\"\" style=\"\" srcset=\"https:\/\/blogs.uni-siegen.de\/fit-in-siegen\/files\/2026\/04\/6.png 500w, https:\/\/blogs.uni-siegen.de\/fit-in-siegen\/files\/2026\/04\/6-300x210.png 300w\" sizes=\"auto, 100vw\" \/>\t\t<\/li>\n\t\t\t\t<li class=\"sow-slider-image\" style=\"visibility: hidden;\" >\n\t\t\t\t\t\t<img loading=\"lazy\" decoding=\"async\" width=\"500\" height=\"350\" src=\"https:\/\/blogs.uni-siegen.de\/fit-in-siegen\/files\/2026\/04\/7.png\" class=\"sow-slider-background-image\" alt=\"\" style=\"\" srcset=\"https:\/\/blogs.uni-siegen.de\/fit-in-siegen\/files\/2026\/04\/7.png 500w, https:\/\/blogs.uni-siegen.de\/fit-in-siegen\/files\/2026\/04\/7-300x210.png 300w\" sizes=\"auto, 100vw\" \/>\t\t<\/li>\n\t\t\t\t<li class=\"sow-slider-image\" style=\"visibility: hidden;\" >\n\t\t\t\t\t\t<img loading=\"lazy\" decoding=\"async\" width=\"500\" height=\"350\" src=\"https:\/\/blogs.uni-siegen.de\/fit-in-siegen\/files\/2026\/04\/8.png\" class=\"sow-slider-background-image\" alt=\"\" style=\"\" srcset=\"https:\/\/blogs.uni-siegen.de\/fit-in-siegen\/files\/2026\/04\/8.png 500w, https:\/\/blogs.uni-siegen.de\/fit-in-siegen\/files\/2026\/04\/8-300x210.png 300w\" sizes=\"auto, 100vw\" \/>\t\t<\/li>\n\t\t\t\t<li class=\"sow-slider-image\" style=\"visibility: hidden;\" >\n\t\t\t\t\t\t<img loading=\"lazy\" decoding=\"async\" width=\"500\" height=\"350\" src=\"https:\/\/blogs.uni-siegen.de\/fit-in-siegen\/files\/2026\/04\/9.png\" class=\"sow-slider-background-image\" alt=\"\" style=\"\" srcset=\"https:\/\/blogs.uni-siegen.de\/fit-in-siegen\/files\/2026\/04\/9.png 500w, https:\/\/blogs.uni-siegen.de\/fit-in-siegen\/files\/2026\/04\/9-300x210.png 300w\" sizes=\"auto, 100vw\" \/>\t\t<\/li>\n\t\t\t\t<li class=\"sow-slider-image\" style=\"visibility: hidden;\" >\n\t\t\t\t\t\t<img loading=\"lazy\" decoding=\"async\" width=\"500\" height=\"350\" src=\"https:\/\/blogs.uni-siegen.de\/fit-in-siegen\/files\/2026\/04\/10.png\" class=\"sow-slider-background-image\" alt=\"\" style=\"\" srcset=\"https:\/\/blogs.uni-siegen.de\/fit-in-siegen\/files\/2026\/04\/10.png 500w, https:\/\/blogs.uni-siegen.de\/fit-in-siegen\/files\/2026\/04\/10-300x210.png 300w\" sizes=\"auto, 100vw\" \/>\t\t<\/li>\n\t\t\t\t<li class=\"sow-slider-image\" style=\"visibility: hidden;\" >\n\t\t\t\t\t\t<img loading=\"lazy\" decoding=\"async\" width=\"500\" height=\"350\" src=\"https:\/\/blogs.uni-siegen.de\/fit-in-siegen\/files\/2026\/04\/11.png\" class=\"sow-slider-background-image\" alt=\"\" style=\"\" srcset=\"https:\/\/blogs.uni-siegen.de\/fit-in-siegen\/files\/2026\/04\/11.png 500w, https:\/\/blogs.uni-siegen.de\/fit-in-siegen\/files\/2026\/04\/11-300x210.png 300w\" sizes=\"auto, 100vw\" \/>\t\t<\/li>\n\t\t\t\t<li class=\"sow-slider-image\" style=\"visibility: hidden;\" >\n\t\t\t\t\t\t<img loading=\"lazy\" decoding=\"async\" width=\"500\" height=\"350\" src=\"https:\/\/blogs.uni-siegen.de\/fit-in-siegen\/files\/2026\/04\/12.png\" class=\"sow-slider-background-image\" alt=\"\" style=\"\" srcset=\"https:\/\/blogs.uni-siegen.de\/fit-in-siegen\/files\/2026\/04\/12.png 500w, https:\/\/blogs.uni-siegen.de\/fit-in-siegen\/files\/2026\/04\/12-300x210.png 300w\" sizes=\"auto, 100vw\" \/>\t\t<\/li>\n\t\t\t\t<li class=\"sow-slider-image\" style=\"visibility: hidden;\" >\n\t\t\t\t\t\t<img loading=\"lazy\" decoding=\"async\" width=\"500\" height=\"350\" src=\"https:\/\/blogs.uni-siegen.de\/fit-in-siegen\/files\/2026\/04\/13.png\" class=\"sow-slider-background-image\" alt=\"\" style=\"\" srcset=\"https:\/\/blogs.uni-siegen.de\/fit-in-siegen\/files\/2026\/04\/13.png 500w, https:\/\/blogs.uni-siegen.de\/fit-in-siegen\/files\/2026\/04\/13-300x210.png 300w\" sizes=\"auto, 100vw\" \/>\t\t<\/li>\n\t\t\t\t<li class=\"sow-slider-image\" style=\"visibility: hidden;\" >\n\t\t\t\t\t\t<img loading=\"lazy\" decoding=\"async\" width=\"500\" height=\"350\" src=\"https:\/\/blogs.uni-siegen.de\/fit-in-siegen\/files\/2026\/04\/14.png\" class=\"sow-slider-background-image\" alt=\"\" style=\"\" srcset=\"https:\/\/blogs.uni-siegen.de\/fit-in-siegen\/files\/2026\/04\/14.png 500w, https:\/\/blogs.uni-siegen.de\/fit-in-siegen\/files\/2026\/04\/14-300x210.png 300w\" sizes=\"auto, 100vw\" \/>\t\t<\/li>\n\t\t<\/ul>\t\t\t\t<ol class=\"sow-slider-pagination\">\n\t\t\t\t\t\t\t\t\t\t\t<li><a href=\"#\" data-goto=\"0\" aria-label=\"Display slide 1\"><\/a><\/li>\n\t\t\t\t\t\t\t\t\t\t\t<li><a href=\"#\" data-goto=\"1\" aria-label=\"Display slide 2\"><\/a><\/li>\n\t\t\t\t\t\t\t\t\t\t\t<li><a href=\"#\" data-goto=\"2\" aria-label=\"Display slide 3\"><\/a><\/li>\n\t\t\t\t\t\t\t\t\t\t\t<li><a href=\"#\" data-goto=\"3\" aria-label=\"Display slide 4\"><\/a><\/li>\n\t\t\t\t\t\t\t\t\t\t\t<li><a href=\"#\" data-goto=\"4\" aria-label=\"Display slide 5\"><\/a><\/li>\n\t\t\t\t\t\t\t\t\t\t\t<li><a href=\"#\" data-goto=\"5\" aria-label=\"Display slide 6\"><\/a><\/li>\n\t\t\t\t\t\t\t\t\t\t\t<li><a href=\"#\" data-goto=\"6\" aria-label=\"Display slide 7\"><\/a><\/li>\n\t\t\t\t\t\t\t\t\t\t\t<li><a href=\"#\" data-goto=\"7\" aria-label=\"Display slide 8\"><\/a><\/li>\n\t\t\t\t\t\t\t\t\t\t\t<li><a href=\"#\" data-goto=\"8\" aria-label=\"Display slide 9\"><\/a><\/li>\n\t\t\t\t\t\t\t\t\t\t\t<li><a href=\"#\" data-goto=\"9\" aria-label=\"Display slide 10\"><\/a><\/li>\n\t\t\t\t\t\t\t\t\t\t\t<li><a href=\"#\" data-goto=\"10\" aria-label=\"Display slide 11\"><\/a><\/li>\n\t\t\t\t\t\t\t\t\t\t\t<li><a href=\"#\" data-goto=\"11\" aria-label=\"Display slide 12\"><\/a><\/li>\n\t\t\t\t\t\t\t\t\t\t\t<li><a href=\"#\" data-goto=\"12\" aria-label=\"Display slide 13\"><\/a><\/li>\n\t\t\t\t\t\t\t\t\t\t\t<li><a href=\"#\" data-goto=\"13\" aria-label=\"Display slide 14\"><\/a><\/li>\n\t\t\t\t\t\t\t\t\t<\/ol>\n\n\t\t\t\t<div class=\"sow-slide-nav sow-slide-nav-next\">\n\t\t\t\t\t<a href=\"#\" data-goto=\"next\" aria-label=\"Next slide\" data-action=\"next\">\n\t\t\t\t\t\t<em class=\"sow-sld-icon-thin-right\"><\/em>\n\t\t\t\t\t<\/a>\n\t\t\t\t<\/div>\n\n\t\t\t\t<div class=\"sow-slide-nav sow-slide-nav-prev\">\n\t\t\t\t\t<a href=\"#\" data-goto=\"previous\" aria-label=\"Previous slide\" data-action=\"prev\">\n\t\t\t\t\t\t<em class=\"sow-sld-icon-thin-left\"><\/em>\n\t\t\t\t\t<\/a>\n\t\t\t\t<\/div>\n\t\t\t\t<\/div><\/div><\/div><\/div><\/div><\/div>","protected":false},"excerpt":{"rendered":"<p>Was zu erwarten ist Die Universit\u00e4t, die Stadt Siegen und der Kreis Siegen-Wittgenstein hei\u00dfen alle internationalen Studierenden und PHDs mit einer gro\u00dfen Willkommensveranstaltung willkommen in der US-Mensa. Der Eintritt ist frei und eine Anmeldung ist nicht erforderlich. Komm einfach vorbei und hol dir einen Gutschein f\u00fcr ein Hei\u00dfgetr\u00e4nk und ein St\u00fcck Kuchen! Triff unseren B\u00fcrgermeister &hellip; <\/p>\n<p class=\"link-more\"><a href=\"https:\/\/blogs.uni-siegen.de\/fit-in-siegen\/de\/unsere-fit-saulen\/welcome-orientation\/welcome-event\/\" class=\"more-link\"><span class=\"screen-reader-text\">\u201eWillkommensveranstaltung f\u00fcr internationale Studierende\u201c <\/span>weiterlesen<\/a><\/p>\n","protected":false},"author":631,"featured_media":0,"parent":1821,"menu_order":5,"comment_status":"closed","ping_status":"closed","template":"","meta":{"footnotes":""},"class_list":["post-3545","page","type-page","status-publish","hentry"],"_links":{"self":[{"href":"https:\/\/blogs.uni-siegen.de\/fit-in-siegen\/de\/wp-json\/wp\/v2\/pages\/3545","targetHints":{"allow":["GET"]}}],"collection":[{"href":"https:\/\/blogs.uni-siegen.de\/fit-in-siegen\/de\/wp-json\/wp\/v2\/pages"}],"about":[{"href":"https:\/\/blogs.uni-siegen.de\/fit-in-siegen\/de\/wp-json\/wp\/v2\/types\/page"}],"author":[{"embeddable":true,"href":"https:\/\/blogs.uni-siegen.de\/fit-in-siegen\/de\/wp-json\/wp\/v2\/users\/631"}],"replies":[{"embeddable":true,"href":"https:\/\/blogs.uni-siegen.de\/fit-in-siegen\/de\/wp-json\/wp\/v2\/comments?post=3545"}],"version-history":[{"count":43,"href":"https:\/\/blogs.uni-siegen.de\/fit-in-siegen\/de\/wp-json\/wp\/v2\/pages\/3545\/revisions"}],"predecessor-version":[{"id":3705,"href":"https:\/\/blogs.uni-siegen.de\/fit-in-siegen\/de\/wp-json\/wp\/v2\/pages\/3545\/revisions\/3705"}],"up":[{"embeddable":true,"href":"https:\/\/blogs.uni-siegen.de\/fit-in-siegen\/de\/wp-json\/wp\/v2\/pages\/1821"}],"wp:attachment":[{"href":"https:\/\/blogs.uni-siegen.de\/fit-in-siegen\/de\/wp-json\/wp\/v2\/media?parent=3545"}],"curies":[{"name":"wp","href":"https:\/\/api.w.org\/{rel}","templated":true}]}}