{"id":3562,"date":"2024-09-05T09:37:32","date_gmt":"2024-09-05T07:37:32","guid":{"rendered":"https:\/\/blogs.uni-siegen.de\/fit-in-siegen\/impressum\/"},"modified":"2026-04-21T17:25:50","modified_gmt":"2026-04-21T15:25:50","slug":"impressum","status":"publish","type":"page","link":"https:\/\/blogs.uni-siegen.de\/fit-in-siegen\/de\/impressum\/","title":{"rendered":"Impressum"},"content":{"rendered":"<section id=\"block-15\" class=\"widget widget_block\">\n<h1 class=\"wp-block-heading\">Ver\u00f6ffentlicht von<\/h1>\n<h2 class=\"wp-block-heading\">Universit\u00e4t Siegen<br \/>\nInternationales B\u00fcro<\/h2>\n<p>Sandtra\u00dfe 16-18<br \/>\n57072 Siegen<br \/>\nE-Mail: kim.hain@zv.uni-siegen.de<br \/>\nTelefon: +49 271 740-3913<\/p>\n<p>Die Universit\u00e4t Siegen ist eine rechtsf\u00e4hige K\u00f6rperschaft des \u00f6ffentlichen Rechts, die vom Land Nordrhein-Westfalen unterst\u00fctzt wird.<br \/>\nSie wird vertreten durch die Rektorin Univ.-Prof. Dr. Stefanie Reese. <\/p>\n<p><strong>Zust\u00e4ndige Aufsichtsbeh\u00f6rde<\/strong><\/p>\n<p>Ministerium f\u00fcr Kultur und Wissenschaft des Landes Nordrhein-Westfalen Umsatzsteuer-Identifikationsnummer gem\u00e4\u00df \u00a7 27 a Umsatzsteuergesetz: DE 154854171.<\/p>\n<p><strong>Technische Umsetzung:<\/strong><\/p>\n<p>Zentrum f\u00fcr Informations- und Medientechnologie (ZIMT)<\/p>\n<p><strong>Haftungsausschluss<\/strong><\/p>\n<p>Trotz sorgf\u00e4ltiger inhaltlicher Kontrolle \u00fcbernehmen wir keine Haftung f\u00fcr die Inhalte externer Links. Sie stellen kein Angebot der Universit\u00e4t Siegen dar. F\u00fcr den Inhalt der verlinkten Seiten sind ausschlie\u00dflich deren Betreiber verantwortlich. Die Universit\u00e4t distanziert sich ausdr\u00fccklich von den Inhalten und macht sich diese in keiner Weise zu eigen.   <\/p>\n<p><strong>Copyright<\/strong><\/p>\n<p>Das Urheberrecht f\u00fcr Texte, Grafiken, Bilder, Design und Quellcode liegt bei der Universit\u00e4t Siegen oder den jeweiligen angeschlossenen Einrichtungen. Die Erstellung, Nutzung und Weitergabe von Kopien in elektronischer oder gedruckter Form bedarf der Genehmigung. <\/p>\n<\/section>\n","protected":false},"excerpt":{"rendered":"<p>Ver\u00f6ffentlicht von Universit\u00e4t Siegen Internationales B\u00fcro Sandtra\u00dfe 16-18 57072 Siegen E-Mail: kim.hain@zv.uni-siegen.de Telefon: +49 271 740-3913 Die Universit\u00e4t Siegen ist eine rechtsf\u00e4hige K\u00f6rperschaft des \u00f6ffentlichen Rechts, die vom Land Nordrhein-Westfalen unterst\u00fctzt wird. Sie wird vertreten durch die Rektorin Univ.-Prof. Dr. Stefanie Reese. Zust\u00e4ndige Aufsichtsbeh\u00f6rde Ministerium f\u00fcr Kultur und Wissenschaft des Landes Nordrhein-Westfalen Umsatzsteuer-Identifikationsnummer gem\u00e4\u00df \u00a7 &hellip; <\/p>\n<p class=\"link-more\"><a href=\"https:\/\/blogs.uni-siegen.de\/fit-in-siegen\/de\/impressum\/\" class=\"more-link\"><span class=\"screen-reader-text\">\u201eImpressum\u201c <\/span>weiterlesen<\/a><\/p>\n","protected":false},"author":631,"featured_media":0,"parent":0,"menu_order":0,"comment_status":"closed","ping_status":"closed","template":"","meta":{"footnotes":""},"class_list":["post-3562","page","type-page","status-publish","hentry"],"_links":{"self":[{"href":"https:\/\/blogs.uni-siegen.de\/fit-in-siegen\/de\/wp-json\/wp\/v2\/pages\/3562","targetHints":{"allow":["GET"]}}],"collection":[{"href":"https:\/\/blogs.uni-siegen.de\/fit-in-siegen\/de\/wp-json\/wp\/v2\/pages"}],"about":[{"href":"https:\/\/blogs.uni-siegen.de\/fit-in-siegen\/de\/wp-json\/wp\/v2\/types\/page"}],"author":[{"embeddable":true,"href":"https:\/\/blogs.uni-siegen.de\/fit-in-siegen\/de\/wp-json\/wp\/v2\/users\/631"}],"replies":[{"embeddable":true,"href":"https:\/\/blogs.uni-siegen.de\/fit-in-siegen\/de\/wp-json\/wp\/v2\/comments?post=3562"}],"version-history":[{"count":1,"href":"https:\/\/blogs.uni-siegen.de\/fit-in-siegen\/de\/wp-json\/wp\/v2\/pages\/3562\/revisions"}],"predecessor-version":[{"id":3596,"href":"https:\/\/blogs.uni-siegen.de\/fit-in-siegen\/de\/wp-json\/wp\/v2\/pages\/3562\/revisions\/3596"}],"wp:attachment":[{"href":"https:\/\/blogs.uni-siegen.de\/fit-in-siegen\/de\/wp-json\/wp\/v2\/media?parent=3562"}],"curies":[{"name":"wp","href":"https:\/\/api.w.org\/{rel}","templated":true}]}}