{"id":3568,"date":"2024-09-05T09:35:17","date_gmt":"2024-09-05T07:35:17","guid":{"rendered":"https:\/\/blogs.uni-siegen.de\/fit-in-siegen\/datenschutz\/"},"modified":"2026-04-21T17:30:47","modified_gmt":"2026-04-21T15:30:47","slug":"datenschutz","status":"publish","type":"page","link":"https:\/\/blogs.uni-siegen.de\/fit-in-siegen\/de\/datenschutz\/","title":{"rendered":"Datenschutz"},"content":{"rendered":"<div id=\"pl-3568\"  class=\"panel-layout\" ><div id=\"pg-3568-0\"  class=\"panel-grid panel-no-style\" ><div id=\"pgc-3568-0-0\"  class=\"panel-grid-cell\" ><div id=\"panel-3568-0-0-0\" class=\"so-panel widget widget_sow-editor panel-first-child\" data-index=\"0\" ><div\n\t\t\t\n\t\t\tclass=\"so-widget-sow-editor so-widget-sow-editor-base\"\n\t\t\t\n\t\t>\n<div class=\"siteorigin-widget-tinymce textwidget\">\n\t<p><strong>DATENSCHUTZ-ERKL\u00c4RUNG<\/strong><\/p>\n<p>Wenn du auf unsere Website zugreifst, werden automatisch Informationen allgemeiner Art erfasst. Zu diesen Informationen (Server-Logfiles) geh\u00f6ren z. B. die Art des Webbrowsers, das verwendete Betriebssystem, der Domainname deines Internetanbieters und \u00c4hnliches. Dabei handelt es sich ausschlie\u00dflich um Informationen, die keine R\u00fcckschl\u00fcsse auf deine Person zulassen. Diese Informationen sind technisch notwendig, um die von dir angeforderten Website-Inhalte korrekt auszuliefern und sind bei der Nutzung des Internets zwingend erforderlich. Anonyme Informationen dieser Art werden von uns statistisch ausgewertet, um unsere Website und die dahinterstehende Technik zu optimieren.    <\/p>\n<p><strong>Cookies<\/strong><\/p>\n<p>Wie viele andere Websites auch, verwenden wir sogenannte \"Cookies\". Cookies sind kleine Textdateien, die von einem Website-Server auf deine Festplatte \u00fcbertragen werden. Dadurch erhalten wir automatisch bestimmte Daten wie die IP-Adresse, den verwendeten Browser, das Betriebssystem auf deinem Computer und deine Verbindung zum Internet. Cookies k\u00f6nnen nicht dazu verwendet werden, Programme zu starten oder Viren auf einen Computer zu \u00fcbertragen. Mit Hilfe der in Cookies enthaltenen Informationen k\u00f6nnen wir dir die Navigation erleichtern und die korrekte Anzeige unserer Webseiten erm\u00f6glichen. Unter keinen Umst\u00e4nden werden die von uns erhobenen Daten ohne deine Zustimmung an Dritte weitergegeben oder mit pers\u00f6nlichen Daten verkn\u00fcpft.     <\/p>\n<p>Nat\u00fcrlich kannst du unsere Website auch ohne Cookies betrachten. Internetbrowser sind regelm\u00e4\u00dfig so eingestellt, dass sie Cookies akzeptieren. Du kannst die Verwendung von Cookies jederzeit \u00fcber deine Browsereinstellungen deaktivieren. Bitte benutze die Hilfefunktionen deines Internetbrowsers, um herauszufinden, wie du diese Einstellungen \u00e4ndern kannst. Bitte beachte, dass einzelne Funktionen unserer Website m\u00f6glicherweise nicht funktionieren, wenn du die Verwendung von Cookies deaktiviert hast.    <\/p>\n<p><strong>L\u00f6schung oder Sperrung von Daten<\/strong><\/p>\n<p>Wir halten uns an die Grunds\u00e4tze der Datenvermeidung und Datenminimierung. Wir speichern deine personenbezogenen Daten daher nur so lange, wie es zur Erf\u00fcllung der hier genannten Zwecke oder f\u00fcr die verschiedenen gesetzlich vorgeschriebenen Speicherfristen erforderlich ist. Sobald der jeweilige Zweck entf\u00e4llt oder diese Fristen abgelaufen sind, werden die entsprechenden Daten routinem\u00e4\u00dfig und entsprechend den gesetzlichen Bestimmungen gesperrt oder gel\u00f6scht.  <\/p>\n<p><strong>Deine Rechte auf Auskunft, Berichtigung, Sperrung, L\u00f6schung und Widerspruch<\/strong><\/p>\n<p>Du hast das Recht, jederzeit Auskunft \u00fcber deine bei uns gespeicherten personenbezogenen Daten zu erhalten. Du hast au\u00dferdem das Recht, deine personenbezogenen Daten berichtigen, sperren oder - abgesehen von der vorgeschriebenen Datenspeicherung f\u00fcr die Gesch\u00e4ftsabwicklung - l\u00f6schen zu lassen. Bitte wende dich an unseren Datenschutzbeauftragten. Die Kontaktdaten findest du unten. Um sicherzustellen, dass Daten jederzeit gesperrt werden k\u00f6nnen, m\u00fcssen diese Daten zu Kontrollzwecken in einer Sperrdatei gespeichert werden. Du kannst auch die L\u00f6schung der Daten verlangen, wenn keine gesetzliche Archivierungspflicht besteht. Wenn eine solche Verpflichtung besteht, sperren wir deine Daten auf Anfrage. Du kannst \u00c4nderungen vornehmen oder deine Zustimmung widerrufen, indem du uns dies mit Wirkung f\u00fcr die Zukunft mitteilst.       <\/p>\n<p><strong>\u00c4nderungen an unseren Datenschutzbestimmungen<\/strong><\/p>\n<p>Wir behalten uns das Recht vor, diese Datenschutzerkl\u00e4rung von Zeit zu Zeit zu \u00e4ndern, damit sie immer den aktuellen gesetzlichen Anforderungen entspricht, oder \u00c4nderungen an unseren Dienstleistungen in der Datenschutzerkl\u00e4rung umzusetzen, z. B. bei der Einf\u00fchrung neuer Dienstleistungen. Die neue Datenschutzrichtlinie gilt dann f\u00fcr deinen n\u00e4chsten Besuch. <\/p>\n<p><strong>Fragen zum Datenschutz<\/strong><\/p>\n<p>Wenn du Fragen zum Datenschutz hast, schick uns bitte eine E-Mail:<\/p>\n<p><a href=\"mailto:kim.hain@zv.uni-siegen.de\">kim.hain@zv.uni-siegen.de<\/a><\/p>\n<\/div>\n<\/div><\/div><div id=\"panel-3568-0-0-1\" class=\"so-panel widget widget_sow-editor panel-last-child\" data-index=\"1\" ><div\n\t\t\t\n\t\t\tclass=\"so-widget-sow-editor so-widget-sow-editor-base\"\n\t\t\t\n\t\t>\n<div class=\"siteorigin-widget-tinymce textwidget\">\n\t<p><strong>DATENSCHUTZERKL\u00c4RUNG EVENTIM<\/strong><\/p>\n<p>Wenn du dich f\u00fcr unsere Veranstaltungen auf Eventim anmeldest, werden personenbezogene Daten vom <strong data-start=\"299\" data-end=\"319\">FIT-Projektteam<\/strong>, das Teil des <strong data-start=\"344\" data-end=\"402\">International Office (ISA) der Universit\u00e4t Siegen<\/strong> ist, erfasst und verarbeitet.<\/p>\n<h4 data-start=\"538\" data-end=\"574\">Zweck der Datenverarbeitung<\/h4>\n<p data-start=\"575\" data-end=\"640\">Die pers\u00f6nlichen Daten, die im Anmeldeformular erfasst werden, umfassen: Name, E-Mail-Adresse (obligatorisch), <span style=\"font-size: 1rem\">Studenten-ID, Vorname, Nachname, <\/span><span style=\"font-size: 1rem\">Status, Geschlecht, Nationalit\u00e4t, <\/span><span style=\"font-size: 1rem\">Land der Hochschulzugangsberechtigung, <\/span><span style=\"font-size: 1rem\">Studiengang, akademischer Grad.<\/span><\/p>\n<p data-start=\"834\" data-end=\"891\">Sie werden ausschlie\u00dflich zu den folgenden Zwecken verarbeitet:<\/p>\n<ul data-start=\"893\" data-end=\"1166\">\n<li data-start=\"893\" data-end=\"941\">\n<p data-start=\"895\" data-end=\"941\">Organisation und Durchf\u00fchrung der Veranstaltung<\/p>\n<\/li>\n<li data-start=\"942\" data-end=\"972\">\n<p data-start=\"944\" data-end=\"972\">Teilnehmerverwaltung<\/p>\n<\/li>\n<li data-start=\"973\" data-end=\"1031\">\n<p data-start=\"975\" data-end=\"1031\">Erstellung von internen Statistiken im Rahmen des FIT-Projekts<\/p>\n<\/li>\n<li data-start=\"1032\" data-end=\"1105\">\n<p data-start=\"1034\" data-end=\"1105\">Statistische Berichterstattung f\u00fcr den Deutschen Akademischen Austauschdienst (DAAD)<\/p>\n<\/li>\n<li data-start=\"1106\" data-end=\"1166\">\n<p data-start=\"1108\" data-end=\"1166\">Verfolgung des individuellen Fortschritts im Rahmen des Employability Pass<\/p>\n<\/li>\n<\/ul>\n<h4 data-start=\"1168\" data-end=\"1204\">Rechtsgrundlage f\u00fcr die Verarbeitung<\/h4>\n<p data-start=\"1205\" data-end=\"1478\">Die Datenverarbeitung basiert auf <strong data-start=\"1233\" data-end=\"1264\">Art. 6(1)(a) DSGVO (Einwilligung)<\/strong>. Die Beantwortung aller kundenspezifischen Fragen ist <strong data-start=\"1311\" data-end=\"1324\">freiwillig<\/strong>. Die Verarbeitung von Pflichtangaben (Name und E-Mail) basiert auf <strong data-start=\"1395\" data-end=\"1416\">Art. 6(1)(b) DSGVO <\/strong>(Erf\u00fcllung eines Vertrags, d.h. Teilnahme an der Veranstaltung).  <\/p>\n<h4 data-start=\"1480\" data-end=\"1508\">Offenlegung von Daten<\/h4>\n<p data-start=\"1509\" data-end=\"1758\">Die Daten werden ausschlie\u00dflich vom FIT-Projektteam und dem International Office (ISA) verarbeitet. Die Daten werden nur in <strong data-start=\"1631\" data-end=\"1650\">anonymisierter Form<\/strong> zu statistischen Zwecken an den DAAD weitergegeben. Es werden keine pers\u00f6nlichen Daten an unbefugte Dritte weitergegeben.  <\/p>\n<h4 data-start=\"1760\" data-end=\"1784\">Lagerzeit<\/h4>\n<p data-start=\"1785\" data-end=\"1908\">Alle personenbezogenen Daten werden bis zum Ende des Projekts im <strong>Jahr 2028<\/strong> aufbewahrt. Danach werden die Daten f\u00fcr<strong> weitere f\u00fcnf Jahre<\/strong> zu Dokumentations- und R\u00fcckverfolgungszwecken gespeichert. Nach diesem Zeitraum werden alle personenbezogenen Daten <strong>endg\u00fcltig gel\u00f6scht.<\/strong>  <\/p>\n<p><strong>Deine Rechte auf Auskunft, Berichtigung, Sperrung, L\u00f6schung und Widerspruch<\/strong><\/p>\n<p>Du hast das Recht, jederzeit Auskunft \u00fcber deine bei uns gespeicherten personenbezogenen Daten zu erhalten. Du hast au\u00dferdem das Recht, deine personenbezogenen Daten berichtigen, sperren oder - abgesehen von der vorgeschriebenen Datenspeicherung f\u00fcr die Gesch\u00e4ftsabwicklung - l\u00f6schen zu lassen. Bitte wende dich an unseren Datenschutzbeauftragten. Die Kontaktdaten findest du unten. Um sicherzustellen, dass Daten jederzeit gesperrt werden k\u00f6nnen, m\u00fcssen diese Daten zu Kontrollzwecken in einer Sperrdatei gespeichert werden. Du kannst auch die L\u00f6schung der Daten verlangen, wenn keine gesetzliche Archivierungspflicht besteht. Wenn eine solche Verpflichtung besteht, sperren wir deine Daten auf Anfrage. Du kannst \u00c4nderungen vornehmen oder deine Zustimmung widerrufen, indem du uns dies mit Wirkung f\u00fcr die Zukunft mitteilst.       <\/p>\n<p><strong>\u00c4nderungen an unseren Datenschutzbestimmungen<\/strong><\/p>\n<p>Wir behalten uns das Recht vor, diese Datenschutzrichtlinie von Zeit zu Zeit zu \u00e4ndern, damit sie stets den aktuellen gesetzlichen Anforderungen entspricht oder um \u00c4nderungen an unseren Dienstleistungen in der Datenschutzrichtlinie umzusetzen.<\/p>\n<p><strong>Fragen zum Datenschutz<\/strong><\/p>\n<p>Wenn du Fragen zum Datenschutz hast, schick uns bitte eine E-Mail:<\/p>\n<p><a href=\"mailto:kim.hain@zv.uni-siegen.de\">kim.hain@zv.uni-siegen.de<\/a><\/p>\n<\/div>\n<\/div><\/div><\/div><\/div><\/div>","protected":false},"excerpt":{"rendered":"<p>DATENSCHUTZ-ERKL\u00c4RUNG Wenn du auf unsere Website zugreifst, werden automatisch Informationen allgemeiner Art erfasst. Zu diesen Informationen (Server-Logfiles) geh\u00f6ren z. B. die Art des Webbrowsers, das verwendete Betriebssystem, der Domainname deines Internetanbieters und \u00c4hnliches. Dabei handelt es sich ausschlie\u00dflich um Informationen, die keine R\u00fcckschl\u00fcsse auf deine Person zulassen. Diese Informationen sind technisch notwendig, um die von &hellip; <\/p>\n<p class=\"link-more\"><a href=\"https:\/\/blogs.uni-siegen.de\/fit-in-siegen\/de\/datenschutz\/\" class=\"more-link\"><span class=\"screen-reader-text\">\u201eDatenschutz\u201c <\/span>weiterlesen<\/a><\/p>\n","protected":false},"author":631,"featured_media":0,"parent":0,"menu_order":0,"comment_status":"closed","ping_status":"closed","template":"","meta":{"footnotes":""},"class_list":["post-3568","page","type-page","status-publish","hentry"],"_links":{"self":[{"href":"https:\/\/blogs.uni-siegen.de\/fit-in-siegen\/de\/wp-json\/wp\/v2\/pages\/3568","targetHints":{"allow":["GET"]}}],"collection":[{"href":"https:\/\/blogs.uni-siegen.de\/fit-in-siegen\/de\/wp-json\/wp\/v2\/pages"}],"about":[{"href":"https:\/\/blogs.uni-siegen.de\/fit-in-siegen\/de\/wp-json\/wp\/v2\/types\/page"}],"author":[{"embeddable":true,"href":"https:\/\/blogs.uni-siegen.de\/fit-in-siegen\/de\/wp-json\/wp\/v2\/users\/631"}],"replies":[{"embeddable":true,"href":"https:\/\/blogs.uni-siegen.de\/fit-in-siegen\/de\/wp-json\/wp\/v2\/comments?post=3568"}],"version-history":[{"count":2,"href":"https:\/\/blogs.uni-siegen.de\/fit-in-siegen\/de\/wp-json\/wp\/v2\/pages\/3568\/revisions"}],"predecessor-version":[{"id":3599,"href":"https:\/\/blogs.uni-siegen.de\/fit-in-siegen\/de\/wp-json\/wp\/v2\/pages\/3568\/revisions\/3599"}],"wp:attachment":[{"href":"https:\/\/blogs.uni-siegen.de\/fit-in-siegen\/de\/wp-json\/wp\/v2\/media?parent=3568"}],"curies":[{"name":"wp","href":"https:\/\/api.w.org\/{rel}","templated":true}]}}