{"id":361,"date":"2024-09-05T17:08:48","date_gmt":"2024-09-05T15:08:48","guid":{"rendered":"https:\/\/blogs.uni-siegen.de\/fit-in-siegen\/?page_id=361"},"modified":"2026-03-26T16:15:27","modified_gmt":"2026-03-26T15:15:27","slug":"career-competences","status":"publish","type":"page","link":"https:\/\/blogs.uni-siegen.de\/fit-in-siegen\/components-of-fit\/soft-skills-employability\/career-competences\/","title":{"rendered":"Career Competence Awareness Workshops (c2AW)"},"content":{"rendered":"<div id=\"pl-361\"  class=\"panel-layout\" ><div id=\"pg-361-0\"  class=\"panel-grid panel-no-style\" ><div id=\"pgc-361-0-0\"  class=\"panel-grid-cell\" ><div id=\"panel-361-0-0-0\" class=\"so-panel widget widget_sow-post-carousel panel-first-child\" data-index=\"0\" ><div\n\t\t\t\n\t\t\tclass=\"so-widget-sow-post-carousel so-widget-sow-post-carousel-base-0471499d4c66-361\"\n\t\t\t\n\t\t>\t<div\n\t\tclass=\"sow-post-carousel-wrapper sow-post-carousel-theme-base\"\n\t\tstyle=\"overflow: hidden; max-width: 100%; min-height: 182px\"\n\t>\n\t\t<div class=\"sow-carousel-title has-title\">\n\t<h3 class=\"widget-title\">Register for our upcoming c2AW-Workshops:<\/h3>\t\t<div class=\"sow-carousel-navigation \">\n\t\t\t\t\t\t<a href=\"#\" class=\"sow-carousel-next\" title=\"Next\" aria-label=\"Next Posts\" role=\"button\"><\/a>\n\t\t\t\t\t\t<a href=\"#\" class=\"sow-carousel-previous\" title=\"Previous\" aria-label=\"Previous Posts\" role=\"button\"><\/a>\n\t\t\t\t\t<\/div>\n\t<\/div>\n\n<div class=\"sow-carousel-container \">\n\t\t<div class=\"sow-carousel-wrapper\"\n\t\tdata-dir=\"ltr\"\n\t\tstyle=\"opacity: 0;\"\n\t\tdata-widget=\"post\" data-fetching=\"false\" data-page=\"1\" data-ajax-url=\"https:\/\/blogs.uni-siegen.de\/fit-in-siegen\/wp-admin\/admin-ajax.php?_widgets_nonce=a785a05594\" data-item_count=\"8\" data-carousel_settings=\"{&quot;loop&quot;:true,&quot;animation&quot;:&quot;ease&quot;,&quot;animation_speed&quot;:400,&quot;autoplay&quot;:&quot;off&quot;,&quot;pauseOnHover&quot;:&quot;&quot;,&quot;autoplaySpeed&quot;:8000,&quot;item_overflow&quot;:true,&quot;autoplay_continuous_scroll&quot;:false}\" data-responsive=\"{&quot;desktop_slides_to_scroll&quot;:1,&quot;tablet_landscape_breakpoint&quot;:1366,&quot;tablet_landscape_slides_to_scroll&quot;:2,&quot;tablet_portrait_breakpoint&quot;:1025,&quot;tablet_portrait_slides_to_scroll&quot;:2,&quot;mobile_breakpoint&quot;:480,&quot;mobile_slides_to_scroll&quot;:1}\" data-variable_width=\"true\" \t>\n\t\t<div\n\t\t\tclass=\"sow-carousel-items\"\n\t\t\t\t\t>\n\t\t\t\t<div class=\"sow-carousel-item\" tabindex=\"-1\" style=\"float: left;\">\n\t\t<div class=\"sow-carousel-thumbnail\">\n\t\t\t\t\t\t\t<a\n\t\t\t\t\thref=\"https:\/\/blogs.uni-siegen.de\/fit-in-siegen\/2026\/03\/26\/31-08-14-09-26-selbstlernkurs-die-future-skill-resilienz-fit-soft-skills-employability\/\"\n\t\t\t\t\t\t\t\t\t\tstyle=\"background-image: url( https:\/\/blogs.uni-siegen.de\/fit-in-siegen\/files\/2026\/03\/pexels-strannik-sk-36491580-272x182.jpg )\"\n\t\t\t\t\taria-labelledby=\"sow-carousel-id-2923\"\n\t\t\t\t\ttabindex=\"-1\"\n\t\t\t\t>\n\t\t\t\t\t<span class=\"overlay\"><\/span>\n\t\t\t\t<\/a>\n\t\t\t\t\t<\/div>\n\t\t<h3 class=\"sow-carousel-item-title\">\n\t\t\t<a\n\t\t\t\thref=\"https:\/\/blogs.uni-siegen.de\/fit-in-siegen\/2026\/03\/26\/31-08-14-09-26-selbstlernkurs-die-future-skill-resilienz-fit-soft-skills-employability\/\"\n\t\t\t\tid=\"sow-carousel-id-2923\"\n\t\t\t\t\t\t\t\ttabindex=\"-1\"\n\t\t\t>\n\n\t\t\t\t31.08.-14.09.26 |Selbstlernkurs &#8211; Die Future Skill Resilienz| FIT: Soft Skills &amp; Employability\t\t\t<\/a>\n\t\t<\/h3>\n\t<\/div>\n\t\t<div class=\"sow-carousel-item\" tabindex=\"-1\" style=\"float: left;\">\n\t\t<div class=\"sow-carousel-thumbnail\">\n\t\t\t\t\t\t\t<a\n\t\t\t\t\thref=\"https:\/\/blogs.uni-siegen.de\/fit-in-siegen\/2026\/03\/26\/07-21-09-26-self-study-course-future-skill-resilience-fit-soft-skills-employability\/\"\n\t\t\t\t\t\t\t\t\t\tstyle=\"background-image: url( https:\/\/blogs.uni-siegen.de\/fit-in-siegen\/files\/2026\/03\/pexels-strannik-sk-36491580-272x182.jpg )\"\n\t\t\t\t\taria-labelledby=\"sow-carousel-id-2920\"\n\t\t\t\t\ttabindex=\"-1\"\n\t\t\t\t>\n\t\t\t\t\t<span class=\"overlay\"><\/span>\n\t\t\t\t<\/a>\n\t\t\t\t\t<\/div>\n\t\t<h3 class=\"sow-carousel-item-title\">\n\t\t\t<a\n\t\t\t\thref=\"https:\/\/blogs.uni-siegen.de\/fit-in-siegen\/2026\/03\/26\/07-21-09-26-self-study-course-future-skill-resilience-fit-soft-skills-employability\/\"\n\t\t\t\tid=\"sow-carousel-id-2920\"\n\t\t\t\t\t\t\t\ttabindex=\"-1\"\n\t\t\t>\n\n\t\t\t\t07.-21.09.26 |Self-study course Future Skill Resilience | FIT: Soft Skills &amp; Employability\t\t\t<\/a>\n\t\t<\/h3>\n\t<\/div>\n\t\t<div class=\"sow-carousel-item\" tabindex=\"-1\" style=\"float: left;\">\n\t\t<div class=\"sow-carousel-thumbnail\">\n\t\t\t\t\t\t\t<a\n\t\t\t\t\thref=\"https:\/\/blogs.uni-siegen.de\/fit-in-siegen\/2026\/03\/26\/08-05-26-starken-sichtbar-machen-scharfe-dein-bewerberprofil-fur-den-arbeitsmarkt-fit-soft-skills-employability\/\"\n\t\t\t\t\t\t\t\t\t\tstyle=\"background-image: url( https:\/\/blogs.uni-siegen.de\/fit-in-siegen\/files\/2026\/03\/pexels-skylar-kang-6045332-272x182.jpg )\"\n\t\t\t\t\taria-labelledby=\"sow-carousel-id-2917\"\n\t\t\t\t\ttabindex=\"-1\"\n\t\t\t\t>\n\t\t\t\t\t<span class=\"overlay\"><\/span>\n\t\t\t\t<\/a>\n\t\t\t\t\t<\/div>\n\t\t<h3 class=\"sow-carousel-item-title\">\n\t\t\t<a\n\t\t\t\thref=\"https:\/\/blogs.uni-siegen.de\/fit-in-siegen\/2026\/03\/26\/08-05-26-starken-sichtbar-machen-scharfe-dein-bewerberprofil-fur-den-arbeitsmarkt-fit-soft-skills-employability\/\"\n\t\t\t\tid=\"sow-carousel-id-2917\"\n\t\t\t\t\t\t\t\ttabindex=\"-1\"\n\t\t\t>\n\n\t\t\t\t08.05.26 | St\u00e4rken sichtbar machen &#8211; Sch\u00e4rfe Dein Bewerberprofil f\u00fcr den Arbeitsmarkt | FIT: Soft Skills &amp; Employability\t\t\t<\/a>\n\t\t<\/h3>\n\t<\/div>\n\t\t<div class=\"sow-carousel-item\" tabindex=\"-1\" style=\"float: left;\">\n\t\t<div class=\"sow-carousel-thumbnail\">\n\t\t\t\t\t\t\t<a\n\t\t\t\t\thref=\"https:\/\/blogs.uni-siegen.de\/fit-in-siegen\/2026\/03\/26\/29-05-26-make-your-strengths-visible-your-job-profile-as-key-to-the-job-market-fit-soft-skills-employability\/\"\n\t\t\t\t\t\t\t\t\t\tstyle=\"background-image: url( https:\/\/blogs.uni-siegen.de\/fit-in-siegen\/files\/2026\/03\/pexels-skylar-kang-6045332-272x182.jpg )\"\n\t\t\t\t\taria-labelledby=\"sow-carousel-id-2913\"\n\t\t\t\t\ttabindex=\"-1\"\n\t\t\t\t>\n\t\t\t\t\t<span class=\"overlay\"><\/span>\n\t\t\t\t<\/a>\n\t\t\t\t\t<\/div>\n\t\t<h3 class=\"sow-carousel-item-title\">\n\t\t\t<a\n\t\t\t\thref=\"https:\/\/blogs.uni-siegen.de\/fit-in-siegen\/2026\/03\/26\/29-05-26-make-your-strengths-visible-your-job-profile-as-key-to-the-job-market-fit-soft-skills-employability\/\"\n\t\t\t\tid=\"sow-carousel-id-2913\"\n\t\t\t\t\t\t\t\ttabindex=\"-1\"\n\t\t\t>\n\n\t\t\t\t29.05.26 |Make your Strengths Visible \u2013 Your Job Profile as Key to the Job Market | FIT: Soft Skills &amp; Employability\t\t\t<\/a>\n\t\t<\/h3>\n\t<\/div>\n\t\t<div class=\"sow-carousel-item\" tabindex=\"-1\" style=\"float: left;\">\n\t\t<div class=\"sow-carousel-thumbnail\">\n\t\t\t\t\t\t\t<a\n\t\t\t\t\thref=\"https:\/\/blogs.uni-siegen.de\/fit-in-siegen\/2025\/09\/14\/14-15-11-german-workshop-deine-heldenreise-entdecke-deine-starken-fahigkeiten-fur-den-beruf-ein-kreativer-workshop\/\"\n\t\t\t\t\t\t\t\t\t\tstyle=\"background-image: url( https:\/\/blogs.uni-siegen.de\/fit-in-siegen\/files\/2025\/09\/pexels-dreamypixel-547116-272x182.jpg )\"\n\t\t\t\t\taria-labelledby=\"sow-carousel-id-2355\"\n\t\t\t\t\ttabindex=\"-1\"\n\t\t\t\t>\n\t\t\t\t\t<span class=\"overlay\"><\/span>\n\t\t\t\t<\/a>\n\t\t\t\t\t<\/div>\n\t\t<h3 class=\"sow-carousel-item-title\">\n\t\t\t<a\n\t\t\t\thref=\"https:\/\/blogs.uni-siegen.de\/fit-in-siegen\/2025\/09\/14\/14-15-11-german-workshop-deine-heldenreise-entdecke-deine-starken-fahigkeiten-fur-den-beruf-ein-kreativer-workshop\/\"\n\t\t\t\tid=\"sow-carousel-id-2355\"\n\t\t\t\t\t\t\t\ttabindex=\"-1\"\n\t\t\t>\n\n\t\t\t\tRecap 14.+15.11. Deutscher Workshop: Deine Heldenreise \u2013 Entdecke deine St\u00e4rken &amp; F\u00e4higkeiten f\u00fcr den Beruf | Ein kreativer Workshop\t\t\t<\/a>\n\t\t<\/h3>\n\t<\/div>\n\t\t<div class=\"sow-carousel-item\" tabindex=\"-1\" style=\"float: left;\">\n\t\t<div class=\"sow-carousel-thumbnail\">\n\t\t\t\t\t\t\t<a\n\t\t\t\t\thref=\"https:\/\/blogs.uni-siegen.de\/fit-in-siegen\/2025\/09\/07\/%f0%9f%8e%a8-your-heros-journey-discover-your-strengths-and-skills-for-your-career-a-creative-workshop\/\"\n\t\t\t\t\t\t\t\t\t\tstyle=\"background-image: url( https:\/\/blogs.uni-siegen.de\/fit-in-siegen\/files\/2025\/09\/pexels-kun-fotografi-506396-1230302-272x182.jpg )\"\n\t\t\t\t\taria-labelledby=\"sow-carousel-id-2349\"\n\t\t\t\t\ttabindex=\"-1\"\n\t\t\t\t>\n\t\t\t\t\t<span class=\"overlay\"><\/span>\n\t\t\t\t<\/a>\n\t\t\t\t\t<\/div>\n\t\t<h3 class=\"sow-carousel-item-title\">\n\t\t\t<a\n\t\t\t\thref=\"https:\/\/blogs.uni-siegen.de\/fit-in-siegen\/2025\/09\/07\/%f0%9f%8e%a8-your-heros-journey-discover-your-strengths-and-skills-for-your-career-a-creative-workshop\/\"\n\t\t\t\tid=\"sow-carousel-id-2349\"\n\t\t\t\t\t\t\t\ttabindex=\"-1\"\n\t\t\t>\n\n\t\t\t\tRecap &#8211; 07.+08.11. Your Hero\u2019s Journey \u2013 Discover your strengths and skills for your career | A creative workshop\t\t\t<\/a>\n\t\t<\/h3>\n\t<\/div>\n\t\t<div class=\"sow-carousel-item\" tabindex=\"-1\" style=\"float: left;\">\n\t\t<div class=\"sow-carousel-thumbnail\">\n\t\t\t\t\t\t\t<a\n\t\t\t\t\thref=\"https:\/\/blogs.uni-siegen.de\/fit-in-siegen\/2025\/09\/01\/de-en-application-guidance-competence-coaching-career-service\/\"\n\t\t\t\t\t\t\t\t\t\tstyle=\"background-image: url( https:\/\/blogs.uni-siegen.de\/fit-in-siegen\/files\/2025\/10\/compass-5261062_640-272x182.jpg )\"\n\t\t\t\t\taria-labelledby=\"sow-carousel-id-2459\"\n\t\t\t\t\ttabindex=\"-1\"\n\t\t\t\t>\n\t\t\t\t\t<span class=\"overlay\"><\/span>\n\t\t\t\t<\/a>\n\t\t\t\t\t<\/div>\n\t\t<h3 class=\"sow-carousel-item-title\">\n\t\t\t<a\n\t\t\t\thref=\"https:\/\/blogs.uni-siegen.de\/fit-in-siegen\/2025\/09\/01\/de-en-application-guidance-competence-coaching-career-service\/\"\n\t\t\t\tid=\"sow-carousel-id-2459\"\n\t\t\t\t\t\t\t\ttabindex=\"-1\"\n\t\t\t>\n\n\t\t\t\tDE + EN: Application Guidance &amp; Competence Coaching | Career Service\t\t\t<\/a>\n\t\t<\/h3>\n\t<\/div>\n\t\t<div class=\"sow-carousel-item\" tabindex=\"-1\" style=\"float: left;\">\n\t\t<div class=\"sow-carousel-thumbnail\">\n\t\t\t\t\t\t\t<a\n\t\t\t\t\thref=\"https:\/\/blogs.uni-siegen.de\/fit-in-siegen\/2025\/07\/30\/c2aw-workshop-developing-skills-fit-soft-skills-employability\/\"\n\t\t\t\t\t\t\t\t\t\tstyle=\"background-image: url( https:\/\/blogs.uni-siegen.de\/fit-in-siegen\/files\/2025\/03\/Skills-272x182.png )\"\n\t\t\t\t\taria-labelledby=\"sow-carousel-id-2278\"\n\t\t\t\t\ttabindex=\"-1\"\n\t\t\t\t>\n\t\t\t\t\t<span class=\"overlay\"><\/span>\n\t\t\t\t<\/a>\n\t\t\t\t\t<\/div>\n\t\t<h3 class=\"sow-carousel-item-title\">\n\t\t\t<a\n\t\t\t\thref=\"https:\/\/blogs.uni-siegen.de\/fit-in-siegen\/2025\/07\/30\/c2aw-workshop-developing-skills-fit-soft-skills-employability\/\"\n\t\t\t\tid=\"sow-carousel-id-2278\"\n\t\t\t\t\t\t\t\ttabindex=\"-1\"\n\t\t\t>\n\n\t\t\t\tc2AW Workshop \u2013 Developing skills | FIT: Soft Skills &amp; Employability\t\t\t<\/a>\n\t\t<\/h3>\n\t<\/div>\n\t\t\t<\/div>\n\t\t\t<\/div>\n\n\t<\/div>\n\t\t<input type=\"hidden\" name=\"instance_hash\" value=\"b0c368bb\"\/>\n\t<\/div>\n<\/div><\/div><div id=\"panel-361-0-0-1\" class=\"so-panel widget widget_sow-editor panel-last-child\" data-index=\"1\" ><div\n\t\t\t\n\t\t\tclass=\"so-widget-sow-editor so-widget-sow-editor-base\"\n\t\t\t\n\t\t>\n<div class=\"siteorigin-widget-tinymce textwidget\">\n\t<p>The<a href=\"https:\/\/career.uni-siegen.de\/career-competence-awareness-workshops-c2aw\/\"> <strong>career competence Awareness Workshops (c2AW)<\/strong><\/a> are part of the overarching university project \"FIT \u2013 Forging International Talents,\" funded by the DAAD as part of the \"Campus Initiative for International Professionals\" with support from the German\u00a0Federal Ministry of Research, Technology and Space\u00a0(BMFTR).<\/p>\n<p>The goal of FIT is to support international students throughout their academic journey (Student Life Cycle) with programs designed to enhance academic success, career readiness, and entry into the German job market. The c2AW contribute significantly by linking students' personal competence profiles with job-related requirements in Germany through two key phases:<\/p>\n<h3><strong>Opening &amp; Awareness: Recognizing Existing Competencies<\/strong><\/h3>\n<ul>\n<li><strong>What skills do I bring to my studies?<\/strong><\/li>\n<li><strong>What are my personal strengths and talents?<\/strong><\/li>\n<li><strong>How can I effectively apply these competencies?<\/strong><\/li>\n<\/ul>\n<p>The \"Opening &amp; Awareness\" workshops help international students identify and reflect on their competencies and strengths. Participants learn how to utilize these effectively in their studies while identifying areas for further development. The workshops also serve as spaces for networking, collaboration, and exchange.<\/p>\n<h3><strong>Growth: Enhancing Competence Profiles for Career Entry<\/strong><\/h3>\n<ul>\n<li><strong>What skills have I developed further during my studies at the University of Siegen?<\/strong><\/li>\n<li><strong>How does my competence profile align with job-related requirements?<\/strong><\/li>\n<li><strong>Which skills will help me succeed in the German job market?<\/strong><\/li>\n<\/ul>\n<p>The \"Growth\" workshops focus on helping students articulate and reflect on the skills acquired or enhanced during their studies. They explore how these skills align with professional and societal demands in Germany, incorporating elements like <strong>Green and Future Skills<\/strong> into their profiles.<\/p>\n<p><strong>Flexibility and Recommendation:<\/strong><br \/>\nStudents can attend workshops individually, but for a comprehensive approach to personal development and visibility of progress, participation in both \"Opening &amp; Awareness\" and \"Growth\" workshops is encouraged.<\/p>\n<p>The Career Service offers also many other workshops and advice sessions in both German and English throughout the semester:\u00a0<a href=\"https:\/\/career.uni-siegen.de\/workshops\/\">Look at the workshop offers from our Career Service<\/a><\/p>\n<div class=\"wp-block-group\">\n<div class=\"wp-block-group__inner-container is-layout-constrained wp-block-group-is-layout-constrained\"><\/div>\n<\/div>\n<\/div>\n<\/div><\/div><\/div><\/div><div id=\"pg-361-1\"  class=\"panel-grid panel-no-style\" ><div id=\"pgc-361-1-0\"  class=\"panel-grid-cell panel-grid-cell-empty\" ><\/div><div id=\"pgc-361-1-1\"  class=\"panel-grid-cell panel-grid-cell-mobile-last\" ><div id=\"panel-361-1-1-0\" class=\"so-panel widget widget_sow-editor panel-first-child panel-last-child\" data-index=\"2\" ><div\n\t\t\t\n\t\t\tclass=\"so-widget-sow-editor so-widget-sow-editor-base\"\n\t\t\t\n\t\t>\n<div class=\"siteorigin-widget-tinymce textwidget\">\n\t<p style=\"text-align: center\"><strong>Do you have questions or need any consulting regard your career perspectives?<\/strong><\/p>\n<p style=\"text-align: center\"><img loading=\"lazy\" decoding=\"async\" class=\"alignnone size-medium wp-image-1249\" src=\"http:\/\/blogs.uni-siegen.de\/fit-in-siegen\/files\/2025\/02\/af1bdca1-200x300.jpg\" alt=\"\" width=\"200\" height=\"300\" srcset=\"https:\/\/blogs.uni-siegen.de\/fit-in-siegen\/files\/2025\/02\/af1bdca1-200x300.jpg 200w, https:\/\/blogs.uni-siegen.de\/fit-in-siegen\/files\/2025\/02\/af1bdca1-684x1024.jpg 684w, https:\/\/blogs.uni-siegen.de\/fit-in-siegen\/files\/2025\/02\/af1bdca1-768x1151.jpg 768w, https:\/\/blogs.uni-siegen.de\/fit-in-siegen\/files\/2025\/02\/af1bdca1-1025x1536.jpg 1025w, https:\/\/blogs.uni-siegen.de\/fit-in-siegen\/files\/2025\/02\/af1bdca1-1367x2048.jpg 1367w, https:\/\/blogs.uni-siegen.de\/fit-in-siegen\/files\/2025\/02\/af1bdca1-scaled.jpg 1709w\" sizes=\"auto, (max-width: 200px) 100vw, 200px\" \/><\/p>\n<h3 style=\"text-align: center\">Bianca Geurden<\/h3>\n<p style=\"text-align: center\"><strong><em>FIT-Coordination c2AW<\/em><\/strong><\/p>\n<p>&nbsp;<\/p>\n<p style=\"text-align: center\">Phone: 0271\/740-5378<br \/>\nE-Mail:\u00a0<a href=\"mailto:bianca.geurden@uni-siegen.de\">bianca.geurden@uni-siegen.de<\/a><\/p>\n<p style=\"text-align: center\">Universit\u00e4t Siegen<br \/>\n<em>Career Service<br \/>\n<\/em>H\u00f6lderlinstr. 3 | H-C 7323\/2<br \/>\n57076 Siegen<\/p>\n<p>&nbsp;<\/p>\n<p><img loading=\"lazy\" decoding=\"async\" class=\" wp-image-1248 aligncenter\" src=\"http:\/\/blogs.uni-siegen.de\/fit-in-siegen\/files\/2025\/02\/CS_Logo-300x111.jpg\" alt=\"\" width=\"224\" height=\"83\" srcset=\"https:\/\/blogs.uni-siegen.de\/fit-in-siegen\/files\/2025\/02\/CS_Logo-300x111.jpg 300w, https:\/\/blogs.uni-siegen.de\/fit-in-siegen\/files\/2025\/02\/CS_Logo-1024x380.jpg 1024w, https:\/\/blogs.uni-siegen.de\/fit-in-siegen\/files\/2025\/02\/CS_Logo-768x285.jpg 768w, https:\/\/blogs.uni-siegen.de\/fit-in-siegen\/files\/2025\/02\/CS_Logo-1536x570.jpg 1536w, https:\/\/blogs.uni-siegen.de\/fit-in-siegen\/files\/2025\/02\/CS_Logo.jpg 1921w\" sizes=\"auto, (max-width: 224px) 100vw, 224px\" \/><\/p>\n<p style=\"text-align: center\">\n<\/div>\n<\/div><\/div><\/div><div id=\"pgc-361-1-2\"  class=\"panel-grid-cell panel-grid-cell-empty\" ><\/div><\/div><\/div>","protected":false},"excerpt":{"rendered":"<p>The career competence Awareness Workshops (c2AW) are part of the overarching university project &#8220;FIT \u2013 Forging International Talents,&#8221; funded by the DAAD as part of the &#8220;Campus Initiative for International Professionals&#8221; with support from the German\u00a0Federal Ministry of Research, Technology and Space\u00a0(BMFTR). The goal of FIT is to support international students throughout their academic journey &hellip; <\/p>\n<p class=\"link-more\"><a href=\"https:\/\/blogs.uni-siegen.de\/fit-in-siegen\/components-of-fit\/soft-skills-employability\/career-competences\/\" class=\"more-link\">Continue reading<span class=\"screen-reader-text\"> &#8220;Career Competence Awareness Workshops (c2AW)&#8221;<\/span><\/a><\/p>\n","protected":false},"author":631,"featured_media":0,"parent":193,"menu_order":2,"comment_status":"closed","ping_status":"closed","template":"","meta":{"footnotes":""},"class_list":["post-361","page","type-page","status-publish","hentry"],"_links":{"self":[{"href":"https:\/\/blogs.uni-siegen.de\/fit-in-siegen\/wp-json\/wp\/v2\/pages\/361","targetHints":{"allow":["GET"]}}],"collection":[{"href":"https:\/\/blogs.uni-siegen.de\/fit-in-siegen\/wp-json\/wp\/v2\/pages"}],"about":[{"href":"https:\/\/blogs.uni-siegen.de\/fit-in-siegen\/wp-json\/wp\/v2\/types\/page"}],"author":[{"embeddable":true,"href":"https:\/\/blogs.uni-siegen.de\/fit-in-siegen\/wp-json\/wp\/v2\/users\/631"}],"replies":[{"embeddable":true,"href":"https:\/\/blogs.uni-siegen.de\/fit-in-siegen\/wp-json\/wp\/v2\/comments?post=361"}],"version-history":[{"count":9,"href":"https:\/\/blogs.uni-siegen.de\/fit-in-siegen\/wp-json\/wp\/v2\/pages\/361\/revisions"}],"predecessor-version":[{"id":2937,"href":"https:\/\/blogs.uni-siegen.de\/fit-in-siegen\/wp-json\/wp\/v2\/pages\/361\/revisions\/2937"}],"up":[{"embeddable":true,"href":"https:\/\/blogs.uni-siegen.de\/fit-in-siegen\/wp-json\/wp\/v2\/pages\/193"}],"wp:attachment":[{"href":"https:\/\/blogs.uni-siegen.de\/fit-in-siegen\/wp-json\/wp\/v2\/media?parent=361"}],"curies":[{"name":"wp","href":"https:\/\/api.w.org\/{rel}","templated":true}]}}