{"id":105,"date":"2012-01-04T07:34:43","date_gmt":"2012-01-04T07:34:43","guid":{"rendered":"http:\/\/blogs.uni-siegen.de\/froehlich\/?page_id=105"},"modified":"2020-05-22T15:05:50","modified_gmt":"2020-05-22T15:05:50","slug":"ein-seehund-am-aquator","status":"publish","type":"page","link":"https:\/\/blogs.uni-siegen.de\/froehlich\/videos\/ein-seehund-am-aquator\/","title":{"rendered":"Ein Seehund am \u00c4quator"},"content":{"rendered":"<p>Kl\u00e4rung eines \u00fcberraschenden Sachverhalts mit elementarer Mathematik<\/p>\n<div style=\"width: 584px;\" class=\"wp-video\"><!--[if lt IE 9]><script>document.createElement('video');<\/script><![endif]-->\n<video class=\"wp-video-shortcode\" id=\"video-105-1\" width=\"584\" height=\"329\" preload=\"metadata\" controls=\"controls\"><source type=\"video\/mp4\" src=\"http:\/\/blogs.uni-siegen.de\/froehlich\/files\/2012\/08\/Ein-Seehund-am-Aequator.mp4?_=1\" \/><a href=\"http:\/\/blogs.uni-siegen.de\/froehlich\/files\/2012\/08\/Ein-Seehund-am-Aequator.mp4\">http:\/\/blogs.uni-siegen.de\/froehlich\/files\/2012\/08\/Ein-Seehund-am-Aequator.mp4<\/a><\/video><\/div>\n","protected":false},"excerpt":{"rendered":"<p>Kl\u00e4rung eines \u00fcberraschenden Sachverhalts mit elementarer Mathematik<\/p>\n","protected":false},"author":71,"featured_media":0,"parent":109,"menu_order":0,"comment_status":"closed","ping_status":"closed","template":"sidebar-page.php","meta":{"footnotes":""},"class_list":["post-105","page","type-page","status-publish","hentry"],"_links":{"self":[{"href":"https:\/\/blogs.uni-siegen.de\/froehlich\/wp-json\/wp\/v2\/pages\/105","targetHints":{"allow":["GET"]}}],"collection":[{"href":"https:\/\/blogs.uni-siegen.de\/froehlich\/wp-json\/wp\/v2\/pages"}],"about":[{"href":"https:\/\/blogs.uni-siegen.de\/froehlich\/wp-json\/wp\/v2\/types\/page"}],"author":[{"embeddable":true,"href":"https:\/\/blogs.uni-siegen.de\/froehlich\/wp-json\/wp\/v2\/users\/71"}],"replies":[{"embeddable":true,"href":"https:\/\/blogs.uni-siegen.de\/froehlich\/wp-json\/wp\/v2\/comments?post=105"}],"version-history":[{"count":7,"href":"https:\/\/blogs.uni-siegen.de\/froehlich\/wp-json\/wp\/v2\/pages\/105\/revisions"}],"predecessor-version":[{"id":284,"href":"https:\/\/blogs.uni-siegen.de\/froehlich\/wp-json\/wp\/v2\/pages\/105\/revisions\/284"}],"up":[{"embeddable":true,"href":"https:\/\/blogs.uni-siegen.de\/froehlich\/wp-json\/wp\/v2\/pages\/109"}],"wp:attachment":[{"href":"https:\/\/blogs.uni-siegen.de\/froehlich\/wp-json\/wp\/v2\/media?parent=105"}],"curies":[{"name":"wp","href":"https:\/\/api.w.org\/{rel}","templated":true}]}}