{"id":116,"date":"2012-01-04T07:38:10","date_gmt":"2012-01-04T07:38:10","guid":{"rendered":"http:\/\/blogs.uni-siegen.de\/froehlich\/?page_id=116"},"modified":"2020-05-22T15:05:50","modified_gmt":"2020-05-22T15:05:50","slug":"impressum","status":"publish","type":"page","link":"https:\/\/blogs.uni-siegen.de\/froehlich\/impressum\/","title":{"rendered":"Impressum"},"content":{"rendered":"<h2>Dienstanbieter:<\/h2>\n<p>Universit\u00e4t Siegen<\/p>\n<h2>Anschrift:<\/h2>\n<p>Universit\u00e4t Siegen<br \/>\nHerrengarten 3<br \/>\n57072 Siegen<\/p>\n<p>Umsatzsteuer-Identifikationsnummer gem\u00e4\u00df \u00a7 27 a Umsatzsteuergesetz: DE 154854171.<\/p>\n<h2>Inhaltliche Verantwortung nach \u00a7 55 RfStV:<\/h2>\n<p>Werner Fr\u00f6hlich<br \/>\nWalter-Flex-Str. 3<br \/>\nD-57068 Siegen<\/p>\n<p>froehlich@mathematik.uni-siegen.de<\/p>\n<h2>Rechtsform:<\/h2>\n<p>Die Universit\u00e4t Siegen ist eine K\u00f6rperschaft des \u00f6ffentlichen Rechts und zugleich eine Einrichtung des Landes Nordrhein-Westfalen.<br \/>\nSie wird vertreten durch den Rektor Univ.-Prof. Dr. Holger Burckhart.<\/p>\n<h2>Zust\u00e4ndige Aufsichtsbeh\u00f6rde<\/h2>\n<p>Ministerium f\u00fcr Innovation, Wissenschaft, Forschung des Landes Nordrhein-Westfalen.<\/p>\n<p>&nbsp;<\/p>\n","protected":false},"excerpt":{"rendered":"<p>Dienstanbieter: Universit\u00e4t Siegen Anschrift: Universit\u00e4t Siegen Herrengarten 3 57072 Siegen Umsatzsteuer-Identifikationsnummer gem\u00e4\u00df \u00a7 27 a Umsatzsteuergesetz: DE 154854171. Inhaltliche Verantwortung nach \u00a7 55 RfStV: Werner Fr\u00f6hlich Walter-Flex-Str. 3 D-57068 Siegen froehlich@mathematik.uni-siegen.de Rechtsform: Die Universit\u00e4t Siegen ist eine K\u00f6rperschaft des \u00f6ffentlichen &hellip; <a href=\"https:\/\/blogs.uni-siegen.de\/froehlich\/impressum\/\">Weiterlesen <span class=\"meta-nav\">&rarr;<\/span><\/a><\/p>\n","protected":false},"author":71,"featured_media":0,"parent":0,"menu_order":10,"comment_status":"closed","ping_status":"closed","template":"sidebar-page.php","meta":{"footnotes":""},"class_list":["post-116","page","type-page","status-publish","hentry"],"_links":{"self":[{"href":"https:\/\/blogs.uni-siegen.de\/froehlich\/wp-json\/wp\/v2\/pages\/116","targetHints":{"allow":["GET"]}}],"collection":[{"href":"https:\/\/blogs.uni-siegen.de\/froehlich\/wp-json\/wp\/v2\/pages"}],"about":[{"href":"https:\/\/blogs.uni-siegen.de\/froehlich\/wp-json\/wp\/v2\/types\/page"}],"author":[{"embeddable":true,"href":"https:\/\/blogs.uni-siegen.de\/froehlich\/wp-json\/wp\/v2\/users\/71"}],"replies":[{"embeddable":true,"href":"https:\/\/blogs.uni-siegen.de\/froehlich\/wp-json\/wp\/v2\/comments?post=116"}],"version-history":[{"count":7,"href":"https:\/\/blogs.uni-siegen.de\/froehlich\/wp-json\/wp\/v2\/pages\/116\/revisions"}],"predecessor-version":[{"id":304,"href":"https:\/\/blogs.uni-siegen.de\/froehlich\/wp-json\/wp\/v2\/pages\/116\/revisions\/304"}],"wp:attachment":[{"href":"https:\/\/blogs.uni-siegen.de\/froehlich\/wp-json\/wp\/v2\/media?parent=116"}],"curies":[{"name":"wp","href":"https:\/\/api.w.org\/{rel}","templated":true}]}}