{"id":78,"date":"2012-01-04T07:06:15","date_gmt":"2012-01-04T07:06:15","guid":{"rendered":"http:\/\/blogs.uni-siegen.de\/froehlich\/?page_id=78"},"modified":"2020-05-22T15:05:50","modified_gmt":"2020-05-22T15:05:50","slug":"mathe","status":"publish","type":"page","link":"https:\/\/blogs.uni-siegen.de\/froehlich\/","title":{"rendered":"Prof. Werner Fr\u00f6hlich"},"content":{"rendered":"<p>Ziel der online gestellten Videos ist: mathematische Begriffe, Vorgehensweisen und Begr\u00fcndungen so darzustellen, dass sie allgemein verst\u00e4ndlich werden und das Vorurteil, Mathematik sei \u00f6de, widerlegt wird.<\/p>\n<p>Dabei wird auf geschliffene Sprache und Darstellung verzichtet, auf Genauigkeit und kritisches Mitdenken nicht.<\/p>\n","protected":false},"excerpt":{"rendered":"<p>Ziel der online gestellten Videos ist: mathematische Begriffe, Vorgehensweisen und Begr\u00fcndungen so darzustellen, dass sie allgemein verst\u00e4ndlich werden und das Vorurteil, Mathematik sei \u00f6de, widerlegt wird. Dabei wird auf geschliffene Sprache und Darstellung verzichtet, auf Genauigkeit und kritisches Mitdenken nicht.<\/p>\n","protected":false},"author":71,"featured_media":0,"parent":0,"menu_order":0,"comment_status":"closed","ping_status":"closed","template":"sidebar-page.php","meta":{"footnotes":""},"class_list":["post-78","page","type-page","status-publish","hentry"],"_links":{"self":[{"href":"https:\/\/blogs.uni-siegen.de\/froehlich\/wp-json\/wp\/v2\/pages\/78","targetHints":{"allow":["GET"]}}],"collection":[{"href":"https:\/\/blogs.uni-siegen.de\/froehlich\/wp-json\/wp\/v2\/pages"}],"about":[{"href":"https:\/\/blogs.uni-siegen.de\/froehlich\/wp-json\/wp\/v2\/types\/page"}],"author":[{"embeddable":true,"href":"https:\/\/blogs.uni-siegen.de\/froehlich\/wp-json\/wp\/v2\/users\/71"}],"replies":[{"embeddable":true,"href":"https:\/\/blogs.uni-siegen.de\/froehlich\/wp-json\/wp\/v2\/comments?post=78"}],"version-history":[{"count":9,"href":"https:\/\/blogs.uni-siegen.de\/froehlich\/wp-json\/wp\/v2\/pages\/78\/revisions"}],"predecessor-version":[{"id":303,"href":"https:\/\/blogs.uni-siegen.de\/froehlich\/wp-json\/wp\/v2\/pages\/78\/revisions\/303"}],"wp:attachment":[{"href":"https:\/\/blogs.uni-siegen.de\/froehlich\/wp-json\/wp\/v2\/media?parent=78"}],"curies":[{"name":"wp","href":"https:\/\/api.w.org\/{rel}","templated":true}]}}