{"id":10,"date":"2019-06-23T21:37:30","date_gmt":"2019-06-23T19:37:30","guid":{"rendered":"http:\/\/blogs.uni-siegen.de\/gerontologie-siegen\/?page_id=10"},"modified":"2022-03-14T18:05:04","modified_gmt":"2022-03-14T17:05:04","slug":"kontakte","status":"publish","type":"page","link":"https:\/\/blogs.uni-siegen.de\/gerontologie-siegen\/kontakte\/","title":{"rendered":"Kontakte"},"content":{"rendered":"<p>Sie erreichen uns pers\u00f6nlich unter folgender e-Mail Adresse:<\/p>\n<p><a href=\"mailto:genesi@uni-siegen.de\">genesi@uni-siegen.de<\/a><\/p>\n<p>Bei Interesse sich in unserem Netzwerk auszutauschen oder Neuigkeiten \u00fcber laufende Aktivit\u00e4ten zu erfahren, k\u00f6nnen Sie sich auch gerne an unserer Maillingliste unter: <a href=\"https:\/\/www.listserv.dfn.de\/sympa\/info\/genesi\" rel=\"noopener\" target=\"_blank\">https:\/\/www.listserv.dfn.de\/sympa\/info\/genesi<\/a> anmelden!<\/p>\n<p>Wie freuen uns \u00fcber ihre Beteiligung und ihr Interesse!<\/p>\n","protected":false},"excerpt":{"rendered":"<p>Sie erreichen uns pers\u00f6nlich unter folgender e-Mail Adresse: genesi@uni-siegen.de Bei Interesse sich in unserem Netzwerk auszutauschen oder Neuigkeiten \u00fcber laufende Aktivit\u00e4ten zu erfahren, k\u00f6nnen Sie sich auch gerne an unserer Maillingliste unter: https:\/\/www.listserv.dfn.de\/sympa\/info\/genesi anmelden! Wie freuen uns \u00fcber ihre Beteiligung und ihr Interesse!<\/p>\n","protected":false},"author":382,"featured_media":0,"parent":0,"menu_order":6,"comment_status":"closed","ping_status":"closed","template":"","meta":{"footnotes":""},"class_list":["post-10","page","type-page","status-publish","hentry"],"_links":{"self":[{"href":"https:\/\/blogs.uni-siegen.de\/gerontologie-siegen\/wp-json\/wp\/v2\/pages\/10","targetHints":{"allow":["GET"]}}],"collection":[{"href":"https:\/\/blogs.uni-siegen.de\/gerontologie-siegen\/wp-json\/wp\/v2\/pages"}],"about":[{"href":"https:\/\/blogs.uni-siegen.de\/gerontologie-siegen\/wp-json\/wp\/v2\/types\/page"}],"author":[{"embeddable":true,"href":"https:\/\/blogs.uni-siegen.de\/gerontologie-siegen\/wp-json\/wp\/v2\/users\/382"}],"replies":[{"embeddable":true,"href":"https:\/\/blogs.uni-siegen.de\/gerontologie-siegen\/wp-json\/wp\/v2\/comments?post=10"}],"version-history":[{"count":5,"href":"https:\/\/blogs.uni-siegen.de\/gerontologie-siegen\/wp-json\/wp\/v2\/pages\/10\/revisions"}],"predecessor-version":[{"id":419,"href":"https:\/\/blogs.uni-siegen.de\/gerontologie-siegen\/wp-json\/wp\/v2\/pages\/10\/revisions\/419"}],"wp:attachment":[{"href":"https:\/\/blogs.uni-siegen.de\/gerontologie-siegen\/wp-json\/wp\/v2\/media?parent=10"}],"curies":[{"name":"wp","href":"https:\/\/api.w.org\/{rel}","templated":true}]}}