{"id":2,"date":"2019-03-21T10:27:46","date_gmt":"2019-03-21T09:27:46","guid":{"rendered":"http:\/\/blogs.uni-siegen.de\/gerontologie-siegen\/?page_id=2"},"modified":"2019-10-26T13:22:31","modified_gmt":"2019-10-26T11:22:31","slug":"gerontologie-netzwerk-siegen","status":"publish","type":"page","link":"https:\/\/blogs.uni-siegen.de\/gerontologie-siegen\/","title":{"rendered":"GeNeSi"},"content":{"rendered":"<h1><strong>Gerontologie Netzwerk Siegen (GeNeSi)<\/strong><\/h1>\n<p>Im Gerontologie-Netzwerk Siegen (GeNeSi) arbeiten Wissenschaftler der allermeisten an der Universit\u00e4t Siegen vorhandenen Disziplinen an interdisziplin\u00e4ren Forschungsprojekten zusammen mit regionalen Partnern aus Gesundheit, Wirtschaft, Politik und Pflege.<\/p>\n<p>GeNeSi wurde 2016 durch die vier Fakult\u00e4ten der Universit\u00e4t Siegen und dem Forschungskolleg Siegen (FoKoS) gegr\u00fcndet. Die Vernetzung durch GeNeSi erm\u00f6glicht eine regelm\u00e4\u00dfige Kommunikation zwischen den Forschern. Sie f\u00f6rdert das Verst\u00e4ndnis f\u00fcr die Diskurse der einzelner Disziplinen zu verschiedenen Aspekten des Alterns und einen Wissenstransfer, um gesundheitsrelevante, technologie-unterst\u00fctzte und gesellschaftlich verankerte L\u00f6sungen zu entwickeln und zu verbessern.<\/p>\n<p>&nbsp;<\/p>\n<figure><a href=\"https:\/\/www.uni-siegen.de\/start\/\" target=\"_blank\"><img loading=\"lazy\" decoding=\"async\" src=\"http:\/\/www.uni-siegen.de\/presse\/relaunch\/downloads\/cd\/uni-siegen_farbig_rgb.jpg?lang=de\" height=\"130\" width=\"130\" align=\"left\" vspace=\"10\" hspace=\"10\" alt=\"Logo_Uni_Siegen\" \/><\/a><\/figure>\n<p>&nbsp;<\/p>\n","protected":false},"excerpt":{"rendered":"<p>Gerontologie Netzwerk Siegen (GeNeSi) Im Gerontologie-Netzwerk Siegen (GeNeSi) arbeiten Wissenschaftler der allermeisten an der Universit\u00e4t Siegen vorhandenen Disziplinen an interdisziplin\u00e4ren Forschungsprojekten zusammen mit regionalen Partnern aus Gesundheit, Wirtschaft, Politik und Pflege. GeNeSi wurde 2016 durch die vier Fakult\u00e4ten der Universit\u00e4t Siegen und dem Forschungskolleg Siegen (FoKoS) gegr\u00fcndet. Die Vernetzung durch GeNeSi erm\u00f6glicht eine regelm\u00e4\u00dfige Kommunikation &hellip; <\/p>\n<p class=\"link-more\"><a href=\"https:\/\/blogs.uni-siegen.de\/gerontologie-siegen\/\" class=\"more-link\"><span class=\"screen-reader-text\">\u201eGeNeSi\u201c <\/span>weiterlesen<\/a><\/p>\n","protected":false},"author":145,"featured_media":0,"parent":0,"menu_order":1,"comment_status":"closed","ping_status":"closed","template":"","meta":{"footnotes":""},"class_list":["post-2","page","type-page","status-publish","hentry"],"_links":{"self":[{"href":"https:\/\/blogs.uni-siegen.de\/gerontologie-siegen\/wp-json\/wp\/v2\/pages\/2","targetHints":{"allow":["GET"]}}],"collection":[{"href":"https:\/\/blogs.uni-siegen.de\/gerontologie-siegen\/wp-json\/wp\/v2\/pages"}],"about":[{"href":"https:\/\/blogs.uni-siegen.de\/gerontologie-siegen\/wp-json\/wp\/v2\/types\/page"}],"author":[{"embeddable":true,"href":"https:\/\/blogs.uni-siegen.de\/gerontologie-siegen\/wp-json\/wp\/v2\/users\/145"}],"replies":[{"embeddable":true,"href":"https:\/\/blogs.uni-siegen.de\/gerontologie-siegen\/wp-json\/wp\/v2\/comments?post=2"}],"version-history":[{"count":39,"href":"https:\/\/blogs.uni-siegen.de\/gerontologie-siegen\/wp-json\/wp\/v2\/pages\/2\/revisions"}],"predecessor-version":[{"id":260,"href":"https:\/\/blogs.uni-siegen.de\/gerontologie-siegen\/wp-json\/wp\/v2\/pages\/2\/revisions\/260"}],"wp:attachment":[{"href":"https:\/\/blogs.uni-siegen.de\/gerontologie-siegen\/wp-json\/wp\/v2\/media?parent=2"}],"curies":[{"name":"wp","href":"https:\/\/api.w.org\/{rel}","templated":true}]}}