{"id":25,"date":"2019-06-23T22:28:08","date_gmt":"2019-06-23T20:28:08","guid":{"rendered":"http:\/\/blogs.uni-siegen.de\/gerontologie-siegen\/?page_id=25"},"modified":"2019-12-05T15:26:04","modified_gmt":"2019-12-05T14:26:04","slug":"kooperationspartner","status":"publish","type":"page","link":"https:\/\/blogs.uni-siegen.de\/gerontologie-siegen\/gerontologie-netzwerk-siegen\/kooperationspartner\/","title":{"rendered":"Kooperationspartner"},"content":{"rendered":"<h2>Kooperationspartner<\/h2>\n<p>Wir freuen uns \u00fcber Kooperationen mit folgenden Partnern: <\/p>\n<ul>\n<li><a href=\"http:\/\/www.ffg.tu-dortmund.de\/cms\/de\/Startseite\/index.html\" rel=\"noopener\" target=\"_blank\">Institut f\u00fcr Gerontologie der Technischen Universit\u00e4t Dortmund<\/a> <\/li>\n<\/ul>\n","protected":false},"excerpt":{"rendered":"<p>Kooperationspartner Wir freuen uns \u00fcber Kooperationen mit folgenden Partnern: Institut f\u00fcr Gerontologie der Technischen Universit\u00e4t Dortmund<\/p>\n","protected":false},"author":382,"featured_media":0,"parent":2,"menu_order":3,"comment_status":"closed","ping_status":"closed","template":"","meta":{"footnotes":""},"class_list":["post-25","page","type-page","status-publish","hentry"],"_links":{"self":[{"href":"https:\/\/blogs.uni-siegen.de\/gerontologie-siegen\/wp-json\/wp\/v2\/pages\/25","targetHints":{"allow":["GET"]}}],"collection":[{"href":"https:\/\/blogs.uni-siegen.de\/gerontologie-siegen\/wp-json\/wp\/v2\/pages"}],"about":[{"href":"https:\/\/blogs.uni-siegen.de\/gerontologie-siegen\/wp-json\/wp\/v2\/types\/page"}],"author":[{"embeddable":true,"href":"https:\/\/blogs.uni-siegen.de\/gerontologie-siegen\/wp-json\/wp\/v2\/users\/382"}],"replies":[{"embeddable":true,"href":"https:\/\/blogs.uni-siegen.de\/gerontologie-siegen\/wp-json\/wp\/v2\/comments?post=25"}],"version-history":[{"count":4,"href":"https:\/\/blogs.uni-siegen.de\/gerontologie-siegen\/wp-json\/wp\/v2\/pages\/25\/revisions"}],"predecessor-version":[{"id":375,"href":"https:\/\/blogs.uni-siegen.de\/gerontologie-siegen\/wp-json\/wp\/v2\/pages\/25\/revisions\/375"}],"up":[{"embeddable":true,"href":"https:\/\/blogs.uni-siegen.de\/gerontologie-siegen\/wp-json\/wp\/v2\/pages\/2"}],"wp:attachment":[{"href":"https:\/\/blogs.uni-siegen.de\/gerontologie-siegen\/wp-json\/wp\/v2\/media?parent=25"}],"curies":[{"name":"wp","href":"https:\/\/api.w.org\/{rel}","templated":true}]}}