{"id":270,"date":"2019-10-26T13:38:57","date_gmt":"2019-10-26T11:38:57","guid":{"rendered":"http:\/\/blogs.uni-siegen.de\/gerontologie-siegen\/?page_id=270"},"modified":"2019-12-05T15:20:06","modified_gmt":"2019-12-05T14:20:06","slug":"publikationen","status":"publish","type":"page","link":"https:\/\/blogs.uni-siegen.de\/gerontologie-siegen\/forschungsgebiet\/publikationen\/","title":{"rendered":"Publikationen"},"content":{"rendered":"<h2>Publikationen<\/h2>\n<h3>2019<\/h3>\n<ol>\n<li>Hesse, M., Forstmeier, S., Cuhls, H., &amp; Radbruch, L. (accepted). Volunteers in a biography project with palliative care patients \u2013 a feasibility study. BMC Palliative Care.<\/li>\n<li>Hesse, M., Forstmeier, S., Mochamat, M., &amp; Radbruch, L. (2019). A review of biographical work in palliative care. Indian Journal of Palliative Care, 25, 445-454.<\/li>\n<li>Zimmermann, A., Kirschner, H., Singh, S., Altmann, U., Mill, W., Forstmeier, S. &amp; Strauss, B. (2019). Praxistaugliche Materialien zur Durchf\u00fchrung von Lebensr\u00fcckblicken: Entwicklung und Evaluation von Ma\u00dfnahmen zur F\u00f6rderung psychischer Gesundheit im Alter. Psychotherapeut, 64, 31-37.<\/li>\n<li>Kirschner, H., Zimmermann, A., Singh, S., Forstmeier, S., Mill, W., Werner, B. &amp; Strauss, B. (2019). \u201eErinnern, erz\u00e4hlen, dabei sein\u201c \u2013 Teilhabe \u00e4lterer Menschen durch Lebensr\u00fcckblickinterviews. Pr\u00e4vention und Gesundheitsf\u00f6rderung, 14, . DOI: 10.1007\/s11553-018-0677-7<\/li>\n<h3>2018<\/h3>\n<li>Zimmermann, S. &amp; Forstmeier, S. (2018). From Fragments to Identity: Reminiscence, Life Review and Well-being of Holocaust Survivors. An Integrative Review. Aging &amp; Mental Health, Dec 6:1-25. doi: 10.1080\/13607863.2018.1525608.<\/li>\n<li>Thoma, M.V., Forstmeier, S., Schmid, R., Keller, O., Xepapadakos, F., Schreiter Gasser, U., Blessing, A., Ropohl, A., Bieri-Br\u00fcnig, G., Debeer, D., &amp; Maercker, A. (2018). Preliminary evidence for an increased likelihood of a stable trajectory in mild cognitive impairment in individuals with higher motivational abilities. BMC Geriatrics, 18(181). https:\/\/doi.org\/10.1186\/s12877-018-0865-5<\/li>\n<li>G\u00f6llner, L., Ballhausen, N., Kliegel, M. &amp; Forstmeier, S. (2018). Delay of Gratification, Delay Discounting and their Associations with Age, Episodic Future Thinking, and Future Time Perspective. Frontiers in Psychology, Jan 25;8:2304. doi: 10.3389\/fpsyg.2017.02304.<\/li>\n<li>Forstmeier, S., Peters, M., Schmitt, H.-J., Wendisch, G., Zimmermann, S., K\u00f6berl, A. M. (2018). Behandlungsergebnisse zur Psychosomatischen Rehabilitation \u00fcber 70j\u00e4hriger Patienten. Psychotherapie im Alter, 15, 67-86.<\/li>\n<h3>2017<\/h3>\n<li>Forstmeier, S. &amp; Roth, T. (2017). Kognitive Verhaltenstherapie f\u00fcr Patienten mit leichter Alzheimer-Demenz und ihre Angeh\u00f6rigen. Berlin: Springer.<\/li>\n<li>Bohlken, J., Weber, S. A., Forstmeier, S., Kohlmann, T. &amp; Rapp, M. A. (2017). Reminiscence therapy for depression in dementia: An observational study with matched pairs. GeroPsych: The Journal of Gerontopsychology and Geriatric Psychiatry, 30, 145-151.<\/li>\n<li>Pfeifer, L., Horn, A. B., Maercker, A. &amp; Forstmeier, S. (2017). Caregiver perception of apathy in persons with mild cognitive impairment or Alzheimer&#8217;s disease: a longitudinal study. Aging and Mental Health, 21, 494-500.<\/li>\n<li>Fankhauser, S., Maercker, A. &amp; Forstmeier, S. (2017). Social network and cognitive functioning in old age. Zeitschrift f\u00fcr Gerontologie und Geriatrie, 50, 123-131.<\/li>\n<li>Thoma, V. M., Maercker, A. &amp; Forstmeier, S. (2017). Evidence for different trajectories of delay discounting in older adults with mild cognitive impairment and mild Alzheimer\u2019s disease. Journal of Gerontology: Psychological Sciences, 72, 956-965.<\/li>\n<h3>2016<\/h3>\n<li>H\u00e4nggi, J., Lohrey, C., Drobetz, R, Baetschmann, H., Forstmeier, S., Maercker, A., J\u00e4ncke, L. (2016). Strength of structural and functional frontostriatal connectivity predicts self-control in the healthy elderly. Frontiers in Aging Neuroscience, 8, 307. doi: 10.3389\/fnagi.2016.00307<\/li>\n<h3>2015<\/h3>\n<li>Forstmeier, S. &amp; Maercker, A. (2015). Motivational processes in mild cognitive impairment and Alzheimer&#8217;s disease: results from the Motivational Reserve in Alzheimer&#8217;s (MoReA) study. BMC Psychiatry, 15(1), 293.<\/li>\n<li>Forstmeier, S., Maercker, A., Savaskan, E. &amp; Roth, T. (2015). Cognitive behavioural treatment for mild Alzheimer&#8217;s patients and their caregivers (CBTAC): study protocol for a randomized controlled trial. Trials, 16(1), 526.<\/li>\n<li>Simmen-Janevska, K., Forstmeier, S., Krammer, S. &amp; Maercker, A. (2015). Does Trauma impair self-control? Differences in delay discounting between former indentured child laborers and non-traumatized controls. Violence and Victims, 30, 1068-1081.<\/li>\n<li>Fankhauser, S., Forstmeier, S., Maercker, A., Luppa, M., Luck, T. &amp; Riedel-Heller, S. G. (2015). Risk of dementia in older adults with low versus high occupation-based motivational processes: Differential impact of frequency and proximity of social network. Journal of Geriatric Psychiatry and Neurology, 28, 126-135.<\/li>\n<\/ol>\n","protected":false},"excerpt":{"rendered":"<p>Publikationen 2019 Hesse, M., Forstmeier, S., Cuhls, H., &amp; Radbruch, L. (accepted). Volunteers in a biography project with palliative care patients \u2013 a feasibility study. BMC Palliative Care. Hesse, M., Forstmeier, S., Mochamat, M., &amp; Radbruch, L. (2019). A review of biographical work in palliative care. Indian Journal of Palliative Care, 25, 445-454. Zimmermann, A., &hellip; <\/p>\n<p class=\"link-more\"><a href=\"https:\/\/blogs.uni-siegen.de\/gerontologie-siegen\/forschungsgebiet\/publikationen\/\" class=\"more-link\"><span class=\"screen-reader-text\">\u201ePublikationen\u201c <\/span>weiterlesen<\/a><\/p>\n","protected":false},"author":382,"featured_media":0,"parent":7,"menu_order":0,"comment_status":"closed","ping_status":"closed","template":"","meta":{"footnotes":""},"class_list":["post-270","page","type-page","status-publish","hentry"],"_links":{"self":[{"href":"https:\/\/blogs.uni-siegen.de\/gerontologie-siegen\/wp-json\/wp\/v2\/pages\/270","targetHints":{"allow":["GET"]}}],"collection":[{"href":"https:\/\/blogs.uni-siegen.de\/gerontologie-siegen\/wp-json\/wp\/v2\/pages"}],"about":[{"href":"https:\/\/blogs.uni-siegen.de\/gerontologie-siegen\/wp-json\/wp\/v2\/types\/page"}],"author":[{"embeddable":true,"href":"https:\/\/blogs.uni-siegen.de\/gerontologie-siegen\/wp-json\/wp\/v2\/users\/382"}],"replies":[{"embeddable":true,"href":"https:\/\/blogs.uni-siegen.de\/gerontologie-siegen\/wp-json\/wp\/v2\/comments?post=270"}],"version-history":[{"count":5,"href":"https:\/\/blogs.uni-siegen.de\/gerontologie-siegen\/wp-json\/wp\/v2\/pages\/270\/revisions"}],"predecessor-version":[{"id":372,"href":"https:\/\/blogs.uni-siegen.de\/gerontologie-siegen\/wp-json\/wp\/v2\/pages\/270\/revisions\/372"}],"up":[{"embeddable":true,"href":"https:\/\/blogs.uni-siegen.de\/gerontologie-siegen\/wp-json\/wp\/v2\/pages\/7"}],"wp:attachment":[{"href":"https:\/\/blogs.uni-siegen.de\/gerontologie-siegen\/wp-json\/wp\/v2\/media?parent=270"}],"curies":[{"name":"wp","href":"https:\/\/api.w.org\/{rel}","templated":true}]}}