{"id":35,"date":"2019-06-23T22:32:29","date_gmt":"2019-06-23T20:32:29","guid":{"rendered":"http:\/\/blogs.uni-siegen.de\/gerontologie-siegen\/?page_id=35"},"modified":"2021-11-29T15:52:59","modified_gmt":"2021-11-29T14:52:59","slug":"veranstaltungen","status":"publish","type":"page","link":"https:\/\/blogs.uni-siegen.de\/gerontologie-siegen\/veranstaltungen\/","title":{"rendered":"Veranstaltungen"},"content":{"rendered":"<h2>GeNeSi-Mitgliedertreffen am 04. Mai 2020<\/h2>\n<p>An 04. Mai 2020 plant das Gerontologie-Netzwerk Siegen das n\u00e4chste Mitgliedertreffen in den R\u00e4umen des Forschungskolleg Siegen (<a href=\"https:\/\/fokos.de\" target=\"_blank\" rel=\"noopener\">FoKoS<\/a>).<\/p>\n<p>Geplanter Zeitansatz: 14-17 Uhr<\/p>\n<p>Details zu der vorgesehenen Agenda werden den Mitgliedern zeitnah \u00fcber die etablierte Mailingliste zur Verf\u00fcgung gestellt.<\/p>\n<p>Nachwuchswissenschaftler sind explizit mit eingeladen.<\/p>\n<hr \/>\n<h2>Entwicklungsperspektiven im Alter: Individuum, Gesellschaft, Kultur, 03.12.2018, 17:30 Uhr<\/h2>\n<h3>Das Gerontologie Netzwerk Siegen (GeNeSi) l\u00e4dt Sie herzlich in das Forschungskolleg \u201eZukunft menschlich gestalten\u201c der Universit\u00e4t Siegen zum Vortrag von Herrn Prof. Dr. Dr. h.c. Andreas Kruse ein.<\/h3>\n<p>Entwicklungsperspektiven im Alter: Individuum, Gesellschaft, Kultur.<br \/>\nDas Alter in seinen Potenzialen wie auch in seiner (vor allem: k\u00f6rperlichen) Verletzlichkeit wird in seiner Bedeutung f\u00fcr den individuellen Lebenslauf wie auch f\u00fcr die gesellschaftliche und kulturelle Entwicklung betrachtet. Im Zentrum stehen Lebens- und Expertenwissen, Widerstandsf\u00e4higkeit (Resilienz), Selbstverantwortung und Mitverantwortung, die Gestaltung der Beziehungen zwischen den Generationen sowie Fragen der Spiritualit\u00e4t. Das Alter wird als eine Lebensphase charakterisiert, die von vielen Menschen als eine Bereicherung erlebt wird, die aber nicht selten hohe Anforderungen an die Psyche stellt. Gesellschaft und Kultur haben gro\u00dfe Verantwortung f\u00fcr die Gestaltung des Alters: dies sowohl mit Blick auf die altersfreundliche Gestaltung der sozialen, r\u00e4umlichen, institutionellen und rechtlichen Umwelt, aber auch mit Blick auf die Nutzung der seelisch-geistigen Kr\u00e4fte des Alters, die unserer Kultur einen bedeutsamen Impuls geben k\u00f6nnen. Hinzu tritt die Notwendigkeit, soziale Ungleichheit abzubauen und (medizinische, pflegerische, technologische) Rahmenbedingungen f\u00fcr ein selbstverantwortliches und mitverantwortliches Leben zu schaffen.<\/p>\n","protected":false},"excerpt":{"rendered":"<p>GeNeSi-Mitgliedertreffen am 04. Mai 2020 An 04. Mai 2020 plant das Gerontologie-Netzwerk Siegen das n\u00e4chste Mitgliedertreffen in den R\u00e4umen des Forschungskolleg Siegen (FoKoS). Geplanter Zeitansatz: 14-17 Uhr Details zu der vorgesehenen Agenda werden den Mitgliedern zeitnah \u00fcber die etablierte Mailingliste zur Verf\u00fcgung gestellt. Nachwuchswissenschaftler sind explizit mit eingeladen. Entwicklungsperspektiven im Alter: Individuum, Gesellschaft, Kultur, 03.12.2018, &hellip; <\/p>\n<p class=\"link-more\"><a href=\"https:\/\/blogs.uni-siegen.de\/gerontologie-siegen\/veranstaltungen\/\" class=\"more-link\"><span class=\"screen-reader-text\">\u201eVeranstaltungen\u201c <\/span>weiterlesen<\/a><\/p>\n","protected":false},"author":382,"featured_media":0,"parent":0,"menu_order":5,"comment_status":"closed","ping_status":"closed","template":"","meta":{"footnotes":""},"class_list":["post-35","page","type-page","status-publish","hentry"],"_links":{"self":[{"href":"https:\/\/blogs.uni-siegen.de\/gerontologie-siegen\/wp-json\/wp\/v2\/pages\/35","targetHints":{"allow":["GET"]}}],"collection":[{"href":"https:\/\/blogs.uni-siegen.de\/gerontologie-siegen\/wp-json\/wp\/v2\/pages"}],"about":[{"href":"https:\/\/blogs.uni-siegen.de\/gerontologie-siegen\/wp-json\/wp\/v2\/types\/page"}],"author":[{"embeddable":true,"href":"https:\/\/blogs.uni-siegen.de\/gerontologie-siegen\/wp-json\/wp\/v2\/users\/382"}],"replies":[{"embeddable":true,"href":"https:\/\/blogs.uni-siegen.de\/gerontologie-siegen\/wp-json\/wp\/v2\/comments?post=35"}],"version-history":[{"count":9,"href":"https:\/\/blogs.uni-siegen.de\/gerontologie-siegen\/wp-json\/wp\/v2\/pages\/35\/revisions"}],"predecessor-version":[{"id":413,"href":"https:\/\/blogs.uni-siegen.de\/gerontologie-siegen\/wp-json\/wp\/v2\/pages\/35\/revisions\/413"}],"wp:attachment":[{"href":"https:\/\/blogs.uni-siegen.de\/gerontologie-siegen\/wp-json\/wp\/v2\/media?parent=35"}],"curies":[{"name":"wp","href":"https:\/\/api.w.org\/{rel}","templated":true}]}}