{"id":2,"date":"2025-01-29T07:39:57","date_gmt":"2025-01-29T06:39:57","guid":{"rendered":"https:\/\/blogs.uni-siegen.de\/litzmannstadt\/?page_id=2"},"modified":"2025-03-25T11:27:46","modified_gmt":"2025-03-25T10:27:46","slug":"beispiel-seite","status":"publish","type":"page","link":"https:\/\/blogs.uni-siegen.de\/litzmannstadt\/","title":{"rendered":"Jugendverwahrlager Litzmannstadt &#8211; Geschichte des Lagers und Lebensgeschichten ehemaliger H\u00e4ftlinge"},"content":{"rendered":"<p><em>Die Verf\u00fchrungen des Narzisstisch-Autorit\u00e4ren: Historische Forschung zu verfolgten polnischen Kindern im Nationalsozialismus und die aktuellen Bez\u00fcge zu gegenw\u00e4rtigen Kriegsgeschehen <\/em><\/p>\n<p>Das Vorhaben widmet sich Forschungen zur Geschichte des \u201eJugendverwahrlagers Litzmannstadt\u201c, zu Lebensgeschichten ehemaliger H\u00e4ftlinge, zu Lebensgeschichten von Angeh\u00f6rigen der Zweiten Generation. Anfang der 1970er Jahre erkl\u00e4rte das Deutsche Rote Kreuz das Lager zum Kinderkonzentrationslager neben Moringen und Uckermark. Der Forschungsgruppe geht es einerseits darum, Studierende in Verfahren der historischen Forschung einzuf\u00fchren, zugleich jedoch den Bezug zu aktuellen gesellschaftlichen anti-demokratischen Bewegungen und zu Kriegsereignissen herzustellen. R\u00fcckangebunden an den historisch \u00fcberlieferten und gegenw\u00e4rtig belebten Diskurs zu narzisstisch-autorit\u00e4ren Strukturen geht es um die zentrale Frage \u201ewie konnte es dazu kommen?\u201c und diese Frage zu aktuellen gesellschaftspolitischen Bewegungen in Bezug zu setzen &#8211; mit dem Ziel langfristig Demokratie zu sichern.<\/p>\n<p>Im Sinne des forschenden Studierens findet eine seminargest\u00fctzte Exkursion f\u00fcr und mit Studierende(n) der Universit\u00e4t Siegen nach Krakau\/Lodz statt, um sozialwissenschaftliche Forschungsverfahren kennenzulernen sowie Archivrecherchen, Interviewverfahren etc. zu entwickeln und einzu\u00fcben. Die Exkursion wird filmisch dokumentiert (Filming Culture) sowie \u00fcber thematisch fokussierte Literatur- bzw. Sekund\u00e4rdatenanalysen (u.a. Archivrecherchen, Aktenanalyse) in Verbindung mit ethnografischer Feldforschung (u.a. Ortsbegehungen, Gedenkst\u00e4ttenforschung) begleitet.<\/p>\n<p>Grundlage des Projekts ist ein Kooperationsvertrag zwischen der Universit\u00e4t Siegen, vertreten durch <a href=\"https:\/\/www.bildung.uni-siegen.de\/berufspaedagogik\/home\/bwp\/buchmann\/\" target=\"_blank\" rel=\"noopener\">Prof.in Dr. Ulrike Buchmann<\/a> &amp; PD Dr. Imbke Behnken und der Projektgruppe <a href=\"https:\/\/www.obozprzyprzemyslowej.pl\/\" target=\"_blank\" rel=\"noopener\">\u201eJugendverwahrlager Litzmannstadt\u201c\/NGO \u201eU Siebie \u2013 At Home\u201c\/Krakau<\/a>, vertreten durch Urszula Sochacka (Filmemacherin und Vorsitz) und Barbara Dudek (Stadtf\u00fchrerin\/\u00dcbersetzerin\/Beratung).<\/p>\n","protected":false},"excerpt":{"rendered":"<p>Die Verf\u00fchrungen des Narzisstisch-Autorit\u00e4ren: Historische Forschung zu verfolgten polnischen Kindern im Nationalsozialismus und die aktuellen Bez\u00fcge zu gegenw\u00e4rtigen Kriegsgeschehen Das Vorhaben widmet sich Forschungen zur Geschichte des \u201eJugendverwahrlagers Litzmannstadt\u201c, zu Lebensgeschichten ehemaliger H\u00e4ftlinge, zu Lebensgeschichten von Angeh\u00f6rigen der Zweiten Generation. Anfang der 1970er Jahre erkl\u00e4rte das Deutsche Rote Kreuz das Lager zum Kinderkonzentrationslager neben Moringen &hellip; <\/p>\n<p class=\"link-more\"><a href=\"https:\/\/blogs.uni-siegen.de\/litzmannstadt\/\" class=\"more-link\"><span class=\"screen-reader-text\">\u201eJugendverwahrlager Litzmannstadt &#8211; Geschichte des Lagers und Lebensgeschichten ehemaliger H\u00e4ftlinge\u201c <\/span>weiterlesen<\/a><\/p>\n","protected":false},"author":648,"featured_media":0,"parent":0,"menu_order":0,"comment_status":"closed","ping_status":"open","template":"","meta":{"footnotes":""},"class_list":["post-2","page","type-page","status-publish","hentry"],"_links":{"self":[{"href":"https:\/\/blogs.uni-siegen.de\/litzmannstadt\/wp-json\/wp\/v2\/pages\/2","targetHints":{"allow":["GET"]}}],"collection":[{"href":"https:\/\/blogs.uni-siegen.de\/litzmannstadt\/wp-json\/wp\/v2\/pages"}],"about":[{"href":"https:\/\/blogs.uni-siegen.de\/litzmannstadt\/wp-json\/wp\/v2\/types\/page"}],"author":[{"embeddable":true,"href":"https:\/\/blogs.uni-siegen.de\/litzmannstadt\/wp-json\/wp\/v2\/users\/648"}],"replies":[{"embeddable":true,"href":"https:\/\/blogs.uni-siegen.de\/litzmannstadt\/wp-json\/wp\/v2\/comments?post=2"}],"version-history":[{"count":8,"href":"https:\/\/blogs.uni-siegen.de\/litzmannstadt\/wp-json\/wp\/v2\/pages\/2\/revisions"}],"predecessor-version":[{"id":62,"href":"https:\/\/blogs.uni-siegen.de\/litzmannstadt\/wp-json\/wp\/v2\/pages\/2\/revisions\/62"}],"wp:attachment":[{"href":"https:\/\/blogs.uni-siegen.de\/litzmannstadt\/wp-json\/wp\/v2\/media?parent=2"}],"curies":[{"name":"wp","href":"https:\/\/api.w.org\/{rel}","templated":true}]}}