{"id":8,"date":"2010-05-08T14:53:17","date_gmt":"2010-05-08T14:53:17","guid":{"rendered":"http:\/\/localhost\/wordpress\/?page_id=5"},"modified":"2015-01-15T12:15:35","modified_gmt":"2015-01-15T10:15:35","slug":"impressum","status":"publish","type":"page","link":"https:\/\/blogs.uni-siegen.de\/medienethik\/impressum\/","title":{"rendered":"Impressum"},"content":{"rendered":"<p>Medienverantwortlicher: Prof. Dr. Rainer Leschke<\/p>\n<p>Universit\u00e4t Siegen<br \/>\n57068 Siegen<\/p>\n<p>Soweit nicht anders angegeben, liegen die Rechte f\u00fcr alle Inhalte beim Betreiber der Seite. Die Nutzung von Inhalten ist nur nach Absprache mit dem Betreiber zul\u00e4ssig.<\/p>\n","protected":false},"excerpt":{"rendered":"<p>Medienverantwortlicher: Prof. Dr. Rainer Leschke Universit\u00e4t Siegen 57068 Siegen Soweit nicht anders angegeben, liegen die Rechte f\u00fcr alle Inhalte beim Betreiber der Seite. Die Nutzung von Inhalten ist nur nach Absprache mit dem Betreiber zul\u00e4ssig.<\/p>\n","protected":false},"author":45,"featured_media":0,"parent":0,"menu_order":0,"comment_status":"closed","ping_status":"closed","template":"","meta":{"footnotes":""},"class_list":["post-8","page","type-page","status-publish","hentry"],"_links":{"self":[{"href":"https:\/\/blogs.uni-siegen.de\/medienethik\/wp-json\/wp\/v2\/pages\/8","targetHints":{"allow":["GET"]}}],"collection":[{"href":"https:\/\/blogs.uni-siegen.de\/medienethik\/wp-json\/wp\/v2\/pages"}],"about":[{"href":"https:\/\/blogs.uni-siegen.de\/medienethik\/wp-json\/wp\/v2\/types\/page"}],"author":[{"embeddable":true,"href":"https:\/\/blogs.uni-siegen.de\/medienethik\/wp-json\/wp\/v2\/users\/45"}],"replies":[{"embeddable":true,"href":"https:\/\/blogs.uni-siegen.de\/medienethik\/wp-json\/wp\/v2\/comments?post=8"}],"version-history":[{"count":7,"href":"https:\/\/blogs.uni-siegen.de\/medienethik\/wp-json\/wp\/v2\/pages\/8\/revisions"}],"predecessor-version":[{"id":276,"href":"https:\/\/blogs.uni-siegen.de\/medienethik\/wp-json\/wp\/v2\/pages\/8\/revisions\/276"}],"wp:attachment":[{"href":"https:\/\/blogs.uni-siegen.de\/medienethik\/wp-json\/wp\/v2\/media?parent=8"}],"curies":[{"name":"wp","href":"https:\/\/api.w.org\/{rel}","templated":true}]}}