{"id":171,"date":"2021-06-24T10:16:27","date_gmt":"2021-06-24T08:16:27","guid":{"rendered":"https:\/\/blogs.uni-siegen.de\/oase-lernwerkstatt\/?page_id=171"},"modified":"2021-06-24T10:16:27","modified_gmt":"2021-06-24T08:16:27","slug":"herzlich-willkommen-2","status":"publish","type":"page","link":"https:\/\/blogs.uni-siegen.de\/oase-lernwerkstatt\/","title":{"rendered":"Herzlich Willkommen"},"content":{"rendered":"<h3>auf dem Blog der OASE-Lernwerkstatt<\/h3>\n<p>Dieser Blog ist noch ganz neu!<br \/>\nAktuell findest du hier einen <strong>Rundgang <\/strong>durch unsere Lernwerkstatt, den <strong>Praxissemestertalk-Podcast<\/strong> und eine spannende Blogreihe zum Thema <strong>Was ist Gl\u00fcck f\u00fcr dich?<\/strong><\/p>\n<p>In Zukunft erwarten dich auf diesem Blog aktuelle Beitr\u00e4ge \u00fcber unsere Veranstaltungen und Themen die uns wichtig sind. Dabei wollen wir jeden an unserer Arbeit teilhaben lassen und dich dazu einladen mit uns \u00fcber alle m\u00f6glichen Themen, welche f\u00fcr das Studium und die sp\u00e4tere Praxis relevant sind, zu diskutieren.<\/p>\n<p><strong>Falls Du Fragen oder Anregungen haben solltest, melde Dich einfach bei uns! Du bist immer herzlich eingeladen uns einen Kommentar zu schreiben \ud83d\ude42<\/strong><\/p>\n<p>Erreichbar sind wir au\u00dferdem \u00fcber unsere <a href=\"https:\/\/www.bildung.uni-siegen.de\/grundschule\/oase\/?lang=de\">Homepage<\/a>, unsere <a href=\"oase-werkstatt@paedagogik.uni-siegen.de\">E-Mail-Adresse<\/a> und unseren <a href=\"https:\/\/www.instagram.com\/oase_lernwerkstatt\/\">Instagram-Account<\/a>.<\/p>\n","protected":false},"excerpt":{"rendered":"<p>auf dem Blog der OASE-Lernwerkstatt Dieser Blog ist noch ganz neu! Aktuell findest du hier einen Rundgang durch unsere Lernwerkstatt, den Praxissemestertalk-Podcast und eine spannende Blogreihe zum Thema Was ist Gl\u00fcck f\u00fcr dich? In Zukunft erwarten dich auf diesem Blog aktuelle Beitr\u00e4ge \u00fcber unsere Veranstaltungen und Themen die uns wichtig sind. Dabei wollen wir jeden &hellip; <a href=\"https:\/\/blogs.uni-siegen.de\/oase-lernwerkstatt\/\" class=\"more-link\"><span class=\"screen-reader-text\">Herzlich Willkommen<\/span> weiterlesen <span class=\"meta-nav\">&rarr;<\/span><\/a><\/p>\n","protected":false},"author":490,"featured_media":0,"parent":0,"menu_order":0,"comment_status":"closed","ping_status":"closed","template":"","meta":{"footnotes":""},"class_list":["post-171","page","type-page","status-publish","hentry"],"_links":{"self":[{"href":"https:\/\/blogs.uni-siegen.de\/oase-lernwerkstatt\/wp-json\/wp\/v2\/pages\/171","targetHints":{"allow":["GET"]}}],"collection":[{"href":"https:\/\/blogs.uni-siegen.de\/oase-lernwerkstatt\/wp-json\/wp\/v2\/pages"}],"about":[{"href":"https:\/\/blogs.uni-siegen.de\/oase-lernwerkstatt\/wp-json\/wp\/v2\/types\/page"}],"author":[{"embeddable":true,"href":"https:\/\/blogs.uni-siegen.de\/oase-lernwerkstatt\/wp-json\/wp\/v2\/users\/490"}],"replies":[{"embeddable":true,"href":"https:\/\/blogs.uni-siegen.de\/oase-lernwerkstatt\/wp-json\/wp\/v2\/comments?post=171"}],"version-history":[{"count":1,"href":"https:\/\/blogs.uni-siegen.de\/oase-lernwerkstatt\/wp-json\/wp\/v2\/pages\/171\/revisions"}],"predecessor-version":[{"id":172,"href":"https:\/\/blogs.uni-siegen.de\/oase-lernwerkstatt\/wp-json\/wp\/v2\/pages\/171\/revisions\/172"}],"wp:attachment":[{"href":"https:\/\/blogs.uni-siegen.de\/oase-lernwerkstatt\/wp-json\/wp\/v2\/media?parent=171"}],"curies":[{"name":"wp","href":"https:\/\/api.w.org\/{rel}","templated":true}]}}