{"id":302,"date":"2022-02-15T09:57:41","date_gmt":"2022-02-15T08:57:41","guid":{"rendered":"https:\/\/blogs.uni-siegen.de\/pop-upintulsa\/?page_id=302"},"modified":"2022-02-15T09:57:41","modified_gmt":"2022-02-15T08:57:41","slug":"impressum","status":"publish","type":"page","link":"https:\/\/blogs.uni-siegen.de\/pop-upintulsa\/impressum\/","title":{"rendered":"Impressum"},"content":{"rendered":"<p>Universit\u00e4t Siegen<\/p>\n<p>Adolf-Reichwein-Stra\u00dfe 2a<br \/>\n57076 Siegen<br \/>\nE-Mail:\u00a0<a class=\"\n\t  cd_mailto\" href=\"mailto:presse@uni-siegen.de\">presse@uni-siegen.de<\/a><br \/>\nTelefon: +49 271 740-0<br \/>\nTelefax: +49 271 740-4911<\/p>\n<p>Die Universit\u00e4t Siegen ist eine vom Land Nordrhein-Westfalen getragene, rechtsf\u00e4hige K\u00f6rperschaft des \u00f6ffentlichen Rechts.<br \/>\nSie wird vertreten durch den\u00a0<a class=\" cd_intlink\" href=\"https:\/\/www.uni-siegen.de\/start\/die_universitaet\/organisation\/rektorat\/?lang=de#rektor\">Rektor<\/a>\u00a0Univ.-Prof. Dr. Holger Burckhart.<\/p>\n<h3>Zust\u00e4ndige Aufsichtsbeh\u00f6rde<\/h3>\n<p>Ministerium f\u00fcr Kultur und Wissenschaft des Landes Nordrhein-Westfalen.<\/p>\n<p>Umsatzsteuer-Identifikationsnummer gem\u00e4\u00df \u00a7 27 a Umsatzsteuergesetz: DE 154854171.<\/p>\n<h3>Redaktionell verantwortlich<\/h3>\n<p>gem\u00e4\u00df \u00a7 5 des Telemediengesetzes und \u00a7 55 Absatz 2 des Rundfunkstaatsvertrages: Autoren, die am Ende der jeweiligen Internet-Seiten genannt sind.<br \/>\nDaneben gibt es diverse dezentrale Angebote, z. T. auf eigenen Servern, f\u00fcr die jeweils eigene Verantwortliche ersichtlich sind.<br \/>\nVerantwortlich f\u00fcr den Internet-Auftritt der Universit\u00e4t Siegen (ohne Fakult\u00e4ten und Einrichtungen):\u00a0<a class=\" cd_intlink\" href=\"http:\/\/www.presse.uni-siegen.de\/\">Presse- und Kommunikationsstelle der Universit\u00e4t Siegen<\/a>\u00a0(Anschrift wie oben).<\/p>\n<h3>\nGestaltung:<\/h3>\n<p>Aufbau und Gestaltung der Webseiten unterliegen &#8211; wie andere visuelle Kommunikationsmedien &#8211; der Universit\u00e4t Siegen einheitlichen Gestaltungsvorgaben, die in einem\u00a0<a class=\" cd_intlink\" href=\"https:\/\/www.uni-siegen.de\/cd\/?lang=de\">&#8222;Corporate Design Manual&#8220;<\/a>\u00a0beschrieben sind, und deren Umsetzung durch Beispiele, Vorlagen und weitere Hilfsmittel unterst\u00fctzt wird.<\/p>\n<h3>\nTechnische Durchf\u00fchrung:<\/h3>\n<p><a class=\" cd_intlink\" href=\"http:\/\/www.zimt.uni-siegen.de\/\">Zentrum f\u00fcr Informations- und Medientechnologie (ZIMT)<\/a><\/p>\n<h3>\nHaftungsausschluss<\/h3>\n<p>Trotz sorgf\u00e4ltiger inhaltlicher Kontrolle \u00fcbernehmen wir keine Haftung f\u00fcr die Inhalte externer Links. Sie stellen kein Angebot der Universit\u00e4t Siegen dar. F\u00fcr den Inhalt der verlinkten Seiten sind ausschlie\u00dflich deren Betreiber verantwortlich. Die Universit\u00e4t distanziert sich ausdr\u00fccklich von den Inhalten und macht sich diese in keinster Weise zu Eigen.<\/p>\n<h3>\nCopyright<\/h3>\n<p>Die Urheber- und Nutzungsrechte (Copyright) f\u00fcr Texte, Grafiken, Bilder, Design und Quellcode liegen bei der Universit\u00e4t Siegen. Die Erstellung, Verwendung und Weitergabe von Kopien in elektronischer oder ausgedruckter Form bedarf der Genehmigung.<\/p>\n<p>&nbsp;<\/p>\n<p><a class=\" cd_intlink\" title=\"Bildnachweis\" href=\"https:\/\/www.uni-siegen.de\/start\/kontakt\/bildnachweis.html?lang=de\"><strong>Bildnachweis<\/strong><\/a><\/p>\n","protected":false},"excerpt":{"rendered":"<p>Universit\u00e4t Siegen Adolf-Reichwein-Stra\u00dfe 2a 57076 Siegen E-Mail:\u00a0presse@uni-siegen.de Telefon: +49 271 740-0 Telefax: +49 271 740-4911 Die Universit\u00e4t Siegen ist eine vom Land Nordrhein-Westfalen getragene, rechtsf\u00e4hige K\u00f6rperschaft des \u00f6ffentlichen Rechts. Sie &#8230;<\/p>\n","protected":false},"author":467,"featured_media":0,"parent":0,"menu_order":0,"comment_status":"closed","ping_status":"closed","template":"","meta":{"footnotes":""},"class_list":["post-302","page","type-page","status-publish","hentry"],"yoast_head":"<!-- This site is optimized with the Yoast SEO plugin v27.4 - https:\/\/yoast.com\/product\/yoast-seo-wordpress\/ -->\n<title>Impressum -<\/title>\n<meta name=\"robots\" content=\"index, follow, max-snippet:-1, max-image-preview:large, max-video-preview:-1\" \/>\n<link rel=\"canonical\" href=\"https:\/\/blogs.uni-siegen.de\/pop-upintulsa\/impressum\/\" \/>\n<meta property=\"og:locale\" content=\"de_DE\" \/>\n<meta property=\"og:type\" content=\"article\" \/>\n<meta property=\"og:title\" content=\"Impressum -\" \/>\n<meta property=\"og:description\" content=\"Universit\u00e4t Siegen Adolf-Reichwein-Stra\u00dfe 2a 57076 Siegen E-Mail:\u00a0presse@uni-siegen.de Telefon: +49 271 740-0 Telefax: +49 271 740-4911 Die Universit\u00e4t Siegen ist eine vom Land Nordrhein-Westfalen getragene, rechtsf\u00e4hige K\u00f6rperschaft des \u00f6ffentlichen Rechts. Sie ...\" \/>\n<meta property=\"og:url\" content=\"https:\/\/blogs.uni-siegen.de\/pop-upintulsa\/impressum\/\" \/>\n<meta name=\"twitter:card\" content=\"summary_large_image\" \/>\n<meta name=\"twitter:label1\" content=\"Gesch\u00e4tzte Lesezeit\" \/>\n\t<meta name=\"twitter:data1\" content=\"1\u00a0Minute\" \/>\n<script type=\"application\/ld+json\" class=\"yoast-schema-graph\">{\"@context\":\"https:\\\/\\\/schema.org\",\"@graph\":[{\"@type\":\"WebPage\",\"@id\":\"https:\\\/\\\/blogs.uni-siegen.de\\\/pop-upintulsa\\\/impressum\\\/\",\"url\":\"https:\\\/\\\/blogs.uni-siegen.de\\\/pop-upintulsa\\\/impressum\\\/\",\"name\":\"Impressum -\",\"isPartOf\":{\"@id\":\"https:\\\/\\\/blogs.uni-siegen.de\\\/pop-upintulsa\\\/#website\"},\"datePublished\":\"2022-02-15T08:57:41+00:00\",\"breadcrumb\":{\"@id\":\"https:\\\/\\\/blogs.uni-siegen.de\\\/pop-upintulsa\\\/impressum\\\/#breadcrumb\"},\"inLanguage\":\"de\",\"potentialAction\":[{\"@type\":\"ReadAction\",\"target\":[\"https:\\\/\\\/blogs.uni-siegen.de\\\/pop-upintulsa\\\/impressum\\\/\"]}]},{\"@type\":\"BreadcrumbList\",\"@id\":\"https:\\\/\\\/blogs.uni-siegen.de\\\/pop-upintulsa\\\/impressum\\\/#breadcrumb\",\"itemListElement\":[{\"@type\":\"ListItem\",\"position\":1,\"name\":\"Startseite\",\"item\":\"https:\\\/\\\/blogs.uni-siegen.de\\\/pop-upintulsa\\\/\"},{\"@type\":\"ListItem\",\"position\":2,\"name\":\"Impressum\"}]},{\"@type\":\"WebSite\",\"@id\":\"https:\\\/\\\/blogs.uni-siegen.de\\\/pop-upintulsa\\\/#website\",\"url\":\"https:\\\/\\\/blogs.uni-siegen.de\\\/pop-upintulsa\\\/\",\"name\":\"\",\"description\":\"\",\"potentialAction\":[{\"@type\":\"SearchAction\",\"target\":{\"@type\":\"EntryPoint\",\"urlTemplate\":\"https:\\\/\\\/blogs.uni-siegen.de\\\/pop-upintulsa\\\/?s={search_term_string}\"},\"query-input\":{\"@type\":\"PropertyValueSpecification\",\"valueRequired\":true,\"valueName\":\"search_term_string\"}}],\"inLanguage\":\"de\"}]}<\/script>\n<!-- \/ Yoast SEO plugin. -->","yoast_head_json":{"title":"Impressum -","robots":{"index":"index","follow":"follow","max-snippet":"max-snippet:-1","max-image-preview":"max-image-preview:large","max-video-preview":"max-video-preview:-1"},"canonical":"https:\/\/blogs.uni-siegen.de\/pop-upintulsa\/impressum\/","og_locale":"de_DE","og_type":"article","og_title":"Impressum -","og_description":"Universit\u00e4t Siegen Adolf-Reichwein-Stra\u00dfe 2a 57076 Siegen E-Mail:\u00a0presse@uni-siegen.de Telefon: +49 271 740-0 Telefax: +49 271 740-4911 Die Universit\u00e4t Siegen ist eine vom Land Nordrhein-Westfalen getragene, rechtsf\u00e4hige K\u00f6rperschaft des \u00f6ffentlichen Rechts. Sie ...","og_url":"https:\/\/blogs.uni-siegen.de\/pop-upintulsa\/impressum\/","twitter_card":"summary_large_image","twitter_misc":{"Gesch\u00e4tzte Lesezeit":"1\u00a0Minute"},"schema":{"@context":"https:\/\/schema.org","@graph":[{"@type":"WebPage","@id":"https:\/\/blogs.uni-siegen.de\/pop-upintulsa\/impressum\/","url":"https:\/\/blogs.uni-siegen.de\/pop-upintulsa\/impressum\/","name":"Impressum -","isPartOf":{"@id":"https:\/\/blogs.uni-siegen.de\/pop-upintulsa\/#website"},"datePublished":"2022-02-15T08:57:41+00:00","breadcrumb":{"@id":"https:\/\/blogs.uni-siegen.de\/pop-upintulsa\/impressum\/#breadcrumb"},"inLanguage":"de","potentialAction":[{"@type":"ReadAction","target":["https:\/\/blogs.uni-siegen.de\/pop-upintulsa\/impressum\/"]}]},{"@type":"BreadcrumbList","@id":"https:\/\/blogs.uni-siegen.de\/pop-upintulsa\/impressum\/#breadcrumb","itemListElement":[{"@type":"ListItem","position":1,"name":"Startseite","item":"https:\/\/blogs.uni-siegen.de\/pop-upintulsa\/"},{"@type":"ListItem","position":2,"name":"Impressum"}]},{"@type":"WebSite","@id":"https:\/\/blogs.uni-siegen.de\/pop-upintulsa\/#website","url":"https:\/\/blogs.uni-siegen.de\/pop-upintulsa\/","name":"","description":"","potentialAction":[{"@type":"SearchAction","target":{"@type":"EntryPoint","urlTemplate":"https:\/\/blogs.uni-siegen.de\/pop-upintulsa\/?s={search_term_string}"},"query-input":{"@type":"PropertyValueSpecification","valueRequired":true,"valueName":"search_term_string"}}],"inLanguage":"de"}]}},"_links":{"self":[{"href":"https:\/\/blogs.uni-siegen.de\/pop-upintulsa\/wp-json\/wp\/v2\/pages\/302","targetHints":{"allow":["GET"]}}],"collection":[{"href":"https:\/\/blogs.uni-siegen.de\/pop-upintulsa\/wp-json\/wp\/v2\/pages"}],"about":[{"href":"https:\/\/blogs.uni-siegen.de\/pop-upintulsa\/wp-json\/wp\/v2\/types\/page"}],"author":[{"embeddable":true,"href":"https:\/\/blogs.uni-siegen.de\/pop-upintulsa\/wp-json\/wp\/v2\/users\/467"}],"replies":[{"embeddable":true,"href":"https:\/\/blogs.uni-siegen.de\/pop-upintulsa\/wp-json\/wp\/v2\/comments?post=302"}],"version-history":[{"count":1,"href":"https:\/\/blogs.uni-siegen.de\/pop-upintulsa\/wp-json\/wp\/v2\/pages\/302\/revisions"}],"predecessor-version":[{"id":303,"href":"https:\/\/blogs.uni-siegen.de\/pop-upintulsa\/wp-json\/wp\/v2\/pages\/302\/revisions\/303"}],"wp:attachment":[{"href":"https:\/\/blogs.uni-siegen.de\/pop-upintulsa\/wp-json\/wp\/v2\/media?parent=302"}],"curies":[{"name":"wp","href":"https:\/\/api.w.org\/{rel}","templated":true}]}}