{"id":347,"date":"2021-02-05T12:39:25","date_gmt":"2021-02-05T11:39:25","guid":{"rendered":"http:\/\/blogs.uni-siegen.de\/sieguver\/?page_id=347"},"modified":"2024-06-20T14:21:58","modified_gmt":"2024-06-20T12:21:58","slug":"unsere-region","status":"publish","type":"page","link":"https:\/\/blogs.uni-siegen.de\/sieguver\/vorbereitung-auf-den-arbeitsmarkt\/unsere-region\/","title":{"rendered":"Unsere Region"},"content":{"rendered":"<div id=\"pl-347\"  class=\"panel-layout\" ><div id=\"pg-347-0\"  class=\"panel-grid panel-has-style\" ><div class=\"siteorigin-panels-stretch panel-row-style panel-row-style-for-347-0\" data-stretch-type=\"full-width-stretch\" ><div id=\"pgc-347-0-0\"  class=\"panel-grid-cell\" ><div id=\"panel-347-0-0-0\" class=\"so-panel widget widget_sow-hero panel-first-child\" data-index=\"0\" ><div\n\t\t\t\n\t\t\tclass=\"so-widget-sow-hero so-widget-sow-hero-default-205177196474-347 so-widget-fittext-wrapper\"\n\t\t\t\n\t\t>\t\t\t\t<div class=\"sow-slider-base\" style=\"display: none\" tabindex=\"0\">\n\t\t\t\t\t<ul\n\t\t\t\t\tclass=\"sow-slider-images\"\n\t\t\t\t\tdata-settings=\"{&quot;pagination&quot;:true,&quot;speed&quot;:800,&quot;timeout&quot;:8000,&quot;paused&quot;:false,&quot;pause_on_hover&quot;:false,&quot;swipe&quot;:true,&quot;nav_always_show_desktop&quot;:&quot;&quot;,&quot;nav_always_show_mobile&quot;:&quot;&quot;,&quot;breakpoint&quot;:&quot;780px&quot;,&quot;unmute&quot;:false,&quot;anchor&quot;:null}\"\n\t\t\t\t\t\t\t\t\t\tdata-anchor-id=\"\"\n\t\t\t\t>\t\t<li class=\"sow-slider-image  sow-slider-image-cover\" style=\"visibility: visible;;background-color: #333333;background-image: url(https:\/\/blogs.uni-siegen.de\/sieguver\/files\/2021\/02\/Siegen-Panorama_bearbeitet-scaled-e1613738484366.jpg)\" >\n\t\t\t\t\t<div class=\"sow-slider-image-container\">\n\t\t\t<div class=\"sow-slider-image-wrapper\">\n\t\t\t\t<h1 style=\"text-align: center\"><strong>Siegen und das Siegerland<\/strong><\/h1>\n\t\t\t<\/div>\n\t\t<\/div>\n\t\t\t\t<\/li>\n\t\t<\/ul>\t\t\t\t<ol class=\"sow-slider-pagination\">\n\t\t\t\t\t\t\t\t\t\t\t<li><a href=\"#\" data-goto=\"0\" aria-label=\"Display slide 1\"><\/a><\/li>\n\t\t\t\t\t\t\t\t\t<\/ol>\n\n\t\t\t\t<div class=\"sow-slide-nav sow-slide-nav-next\">\n\t\t\t\t\t<a href=\"#\" data-goto=\"next\" aria-label=\"Next slide\" data-action=\"next\">\n\t\t\t\t\t\t<em class=\"sow-sld-icon-thin-right\"><\/em>\n\t\t\t\t\t<\/a>\n\t\t\t\t<\/div>\n\n\t\t\t\t<div class=\"sow-slide-nav sow-slide-nav-prev\">\n\t\t\t\t\t<a href=\"#\" data-goto=\"previous\" aria-label=\"Previous slide\" data-action=\"prev\">\n\t\t\t\t\t\t<em class=\"sow-sld-icon-thin-left\"><\/em>\n\t\t\t\t\t<\/a>\n\t\t\t\t<\/div>\n\t\t\t\t<\/div><\/div><\/div><div id=\"panel-347-0-0-1\" class=\"so-panel widget widget_sow-headline panel-last-child\" data-index=\"1\" ><div\n\t\t\t\n\t\t\tclass=\"so-widget-sow-headline so-widget-sow-headline-default-08ca780a4db4-347\"\n\t\t\t\n\t\t><div class=\"sow-headline-container \">\n\t\t\t\t\t\t\t<h1 class=\"sow-headline\">\n\t\t\t\t\t\tEine Region, 150 Weltmarktf\u00fchrer\t\t\t\t\t\t<\/h1>\n\t\t\t\t\t\t\t\t\t\t\t<div class=\"decoration\">\n\t\t\t\t\t\t<div class=\"decoration-inside\"><\/div>\n\t\t\t\t\t<\/div>\n\t\t\t\t\t<\/div>\n<\/div><\/div><\/div><\/div><\/div><div id=\"pg-347-1\"  class=\"panel-grid panel-no-style\" ><div id=\"pgc-347-1-0\"  class=\"panel-grid-cell\" ><div id=\"panel-347-1-0-0\" class=\"so-panel widget widget_sow-editor panel-first-child panel-last-child\" data-index=\"2\" ><div\n\t\t\t\n\t\t\tclass=\"so-widget-sow-editor so-widget-sow-editor-base\"\n\t\t\t\n\t\t>\n<div class=\"siteorigin-widget-tinymce textwidget\">\n\t<p>S\u00fcdwestfalen ist eine der drei Top-Industrieregionen Deutschlands.<br \/>\nSiegen und die Region S\u00fcdwestfalen haben insgesamt \u00fcber 150 Unternehmen, die in ihren Bereichen Weltmarktf\u00fchrer sind, sogenannte <a href=\"https:\/\/www.ihk-arnsberg.de\/wmf_verzeichnis4.HTM\" target=\"_blank\" rel=\"noopener\">Hidden Champions.<\/a> Dabei handelt es sich meistens um Nischenbranchen.<\/p>\n<p><a href=\"https:\/\/www.ihk-siegen.de\/fileadmin\/user_upload\/Broschuere_WMF_Auflage_5_2018_low.pdf\">Hier <\/a>finden Sie eine ausf\u00fchrliche Auflistung der Unternehmen in unserer Region, die als Hidden Champion gelistet sind.<\/p>\n<p>Wenn Sie mehr \u00fcber den Industriestandort S\u00fcdwestfalen wissen m\u00f6chten, besuchen Sie <a href=\"https:\/\/www.suedwestfalen.com\/wirtschaft-fakten\/forschung-entwicklung\/forschung-in-suedwestfalen-institutionen\">\"S\u00fcdwestfalen - alles echt!\"<\/a>. Dort finden Sie hinreichende Informationen \u00fcber unsere Region.<\/p>\n<\/div>\n<\/div><\/div><\/div><\/div><div id=\"pg-347-2\"  class=\"panel-grid panel-has-style\" ><div class=\"panel-row-style panel-row-style-for-347-2\" ><div id=\"pgc-347-2-0\"  class=\"panel-grid-cell panel-grid-cell-empty panel-grid-cell-mobile-last\" ><\/div><div id=\"pgc-347-2-1\"  class=\"panel-grid-cell panel-grid-cell-empty\" ><\/div><\/div><\/div><\/div>","protected":false},"excerpt":{"rendered":"<p>S\u00fcdwestfalen ist eine der drei Top-Industrieregionen Deutschlands. Siegen und die Region S\u00fcdwestfalen haben insgesamt \u00fcber 150 Unternehmen, die in ihren Bereichen Weltmarktf\u00fchrer sind, sogenannte Hidden Champions. Dabei handelt es sich meistens um Nischenbranchen. Hier finden Sie eine ausf\u00fchrliche Auflistung der Unternehmen in unserer Region, die als Hidden Champion gelistet sind. Wenn Sie mehr \u00fcber den &hellip; <\/p>\n<p class=\"link-more\"><a href=\"https:\/\/blogs.uni-siegen.de\/sieguver\/vorbereitung-auf-den-arbeitsmarkt\/unsere-region\/\" class=\"more-link\"><span class=\"screen-reader-text\">\u201eUnsere Region\u201c <\/span>weiterlesen<\/a><\/p>\n","protected":false},"author":467,"featured_media":0,"parent":339,"menu_order":1,"comment_status":"closed","ping_status":"closed","template":"","meta":{"footnotes":""},"class_list":["post-347","page","type-page","status-publish","hentry"],"_links":{"self":[{"href":"https:\/\/blogs.uni-siegen.de\/sieguver\/wp-json\/wp\/v2\/pages\/347","targetHints":{"allow":["GET"]}}],"collection":[{"href":"https:\/\/blogs.uni-siegen.de\/sieguver\/wp-json\/wp\/v2\/pages"}],"about":[{"href":"https:\/\/blogs.uni-siegen.de\/sieguver\/wp-json\/wp\/v2\/types\/page"}],"author":[{"embeddable":true,"href":"https:\/\/blogs.uni-siegen.de\/sieguver\/wp-json\/wp\/v2\/users\/467"}],"replies":[{"embeddable":true,"href":"https:\/\/blogs.uni-siegen.de\/sieguver\/wp-json\/wp\/v2\/comments?post=347"}],"version-history":[{"count":13,"href":"https:\/\/blogs.uni-siegen.de\/sieguver\/wp-json\/wp\/v2\/pages\/347\/revisions"}],"predecessor-version":[{"id":2355,"href":"https:\/\/blogs.uni-siegen.de\/sieguver\/wp-json\/wp\/v2\/pages\/347\/revisions\/2355"}],"up":[{"embeddable":true,"href":"https:\/\/blogs.uni-siegen.de\/sieguver\/wp-json\/wp\/v2\/pages\/339"}],"wp:attachment":[{"href":"https:\/\/blogs.uni-siegen.de\/sieguver\/wp-json\/wp\/v2\/media?parent=347"}],"curies":[{"name":"wp","href":"https:\/\/api.w.org\/{rel}","templated":true}]}}