{"id":352,"date":"2021-02-05T12:46:15","date_gmt":"2021-02-05T11:46:15","guid":{"rendered":"http:\/\/blogs.uni-siegen.de\/sieguver\/?page_id=352"},"modified":"2021-03-24T13:52:55","modified_gmt":"2021-03-24T12:52:55","slug":"sprachkurse","status":"publish","type":"page","link":"https:\/\/blogs.uni-siegen.de\/sieguver\/vorbereitung-auf-den-arbeitsmarkt\/sprachkurse\/","title":{"rendered":"Sprachkurse"},"content":{"rendered":"<div id=\"pl-352\"  class=\"panel-layout\" ><div id=\"pg-352-0\"  class=\"panel-grid panel-has-style\" ><div class=\"siteorigin-panels-stretch panel-row-style panel-row-style-for-352-0\" data-stretch-type=\"full-stretched\" ><div id=\"pgc-352-0-0\"  class=\"panel-grid-cell\" ><div id=\"panel-352-0-0-0\" class=\"so-panel widget widget_sow-hero panel-first-child\" data-index=\"0\" ><div\n\t\t\t\n\t\t\tclass=\"so-widget-sow-hero so-widget-sow-hero-default-77de40c32a25-352 so-widget-fittext-wrapper\"\n\t\t\t\n\t\t>\t\t\t\t<div class=\"sow-slider-base\" style=\"display: none\" tabindex=\"0\">\n\t\t\t\t\t<ul\n\t\t\t\t\tclass=\"sow-slider-images\"\n\t\t\t\t\tdata-settings=\"{&quot;pagination&quot;:true,&quot;speed&quot;:800,&quot;timeout&quot;:8000,&quot;paused&quot;:false,&quot;pause_on_hover&quot;:false,&quot;swipe&quot;:true,&quot;nav_always_show_desktop&quot;:&quot;&quot;,&quot;nav_always_show_mobile&quot;:&quot;&quot;,&quot;breakpoint&quot;:&quot;780px&quot;,&quot;unmute&quot;:false,&quot;anchor&quot;:null}\"\n\t\t\t\t\t\t\t\t\t\tdata-anchor-id=\"\"\n\t\t\t\t>\t\t<li class=\"sow-slider-image  sow-slider-image-cover\" style=\"visibility: visible;;background-color: #333333;background-image: url(https:\/\/blogs.uni-siegen.de\/sieguver\/files\/2021\/03\/Screenshot_20210305-154259_Instagram.jpg)\" >\n\t\t\t\t\t<div class=\"sow-slider-image-container\">\n\t\t\t<div class=\"sow-slider-image-wrapper\">\n\t\t\t\t<h1 style=\"text-align: center\"><strong>Sprachkenntnisse verbessern<\/strong><\/h1>\n\t\t\t<\/div>\n\t\t<\/div>\n\t\t\t\t<\/li>\n\t\t<\/ul>\t\t\t\t<ol class=\"sow-slider-pagination\">\n\t\t\t\t\t\t\t\t\t\t\t<li><a href=\"#\" data-goto=\"0\" aria-label=\"Display slide 1\"><\/a><\/li>\n\t\t\t\t\t\t\t\t\t<\/ol>\n\n\t\t\t\t<div class=\"sow-slide-nav sow-slide-nav-next\">\n\t\t\t\t\t<a href=\"#\" data-goto=\"next\" aria-label=\"Next slide\" data-action=\"next\">\n\t\t\t\t\t\t<em class=\"sow-sld-icon-thin-right\"><\/em>\n\t\t\t\t\t<\/a>\n\t\t\t\t<\/div>\n\n\t\t\t\t<div class=\"sow-slide-nav sow-slide-nav-prev\">\n\t\t\t\t\t<a href=\"#\" data-goto=\"previous\" aria-label=\"Previous slide\" data-action=\"prev\">\n\t\t\t\t\t\t<em class=\"sow-sld-icon-thin-left\"><\/em>\n\t\t\t\t\t<\/a>\n\t\t\t\t<\/div>\n\t\t\t\t<\/div><\/div><\/div><div id=\"panel-352-0-0-1\" class=\"so-panel widget widget_sow-headline panel-last-child\" data-index=\"1\" ><div\n\t\t\t\n\t\t\tclass=\"so-widget-sow-headline so-widget-sow-headline-default-ea0af4cf39ae-352\"\n\t\t\t\n\t\t><div class=\"sow-headline-container \">\n\t\t\t\t\t\t\t<h1 class=\"sow-headline\">\n\t\t\t\t\t\tSprache ist der Schl\u00fcssel zum Deutschen Arbeitsmarkt\t\t\t\t\t\t<\/h1>\n\t\t\t\t\t\t\t\t\t\t\t<div class=\"decoration\">\n\t\t\t\t\t\t<div class=\"decoration-inside\"><\/div>\n\t\t\t\t\t<\/div>\n\t\t\t\t\t<\/div>\n<\/div><\/div><\/div><\/div><\/div><div id=\"pg-352-1\"  class=\"panel-grid panel-no-style\" ><div id=\"pgc-352-1-0\"  class=\"panel-grid-cell\" ><div id=\"panel-352-1-0-0\" class=\"so-panel widget widget_sow-editor panel-first-child panel-last-child\" data-index=\"2\" ><div\n\t\t\t\n\t\t\tclass=\"so-widget-sow-editor so-widget-sow-editor-base\"\n\t\t\t\n\t\t>\n<div class=\"siteorigin-widget-tinymce textwidget\">\n\t<p>Viele Arbeitgeber legen gro\u00dfen Wert darauf, dass Sie Grundkenntnisse in der <strong>deutschen Sprache<\/strong> haben. Vermutlich werden nicht alle Kolleg*innen Englisch sprechen k\u00f6nnen. Denken Sie daher gleich zu Beginn Ihres Studiums daran, Ihr Deutsch regelm\u00e4\u00dfig zu verbessern. Gute Deutschkenntnisse werden Ihnen au\u00dferdem helfen, die lokale <b>Kultur<\/b><span style=\"font-size: 1rem\">\u00a0kennenzulernen und sich sowohl in der Region als auch im Unternehmen wohlzuf\u00fchlen.<\/span><\/p>\n<p>Das\u00a0<a class=\" cd_extlink\" href=\"http:\/\/www.uni-siegen.de\/sprachenzentrum\/home\/\" target=\"_blank\" rel=\"noopener\"><u>Sprachenzentrum<\/u><\/a> bietet f\u00fcr jedes Sprachniveau passende Kurse in Deutsch als Fremdsprache an. Es gibt auch berufsbezogene Sprachkurse.<\/p>\n<p>Nutzen Sie au\u00dferdem jede M\u00f6glichkeit, mit der deutschen Sprache in Kontakt zu kommen. Nehmen Sie Angebote wahr, bei denen Sie auf Deutsche treffen und Freundschaften schlie\u00dfen k\u00f6nnen (<a href=\"https:\/\/www.uni-siegen.de\/sprachenzentrum\/sprachen_lernen\/tandem\/?lang=de\" target=\"_blank\" rel=\"noopener\">Tandem-Programm des Sprachenzentrums<\/a>, <a href=\"https:\/\/www.uni-siegen.de\/isa\/aktuelles\/726443.html\" target=\"_blank\" rel=\"noopener\">internationaler Stammtisch<\/a>, regionale <a href=\"https:\/\/www.siegen.de\/nc\/leben-in-siegen\/freizeit-sport\/vereinsregister\/?tx_riverzeichnis_riverzeichnis%5Bchar%5D=R&amp;tx_riverzeichnis_riverzeichnis%5Baction%5D=list&amp;tx_riverzeichnis_riverzeichnis%5Bcontroller%5D=Entry\" target=\"_blank\" rel=\"noopener\">Vereine<\/a>, <a href=\"https:\/\/www.uni-siegen.de\/sport\/hochschulsport\/\" target=\"_blank\" rel=\"noopener\">Hochschulsport<\/a>, etc...)<\/p>\n<h5><\/h5>\n<\/div>\n<\/div><\/div><\/div><\/div><div id=\"pg-352-2\"  class=\"panel-grid panel-has-style\" ><div class=\"panel-row-style panel-row-style-for-352-2\" ><div id=\"pgc-352-2-0\"  class=\"panel-grid-cell panel-grid-cell-empty panel-grid-cell-mobile-last\" ><\/div><div id=\"pgc-352-2-1\"  class=\"panel-grid-cell panel-grid-cell-empty\" ><\/div><\/div><\/div><\/div>","protected":false},"excerpt":{"rendered":"<p>Viele Arbeitgeber legen gro\u00dfen Wert darauf, dass Sie Grundkenntnisse in der deutschen Sprache haben. Vermutlich werden nicht alle Kolleg*innen Englisch sprechen k\u00f6nnen. Denken Sie daher gleich zu Beginn Ihres Studiums daran, Ihr Deutsch regelm\u00e4\u00dfig zu verbessern. Gute Deutschkenntnisse werden Ihnen au\u00dferdem helfen, die lokale Kultur\u00a0kennenzulernen und sich sowohl in der Region als auch im Unternehmen &hellip; <\/p>\n<p class=\"link-more\"><a href=\"https:\/\/blogs.uni-siegen.de\/sieguver\/vorbereitung-auf-den-arbeitsmarkt\/sprachkurse\/\" class=\"more-link\"><span class=\"screen-reader-text\">\u201eSprachkurse\u201c <\/span>weiterlesen<\/a><\/p>\n","protected":false},"author":467,"featured_media":0,"parent":339,"menu_order":3,"comment_status":"closed","ping_status":"closed","template":"","meta":{"footnotes":""},"class_list":["post-352","page","type-page","status-publish","hentry"],"_links":{"self":[{"href":"https:\/\/blogs.uni-siegen.de\/sieguver\/wp-json\/wp\/v2\/pages\/352","targetHints":{"allow":["GET"]}}],"collection":[{"href":"https:\/\/blogs.uni-siegen.de\/sieguver\/wp-json\/wp\/v2\/pages"}],"about":[{"href":"https:\/\/blogs.uni-siegen.de\/sieguver\/wp-json\/wp\/v2\/types\/page"}],"author":[{"embeddable":true,"href":"https:\/\/blogs.uni-siegen.de\/sieguver\/wp-json\/wp\/v2\/users\/467"}],"replies":[{"embeddable":true,"href":"https:\/\/blogs.uni-siegen.de\/sieguver\/wp-json\/wp\/v2\/comments?post=352"}],"version-history":[{"count":4,"href":"https:\/\/blogs.uni-siegen.de\/sieguver\/wp-json\/wp\/v2\/pages\/352\/revisions"}],"predecessor-version":[{"id":2408,"href":"https:\/\/blogs.uni-siegen.de\/sieguver\/wp-json\/wp\/v2\/pages\/352\/revisions\/2408"}],"up":[{"embeddable":true,"href":"https:\/\/blogs.uni-siegen.de\/sieguver\/wp-json\/wp\/v2\/pages\/339"}],"wp:attachment":[{"href":"https:\/\/blogs.uni-siegen.de\/sieguver\/wp-json\/wp\/v2\/media?parent=352"}],"curies":[{"name":"wp","href":"https:\/\/api.w.org\/{rel}","templated":true}]}}