{"id":354,"date":"2021-02-05T12:47:07","date_gmt":"2021-02-05T11:47:07","guid":{"rendered":"http:\/\/blogs.uni-siegen.de\/sieguver\/?page_id=354"},"modified":"2021-03-24T12:05:43","modified_gmt":"2021-03-24T11:05:43","slug":"networking","status":"publish","type":"page","link":"https:\/\/blogs.uni-siegen.de\/sieguver\/vorbereitung-auf-den-arbeitsmarkt\/networking\/","title":{"rendered":"Networking"},"content":{"rendered":"<div id=\"pl-354\"  class=\"panel-layout\" ><div id=\"pg-354-0\"  class=\"panel-grid panel-has-style\" ><div class=\"siteorigin-panels-stretch panel-row-style panel-row-style-for-354-0\" data-stretch-type=\"full-stretched\" ><div id=\"pgc-354-0-0\"  class=\"panel-grid-cell\" ><div id=\"panel-354-0-0-0\" class=\"so-panel widget widget_sow-hero panel-first-child\" data-index=\"0\" ><div\n\t\t\t\n\t\t\tclass=\"so-widget-sow-hero so-widget-sow-hero-default-205177196474-354 so-widget-fittext-wrapper\"\n\t\t\t\n\t\t>\t\t\t\t<div class=\"sow-slider-base\" style=\"display: none\" tabindex=\"0\">\n\t\t\t\t\t<ul\n\t\t\t\t\tclass=\"sow-slider-images\"\n\t\t\t\t\tdata-settings=\"{&quot;pagination&quot;:true,&quot;speed&quot;:800,&quot;timeout&quot;:8000,&quot;paused&quot;:false,&quot;pause_on_hover&quot;:false,&quot;swipe&quot;:true,&quot;nav_always_show_desktop&quot;:&quot;&quot;,&quot;nav_always_show_mobile&quot;:&quot;&quot;,&quot;breakpoint&quot;:&quot;780px&quot;,&quot;unmute&quot;:false,&quot;anchor&quot;:null}\"\n\t\t\t\t\t\t\t\t\t\tdata-anchor-id=\"\"\n\t\t\t\t>\t\t<li class=\"sow-slider-image  sow-slider-image-cover\" style=\"visibility: visible;;background-color: #333333;background-image: url(https:\/\/blogs.uni-siegen.de\/sieguver\/files\/2021\/03\/pexels-fauxels-3184418-scaled.jpg)\" >\n\t\t\t\t\t<div class=\"sow-slider-image-container\">\n\t\t\t<div class=\"sow-slider-image-wrapper\">\n\t\t\t\t<h1 style=\"text-align: center\"><strong>Networking - Das A und O<\/strong><\/h1>\n\t\t\t<\/div>\n\t\t<\/div>\n\t\t\t\t<\/li>\n\t\t<\/ul>\t\t\t\t<ol class=\"sow-slider-pagination\">\n\t\t\t\t\t\t\t\t\t\t\t<li><a href=\"#\" data-goto=\"0\" aria-label=\"Display slide 1\"><\/a><\/li>\n\t\t\t\t\t\t\t\t\t<\/ol>\n\n\t\t\t\t<div class=\"sow-slide-nav sow-slide-nav-next\">\n\t\t\t\t\t<a href=\"#\" data-goto=\"next\" aria-label=\"Next slide\" data-action=\"next\">\n\t\t\t\t\t\t<em class=\"sow-sld-icon-thin-right\"><\/em>\n\t\t\t\t\t<\/a>\n\t\t\t\t<\/div>\n\n\t\t\t\t<div class=\"sow-slide-nav sow-slide-nav-prev\">\n\t\t\t\t\t<a href=\"#\" data-goto=\"previous\" aria-label=\"Previous slide\" data-action=\"prev\">\n\t\t\t\t\t\t<em class=\"sow-sld-icon-thin-left\"><\/em>\n\t\t\t\t\t<\/a>\n\t\t\t\t<\/div>\n\t\t\t\t<\/div><\/div><\/div><div id=\"panel-354-0-0-1\" class=\"so-panel widget widget_sow-headline panel-last-child\" data-index=\"1\" ><div\n\t\t\t\n\t\t\tclass=\"so-widget-sow-headline so-widget-sow-headline-default-ea0af4cf39ae-354\"\n\t\t\t\n\t\t><div class=\"sow-headline-container \">\n\t\t\t\t\t\t<div class=\"decoration\">\n\t\t\t\t\t\t<div class=\"decoration-inside\"><\/div>\n\t\t\t\t\t<\/div>\n\t\t\t\t\t<\/div>\n<\/div><\/div><\/div><\/div><\/div><div id=\"pg-354-1\"  class=\"panel-grid panel-no-style\" ><div id=\"pgc-354-1-0\"  class=\"panel-grid-cell\" ><div id=\"panel-354-1-0-0\" class=\"so-panel widget widget_sow-editor panel-first-child panel-last-child\" data-index=\"2\" ><div\n\t\t\t\n\t\t\tclass=\"so-widget-sow-editor so-widget-sow-editor-base\"\n\t\t\t\n\t\t>\n<div class=\"siteorigin-widget-tinymce textwidget\">\n\t<p>Je st\u00e4rker Sie vernetzt sind, desto leichter f\u00e4llt ein Einstieg in den regionalen Arbeitsmarkt. <strong>SieguVer<\/strong> m\u00f6chte Ihnen mit vielf\u00e4ltigen <strong>Angeboten<\/strong> dabei helfen sich optimal in der Region zu vernetzen.<\/p>\n<p>Dazu bieten wir unter anderem folgende Formate an:<\/p>\n<ul>\n<li><strong><a href=\"https:\/\/blogs.uni-siegen.de\/sieguver\/vorbereitung-auf-den-arbeitsmarkt\/networking\/internationale-fruehstuecke\/\">Internationales Fr\u00fchst\u00fcck<\/a><\/strong><\/li>\n<li><strong><a href=\"https:\/\/blogs.uni-siegen.de\/sieguver\/vorbereitung-auf-den-arbeitsmarkt\/networking\/unternehmensbesuche\/\">Unternehmensbesuche<\/a><\/strong><\/li>\n<li><strong><a href=\"https:\/\/blogs.uni-siegen.de\/sieguver\/vorbereitung-auf-den-arbeitsmarkt\/networking\/exkursionen\/\">Exkursionen<\/a><\/strong><\/li>\n<li><strong><a href=\"https:\/\/blogs.uni-siegen.de\/sieguver\/soziales-engagement\/engagement-talk\/\">Engagement-Talk\u00a0<\/a><\/strong><\/li>\n<\/ul>\n<hr \/>\n<h1><span style=\"color: #000000\">UNIVERSIT\u00c4RES NETWORKING<\/span><\/h1>\n<p>Ebenso bieten die <strong>Universit\u00e4t Siegen<\/strong> \u00a0zahlreiche M\u00f6glichkeiten, um sich in Ihrer Freizeit sowie im Studium zu vernetzen:<\/p>\n<p style=\"padding-left: 40px\">Bei <a class=\" cd_intlink\" href=\"https:\/\/www.uni-siegen.de\/start\/studium\/studentisches_leben\/engagement\/studentische_initiativen.html\" target=\"_blank\" rel=\"noopener\"><u><strong>Studentischen Initiativen<\/strong><\/u><\/a> mitzumachen, hei\u00dft seinen Interessen mit anderen Studis nachzugehen und mehr Erfahrung vor Ort zu bekommen:<\/p>\n<p style=\"padding-left: 40px\">Die Abteilung <strong>International Student Affairs<\/strong> bietet regelm\u00e4\u00dfig einen <a href=\"https:\/\/www.uni-siegen.de\/isa\/aktuelles\/726443.html\" target=\"_blank\" rel=\"noopener\">internationalen Stammtisch<\/a> an, bei dem Studierende untereinander Kontakte kn\u00fcpfen und sich austauschen k\u00f6nnen.<\/p>\n<p style=\"padding-left: 40px\">Der <strong><a href=\"https:\/\/www.uni-siegen.de\/alumni\/\" target=\"_blank\" rel=\"noopener\">Alumniverbund<\/a> <\/strong>der Universit\u00e4t Siegen bietet die M\u00f6glichkeit sich international zu vernetzen. Egal, ob Sie noch studieren oder Ihr Studium bereits hinter sich haben. Profitieren Sie von einem weitreichenden Netzwerk.<\/p>\n<\/div>\n<\/div><\/div><\/div><\/div><div id=\"pg-354-2\"  class=\"panel-grid panel-has-style\" ><div class=\"panel-row-style panel-row-style-for-354-2\" ><div id=\"pgc-354-2-0\"  class=\"panel-grid-cell panel-grid-cell-mobile-last\" ><div id=\"panel-354-2-0-0\" class=\"so-panel widget widget_sow-editor panel-first-child panel-last-child\" data-index=\"3\" ><div\n\t\t\t\n\t\t\tclass=\"so-widget-sow-editor so-widget-sow-editor-base\"\n\t\t\t\n\t\t>\n<div class=\"siteorigin-widget-tinymce textwidget\">\n\t<p>Foto von\u00a0<strong><a href=\"https:\/\/www.pexels.com\/de-de\/@fauxels?utm_content=attributionCopyText&amp;utm_medium=referral&amp;utm_source=pexels\">fauxels<\/a><\/strong>\u00a0von\u00a0<strong><a href=\"https:\/\/www.pexels.com\/de-de\/foto\/foto-von-menschen-in-der-nahe-von-holztisch-3184418\/?utm_content=attributionCopyText&amp;utm_medium=referral&amp;utm_source=pexels\">Pexels<\/a><\/strong><\/p>\n<\/div>\n<\/div><\/div><\/div><div id=\"pgc-354-2-1\"  class=\"panel-grid-cell panel-grid-cell-empty\" ><\/div><\/div><\/div><\/div>","protected":false},"excerpt":{"rendered":"<p>Je st\u00e4rker Sie vernetzt sind, desto leichter f\u00e4llt ein Einstieg in den regionalen Arbeitsmarkt. SieguVer m\u00f6chte Ihnen mit vielf\u00e4ltigen Angeboten dabei helfen sich optimal in der Region zu vernetzen. Dazu bieten wir unter anderem folgende Formate an: Internationales Fr\u00fchst\u00fcck Unternehmensbesuche Exkursionen Engagement-Talk\u00a0 UNIVERSIT\u00c4RES NETWORKING Ebenso bieten die Universit\u00e4t Siegen \u00a0zahlreiche M\u00f6glichkeiten, um sich in Ihrer &hellip; <\/p>\n<p class=\"link-more\"><a href=\"https:\/\/blogs.uni-siegen.de\/sieguver\/vorbereitung-auf-den-arbeitsmarkt\/networking\/\" class=\"more-link\"><span class=\"screen-reader-text\">\u201eNetworking\u201c <\/span>weiterlesen<\/a><\/p>\n","protected":false},"author":467,"featured_media":0,"parent":339,"menu_order":4,"comment_status":"closed","ping_status":"closed","template":"","meta":{"footnotes":""},"class_list":["post-354","page","type-page","status-publish","hentry"],"_links":{"self":[{"href":"https:\/\/blogs.uni-siegen.de\/sieguver\/wp-json\/wp\/v2\/pages\/354","targetHints":{"allow":["GET"]}}],"collection":[{"href":"https:\/\/blogs.uni-siegen.de\/sieguver\/wp-json\/wp\/v2\/pages"}],"about":[{"href":"https:\/\/blogs.uni-siegen.de\/sieguver\/wp-json\/wp\/v2\/types\/page"}],"author":[{"embeddable":true,"href":"https:\/\/blogs.uni-siegen.de\/sieguver\/wp-json\/wp\/v2\/users\/467"}],"replies":[{"embeddable":true,"href":"https:\/\/blogs.uni-siegen.de\/sieguver\/wp-json\/wp\/v2\/comments?post=354"}],"version-history":[{"count":10,"href":"https:\/\/blogs.uni-siegen.de\/sieguver\/wp-json\/wp\/v2\/pages\/354\/revisions"}],"predecessor-version":[{"id":869,"href":"https:\/\/blogs.uni-siegen.de\/sieguver\/wp-json\/wp\/v2\/pages\/354\/revisions\/869"}],"up":[{"embeddable":true,"href":"https:\/\/blogs.uni-siegen.de\/sieguver\/wp-json\/wp\/v2\/pages\/339"}],"wp:attachment":[{"href":"https:\/\/blogs.uni-siegen.de\/sieguver\/wp-json\/wp\/v2\/media?parent=354"}],"curies":[{"name":"wp","href":"https:\/\/api.w.org\/{rel}","templated":true}]}}