{"id":374,"date":"2021-02-05T12:53:51","date_gmt":"2021-02-05T11:53:51","guid":{"rendered":"http:\/\/blogs.uni-siegen.de\/sieguver\/?page_id=374"},"modified":"2025-08-04T15:56:10","modified_gmt":"2025-08-04T13:56:10","slug":"sieguver-angebote","status":"publish","type":"page","link":"https:\/\/blogs.uni-siegen.de\/sieguver\/sieguver-angebote\/","title":{"rendered":"Unsere Angebote"},"content":{"rendered":"<div id=\"pl-374\"  class=\"panel-layout\" ><div id=\"pg-374-0\"  class=\"panel-grid panel-has-style\" ><div class=\"siteorigin-panels-stretch panel-row-style panel-row-style-for-374-0\" data-stretch-type=\"full-width-stretch\" ><div id=\"pgc-374-0-0\"  class=\"panel-grid-cell\" ><div id=\"panel-374-0-0-0\" class=\"so-panel widget widget_sow-hero panel-first-child\" data-index=\"0\" ><div\n\t\t\t\n\t\t\tclass=\"so-widget-sow-hero so-widget-sow-hero-default-7515847024da-374 so-widget-fittext-wrapper\"\n\t\t\t\n\t\t>\t\t\t\t<div class=\"sow-slider-base\" style=\"display: none\" tabindex=\"0\">\n\t\t\t\t\t<ul\n\t\t\t\t\tclass=\"sow-slider-images\"\n\t\t\t\t\tdata-settings=\"{&quot;pagination&quot;:true,&quot;speed&quot;:800,&quot;timeout&quot;:8000,&quot;paused&quot;:false,&quot;pause_on_hover&quot;:false,&quot;swipe&quot;:true,&quot;nav_always_show_desktop&quot;:&quot;&quot;,&quot;nav_always_show_mobile&quot;:&quot;&quot;,&quot;breakpoint&quot;:&quot;780px&quot;,&quot;unmute&quot;:false,&quot;anchor&quot;:null}\"\n\t\t\t\t\t\t\t\t\t\tdata-anchor-id=\"\"\n\t\t\t\t>\t\t<li class=\"sow-slider-image  sow-slider-image-cover\" style=\"visibility: visible;;background-color: #333333;background-image: url(https:\/\/blogs.uni-siegen.de\/sieguver\/files\/2021\/02\/H\u00e4nde-zusammen-1-scaled.jpg)\" >\n\t\t\t\t\t<div class=\"sow-slider-image-container\">\n\t\t\t<div class=\"sow-slider-image-wrapper\">\n\t\t\t\t<h1 style=\"text-align: center\"><strong>Zusammen etwas bewirken<\/strong><\/h1>\n<h1 style=\"text-align: center\"><\/h1>\n\t\t\t<\/div>\n\t\t<\/div>\n\t\t\t\t<\/li>\n\t\t<\/ul>\t\t\t\t<ol class=\"sow-slider-pagination\">\n\t\t\t\t\t\t\t\t\t\t\t<li><a href=\"#\" data-goto=\"0\" aria-label=\"Display slide 1\"><\/a><\/li>\n\t\t\t\t\t\t\t\t\t<\/ol>\n\n\t\t\t\t<div class=\"sow-slide-nav sow-slide-nav-next\">\n\t\t\t\t\t<a href=\"#\" data-goto=\"next\" aria-label=\"Next slide\" data-action=\"next\">\n\t\t\t\t\t\t<em class=\"sow-sld-icon-thin-right\"><\/em>\n\t\t\t\t\t<\/a>\n\t\t\t\t<\/div>\n\n\t\t\t\t<div class=\"sow-slide-nav sow-slide-nav-prev\">\n\t\t\t\t\t<a href=\"#\" data-goto=\"previous\" aria-label=\"Previous slide\" data-action=\"prev\">\n\t\t\t\t\t\t<em class=\"sow-sld-icon-thin-left\"><\/em>\n\t\t\t\t\t<\/a>\n\t\t\t\t<\/div>\n\t\t\t\t<\/div><\/div><\/div><div id=\"panel-374-0-0-1\" class=\"so-panel widget widget_sow-headline panel-last-child\" data-index=\"1\" ><div\n\t\t\t\n\t\t\tclass=\"so-widget-sow-headline so-widget-sow-headline-default-ddb582435d2c-374\"\n\t\t\t\n\t\t><div class=\"sow-headline-container \">\n\t\t\t\t\t\t\t<h1 class=\"sow-headline\">\n\t\t\t\t\t\tInternationale Fachkr\u00e4fte\t\t\t\t\t\t<\/h1>\n\t\t\t\t\t\t\t\t\t\t\t\t<h3 class=\"sow-sub-headline\">\n\t\t\t\t\t\tausgebildet in der Region\t\t\t\t\t\t<\/h3>\n\t\t\t\t\t\t<\/div>\n<\/div><\/div><\/div><\/div><\/div><div id=\"pg-374-1\"  class=\"panel-grid panel-no-style\" ><div id=\"pgc-374-1-0\"  class=\"panel-grid-cell\" ><div id=\"panel-374-1-0-0\" class=\"so-panel widget widget_sow-editor panel-first-child panel-last-child\" data-index=\"2\" ><div\n\t\t\t\n\t\t\tclass=\"so-widget-sow-editor so-widget-sow-editor-base\"\n\t\t\t\n\t\t>\n<div class=\"siteorigin-widget-tinymce textwidget\">\n\t<p>Viele unserer qualifizierten internationalen Studierenden m\u00f6chten gerne nach ihrem Studium f\u00fcr einige Jahre oder sogar l\u00e4nger <strong>Berufserfahrung<\/strong> in Deutschland sammeln.<\/p>\n<p>Die industriestarke Region S\u00fcdwestfalen bietet sich als Arbeitsort f\u00fcr die internationalen Absolvent*innen an. Vielleicht sind auch potenzielle <strong>Arbeitnehmer*innen<\/strong> von Ihnen dabei?<\/p>\n<p>Nutzen Sie unsere <a href=\"https:\/\/blogs.uni-siegen.de\/sieguver\/fuer-unternehmen-vereine\/infos-fuer-unternehmen\/angebote-fuer-unternehmen\/\" target=\"_blank\" rel=\"noopener\">Angebote<\/a>, um mit ihnen in Kontakt zu kommen.<\/p>\n<p>Ebenso sind viele internationale Studierende an<strong> freiwilligen T\u00e4tigkeiten<\/strong> interessiert und m\u00f6chten sich f\u00fcr die Gemeinschaft und unsere Region einsetzen. Kommen Sie mit Ihnen in <a href=\"https:\/\/blogs.uni-siegen.de\/sieguver\/soziales-engagement\/engagement-talk\/\">Kontakt<\/a>. Wir unterst\u00fctzen Sie gerne dabei!<\/p>\n<\/div>\n<\/div><\/div><\/div><\/div><div id=\"pg-374-2\"  class=\"panel-grid panel-has-style\" ><div class=\"panel-row-style panel-row-style-for-374-2\" ><div id=\"pgc-374-2-0\"  class=\"panel-grid-cell panel-grid-cell-empty\" ><\/div><\/div><\/div><\/div>","protected":false},"excerpt":{"rendered":"<p>Viele unserer qualifizierten internationalen Studierenden m\u00f6chten gerne nach ihrem Studium f\u00fcr einige Jahre oder sogar l\u00e4nger Berufserfahrung in Deutschland sammeln. Die industriestarke Region S\u00fcdwestfalen bietet sich als Arbeitsort f\u00fcr die internationalen Absolvent*innen an. Vielleicht sind auch potenzielle Arbeitnehmer*innen von Ihnen dabei? Nutzen Sie unsere Angebote, um mit ihnen in Kontakt zu kommen. Ebenso sind viele &hellip; <\/p>\n<p class=\"link-more\"><a href=\"https:\/\/blogs.uni-siegen.de\/sieguver\/sieguver-angebote\/\" class=\"more-link\"><span class=\"screen-reader-text\">\u201eUnsere Angebote\u201c <\/span>weiterlesen<\/a><\/p>\n","protected":false},"author":467,"featured_media":0,"parent":0,"menu_order":0,"comment_status":"closed","ping_status":"closed","template":"","meta":{"footnotes":""},"class_list":["post-374","page","type-page","status-publish","hentry"],"_links":{"self":[{"href":"https:\/\/blogs.uni-siegen.de\/sieguver\/wp-json\/wp\/v2\/pages\/374","targetHints":{"allow":["GET"]}}],"collection":[{"href":"https:\/\/blogs.uni-siegen.de\/sieguver\/wp-json\/wp\/v2\/pages"}],"about":[{"href":"https:\/\/blogs.uni-siegen.de\/sieguver\/wp-json\/wp\/v2\/types\/page"}],"author":[{"embeddable":true,"href":"https:\/\/blogs.uni-siegen.de\/sieguver\/wp-json\/wp\/v2\/users\/467"}],"replies":[{"embeddable":true,"href":"https:\/\/blogs.uni-siegen.de\/sieguver\/wp-json\/wp\/v2\/comments?post=374"}],"version-history":[{"count":12,"href":"https:\/\/blogs.uni-siegen.de\/sieguver\/wp-json\/wp\/v2\/pages\/374\/revisions"}],"predecessor-version":[{"id":2610,"href":"https:\/\/blogs.uni-siegen.de\/sieguver\/wp-json\/wp\/v2\/pages\/374\/revisions\/2610"}],"wp:attachment":[{"href":"https:\/\/blogs.uni-siegen.de\/sieguver\/wp-json\/wp\/v2\/media?parent=374"}],"curies":[{"name":"wp","href":"https:\/\/api.w.org\/{rel}","templated":true}]}}