{"id":376,"date":"2021-02-05T12:54:26","date_gmt":"2021-02-05T11:54:26","guid":{"rendered":"http:\/\/blogs.uni-siegen.de\/sieguver\/?page_id=376"},"modified":"2025-08-05T14:57:02","modified_gmt":"2025-08-05T12:57:02","slug":"kontakt-zu-internationalen-talenten","status":"publish","type":"page","link":"https:\/\/blogs.uni-siegen.de\/sieguver\/sieguver-angebote\/kontakt-zu-internationalen-talenten\/","title":{"rendered":"Unsere Angebote"},"content":{"rendered":"<div id=\"pl-376\"  class=\"panel-layout\" ><div id=\"pg-376-0\"  class=\"panel-grid panel-has-style\" ><div class=\"siteorigin-panels-stretch panel-row-style panel-row-style-for-376-0\" data-stretch-type=\"full-width-stretch\" ><div id=\"pgc-376-0-0\"  class=\"panel-grid-cell\" ><div id=\"panel-376-0-0-0\" class=\"so-panel widget widget_sow-hero panel-first-child panel-last-child\" data-index=\"0\" ><div\n\t\t\t\n\t\t\tclass=\"so-widget-sow-hero so-widget-sow-hero-default-205177196474-376 so-widget-fittext-wrapper\"\n\t\t\t\n\t\t>\t\t\t\t<div class=\"sow-slider-base\" style=\"display: none\" tabindex=\"0\">\n\t\t\t\t\t<ul\n\t\t\t\t\tclass=\"sow-slider-images\"\n\t\t\t\t\tdata-settings=\"{&quot;pagination&quot;:true,&quot;speed&quot;:800,&quot;timeout&quot;:8000,&quot;paused&quot;:false,&quot;pause_on_hover&quot;:false,&quot;swipe&quot;:true,&quot;nav_always_show_desktop&quot;:&quot;&quot;,&quot;nav_always_show_mobile&quot;:&quot;&quot;,&quot;breakpoint&quot;:&quot;780px&quot;,&quot;unmute&quot;:false,&quot;anchor&quot;:null}\"\n\t\t\t\t\t\t\t\t\t\tdata-anchor-id=\"\"\n\t\t\t\t>\t\t<li class=\"sow-slider-image  sow-slider-image-cover\" style=\"visibility: visible;;background-color: #333333;background-image: url(https:\/\/blogs.uni-siegen.de\/sieguver\/files\/2021\/03\/pexels-fauxels-3184418-scaled.jpg)\" >\n\t\t\t\t\t<div class=\"sow-slider-image-container\">\n\t\t\t<div class=\"sow-slider-image-wrapper\">\n\t\t\t\t<h1 style=\"text-align: center\"><strong>Ihre Chance auf talentierten Nachwuchs<\/strong><\/h1>\n\t\t\t<\/div>\n\t\t<\/div>\n\t\t\t\t<\/li>\n\t\t<\/ul>\t\t\t\t<ol class=\"sow-slider-pagination\">\n\t\t\t\t\t\t\t\t\t\t\t<li><a href=\"#\" data-goto=\"0\" aria-label=\"Display slide 1\"><\/a><\/li>\n\t\t\t\t\t\t\t\t\t<\/ol>\n\n\t\t\t\t<div class=\"sow-slide-nav sow-slide-nav-next\">\n\t\t\t\t\t<a href=\"#\" data-goto=\"next\" aria-label=\"Next slide\" data-action=\"next\">\n\t\t\t\t\t\t<em class=\"sow-sld-icon-thin-right\"><\/em>\n\t\t\t\t\t<\/a>\n\t\t\t\t<\/div>\n\n\t\t\t\t<div class=\"sow-slide-nav sow-slide-nav-prev\">\n\t\t\t\t\t<a href=\"#\" data-goto=\"previous\" aria-label=\"Previous slide\" data-action=\"prev\">\n\t\t\t\t\t\t<em class=\"sow-sld-icon-thin-left\"><\/em>\n\t\t\t\t\t<\/a>\n\t\t\t\t<\/div>\n\t\t\t\t<\/div><\/div><\/div><\/div><\/div><\/div><div id=\"pg-376-1\"  class=\"panel-grid panel-no-style\" ><div id=\"pgc-376-1-0\"  class=\"panel-grid-cell\" ><div id=\"panel-376-1-0-0\" class=\"so-panel widget widget_sow-editor panel-first-child\" data-index=\"1\" ><div\n\t\t\t\n\t\t\tclass=\"so-widget-sow-editor so-widget-sow-editor-base\"\n\t\t\t\n\t\t>\n<div class=\"siteorigin-widget-tinymce textwidget\">\n\t<p data-start=\"163\" data-end=\"401\">Jedes Jahr schlie\u00dfen <strong>qualifizierte internationale Studierende<\/strong> ihr Studium an der <strong>Universit\u00e4t Siegen<\/strong> erfolgreich ab. Viele von ihnen m\u00f6chten im Anschluss f\u00fcr einige Jahre \u2013 oder sogar dauerhaft \u2013 <strong>Berufserfahrung in Deutschland<\/strong> sammeln.<\/p>\n<p data-start=\"403\" data-end=\"617\"><strong>Nutzen Sie Ihre Chance<\/strong>, \u00fcber <em data-start=\"434\" data-end=\"468\">Career &amp; Networking mit SieguVer<\/em> fr\u00fchzeitig mit internationalen Studierenden in Kontakt zu treten \u2013 und sichern Sie sich so den <strong>Zugang zu internationalen Fachkr\u00e4ften<\/strong>.<\/p>\n<\/div>\n<\/div><\/div><div id=\"panel-376-1-0-1\" class=\"so-panel widget widget_sow-headline\" data-index=\"2\" ><div\n\t\t\t\n\t\t\tclass=\"so-widget-sow-headline so-widget-sow-headline-default-08ca780a4db4-376\"\n\t\t\t\n\t\t><div class=\"sow-headline-container \">\n\t\t\t\t\t\t\t<h1 class=\"sow-headline\">\n\t\t\t\t\t\tUnsere Angebote f\u00fcr Ihr Unternehmen\t\t\t\t\t\t<\/h1>\n\t\t\t\t\t\t\t\t\t\t\t<div class=\"decoration\">\n\t\t\t\t\t\t<div class=\"decoration-inside\"><\/div>\n\t\t\t\t\t<\/div>\n\t\t\t\t\t<\/div>\n<\/div><\/div><div id=\"panel-376-1-0-2\" class=\"so-panel widget widget_sow-accordion\" data-index=\"3\" ><div\n\t\t\t\n\t\t\tclass=\"so-widget-sow-accordion so-widget-sow-accordion-default-64d94f0de377-376\"\n\t\t\t\n\t\t><div>\n\t<div class=\"sow-accordion\">\n\t\t\t<div class=\"sow-accordion-panel\n\t\t\t\t\t\"\n\t\t\t\tdata-anchor-id=\"internationales-fruehstueck\">\n\t\t\t\t\t<div class=\"sow-accordion-panel-header-container\" role=\"heading\" aria-level=\"2\">\n\t\t\t\t\t<div class=\"sow-accordion-panel-header\" tabindex=\"0\" role=\"button\" id=\"accordion-label-internationales-fr%c3%bchst%c3%bcck\" aria-controls=\"accordion-content-internationales-fr%c3%bchst%c3%bcck\" aria-expanded=\"false\">\n\t\t\t\t\t\t<div class=\"sow-accordion-title sow-accordion-title-icon-left\">\n\t\t\t\t\t\t\t\t\t\t\t\t\t\tInternationales Fr\u00fchst\u00fcck\t\t\t\t\t\t\t\t\t\t\t\t\t<\/div>\n\t\t\t\t\t\t<div class=\"sow-accordion-open-close-button\">\n\t\t\t\t\t\t\t<div class=\"sow-accordion-open-button\">\n\t\t\t\t\t\t\t\t<span class=\"sow-icon-ionicons\" data-sow-icon=\"&#xf218;\"\n\t\t \n\t\taria-hidden=\"true\"><\/span>\t\t\t\t\t\t\t<\/div>\n\t\t\t\t\t\t\t<div class=\"sow-accordion-close-button\">\n\t\t\t\t\t\t\t\t<span class=\"sow-icon-ionicons\" data-sow-icon=\"&#xf209;\"\n\t\t \n\t\taria-hidden=\"true\"><\/span>\t\t\t\t\t\t\t<\/div>\n\t\t\t\t\t\t<\/div>\n\t\t\t\t\t<\/div>\n\t\t\t\t<\/div>\n\n\t\t\t<div\n\t\t\t\tclass=\"sow-accordion-panel-content\"\n\t\t\t\trole=\"region\"\n\t\t\t\taria-labelledby=\"accordion-label-internationales-fr%c3%bchst%c3%bcck\"\n\t\t\t\tid=\"accordion-content-internationales-fr%c3%bchst%c3%bcck\"\n\t\t\t\tstyle=\"display: none;\"\t\t\t>\n\t\t\t\t<div class=\"sow-accordion-panel-border\">\n\t\t\t\t\t<p data-start=\"106\" data-end=\"467\">Beim <strong data-start=\"111\" data-end=\"140\">Internationalen Fr\u00fchst\u00fcck<\/strong> haben Sie die Chance, Ihr Unternehmen direkt an der Universit\u00e4t einer kleinen, ausgew\u00e4hlten Gruppe internationaler Studierender vorzustellen \u2013 unkompliziert, pers\u00f6nlich und auf Augenh\u00f6he. In einem kurzen Unternehmenspitch geben Sie Einblicke in Ihre T\u00e4tigkeitsbereiche, Einstiegsm\u00f6glichkeiten und das Arbeiten in Ihrem Team.<\/p>\n<p data-start=\"469\" data-end=\"684\">Anschlie\u00dfend bietet ein gemeinsames Fr\u00fchst\u00fcck in lockerer Atmosph\u00e4re die Gelegenheit, ins Gespr\u00e4ch zu kommen, Fragen zu beantworten und erste pers\u00f6nliche Kontakte zu potenziellen Fachkr\u00e4ften von morgen zu kn\u00fcpfen.<\/p>\n<p data-start=\"686\" data-end=\"932\">Die Organisation vor Ort sowie das Catering \u00fcbernehmen wir \u2013 f\u00fcr Sie entsteht kein zus\u00e4tzlicher Aufwand, nur die M\u00f6glichkeit, gezielt Nachwuchstalente aus dem internationalen Umfeld kennenzulernen und Ihre Arbeitgebermarke sichtbar zu machen.<\/p>\n<p><strong>M\u00f6chten Sie Ihr Unternehmen internationalen Studierenden im Rahmen eines Fr\u00fchst\u00fccks vorstellen? <a href=\"mailto:kim.hain@zv.uni-siegen.de\">Schreiben Sie uns<\/a> \u2013 wir \u00fcbernehmen die Planung und freuen uns auf Ihre Teilnahme!<\/strong><\/p>\n\t\t\t\t<\/div>\n\t\t\t<\/div>\n\t\t<\/div>\n\t\t\t<div class=\"sow-accordion-panel\n\t\t\t\t\t\"\n\t\t\t\tdata-anchor-id=\"unternehmensbesuch\">\n\t\t\t\t\t<div class=\"sow-accordion-panel-header-container\" role=\"heading\" aria-level=\"2\">\n\t\t\t\t\t<div class=\"sow-accordion-panel-header\" tabindex=\"0\" role=\"button\" id=\"accordion-label-unternehmensbesuch\" aria-controls=\"accordion-content-unternehmensbesuch\" aria-expanded=\"false\">\n\t\t\t\t\t\t<div class=\"sow-accordion-title sow-accordion-title-icon-left\">\n\t\t\t\t\t\t\t\t\t\t\t\t\t\tUnternehmensbesuch\t\t\t\t\t\t\t\t\t\t\t\t\t<\/div>\n\t\t\t\t\t\t<div class=\"sow-accordion-open-close-button\">\n\t\t\t\t\t\t\t<div class=\"sow-accordion-open-button\">\n\t\t\t\t\t\t\t\t<span class=\"sow-icon-ionicons\" data-sow-icon=\"&#xf218;\"\n\t\t \n\t\taria-hidden=\"true\"><\/span>\t\t\t\t\t\t\t<\/div>\n\t\t\t\t\t\t\t<div class=\"sow-accordion-close-button\">\n\t\t\t\t\t\t\t\t<span class=\"sow-icon-ionicons\" data-sow-icon=\"&#xf209;\"\n\t\t \n\t\taria-hidden=\"true\"><\/span>\t\t\t\t\t\t\t<\/div>\n\t\t\t\t\t\t<\/div>\n\t\t\t\t\t<\/div>\n\t\t\t\t<\/div>\n\n\t\t\t<div\n\t\t\t\tclass=\"sow-accordion-panel-content\"\n\t\t\t\trole=\"region\"\n\t\t\t\taria-labelledby=\"accordion-label-unternehmensbesuch\"\n\t\t\t\tid=\"accordion-content-unternehmensbesuch\"\n\t\t\t\tstyle=\"display: none;\"\t\t\t>\n\t\t\t\t<div class=\"sow-accordion-panel-border\">\n\t\t\t\t\t<p>Durch einen <strong>Unternehmensbesuch<\/strong> haben Studierende die M\u00f6glichkeit Ihr Unternehmen hautnah kennenzulernen. Laden Sie sie zu sich ein und zeigen ihnen Ihren spannenden Arbeitsablauf. Im besten Fall sto\u00dfen Sie dabei schon auf potenzielle Arbeitnehmer*innen \u2013 sei es als Werkstudierende und \/ oder als Arbeitskraft nach Studienende.<\/p>\n<p>F\u00fcr alle Formate ist es m\u00f6glich, dass wir gezielt Studierendengruppen einladen, die f\u00fcr Sie besonders interessant sein k\u00f6nnten (z.B. bzgl. Studienfach oder Herkunft).<\/p>\n<p>Die Planung, Anmeldung und Anfahrt \u00fcbernimmt nat\u00fcrlich das Team von Sieguver.<\/p>\n<p><strong>Haben Sie Interesse eine Gruppe internationaler Studierender zu sich einzuladen? Gerne k\u00f6nnen wir jederzeit gemeinsam einen Unternehmensbesuch <a href=\"mailto:kim.hain@zv.uni-siegen.de\">planen<\/a>!<\/strong><\/p>\n\t\t\t\t<\/div>\n\t\t\t<\/div>\n\t\t<\/div>\n\t\t\t<div class=\"sow-accordion-panel\n\t\t\t\t\t\"\n\t\t\t\tdata-anchor-id=\"job-speeddating\">\n\t\t\t\t\t<div class=\"sow-accordion-panel-header-container\" role=\"heading\" aria-level=\"2\">\n\t\t\t\t\t<div class=\"sow-accordion-panel-header\" tabindex=\"0\" role=\"button\" id=\"accordion-label-job-speeddating\" aria-controls=\"accordion-content-job-speeddating\" aria-expanded=\"false\">\n\t\t\t\t\t\t<div class=\"sow-accordion-title sow-accordion-title-icon-left\">\n\t\t\t\t\t\t\t\t\t\t\t\t\t\tJob-Speeddating\t\t\t\t\t\t\t\t\t\t\t\t\t<\/div>\n\t\t\t\t\t\t<div class=\"sow-accordion-open-close-button\">\n\t\t\t\t\t\t\t<div class=\"sow-accordion-open-button\">\n\t\t\t\t\t\t\t\t<span class=\"sow-icon-ionicons\" data-sow-icon=\"&#xf218;\"\n\t\t \n\t\taria-hidden=\"true\"><\/span>\t\t\t\t\t\t\t<\/div>\n\t\t\t\t\t\t\t<div class=\"sow-accordion-close-button\">\n\t\t\t\t\t\t\t\t<span class=\"sow-icon-ionicons\" data-sow-icon=\"&#xf209;\"\n\t\t \n\t\taria-hidden=\"true\"><\/span>\t\t\t\t\t\t\t<\/div>\n\t\t\t\t\t\t<\/div>\n\t\t\t\t\t<\/div>\n\t\t\t\t<\/div>\n\n\t\t\t<div\n\t\t\t\tclass=\"sow-accordion-panel-content\"\n\t\t\t\trole=\"region\"\n\t\t\t\taria-labelledby=\"accordion-label-job-speeddating\"\n\t\t\t\tid=\"accordion-content-job-speeddating\"\n\t\t\t\tstyle=\"display: none;\"\t\t\t>\n\t\t\t\t<div class=\"sow-accordion-panel-border\">\n\t\t\t\t\t<p>Beim <strong>Job-Speeddating<\/strong> haben Sie die M\u00f6glichkeit, in k\u00fcrzester Zeit eine Vielzahl von internationalen Studierenden pers\u00f6nlich kennenzulernen. 3 Minuten haben Sie Zeit, sich gegenseitig <strong>kennenzulernen, Erwartungen und Erfahrungen auszutauschen<\/strong> \u2013 bis sich der*die n\u00e4chste Interessent*in bei Ihnen vorstellt.<br \/>\nHaben Sie gegenseitiges Interesse geweckt? Dann tauschen Sie einfach Ihre Kontaktdaten aus und vereinbaren einen Gespr\u00e4chstermin.<\/p>\n<p><strong>M\u00f6chten Sie 2026 teilnehmen? Dann <a href=\"mailto:kim.hain@zv.uni-siegen.de\">melden Sie sich<\/a> gerne bei uns.<\/strong><\/p>\n\t\t\t\t<\/div>\n\t\t\t<\/div>\n\t\t<\/div>\n\t\t\t<div class=\"sow-accordion-panel\n\t\t\t\t\t\"\n\t\t\t\tdata-anchor-id=\"job-shadowing\">\n\t\t\t\t\t<div class=\"sow-accordion-panel-header-container\" role=\"heading\" aria-level=\"2\">\n\t\t\t\t\t<div class=\"sow-accordion-panel-header\" tabindex=\"0\" role=\"button\" id=\"accordion-label-job-shadowing\" aria-controls=\"accordion-content-job-shadowing\" aria-expanded=\"false\">\n\t\t\t\t\t\t<div class=\"sow-accordion-title sow-accordion-title-icon-left\">\n\t\t\t\t\t\t\t\t\t\t\t\t\t\tJob Shadowing\t\t\t\t\t\t\t\t\t\t\t\t\t<\/div>\n\t\t\t\t\t\t<div class=\"sow-accordion-open-close-button\">\n\t\t\t\t\t\t\t<div class=\"sow-accordion-open-button\">\n\t\t\t\t\t\t\t\t<span class=\"sow-icon-ionicons\" data-sow-icon=\"&#xf218;\"\n\t\t \n\t\taria-hidden=\"true\"><\/span>\t\t\t\t\t\t\t<\/div>\n\t\t\t\t\t\t\t<div class=\"sow-accordion-close-button\">\n\t\t\t\t\t\t\t\t<span class=\"sow-icon-ionicons\" data-sow-icon=\"&#xf209;\"\n\t\t \n\t\taria-hidden=\"true\"><\/span>\t\t\t\t\t\t\t<\/div>\n\t\t\t\t\t\t<\/div>\n\t\t\t\t\t<\/div>\n\t\t\t\t<\/div>\n\n\t\t\t<div\n\t\t\t\tclass=\"sow-accordion-panel-content\"\n\t\t\t\trole=\"region\"\n\t\t\t\taria-labelledby=\"accordion-label-job-shadowing\"\n\t\t\t\tid=\"accordion-content-job-shadowing\"\n\t\t\t\tstyle=\"display: none;\"\t\t\t>\n\t\t\t\t<div class=\"sow-accordion-panel-border\">\n\t\t\t\t\t<p data-start=\"104\" data-end=\"516\">Mit unserem <strong data-start=\"116\" data-end=\"142\">Job Shadowing-Programm<\/strong> bieten wir Unternehmen eine einfache M\u00f6glichkeit, internationale Studierende kennenzulernen und sich gleichzeitig als offener, attraktiver Arbeitgeber zu pr\u00e4sentieren. Dabei begleitet ein\/e Studierende\/r f\u00fcr einen Tag eine\/n Mitarbeitende\/ Ihres Unternehmens und erh\u00e4lt so einen authentischen Einblick in den Arbeitsalltag, Ihre Unternehmenskultur und m\u00f6gliche Karrierewege.<\/p>\n<p data-start=\"518\" data-end=\"865\">Das Format ist bewusst kompakt gehalten \u2013 <strong data-start=\"560\" data-end=\"647\">ein einmaliger Termin, ohne langfristige Verpflichtung oder hohen Betreuungsaufwand<\/strong>. Gerade diese Niedrigschwelligkeit macht das Job Shadowing zu einer attraktiven M\u00f6glichkeit, fr\u00fchzeitig Kontakte zu potenziellen Nachwuchskr\u00e4ften zu kn\u00fcpfen und den Zugang zu internationalen Talenten zu erleichtern.<\/p>\n<p data-start=\"867\" data-end=\"1062\">Im besten Fall entsteht aus dem Tag ein pers\u00f6nlicher Kontakt, der auf freiwilliger Basis weitergef\u00fchrt werden kann \u2013 sei es f\u00fcr Praktika, Werkstudierendent\u00e4tigkeiten oder sp\u00e4tere Berufseinstiege.<\/p>\n<p><strong>Haben Sie Interesse, im Jahr 2026 im Rahmen des Job Shadowings einer*m internationalen Studierenden einen Einblick in Ihr Unternehmen zu geben? Dann<a href=\"mailto:kim.hain@zv.uni-siegen.de\"> schreiben Sie uns<\/a> gerne!<\/strong><\/p>\n\t\t\t\t<\/div>\n\t\t\t<\/div>\n\t\t<\/div>\n\t\t<\/div>\n<\/div>\n<\/div><\/div><div id=\"panel-376-1-0-3\" class=\"so-panel widget widget_sow-headline\" data-index=\"4\" ><div\n\t\t\t\n\t\t\tclass=\"so-widget-sow-headline so-widget-sow-headline-default-ea0af4cf39ae-376\"\n\t\t\t\n\t\t><div class=\"sow-headline-container \">\n\t\t\t\t\t\t\t<h1 class=\"sow-headline\">\n\t\t\t\t\t\tIhre Vorteile\t\t\t\t\t\t<\/h1>\n\t\t\t\t\t\t\t\t\t\t\t<div class=\"decoration\">\n\t\t\t\t\t\t<div class=\"decoration-inside\"><\/div>\n\t\t\t\t\t<\/div>\n\t\t\t\t\t<\/div>\n<\/div><\/div><div id=\"panel-376-1-0-4\" class=\"so-panel widget widget_sow-features panel-last-child\" data-index=\"5\" ><div\n\t\t\t\n\t\t\tclass=\"so-widget-sow-features so-widget-sow-features-default-e271a18c020f-376\"\n\t\t\t\n\t\t><ul\n\tclass=\"sow-features-list\n\tsow-features-responsive\">\n\n\t\t\t<li\n\t\t\tclass=\"sow-features-feature sow-icon-container-position-top\"\n\t\t\tstyle=\"display: flex; flex-direction: column; width: calc(50% - 25px);\"\n\t\t>\n\t\t\t\n\t\t\t\t\t\t<div\t\t\t\tclass=\"sow-icon-container sow-container-round\"\n\t\t\t\tstyle=\"color: #404040; \"\n\t\t\t\t\n\t\t\t\t\t\t\t>\n\t\t\t\t<span class=\"sow-icon-fontawesome sow-fas\" data-sow-icon=\"&#xf0eb;\"\n\t\tstyle=\"font-size: 24px; color: #FFFFFF\" \n\t\taria-hidden=\"true\"><\/span>\t\t\t<\/div>\n\n\t\t\t<div class=\"textwidget\">\n\t\t\t\t\n\t\t\t\t\t\t\t\t\t<h5 class=\"sow-features-feature-title\">\n\t\t\t\t\t\tInnovationsmotoren\t\t\t\t\t<\/h5>\n\t\t\t\t\n\t\t\t\t\t\t\t\t\t<div class=\"sow-features-feature-text\">\n\t\t\t\t\tAndere Herangehensweisen und Erfahrungen\nf\u00f6rdern kreative Synergien und Innovationspotenzial.\t\t\t\t\t<\/div>\n\t\t\t\t\t\t\t\t<\/div>\n\t\t\t\t\t\t\t\t<\/li>\n\n\t\t\t<li\n\t\t\tclass=\"sow-features-feature sow-icon-container-position-top\"\n\t\t\tstyle=\"display: flex; flex-direction: column; width: calc(50% - 25px);\"\n\t\t>\n\t\t\t\n\t\t\t\t\t\t<div\t\t\t\tclass=\"sow-icon-container sow-container-round\"\n\t\t\t\tstyle=\"color: #404040; \"\n\t\t\t\t\n\t\t\t\t\t\t\t>\n\t\t\t\t<span class=\"sow-icon-fontawesome sow-fas\" data-sow-icon=\"&#xf5a0;\"\n\t\tstyle=\"font-size: 24px; color: #FFFFFF\" \n\t\taria-hidden=\"true\"><\/span>\t\t\t<\/div>\n\n\t\t\t<div class=\"textwidget\">\n\t\t\t\t\n\t\t\t\t\t\t\t\t\t<h5 class=\"sow-features-feature-title\">\n\t\t\t\t\t\tRegionalexpert*innen\t\t\t\t\t<\/h5>\n\t\t\t\t\n\t\t\t\t\t\t\t\t\t<div class=\"sow-features-feature-text\">\n\t\t\t\t\tSie bekommen Regionalexpert*innen,\ndie z.B. den ausl\u00e4ndischen Markt und das \nVerhalten Ihrer Partner besser einsch\u00e4tzen k\u00f6nnen.\t\t\t\t\t<\/div>\n\t\t\t\t\t\t\t\t<\/div>\n\t\t\t\t\t\t\t\t<\/li>\n\n\t\t\t<li\n\t\t\tclass=\"sow-features-feature sow-icon-container-position-top\"\n\t\t\tstyle=\"display: flex; flex-direction: column; width: calc(50% - 25px);\"\n\t\t>\n\t\t\t\n\t\t\t\t\t\t<div\t\t\t\tclass=\"sow-icon-container sow-container-round\"\n\t\t\t\tstyle=\"color: #404040; \"\n\t\t\t\t\n\t\t\t\t\t\t\t>\n\t\t\t\t<span class=\"sow-icon-fontawesome sow-fas\" data-sow-icon=\"&#xf234;\"\n\t\tstyle=\"font-size: 24px; color: #FFFFFF\" \n\t\taria-hidden=\"true\"><\/span>\t\t\t<\/div>\n\n\t\t\t<div class=\"textwidget\">\n\t\t\t\t\n\t\t\t\t\t\t\t\t\t<h5 class=\"sow-features-feature-title\">\n\t\t\t\t\t\tFachkr\u00e4fte\t\t\t\t\t<\/h5>\n\t\t\t\t\n\t\t\t\t\t\t\t\t\t<div class=\"sow-features-feature-text\">\n\t\t\t\t\tSie gewinnen hoch motivierte, \nanpassungsf\u00e4hige Mitarbeiter*innen und \nwirken damit einem m\u00f6glichen Fachkr\u00e4ftemangel\nentgegen.\t\t\t\t\t<\/div>\n\t\t\t\t\t\t\t\t<\/div>\n\t\t\t\t\t\t\t\t<\/li>\n\n\t\t\t<li\n\t\t\tclass=\"sow-features-feature sow-icon-container-position-top\"\n\t\t\tstyle=\"display: flex; flex-direction: column; width: calc(50% - 25px);\"\n\t\t>\n\t\t\t\n\t\t\t\t\t\t<div\t\t\t\tclass=\"sow-icon-container sow-container-round\"\n\t\t\t\tstyle=\"color: #404040; \"\n\t\t\t\t\n\t\t\t\t\t\t\t>\n\t\t\t\t<span class=\"sow-icon-fontawesome sow-fas\" data-sow-icon=\"&#xf509;\"\n\t\tstyle=\"font-size: 24px; color: #FFFFFF\" \n\t\taria-hidden=\"true\"><\/span>\t\t\t<\/div>\n\n\t\t\t<div class=\"textwidget\">\n\t\t\t\t\n\t\t\t\t\t\t\t\t\t<h5 class=\"sow-features-feature-title\">\n\t\t\t\t\t\tLernm\u00f6glichkeiten\t\t\t\t\t<\/h5>\n\t\t\t\t\n\t\t\t\t\t\t\t\t\t<div class=\"sow-features-feature-text\">\n\t\t\t\t\tVielf\u00e4ltige Teams und unterschiedliche Perspektiven\nerlauben,\ndass Ihre Mitabeiter*innen an- und miteinander\nlernen k\u00f6nnen.\t\t\t\t\t<\/div>\n\t\t\t\t\t\t\t\t<\/div>\n\t\t\t\t\t\t\t\t<\/li>\n\n\t<\/ul>\n<\/div><\/div><\/div><\/div><div id=\"pg-376-2\"  class=\"panel-grid panel-has-style\" ><div class=\"panel-row-style panel-row-style-for-376-2\" ><div id=\"pgc-376-2-0\"  class=\"panel-grid-cell\" ><div id=\"panel-376-2-0-0\" class=\"so-panel widget widget_sow-editor panel-first-child panel-last-child\" data-index=\"6\" ><div\n\t\t\t\n\t\t\tclass=\"so-widget-sow-editor so-widget-sow-editor-base\"\n\t\t\t\n\t\t>\n<div class=\"siteorigin-widget-tinymce textwidget\">\n\t<h3>Praktika und Stellenangebote<\/h3>\n<p><span style=\"font-size: 1rem\">Haben Sie Praktika, Jobangebote (sei es f\u00fcr Werkstudierende oder f\u00fcr Absolvent*innen), die sich explizit an internationale Studierende richten, da Sie zum Beispiel Regionalexpert*innen f\u00fcr bestimmte L\u00e4nder suchen?<\/span><\/p>\n<div id=\"accordion-content-praktika-und-jobangebote\" class=\"sow-accordion-panel-content\" role=\"region\" aria-labelledby=\"accordion-label-praktika-und-jobangebote\">\n<div class=\"sow-accordion-panel-border\">\n<p>Dann wenden Sie sich gerne an uns und wir kontaktieren entsprechende Studierende.<br \/>\nGerne nehmen wir auch Ihr Unternehmen mit Ihren Kontaktdaten auf unserer <a href=\"https:\/\/blogs.uni-siegen.de\/fit-in-siegen\/willkommen\/searching-for-jobs-in-south-westphalia\/\">FIT-Website<\/a> auf.<\/p>\n<p>Allgemeine Jobangebote richten Sie bitte an die <a href=\"https:\/\/www.jobvermittlung.uni-siegen.de\/\" target=\"_blank\" rel=\"noopener\">Jobvermittlung<\/a> (Praktika und Nebenjobs) oder an <a href=\"https:\/\/www.uni-siegen.de\/connectus\/index.html?lang=de\" target=\"_blank\" rel=\"noopener\">connect.us<\/a> (Absolventenjobs) der Universit\u00e4t Siegen.<\/p>\n<\/div>\n<\/div>\n<\/div>\n<\/div><\/div><\/div><\/div><\/div><div id=\"pg-376-3\"  class=\"panel-grid panel-no-style\" ><div id=\"pgc-376-3-0\"  class=\"panel-grid-cell\" ><div id=\"panel-376-3-0-0\" class=\"so-panel widget widget_sow-cta panel-first-child panel-last-child\" data-index=\"7\" ><div\n\t\t\t\n\t\t\tclass=\"so-widget-sow-cta so-widget-sow-cta-default-a23258021f70-376\"\n\t\t\t\n\t\t><div\n\tclass=\"sow-cta-base\"\n\t>\n\t\n\t<div class=\"sow-cta-wrapper\">\n\n\t\t<div class=\"sow-cta-text\">\n\t\t\t\t\t\t\t<h4 class=\"sow-cta-title\">\n\t\t\t\t\tHaben Sie Interesse an einer Kooperation?\t\t\t\t<\/h4>\n\t\t\t\n\t\t\t\t\t<\/div>\n\n\t\t<div\n\t\t\t\n\t\t\tclass=\"so-widget-sow-button so-widget-sow-button-flat-66466acb9e12\"\n\t\t\t\n\t\t><div class=\"ow-button-base ow-button-align-center\"\n>\n\t\t\t<a\n\t\t\t\t\thref=\"mailto:kim.hain@zv.uni-siegen.de\"\n\t\t\t\t\tclass=\"sowb-button ow-icon-placement-left ow-button-hover\" target=\"_blank\" rel=\"noopener noreferrer\" \t>\n\t\t<span>\n\t\t\t\n\t\t\tSchreiben Sie uns!\t\t<\/span>\n\t\t\t<\/a>\n\t<\/div>\n<\/div>\n\t<\/div>\n\n\t<\/div>\n<\/div><\/div><\/div><\/div><\/div>","protected":false},"excerpt":{"rendered":"<p>Jedes Jahr schlie\u00dfen qualifizierte internationale Studierende ihr Studium an der Universit\u00e4t Siegen erfolgreich ab. Viele von ihnen m\u00f6chten im Anschluss f\u00fcr einige Jahre \u2013 oder sogar dauerhaft \u2013 Berufserfahrung in Deutschland sammeln. Nutzen Sie Ihre Chance, \u00fcber Career &amp; Networking mit SieguVer fr\u00fchzeitig mit internationalen Studierenden in Kontakt zu treten \u2013 und sichern Sie sich &hellip; <\/p>\n<p class=\"link-more\"><a href=\"https:\/\/blogs.uni-siegen.de\/sieguver\/sieguver-angebote\/kontakt-zu-internationalen-talenten\/\" class=\"more-link\"><span class=\"screen-reader-text\">\u201eUnsere Angebote\u201c <\/span>weiterlesen<\/a><\/p>\n","protected":false},"author":467,"featured_media":0,"parent":374,"menu_order":1,"comment_status":"closed","ping_status":"closed","template":"","meta":{"footnotes":""},"class_list":["post-376","page","type-page","status-publish","hentry"],"_links":{"self":[{"href":"https:\/\/blogs.uni-siegen.de\/sieguver\/wp-json\/wp\/v2\/pages\/376","targetHints":{"allow":["GET"]}}],"collection":[{"href":"https:\/\/blogs.uni-siegen.de\/sieguver\/wp-json\/wp\/v2\/pages"}],"about":[{"href":"https:\/\/blogs.uni-siegen.de\/sieguver\/wp-json\/wp\/v2\/types\/page"}],"author":[{"embeddable":true,"href":"https:\/\/blogs.uni-siegen.de\/sieguver\/wp-json\/wp\/v2\/users\/467"}],"replies":[{"embeddable":true,"href":"https:\/\/blogs.uni-siegen.de\/sieguver\/wp-json\/wp\/v2\/comments?post=376"}],"version-history":[{"count":32,"href":"https:\/\/blogs.uni-siegen.de\/sieguver\/wp-json\/wp\/v2\/pages\/376\/revisions"}],"predecessor-version":[{"id":2631,"href":"https:\/\/blogs.uni-siegen.de\/sieguver\/wp-json\/wp\/v2\/pages\/376\/revisions\/2631"}],"up":[{"embeddable":true,"href":"https:\/\/blogs.uni-siegen.de\/sieguver\/wp-json\/wp\/v2\/pages\/374"}],"wp:attachment":[{"href":"https:\/\/blogs.uni-siegen.de\/sieguver\/wp-json\/wp\/v2\/media?parent=376"}],"curies":[{"name":"wp","href":"https:\/\/api.w.org\/{rel}","templated":true}]}}